{"id":4832,"date":"2019-12-28T04:03:18","date_gmt":"2019-12-28T04:03:18","guid":{"rendered":"http:\/\/villavinea.com\/?page_id=4832"},"modified":"2026-03-10T10:11:54","modified_gmt":"2026-03-10T10:11:54","slug":"team-ro","status":"publish","type":"page","link":"https:\/\/villavinea.com\/index.php\/team-ro\/","title":{"rendered":"Echipa"},"content":{"rendered":"<div class=\"bm-builder clearfix \"><div id=\"\" class=\"module col-12 module-id-1721402350560\" data-module-col=\"12\"><div class=\"module-inside text-inside\" style=\"--top-mod: 0px;--bottom-mod: 40px;--top-mod-t: 0px;--bottom-mod-t: 40px;--top-mod-m:0px;--bottom-mod-m:20px;\" ><div class=\"text_block_out\"  data-effect=\"standard\" style=\"\"><div class=\"text_block ux-mod-nobg\"><div class=\"text_block_inn\"><div id=\"text-1721402350560\" class=\"text_block_centered text_block_centered_enable_width\"  style=\"\"><h2>Echipa Noastr\u0103<\/h2><\/div><\/div><\/div><\/div><\/div><\/div><div id=\"\" class=\"module col-12 module-id-1721400695026\" data-module-col=\"12\"><div class=\"module-inside text-inside\" style=\"--top-mod: 0px;--bottom-mod: 0px;--top-mod-t: 0px;--bottom-mod-t: 0px;--top-mod-m:0px;--bottom-mod-m:0px;\" ><div class=\"text_block_out\"  data-effect=\"standard\" style=\"\"><div class=\"text_block ux-mod-nobg\"><div class=\"text_block_inn\"><div id=\"text-1721400695026\" class=\"text_block_centered text_block_centered_enable_width\"  style=\"\"><p>Villa Vin\u00e8a este condus\u0103 de un grup de entuzia\u0219ti \u0219i profesioni\u0219ti ai vinului &#8211; rom\u00e2ni \u0219i italieni &#8211; determina\u021bi s\u0103 construiasc\u0103 un renume interna\u021bional pentru podgorie, pornind de la terroir-ul regiunii T\u00e2rnave \u0219i de la soiurile locale \u0219i italiene alese pentru a fi exploatate, dar mai ales baz\u00e2ndu-se pe calitatea oamenilor care lucreaz\u0103 \u00een vie.<\/p><\/div><\/div><\/div><\/div><\/div><\/div><div id=\"\" class=\"module col-12 module-id-1721401337579 module-animation\" data-module-col=\"12\" data-animationease=\"power1.inOut\" data-animationagain=\"on\" data-animationstart=\"70%\"><div class=\"module-inside masonry-grid-inside\" style=\"--cornerRadius:0px 0px 0px 0px ; --top-mod: 40px;--bottom-mod: 0px;--top-mod-t: 40px;--bottom-mod-t: 0px;--top-mod-m:20px;--bottom-mod-m:0px;\" ><div class=\"ux-portfolio-full bm-masonry-grid \" data-found=\"4\" data-number=\"10\"><div class=\"grid-stack grid-stack-1721401337579  grid-text-center     hidden infiniti-scroll mask-transparent-border \" data-spacing-h=\"10\" data-spacing-v=\"10\" data-spacing-mobile-h=\"10\" data-spacing-mobile-v=\"10\" data-item-style=\"image\" data-number=\"10\" data-unique=\"1721401337579\" data-paged=\"2\" data-postid=\"4832\" data-max=\"0 \" data-found=\"4\"><div class=\"grid-stack-item sea-grid-item filter_echipa\" data-postid=\"9972\" data-gs-x=\"0\" data-gs-y=\"0\" data-gs-width=\"7\" data-gs-height=\"13\" data-tit=\"Heiner Obberrauch\"><div class=\"grid-stack-item-content\"><div class=\"grid-item-inside \"  data-animation=\"fadein\"><div class=\"grid-item-con sea-grid-item-con post--9972\"><a href=\"https:\/\/villavinea.com\/index.php\/2019\/12\/01\/heiner-oberrauch-ro\/\" title=\"Heiner Obberrauch\" class=\"grid-item-mask-link\"  rel=\"\"><\/a><div class=\"grid-item-con-text\"><h2 class=\"grid-item-tit\"><a href=\"https:\/\/villavinea.com\/index.php\/2019\/12\/01\/heiner-oberrauch-ro\/\" title=\"Heiner Obberrauch\" class=\"grid-item-tit-a\">Heiner Obberrauch<\/a><\/h2><div class=\"grid-item-desc\">Fondator si Proprietar<\/div><\/div><\/div><div class=\"brick-content ux-lazyload-wrap\" style=\" padding-top: 149.84615384615%;\"><img decoding=\"async\" src=\"data:image\/gif;base64,R0lGODlhAQABAIAAAAAAAP\/\/\/yH5BAEAAAAALAAAAAABAAEAAAIBRAA7\" data-xx=\"7\" data-src=\"https:\/\/villavinea.com\/wp-content\/uploads\/2019\/01\/heinner.jpg\" data-srcset=\"\" data-sizes=\"(max-width: 480px) 320px,(max-width: 767px) 500px,(max-width: 650px) 100vw, 650px\" alt=\"Heiner Obberrauch\" class=\"grid-item-img ux-background-img-1st lazy\"><\/div><\/div><\/div><\/div><div class=\"grid-stack-item sea-grid-item filter_echipa\" data-postid=\"9970\" data-gs-x=\"15\" data-gs-y=\"0\" data-gs-width=\"7\" data-gs-height=\"9\" data-tit=\"Celestino Lucin\"><div class=\"grid-stack-item-content\"><div class=\"grid-item-inside \"  data-animation=\"fadein\"><div class=\"grid-item-con sea-grid-item-con post--9970\"><a href=\"https:\/\/villavinea.com\/index.php\/2019\/12\/03\/celestino-lucin-ro\/\" title=\"Celestino Lucin\" class=\"grid-item-mask-link\"  rel=\"\"><\/a><div class=\"grid-item-con-text\"><h2 class=\"grid-item-tit\"><a href=\"https:\/\/villavinea.com\/index.php\/2019\/12\/03\/celestino-lucin-ro\/\" title=\"Celestino Lucin\" class=\"grid-item-tit-a\">Celestino Lucin<\/a><\/h2><div class=\"grid-item-desc\">Oenolog<\/div><\/div><\/div><div class=\"brick-content ux-lazyload-wrap\" style=\" padding-top: 112.13333333333%;\"><img decoding=\"async\" src=\"data:image\/gif;base64,R0lGODlhAQABAIAAAAAAAP\/\/\/yH5BAEAAAAALAAAAAABAAEAAAIBRAA7\" data-xx=\"7\" data-src=\"https:\/\/villavinea.com\/wp-content\/uploads\/2019\/12\/cele.jpg\" data-srcset=\"\" data-sizes=\"(max-width: 480px) 320px,(max-width: 767px) 500px,(max-width: 750px) 100vw, 750px\" alt=\"Celestino Lucin\" class=\"grid-item-img ux-background-img-1st lazy\"><\/div><\/div><\/div><\/div><div class=\"grid-stack-item sea-grid-item \" data-postid=\"11093\" data-gs-x=\"7\" data-gs-y=\"0\" data-gs-width=\"8\" data-gs-height=\"6\" data-tit=\"Ionu\u021b Corui\"><div class=\"grid-stack-item-content\"><div class=\"grid-item-inside \"  data-animation=\"fadein\"><div class=\"grid-item-con sea-grid-item-con post--11093\"><a href=\"https:\/\/villavinea.com\/index.php\/2025\/11\/03\/ionut-corui-ro\/\" title=\"Ionu\u021b Corui\" class=\"grid-item-mask-link\"  rel=\"\"><\/a><div class=\"grid-item-con-text\"><h2 class=\"grid-item-tit\"><a href=\"https:\/\/villavinea.com\/index.php\/2025\/11\/03\/ionut-corui-ro\/\" title=\"Ionu\u021b Corui\" class=\"grid-item-tit-a\">Ionu\u021b Corui<\/a><\/h2><div class=\"grid-item-desc\">General Manager<\/div><\/div><\/div><div class=\"brick-content ux-lazyload-wrap\" style=\" padding-top: 150.03663003663%;\"><img decoding=\"async\" src=\"data:image\/gif;base64,R0lGODlhAQABAIAAAAAAAP\/\/\/yH5BAEAAAAALAAAAAABAAEAAAIBRAA7\" data-xx=\"8\" data-src=\"https:\/\/villavinea.com\/wp-content\/uploads\/2019\/12\/CA7A2353.jpg\" data-srcset=\"https:\/\/villavinea.com\/wp-content\/uploads\/2019\/12\/CA7A2353.jpg 1365w, https:\/\/villavinea.com\/wp-content\/uploads\/2019\/12\/CA7A2353-200x300.jpg 200w, https:\/\/villavinea.com\/wp-content\/uploads\/2019\/12\/CA7A2353-683x1024.jpg 683w, https:\/\/villavinea.com\/wp-content\/uploads\/2019\/12\/CA7A2353-768x1152.jpg 768w, https:\/\/villavinea.com\/wp-content\/uploads\/2019\/12\/CA7A2353-1024x1536.jpg 1024w, https:\/\/villavinea.com\/wp-content\/uploads\/2019\/12\/CA7A2353-350x525.jpg 350w, https:\/\/villavinea.com\/wp-content\/uploads\/2019\/12\/CA7A2353-airtheme-standard-thumb-650x975.jpg 650w, https:\/\/villavinea.com\/wp-content\/uploads\/2019\/12\/CA7A2353-airtheme-standard-thumb-medium-1000x1500.jpg 1000w, https:\/\/villavinea.com\/wp-content\/uploads\/2019\/12\/CA7A2353-600x900.jpg 600w\" data-sizes=\"(max-width: 480px) 320px,(max-width: 767px) 500px,(max-width: 1365px) 100vw, 1365px\" alt=\"Ionu\u021b Corui\" class=\"grid-item-img ux-background-img-1st lazy\"><\/div><\/div><\/div><\/div><div class=\"grid-stack-item sea-grid-item \" data-postid=\"11100\" data-gs-x=\"7\" data-gs-y=\"6\" data-gs-width=\"8\" data-gs-height=\"7\" data-tit=\"R\u0103zvan Ni\u021b\u0103\"><div class=\"grid-stack-item-content\"><div class=\"grid-item-inside \"  data-animation=\"fadein\"><div class=\"grid-item-con sea-grid-item-con post--11100\"><a href=\"https:\/\/villavinea.com\/index.php\/2024\/11\/04\/razvan-nita-ro\/\" title=\"R\u0103zvan Ni\u021b\u0103\" class=\"grid-item-mask-link\"  rel=\"\"><\/a><div class=\"grid-item-con-text\"><h2 class=\"grid-item-tit\"><a href=\"https:\/\/villavinea.com\/index.php\/2024\/11\/04\/razvan-nita-ro\/\" title=\"R\u0103zvan Ni\u021b\u0103\" class=\"grid-item-tit-a\">R\u0103zvan Ni\u021b\u0103<\/a><\/h2><div class=\"grid-item-desc\">Oenolog<\/div><\/div><\/div><div class=\"brick-content ux-lazyload-wrap\" style=\" padding-top: 66.650390625%;\"><img decoding=\"async\" src=\"data:image\/gif;base64,R0lGODlhAQABAIAAAAAAAP\/\/\/yH5BAEAAAAALAAAAAABAAEAAAIBRAA7\" data-xx=\"8\" data-src=\"https:\/\/villavinea.com\/wp-content\/uploads\/2019\/12\/CA7A1935.jpg\" data-srcset=\"https:\/\/villavinea.com\/wp-content\/uploads\/2019\/12\/CA7A1935-2000x1333.jpg 2000w, https:\/\/villavinea.com\/wp-content\/uploads\/2019\/12\/CA7A1935-300x200.jpg 300w, https:\/\/villavinea.com\/wp-content\/uploads\/2019\/12\/CA7A1935-1024x683.jpg 1024w, https:\/\/villavinea.com\/wp-content\/uploads\/2019\/12\/CA7A1935-768x512.jpg 768w, https:\/\/villavinea.com\/wp-content\/uploads\/2019\/12\/CA7A1935-1536x1024.jpg 1536w, https:\/\/villavinea.com\/wp-content\/uploads\/2019\/12\/CA7A1935-350x233.jpg 350w, https:\/\/villavinea.com\/wp-content\/uploads\/2019\/12\/CA7A1935-650x433.jpg 650w, https:\/\/villavinea.com\/wp-content\/uploads\/2019\/12\/CA7A1935-1000x667.jpg 1000w, https:\/\/villavinea.com\/wp-content\/uploads\/2019\/12\/CA7A1935-600x400.jpg 600w, https:\/\/villavinea.com\/wp-content\/uploads\/2019\/12\/CA7A1935.jpg 2048w\" data-sizes=\"(max-width: 480px) 320px,(max-width: 767px) 500px,(max-width: 2000px) 100vw, 2000px\" alt=\"R\u0103zvan Ni\u021b\u0103\" class=\"grid-item-img ux-background-img-1st lazy\"><\/div><\/div><\/div><\/div><\/div><\/div><\/div><\/div><\/div>","protected":false},"excerpt":{"rendered":"<p>Echipa Noastr\u0103Villa Vin\u00e8a este condus\u0103 de un grup de entuzia\u0219ti &hellip;<\/p>\n","protected":false},"author":2,"featured_media":0,"parent":0,"menu_order":51,"comment_status":"closed","ping_status":"closed","template":"","meta":{"footnotes":""},"class_list":["post-4832","page","type-page","status-publish","hentry"],"yoast_head":"<!-- This site is optimized with the Yoast SEO plugin v27.4 - https:\/\/yoast.com\/product\/yoast-seo-wordpress\/ -->\n<title>Echipa - Villa Vinea<\/title>\n<meta name=\"robots\" content=\"index, follow, max-snippet:-1, max-image-preview:large, max-video-preview:-1\" \/>\n<link rel=\"canonical\" href=\"https:\/\/villavinea.com\/index.php\/team-ro\/\" \/>\n<meta property=\"og:locale\" content=\"en_US\" \/>\n<meta property=\"og:type\" content=\"article\" \/>\n<meta property=\"og:title\" content=\"Echipa - Villa Vinea\" \/>\n<meta property=\"og:description\" content=\"Echipa Noastr\u0103Villa Vin\u00e8a este condus\u0103 de un grup de entuzia\u0219ti &hellip;\" \/>\n<meta property=\"og:url\" content=\"https:\/\/villavinea.com\/index.php\/team-ro\/\" \/>\n<meta property=\"og:site_name\" content=\"Villa Vinea\" \/>\n<meta property=\"article:publisher\" content=\"https:\/\/www.facebook.com\/VillaVinea\" \/>\n<meta property=\"article:modified_time\" content=\"2026-03-10T10:11:54+00:00\" \/>\n<meta name=\"twitter:card\" content=\"summary_large_image\" \/>\n<meta name=\"twitter:label1\" content=\"Est. reading time\" \/>\n\t<meta name=\"twitter:data1\" content=\"2 minutes\" \/>\n<script type=\"application\/ld+json\" class=\"yoast-schema-graph\">{\"@context\":\"https:\\\/\\\/schema.org\",\"@graph\":[{\"@type\":\"WebPage\",\"@id\":\"https:\\\/\\\/villavinea.com\\\/index.php\\\/team-ro\\\/\",\"url\":\"https:\\\/\\\/villavinea.com\\\/index.php\\\/team-ro\\\/\",\"name\":\"Echipa - Villa Vinea\",\"isPartOf\":{\"@id\":\"https:\\\/\\\/villavinea.com\\\/#website\"},\"datePublished\":\"2019-12-28T04:03:18+00:00\",\"dateModified\":\"2026-03-10T10:11:54+00:00\",\"breadcrumb\":{\"@id\":\"https:\\\/\\\/villavinea.com\\\/index.php\\\/team-ro\\\/#breadcrumb\"},\"inLanguage\":\"en-US\",\"potentialAction\":[{\"@type\":\"ReadAction\",\"target\":[\"https:\\\/\\\/villavinea.com\\\/index.php\\\/team-ro\\\/\"]}]},{\"@type\":\"BreadcrumbList\",\"@id\":\"https:\\\/\\\/villavinea.com\\\/index.php\\\/team-ro\\\/#breadcrumb\",\"itemListElement\":[{\"@type\":\"ListItem\",\"position\":1,\"name\":\"Home\",\"item\":\"https:\\\/\\\/villavinea.com\\\/\"},{\"@type\":\"ListItem\",\"position\":2,\"name\":\"Echipa\"}]},{\"@type\":\"WebSite\",\"@id\":\"https:\\\/\\\/villavinea.com\\\/#website\",\"url\":\"https:\\\/\\\/villavinea.com\\\/\",\"name\":\"Villa Vinea\",\"description\":\"\",\"publisher\":{\"@id\":\"https:\\\/\\\/villavinea.com\\\/#organization\"},\"potentialAction\":[{\"@type\":\"SearchAction\",\"target\":{\"@type\":\"EntryPoint\",\"urlTemplate\":\"https:\\\/\\\/villavinea.com\\\/?s={search_term_string}\"},\"query-input\":{\"@type\":\"PropertyValueSpecification\",\"valueRequired\":true,\"valueName\":\"search_term_string\"}}],\"inLanguage\":\"en-US\"},{\"@type\":\"Organization\",\"@id\":\"https:\\\/\\\/villavinea.com\\\/#organization\",\"name\":\"Villa Vinea\",\"url\":\"https:\\\/\\\/villavinea.com\\\/\",\"logo\":{\"@type\":\"ImageObject\",\"inLanguage\":\"en-US\",\"@id\":\"https:\\\/\\\/villavinea.com\\\/#\\\/schema\\\/logo\\\/image\\\/\",\"url\":\"https:\\\/\\\/villavinea.com\\\/wp-content\\\/uploads\\\/2024\\\/07\\\/Logo-Villa-Vinea.png\",\"contentUrl\":\"https:\\\/\\\/villavinea.com\\\/wp-content\\\/uploads\\\/2024\\\/07\\\/Logo-Villa-Vinea.png\",\"width\":1525,\"height\":508,\"caption\":\"Villa Vinea\"},\"image\":{\"@id\":\"https:\\\/\\\/villavinea.com\\\/#\\\/schema\\\/logo\\\/image\\\/\"},\"sameAs\":[\"https:\\\/\\\/www.facebook.com\\\/VillaVinea\",\"https:\\\/\\\/www.instagram.com\\\/villavinearomania\\\/\",\"https:\\\/\\\/www.youtube.com\\\/@VillaVineaMures\"]}]}<\/script>\n<!-- \/ Yoast SEO plugin. -->","yoast_head_json":{"title":"Echipa - Villa Vinea","robots":{"index":"index","follow":"follow","max-snippet":"max-snippet:-1","max-image-preview":"max-image-preview:large","max-video-preview":"max-video-preview:-1"},"canonical":"https:\/\/villavinea.com\/index.php\/team-ro\/","og_locale":"en_US","og_type":"article","og_title":"Echipa - Villa Vinea","og_description":"Echipa Noastr\u0103Villa Vin\u00e8a este condus\u0103 de un grup de entuzia\u0219ti &hellip;","og_url":"https:\/\/villavinea.com\/index.php\/team-ro\/","og_site_name":"Villa Vinea","article_publisher":"https:\/\/www.facebook.com\/VillaVinea","article_modified_time":"2026-03-10T10:11:54+00:00","twitter_card":"summary_large_image","twitter_misc":{"Est. reading time":"2 minutes"},"schema":{"@context":"https:\/\/schema.org","@graph":[{"@type":"WebPage","@id":"https:\/\/villavinea.com\/index.php\/team-ro\/","url":"https:\/\/villavinea.com\/index.php\/team-ro\/","name":"Echipa - Villa Vinea","isPartOf":{"@id":"https:\/\/villavinea.com\/#website"},"datePublished":"2019-12-28T04:03:18+00:00","dateModified":"2026-03-10T10:11:54+00:00","breadcrumb":{"@id":"https:\/\/villavinea.com\/index.php\/team-ro\/#breadcrumb"},"inLanguage":"en-US","potentialAction":[{"@type":"ReadAction","target":["https:\/\/villavinea.com\/index.php\/team-ro\/"]}]},{"@type":"BreadcrumbList","@id":"https:\/\/villavinea.com\/index.php\/team-ro\/#breadcrumb","itemListElement":[{"@type":"ListItem","position":1,"name":"Home","item":"https:\/\/villavinea.com\/"},{"@type":"ListItem","position":2,"name":"Echipa"}]},{"@type":"WebSite","@id":"https:\/\/villavinea.com\/#website","url":"https:\/\/villavinea.com\/","name":"Villa Vinea","description":"","publisher":{"@id":"https:\/\/villavinea.com\/#organization"},"potentialAction":[{"@type":"SearchAction","target":{"@type":"EntryPoint","urlTemplate":"https:\/\/villavinea.com\/?s={search_term_string}"},"query-input":{"@type":"PropertyValueSpecification","valueRequired":true,"valueName":"search_term_string"}}],"inLanguage":"en-US"},{"@type":"Organization","@id":"https:\/\/villavinea.com\/#organization","name":"Villa Vinea","url":"https:\/\/villavinea.com\/","logo":{"@type":"ImageObject","inLanguage":"en-US","@id":"https:\/\/villavinea.com\/#\/schema\/logo\/image\/","url":"https:\/\/villavinea.com\/wp-content\/uploads\/2024\/07\/Logo-Villa-Vinea.png","contentUrl":"https:\/\/villavinea.com\/wp-content\/uploads\/2024\/07\/Logo-Villa-Vinea.png","width":1525,"height":508,"caption":"Villa Vinea"},"image":{"@id":"https:\/\/villavinea.com\/#\/schema\/logo\/image\/"},"sameAs":["https:\/\/www.facebook.com\/VillaVinea","https:\/\/www.instagram.com\/villavinearomania\/","https:\/\/www.youtube.com\/@VillaVineaMures"]}]}},"jetpack_sharing_enabled":true,"_links":{"self":[{"href":"https:\/\/villavinea.com\/index.php\/wp-json\/wp\/v2\/pages\/4832","targetHints":{"allow":["GET"]}}],"collection":[{"href":"https:\/\/villavinea.com\/index.php\/wp-json\/wp\/v2\/pages"}],"about":[{"href":"https:\/\/villavinea.com\/index.php\/wp-json\/wp\/v2\/types\/page"}],"author":[{"embeddable":true,"href":"https:\/\/villavinea.com\/index.php\/wp-json\/wp\/v2\/users\/2"}],"replies":[{"embeddable":true,"href":"https:\/\/villavinea.com\/index.php\/wp-json\/wp\/v2\/comments?post=4832"}],"version-history":[{"count":6,"href":"https:\/\/villavinea.com\/index.php\/wp-json\/wp\/v2\/pages\/4832\/revisions"}],"predecessor-version":[{"id":11156,"href":"https:\/\/villavinea.com\/index.php\/wp-json\/wp\/v2\/pages\/4832\/revisions\/11156"}],"wp:attachment":[{"href":"https:\/\/villavinea.com\/index.php\/wp-json\/wp\/v2\/media?parent=4832"}],"curies":[{"name":"wp","href":"https:\/\/api.w.org\/{rel}","templated":true}]}}