{"id":7153,"date":"2020-02-19T11:40:03","date_gmt":"2020-02-19T11:40:03","guid":{"rendered":"http:\/\/villavinea.com\/?page_id=7153"},"modified":"2024-08-03T05:33:26","modified_gmt":"2024-08-03T05:33:26","slug":"podgoria","status":"publish","type":"page","link":"https:\/\/villavinea.com\/index.php\/podgoria\/","title":{"rendered":"Podgoria"},"content":{"rendered":"<p style=\"text-align: center;\">\n<div class=\"bm-builder clearfix \"><div id=\"\" class=\"module col-12 module-id-1721469584768\" data-module-col=\"12\"><div class=\"module-inside text-inside\" style=\"--top-mod: 0px;--bottom-mod: 0px;--top-mod-t: 0px;--bottom-mod-t: 0px;--top-mod-m:0px;--bottom-mod-m:0px;\" ><div class=\"text_block_out\"  data-effect=\"standard\" style=\"\"><div class=\"text_block ux-mod-nobg\"><div class=\"text_block_inn\"><div id=\"text-1721469584768\" class=\"text_block_centered text_block_centered_enable_width\"  style=\"\"><h2>Podgoria<\/h2><\/div><\/div><\/div><\/div><\/div><\/div><div id=\"\" class=\"module col-12 module-id-1721469532030\" data-module-col=\"12\"><div class=\"module-inside text-inside\" style=\"--top-mod: 40px;--bottom-mod: 40px;--top-mod-t: 40px;--bottom-mod-t: 40px;--top-mod-m:20px;--bottom-mod-m:20px;\" ><div class=\"text_block_out\"  data-effect=\"standard\" style=\"\"><div class=\"text_block ux-mod-nobg\"><div class=\"text_block_inn\"><div id=\"text-1721469532030\" class=\"text_block_centered text_block_centered_enable_width\"  style=\"\"><p>Villa Vin\u00e8a se afl\u0103 pe un deal lin, situat la o altitudine de 330-350 de metri, deasupra m\u0103rii, cu expunere larg\u0103 c\u0103tre sud \u0219i c\u0103tre r\u00e2ul T\u00e2rnava Mic\u0103. Planta\u021biile sunt la aproximativ 20 de minute distan\u021b\u0103 cu ma\u0219ina, fa\u021b\u0103 de aeroportul T\u00e2rgu Mure\u0219.&nbsp;Regiunea T\u00e2rnave, din Transilvania este una dintre cele mai bune zone din Rom\u00e2nia, pentru strugurii albi, \u00eens\u0103 \u0219i soiurile ro\u0219ii, plantate \u00eencep\u00e2nd cu anul 2004, au produs recolte de calitate \u0219i selec\u021bii excelente de Pinot Noir \u0219i Feteasc\u0103 Neagr\u0103.&nbsp;\u00cen func\u021bie de localizarea lor, solurile viei sunt grele, n\u0103moloase \u0219i bogate \u00een calcar, cu depozite minerale, care ofer\u0103 arom\u0103 vinurilor Villa Vin\u00e8a. Con\u021binut de lut variaz\u0103 \u00eentre 38 \u0219i 45%. Un procent \u00eentre 51 \u0219i 55% este atins dac\u0103 se iau \u00een considerare zonele cu aluviuni fine. Aceste soluri, greu de lucrat din cauza compozi\u021biei lor, au, pe de alt\u0103 parte, o capacitate mare de stocare a apei \u0219i de a lega nutrien\u021bii. Con\u021binutul de humus al solului este responsabil pentru sl\u0103birea \u0219i aerarea acestuia.&nbsp;Regiunea beneficiaz\u0103 de clim\u0103 continental\u0103. Verile calde \u0219i uscate, cu o cantitate peste medie de soare \u0219i cu pu\u021bine precipita\u021bii, alterneaz\u0103 cu iernile reci \u0219i dure. Expunerea versan\u021bilor sudici este dublat\u0103 de o bun\u0103 aerare, datorat\u0103 v\u00e2nturilor puternice care usuc\u0103 rapid roua matinal\u0103 \u0219i \u00eempiedic\u0103, \u00eentr-un mod natural, dezvoltarea mucegaiului pe struguri.<br>Toamna lung\u0103, cu nop\u021bile sale r\u0103coroase, ajut\u0103 strugurii s\u0103 ating\u0103 o maturare aromat\u0103.<\/p><\/div><\/div><\/div><\/div><\/div><\/div><div id=\"\" class=\"module col-12 module-id-1721469723014\" data-module-col=\"12\"><div class=\"module-inside masonry-grid-inside\" style=\"--cornerRadius:0px 0px 0px 0px ; --top-mod: 0px;--bottom-mod: 0px;--top-mod-t: 0px;--bottom-mod-t: 0px;--top-mod-m:0px;--bottom-mod-m:0px;\" ><div class=\"ux-portfolio-full bm-masonry-grid \" data-found=\"3\" data-number=\"10\"><div class=\"grid-stack grid-stack-1721469723014 lightbox-photoswipe grid-text-center     hidden  mask-transparent-border \" data-spacing-h=\"20\" data-spacing-v=\"20\" data-spacing-mobile-h=\"20\" data-spacing-mobile-v=\"20\" data-item-style=\"image\" data-number=\"10\" data-unique=\"1721469723014\" ><div class=\"grid-stack-item sea-grid-item filter_presentation\" data-postid=\"2712\" data-gs-x=\"0\" data-gs-y=\"0\" data-gs-width=\"12\" data-gs-height=\"6\" data-tit=\"Vineyard Landscape\"><div class=\"grid-stack-item-content\"><div class=\"grid-item-inside \" data-lightbox=\"true\" ><div class=\"grid-item-con sea-grid-item-con post--2712\"><a data-title=\"\" title=\"Vineyard Landscape\" class=\"lightbox-item grid-item-mask-link\" href=\"https:\/\/villavinea.com\/wp-content\/uploads\/2019\/10\/CBG5510.jpg\" data-size=\"1280x720\"><img fetchpriority=\"high\" decoding=\"async\" class=\"lightbox-img-hide\" width=\"1280\" height=\"720\" src=\"data:image\/gif;base64,R0lGODlhAQABAIAAAAAAAP\/\/\/yH5BAEAAAAALAAAAAABAAEAAAIBRAA7\" alt=\"Vineyard Landscape\" \/><\/a><div class=\"grid-item-con-text\"><h2 class=\"grid-item-tit\">Vineyard Landscape<\/h2><\/div><\/div><div class=\"brick-content ux-lazyload-wrap\" style=\" padding-top: 56.25%;\"><img decoding=\"async\" src=\"data:image\/gif;base64,R0lGODlhAQABAIAAAAAAAP\/\/\/yH5BAEAAAAALAAAAAABAAEAAAIBRAA7\" data-xx=\"12\" data-src=\"https:\/\/villavinea.com\/wp-content\/uploads\/2019\/10\/CBG5510.jpg\" data-srcset=\"\" data-sizes=\"(max-width: 480px) 320px,(max-width: 767px) 500px,(max-width: 1280px) 100vw, 1280px\" alt=\"Vineyard Landscape\" class=\"grid-item-img ux-background-img-1st lazy\"><\/div><\/div><\/div><\/div><div class=\"grid-stack-item sea-grid-item filter_presentation\" data-postid=\"10402\" data-gs-x=\"12\" data-gs-y=\"0\" data-gs-width=\"12\" data-gs-height=\"6\" data-tit=\"Darul Soarelui\"><div class=\"grid-stack-item-content\"><div class=\"grid-item-inside \" data-lightbox=\"true\" ><div class=\"grid-item-con sea-grid-item-con post--10402\"><a data-title=\"\" title=\"Darul Soarelui\" class=\"lightbox-item grid-item-mask-link\" href=\"https:\/\/villavinea.com\/wp-content\/uploads\/2024\/07\/Grape-Bunch.jpg\" data-size=\"3000x2000\"><img decoding=\"async\" class=\"lightbox-img-hide\" width=\"3000\" height=\"2000\" src=\"data:image\/gif;base64,R0lGODlhAQABAIAAAAAAAP\/\/\/yH5BAEAAAAALAAAAAABAAEAAAIBRAA7\" alt=\"Darul Soarelui\" \/><\/a><div class=\"grid-item-con-text\"><h2 class=\"grid-item-tit\">Darul Soarelui<\/h2><\/div><\/div><div class=\"brick-content ux-lazyload-wrap\" style=\" padding-top: 66.666666666667%;\"><img decoding=\"async\" src=\"data:image\/gif;base64,R0lGODlhAQABAIAAAAAAAP\/\/\/yH5BAEAAAAALAAAAAABAAEAAAIBRAA7\" data-xx=\"12\" data-src=\"https:\/\/villavinea.com\/wp-content\/uploads\/2024\/07\/Grape-Bunch.jpg\" data-srcset=\"\" data-sizes=\"(max-width: 480px) 320px,(max-width: 767px) 500px,(max-width: 2000px) 100vw, 2000px\" alt=\"Darul Soarelui\" class=\"grid-item-img ux-background-img-1st lazy\"><\/div><\/div><\/div><\/div><div class=\"grid-stack-item sea-grid-item filter_presentation\" data-postid=\"10197\" data-gs-x=\"0\" data-gs-y=\"6\" data-gs-width=\"24\" data-gs-height=\"8\" data-tit=\"Panorama\"><div class=\"grid-stack-item-content\"><div class=\"grid-item-inside \" data-lightbox=\"true\" ><div class=\"grid-item-con sea-grid-item-con post--10197\"><a data-title=\"\" title=\"Panorama\" class=\"lightbox-item grid-item-mask-link\" href=\"https:\/\/villavinea.com\/wp-content\/uploads\/2020\/03\/Panorama-2.jpg\" data-size=\"10381x2384\"><img decoding=\"async\" class=\"lightbox-img-hide\" width=\"10381\" height=\"2384\" src=\"data:image\/gif;base64,R0lGODlhAQABAIAAAAAAAP\/\/\/yH5BAEAAAAALAAAAAABAAEAAAIBRAA7\" alt=\"Panorama\" \/><\/a><div class=\"grid-item-con-text\"><h2 class=\"grid-item-tit\">Panorama<\/h2><\/div><\/div><div class=\"brick-content ux-lazyload-wrap\" style=\" padding-top: 22.965032270494%;\"><img decoding=\"async\" src=\"data:image\/gif;base64,R0lGODlhAQABAIAAAAAAAP\/\/\/yH5BAEAAAAALAAAAAABAAEAAAIBRAA7\" data-xx=\"24\" data-src=\"https:\/\/villavinea.com\/wp-content\/uploads\/2020\/03\/Panorama-2.jpg\" data-srcset=\"\" data-sizes=\"(max-width: 480px) 320px,(max-width: 767px) 500px,(max-width: 2000px) 100vw, 2000px\" alt=\"Panorama\" class=\"grid-item-img ux-background-img-1st lazy\"><\/div><\/div><\/div><\/div><\/div><\/div><\/div><\/div><\/div>","protected":false},"excerpt":{"rendered":"<p>PodgoriaVilla Vin\u00e8a se afl\u0103 pe un deal lin, situat la &hellip;<\/p>\n","protected":false},"author":2,"featured_media":0,"parent":0,"menu_order":9,"comment_status":"closed","ping_status":"closed","template":"","meta":{"footnotes":""},"class_list":["post-7153","page","type-page","status-publish","hentry"],"yoast_head":"<!-- This site is optimized with the Yoast SEO plugin v27.4 - https:\/\/yoast.com\/product\/yoast-seo-wordpress\/ -->\n<title>Podgoria - Villa Vinea<\/title>\n<meta name=\"robots\" content=\"index, follow, max-snippet:-1, max-image-preview:large, max-video-preview:-1\" \/>\n<link rel=\"canonical\" href=\"https:\/\/villavinea.com\/index.php\/podgoria\/\" \/>\n<meta property=\"og:locale\" content=\"en_US\" \/>\n<meta property=\"og:type\" content=\"article\" \/>\n<meta property=\"og:title\" content=\"Podgoria - Villa Vinea\" \/>\n<meta property=\"og:description\" content=\"PodgoriaVilla Vin\u00e8a se afl\u0103 pe un deal lin, situat la &hellip;\" \/>\n<meta property=\"og:url\" content=\"https:\/\/villavinea.com\/index.php\/podgoria\/\" \/>\n<meta property=\"og:site_name\" content=\"Villa Vinea\" \/>\n<meta property=\"article:publisher\" content=\"https:\/\/www.facebook.com\/VillaVinea\" \/>\n<meta property=\"article:modified_time\" content=\"2024-08-03T05:33:26+00:00\" \/>\n<meta name=\"twitter:card\" content=\"summary_large_image\" \/>\n<script type=\"application\/ld+json\" class=\"yoast-schema-graph\">{\"@context\":\"https:\\\/\\\/schema.org\",\"@graph\":[{\"@type\":\"WebPage\",\"@id\":\"https:\\\/\\\/villavinea.com\\\/index.php\\\/podgoria\\\/\",\"url\":\"https:\\\/\\\/villavinea.com\\\/index.php\\\/podgoria\\\/\",\"name\":\"Podgoria - Villa Vinea\",\"isPartOf\":{\"@id\":\"https:\\\/\\\/villavinea.com\\\/#website\"},\"datePublished\":\"2020-02-19T11:40:03+00:00\",\"dateModified\":\"2024-08-03T05:33:26+00:00\",\"breadcrumb\":{\"@id\":\"https:\\\/\\\/villavinea.com\\\/index.php\\\/podgoria\\\/#breadcrumb\"},\"inLanguage\":\"en-US\",\"potentialAction\":[{\"@type\":\"ReadAction\",\"target\":[\"https:\\\/\\\/villavinea.com\\\/index.php\\\/podgoria\\\/\"]}]},{\"@type\":\"BreadcrumbList\",\"@id\":\"https:\\\/\\\/villavinea.com\\\/index.php\\\/podgoria\\\/#breadcrumb\",\"itemListElement\":[{\"@type\":\"ListItem\",\"position\":1,\"name\":\"Home\",\"item\":\"https:\\\/\\\/villavinea.com\\\/\"},{\"@type\":\"ListItem\",\"position\":2,\"name\":\"Podgoria\"}]},{\"@type\":\"WebSite\",\"@id\":\"https:\\\/\\\/villavinea.com\\\/#website\",\"url\":\"https:\\\/\\\/villavinea.com\\\/\",\"name\":\"Villa Vinea\",\"description\":\"\",\"publisher\":{\"@id\":\"https:\\\/\\\/villavinea.com\\\/#organization\"},\"potentialAction\":[{\"@type\":\"SearchAction\",\"target\":{\"@type\":\"EntryPoint\",\"urlTemplate\":\"https:\\\/\\\/villavinea.com\\\/?s={search_term_string}\"},\"query-input\":{\"@type\":\"PropertyValueSpecification\",\"valueRequired\":true,\"valueName\":\"search_term_string\"}}],\"inLanguage\":\"en-US\"},{\"@type\":\"Organization\",\"@id\":\"https:\\\/\\\/villavinea.com\\\/#organization\",\"name\":\"Villa Vinea\",\"url\":\"https:\\\/\\\/villavinea.com\\\/\",\"logo\":{\"@type\":\"ImageObject\",\"inLanguage\":\"en-US\",\"@id\":\"https:\\\/\\\/villavinea.com\\\/#\\\/schema\\\/logo\\\/image\\\/\",\"url\":\"https:\\\/\\\/villavinea.com\\\/wp-content\\\/uploads\\\/2024\\\/07\\\/Logo-Villa-Vinea.png\",\"contentUrl\":\"https:\\\/\\\/villavinea.com\\\/wp-content\\\/uploads\\\/2024\\\/07\\\/Logo-Villa-Vinea.png\",\"width\":1525,\"height\":508,\"caption\":\"Villa Vinea\"},\"image\":{\"@id\":\"https:\\\/\\\/villavinea.com\\\/#\\\/schema\\\/logo\\\/image\\\/\"},\"sameAs\":[\"https:\\\/\\\/www.facebook.com\\\/VillaVinea\",\"https:\\\/\\\/www.instagram.com\\\/villavinearomania\\\/\",\"https:\\\/\\\/www.youtube.com\\\/@VillaVineaMures\"]}]}<\/script>\n<!-- \/ Yoast SEO plugin. -->","yoast_head_json":{"title":"Podgoria - Villa Vinea","robots":{"index":"index","follow":"follow","max-snippet":"max-snippet:-1","max-image-preview":"max-image-preview:large","max-video-preview":"max-video-preview:-1"},"canonical":"https:\/\/villavinea.com\/index.php\/podgoria\/","og_locale":"en_US","og_type":"article","og_title":"Podgoria - Villa Vinea","og_description":"PodgoriaVilla Vin\u00e8a se afl\u0103 pe un deal lin, situat la &hellip;","og_url":"https:\/\/villavinea.com\/index.php\/podgoria\/","og_site_name":"Villa Vinea","article_publisher":"https:\/\/www.facebook.com\/VillaVinea","article_modified_time":"2024-08-03T05:33:26+00:00","twitter_card":"summary_large_image","schema":{"@context":"https:\/\/schema.org","@graph":[{"@type":"WebPage","@id":"https:\/\/villavinea.com\/index.php\/podgoria\/","url":"https:\/\/villavinea.com\/index.php\/podgoria\/","name":"Podgoria - Villa Vinea","isPartOf":{"@id":"https:\/\/villavinea.com\/#website"},"datePublished":"2020-02-19T11:40:03+00:00","dateModified":"2024-08-03T05:33:26+00:00","breadcrumb":{"@id":"https:\/\/villavinea.com\/index.php\/podgoria\/#breadcrumb"},"inLanguage":"en-US","potentialAction":[{"@type":"ReadAction","target":["https:\/\/villavinea.com\/index.php\/podgoria\/"]}]},{"@type":"BreadcrumbList","@id":"https:\/\/villavinea.com\/index.php\/podgoria\/#breadcrumb","itemListElement":[{"@type":"ListItem","position":1,"name":"Home","item":"https:\/\/villavinea.com\/"},{"@type":"ListItem","position":2,"name":"Podgoria"}]},{"@type":"WebSite","@id":"https:\/\/villavinea.com\/#website","url":"https:\/\/villavinea.com\/","name":"Villa Vinea","description":"","publisher":{"@id":"https:\/\/villavinea.com\/#organization"},"potentialAction":[{"@type":"SearchAction","target":{"@type":"EntryPoint","urlTemplate":"https:\/\/villavinea.com\/?s={search_term_string}"},"query-input":{"@type":"PropertyValueSpecification","valueRequired":true,"valueName":"search_term_string"}}],"inLanguage":"en-US"},{"@type":"Organization","@id":"https:\/\/villavinea.com\/#organization","name":"Villa Vinea","url":"https:\/\/villavinea.com\/","logo":{"@type":"ImageObject","inLanguage":"en-US","@id":"https:\/\/villavinea.com\/#\/schema\/logo\/image\/","url":"https:\/\/villavinea.com\/wp-content\/uploads\/2024\/07\/Logo-Villa-Vinea.png","contentUrl":"https:\/\/villavinea.com\/wp-content\/uploads\/2024\/07\/Logo-Villa-Vinea.png","width":1525,"height":508,"caption":"Villa Vinea"},"image":{"@id":"https:\/\/villavinea.com\/#\/schema\/logo\/image\/"},"sameAs":["https:\/\/www.facebook.com\/VillaVinea","https:\/\/www.instagram.com\/villavinearomania\/","https:\/\/www.youtube.com\/@VillaVineaMures"]}]}},"jetpack_sharing_enabled":true,"_links":{"self":[{"href":"https:\/\/villavinea.com\/index.php\/wp-json\/wp\/v2\/pages\/7153","targetHints":{"allow":["GET"]}}],"collection":[{"href":"https:\/\/villavinea.com\/index.php\/wp-json\/wp\/v2\/pages"}],"about":[{"href":"https:\/\/villavinea.com\/index.php\/wp-json\/wp\/v2\/types\/page"}],"author":[{"embeddable":true,"href":"https:\/\/villavinea.com\/index.php\/wp-json\/wp\/v2\/users\/2"}],"replies":[{"embeddable":true,"href":"https:\/\/villavinea.com\/index.php\/wp-json\/wp\/v2\/comments?post=7153"}],"version-history":[{"count":4,"href":"https:\/\/villavinea.com\/index.php\/wp-json\/wp\/v2\/pages\/7153\/revisions"}],"predecessor-version":[{"id":10448,"href":"https:\/\/villavinea.com\/index.php\/wp-json\/wp\/v2\/pages\/7153\/revisions\/10448"}],"wp:attachment":[{"href":"https:\/\/villavinea.com\/index.php\/wp-json\/wp\/v2\/media?parent=7153"}],"curies":[{"name":"wp","href":"https:\/\/api.w.org\/{rel}","templated":true}]}}