{"id":8787,"date":"2021-03-16T11:48:29","date_gmt":"2021-03-16T11:48:29","guid":{"rendered":"https:\/\/villavinea.com\/?page_id=8787"},"modified":"2026-03-13T13:27:09","modified_gmt":"2026-03-13T13:27:09","slug":"home-ro","status":"publish","type":"page","link":"https:\/\/villavinea.com\/","title":{"rendered":"Acasa"},"content":{"rendered":"\t\t<div data-elementor-type=\"wp-page\" data-elementor-id=\"8787\" class=\"elementor elementor-8787\">\n\t\t\t\t<div class=\"elementor-element elementor-element-81a5e23 e-con-full e-flex e-con e-parent\" data-id=\"81a5e23\" data-element_type=\"container\" data-e-type=\"container\">\n\t\t\t\t<div class=\"elementor-element elementor-element-6c9368c elementor-widget elementor-widget-video\" data-id=\"6c9368c\" data-element_type=\"widget\" data-e-type=\"widget\" data-settings=\"{&quot;youtube_url&quot;:&quot;https:\\\/\\\/www.youtube.com\\\/watch?v=Aii1p8vWK3k&quot;,&quot;autoplay&quot;:&quot;yes&quot;,&quot;play_on_mobile&quot;:&quot;yes&quot;,&quot;mute&quot;:&quot;yes&quot;,&quot;loop&quot;:&quot;yes&quot;,&quot;start&quot;:119,&quot;end&quot;:180,&quot;video_type&quot;:&quot;youtube&quot;}\" data-widget_type=\"video.default\">\n\t\t\t\t\t\t\t<div class=\"elementor-wrapper elementor-open-inline\">\n\t\t\t<div class=\"elementor-video\"><\/div>\t\t<\/div>\n\t\t\t\t\t\t<\/div>\n\t\t\t\t<\/div>\n\t\t<div class=\"elementor-element elementor-element-1763efd e-flex e-con-boxed e-con e-parent\" data-id=\"1763efd\" data-element_type=\"container\" data-e-type=\"container\">\n\t\t\t\t\t<div class=\"e-con-inner\">\n\t\t\t\t<div class=\"elementor-element elementor-element-b99eb9b elementor-widget elementor-widget-heading\" data-id=\"b99eb9b\" data-element_type=\"widget\" data-e-type=\"widget\" data-widget_type=\"heading.default\">\n\t\t\t\t\t<h2 class=\"elementor-heading-title elementor-size-default\">Savoarea de pe T\u00e2rnave<\/h2>\t\t\t\t<\/div>\n\t\t\t\t<div class=\"elementor-element elementor-element-a4cdaa4 elementor-widget elementor-widget-text-editor\" data-id=\"a4cdaa4\" data-element_type=\"widget\" data-e-type=\"widget\" data-widget_type=\"text-editor.default\">\n\t\t\t\t\t\t\t\t\t<p>Situat\u0103 \u00een localitatea Mica, la 15 km de T\u00e2rn\u0103veni, crama Villa Vin\u00e8a cultiv\u0103 70 de hectare de vie, plantat\u0103 cu 12 soiuri locale \u0219i interna\u021bionale, printre care Feteasc\u0103 Regal\u0103, Feteasc\u0103 Alb\u0103, Gew\u00fcrztraminer sau Kerner. Terroirul impresionant, metodele de produc\u021bie \u0219i pasiunea, fac ca vinurile de pe T\u00e2rn\u0103ve de la Villa Vin\u00e8a s\u0103 fie extrem de apreciate pentru calitatea, savoarea \u0219i mineralitatea lor.<\/p>\n<p style=\"text-align: center;\"><a href=\"https:\/\/villavinea.com\/index.php\/shop-ro-2\/\"><span style=\"text-decoration: underline;\"><strong>Vezi toate vinurile din colec\u021bie<\/strong><\/span><\/a><\/p>\t\t\t\t\t\t\t\t<\/div>\n\t\t\t\t\t<\/div>\n\t\t\t\t<\/div>\n\t\t<div class=\"elementor-element elementor-element-179ac14 e-flex e-con-boxed e-con e-parent\" data-id=\"179ac14\" data-element_type=\"container\" data-e-type=\"container\">\n\t\t\t\t\t<div class=\"e-con-inner\">\n\t\t\t\t<div class=\"elementor-element elementor-element-0ba2f87 gallery-spacing-custom elementor-widget elementor-widget-image-gallery\" data-id=\"0ba2f87\" data-element_type=\"widget\" data-e-type=\"widget\" data-widget_type=\"image-gallery.default\">\n\t\t\t\t\t\t\t<div class=\"elementor-image-gallery\">\n\t\t\t\n\t\t<style type=\"text\/css\">\n\t\t\t#gallery-1 {\n\t\t\t\tmargin: auto;\n\t\t\t}\n\t\t\t#gallery-1 .gallery-item {\n\t\t\t\tfloat: left;\n\t\t\t\tmargin-top: 10px;\n\t\t\t\ttext-align: center;\n\t\t\t\twidth: 33%;\n\t\t\t}\n\t\t\t#gallery-1 img {\n\t\t\t\tborder: 2px solid #cfcfcf;\n\t\t\t}\n\t\t\t#gallery-1 .gallery-caption {\n\t\t\t\tmargin-left: 0;\n\t\t\t}\n\t\t\t\/* see gallery_shortcode() in wp-includes\/media.php *\/\n\t\t<\/style>\n\t\t<div id='gallery-1' class='gallery galleryid-8787 gallery-columns-3 gallery-size-large'><dl class='gallery-item'>\n\t\t\t<dt class='gallery-icon landscape'>\n\t\t\t\t<a data-elementor-open-lightbox=\"yes\" data-elementor-lightbox-slideshow=\"0ba2f87\" data-elementor-lightbox-title=\"Crama\" data-e-action-hash=\"#elementor-action%3Aaction%3Dlightbox%26settings%3DeyJpZCI6OTkzNiwidXJsIjoiaHR0cHM6XC9cL3ZpbGxhdmluZWEuY29tXC93cC1jb250ZW50XC91cGxvYWRzXC8yMDE5XC8xMFwvMi5qcGciLCJzbGlkZXNob3ciOiIwYmEyZjg3In0%3D\" href='https:\/\/villavinea.com\/wp-content\/uploads\/2019\/10\/2.jpg'><img fetchpriority=\"high\" decoding=\"async\" width=\"1024\" height=\"682\" src=\"https:\/\/villavinea.com\/wp-content\/uploads\/2019\/10\/2.jpg\" class=\"attachment-large size-large\" alt=\"\" aria-describedby=\"gallery-1-9936\" \/><\/a>\n\t\t\t<\/dt>\n\t\t\t\t<dd class='wp-caption-text gallery-caption' id='gallery-1-9936'>\n\t\t\t\tCrama\n\t\t\t\t<\/dd><\/dl><dl class='gallery-item'>\n\t\t\t<dt class='gallery-icon landscape'>\n\t\t\t\t<a data-elementor-open-lightbox=\"yes\" data-elementor-lightbox-slideshow=\"0ba2f87\" data-elementor-lightbox-title=\"1\" data-e-action-hash=\"#elementor-action%3Aaction%3Dlightbox%26settings%3DeyJpZCI6OTkzNSwidXJsIjoiaHR0cHM6XC9cL3ZpbGxhdmluZWEuY29tXC93cC1jb250ZW50XC91cGxvYWRzXC8yMDE5XC8xMFwvMS5qcGciLCJzbGlkZXNob3ciOiIwYmEyZjg3In0%3D\" href='https:\/\/villavinea.com\/wp-content\/uploads\/2019\/10\/1.jpg'><img decoding=\"async\" width=\"1024\" height=\"682\" src=\"https:\/\/villavinea.com\/wp-content\/uploads\/2019\/10\/1.jpg\" class=\"attachment-large size-large\" alt=\"turn crama\" \/><\/a>\n\t\t\t<\/dt><\/dl><dl class='gallery-item'>\n\t\t\t<dt class='gallery-icon landscape'>\n\t\t\t\t<a data-elementor-open-lightbox=\"yes\" data-elementor-lightbox-slideshow=\"0ba2f87\" data-elementor-lightbox-title=\"Vinificatie\" data-e-action-hash=\"#elementor-action%3Aaction%3Dlightbox%26settings%3DeyJpZCI6OTkzOSwidXJsIjoiaHR0cHM6XC9cL3ZpbGxhdmluZWEuY29tXC93cC1jb250ZW50XC91cGxvYWRzXC8yMDE5XC8xMFwvMy5qcGciLCJzbGlkZXNob3ciOiIwYmEyZjg3In0%3D\" href='https:\/\/villavinea.com\/wp-content\/uploads\/2019\/10\/3.jpg'><img decoding=\"async\" width=\"1024\" height=\"693\" src=\"https:\/\/villavinea.com\/wp-content\/uploads\/2019\/10\/3.jpg\" class=\"attachment-large size-large\" alt=\"\" aria-describedby=\"gallery-1-9939\" \/><\/a>\n\t\t\t<\/dt>\n\t\t\t\t<dd class='wp-caption-text gallery-caption' id='gallery-1-9939'>\n\t\t\t\tVinificatie\n\t\t\t\t<\/dd><\/dl><br style=\"clear: both\" \/><dl class='gallery-item'>\n\t\t\t<dt class='gallery-icon landscape'>\n\t\t\t\t<a data-elementor-open-lightbox=\"yes\" data-elementor-lightbox-slideshow=\"0ba2f87\" data-elementor-lightbox-title=\"Expo\" data-e-action-hash=\"#elementor-action%3Aaction%3Dlightbox%26settings%3DeyJpZCI6OTk0MCwidXJsIjoiaHR0cHM6XC9cL3ZpbGxhdmluZWEuY29tXC93cC1jb250ZW50XC91cGxvYWRzXC8yMDE5XC8wNVwvNC5qcGciLCJzbGlkZXNob3ciOiIwYmEyZjg3In0%3D\" href='https:\/\/villavinea.com\/wp-content\/uploads\/2019\/05\/4.jpg'><img loading=\"lazy\" decoding=\"async\" width=\"1024\" height=\"683\" src=\"https:\/\/villavinea.com\/wp-content\/uploads\/2019\/05\/4.jpg\" class=\"attachment-large size-large\" alt=\"\" aria-describedby=\"gallery-1-9940\" \/><\/a>\n\t\t\t<\/dt>\n\t\t\t\t<dd class='wp-caption-text gallery-caption' id='gallery-1-9940'>\n\t\t\t\tExpo\n\t\t\t\t<\/dd><\/dl><dl class='gallery-item'>\n\t\t\t<dt class='gallery-icon landscape'>\n\t\t\t\t<a data-elementor-open-lightbox=\"yes\" data-elementor-lightbox-slideshow=\"0ba2f87\" data-elementor-lightbox-title=\"5\" data-e-action-hash=\"#elementor-action%3Aaction%3Dlightbox%26settings%3DeyJpZCI6OTk0MSwidXJsIjoiaHR0cHM6XC9cL3ZpbGxhdmluZWEuY29tXC93cC1jb250ZW50XC91cGxvYWRzXC8yMDE5XC8wNVwvNS1zY2FsZWQtMS5qcGciLCJzbGlkZXNob3ciOiIwYmEyZjg3In0%3D\" href='https:\/\/villavinea.com\/wp-content\/uploads\/2019\/05\/5-scaled-1.jpg'><img loading=\"lazy\" decoding=\"async\" width=\"1024\" height=\"683\" src=\"https:\/\/villavinea.com\/wp-content\/uploads\/2019\/05\/5-scaled-1.jpg\" class=\"attachment-large size-large\" alt=\"\" \/><\/a>\n\t\t\t<\/dt><\/dl><dl class='gallery-item'>\n\t\t\t<dt class='gallery-icon landscape'>\n\t\t\t\t<a data-elementor-open-lightbox=\"yes\" data-elementor-lightbox-slideshow=\"0ba2f87\" data-elementor-lightbox-title=\"The Shop\" data-e-action-hash=\"#elementor-action%3Aaction%3Dlightbox%26settings%3DeyJpZCI6OTk0MiwidXJsIjoiaHR0cHM6XC9cL3ZpbGxhdmluZWEuY29tXC93cC1jb250ZW50XC91cGxvYWRzXC8yMDE5XC8xMFwvNi1lMTc3MzEzODcxNjc4OC5qcGciLCJzbGlkZXNob3ciOiIwYmEyZjg3In0%3D\" href='https:\/\/villavinea.com\/wp-content\/uploads\/2019\/10\/6-e1773138716788.jpg'><img loading=\"lazy\" decoding=\"async\" width=\"695\" height=\"460\" src=\"https:\/\/villavinea.com\/wp-content\/uploads\/2019\/10\/6-e1773138716788.jpg\" class=\"attachment-large size-large\" alt=\"\" aria-describedby=\"gallery-1-9942\" srcset=\"https:\/\/villavinea.com\/wp-content\/uploads\/2019\/10\/6-e1773138716788.jpg 695w, https:\/\/villavinea.com\/wp-content\/uploads\/2019\/10\/6-e1773138716788-300x199.jpg 300w, https:\/\/villavinea.com\/wp-content\/uploads\/2019\/10\/6-e1773138716788-350x232.jpg 350w, https:\/\/villavinea.com\/wp-content\/uploads\/2019\/10\/6-e1773138716788-650x430.jpg 650w, https:\/\/villavinea.com\/wp-content\/uploads\/2019\/10\/6-e1773138716788-600x397.jpg 600w\" sizes=\"(max-width: 695px) 100vw, 695px\" \/><\/a>\n\t\t\t<\/dt>\n\t\t\t\t<dd class='wp-caption-text gallery-caption' id='gallery-1-9942'>\n\t\t\t\tThe Shop\n\t\t\t\t<\/dd><\/dl><br style=\"clear: both\" \/>\n\t\t<\/div>\n\t\t<\/div>\n\t\t\t\t\t\t<\/div>\n\t\t\t\t\t<\/div>\n\t\t\t\t<\/div>\n\t\t<div class=\"elementor-element elementor-element-ad43331 e-flex e-con-boxed e-con e-parent\" data-id=\"ad43331\" data-element_type=\"container\" data-e-type=\"container\">\n\t\t\t\t\t<div class=\"e-con-inner\">\n\t\t\t\t<div class=\"elementor-element elementor-element-3b7e427 elementor-widget elementor-widget-heading\" data-id=\"3b7e427\" data-element_type=\"widget\" data-e-type=\"widget\" data-widget_type=\"heading.default\">\n\t\t\t\t\t<h2 class=\"elementor-heading-title elementor-size-default\">Despre noi<\/h2>\t\t\t\t<\/div>\n\t\t\t\t<div class=\"elementor-element elementor-element-5df6997 elementor-widget elementor-widget-text-editor\" data-id=\"5df6997\" data-element_type=\"widget\" data-e-type=\"widget\" data-widget_type=\"text-editor.default\">\n\t\t\t\t\t\t\t\t\t<p>Povestea Villa Vinea a \u00eenceput \u00een 2004, c\u00e2nd Heiner Oberrauch a descoperit \u00een mijlocul Transilvaniei, \u00een apropierea orasului T\u00eergu-Mure\u0219, un loc frumos \u0219i promi\u021b\u0103tor pentru vinuri de calitate.<\/p>\n<p>\u201cM-am \u00eendr\u0103gostit instantaneu de aceast\u0103 zon\u0103 \u0219i p\u00e2n\u0103 \u00een ziua de azi \u00eemi amintesc de prima dat\u0103 c\u00e2nd am privit-o: peisajul fermec\u0103tor de-a lungul r\u00e2ului T\u00e2rnava Mic\u0103, sc\u0103ldat de o lumin\u0103 delicat\u0103, cu dealuri care \u00eemi aminteau de Toscana. Am decis s\u0103 fie \u0219i casa mea, s\u0103 \u00eencep o podgorie \u0219i s\u0103 creez vinuri unice, cu un caracter deosebit, memorabile pentru cei care le gust\u0103\u201d<br \/><strong>\u2013 Heiner Oberrauch, proprietarul Villa Vinea.<\/strong><\/p>\n<p>Zona este nu doar frumoas\u0103 dar \u0219i unic\u0103 pentru podgorii, ca \u0219i condi\u021bii climatice \u0219i geologice. Pantele de expunere sud-vestic\u0103 cu \u00een\u0103l\u021bimi de peste 300 de metri ofer\u0103 vi\u021bei lumin\u0103 \u0219i protec\u021bie natural\u0103 \u00eempotriva v\u00e2nturilor din prim\u0103var\u0103 \u0219i toamn\u0103, iar solul brun cu straturi alternative de lut, marmur\u0103 impermeabil\u0103, gresie \u0219i nisip, p\u0103streaz\u0103 c\u0103ldura \u0219i umiditatea. Pe T\u00e2rnave zilele de cea\u021b\u0103 care \u00eencep la sf\u00e2r\u0219itul verii \u0219i continu\u0103 p\u00e2n\u0103 \u00een septembrie \u0219i octombrie, contribuie la o maturizare lent\u0103 a strugurilor, sporindu-le aromele \u0219i aciditatea.<\/p>\n<p>Acest melanj de experien\u021be local \/ interna\u021bional a caracterizat \u0219i colaborarea celor doi viticultori \u2013 Celestino Lucin, declarat oenolog al anului 2009 \u00een Italia de celebra revist\u0103 Gambero Rosso \u2013 \u0219i Denes Mihaly, n\u0103scut \u0219i dedicat profesional podgoriilor de pe T\u00e2rnave; cei doi, \u00eempreun\u0103, au reu\u0219it \u00een ultimii ani, dup\u0103 un efort de un deceniu, s\u0103 realizeze c\u00e2teva serii de vinuri memorabile \u0219i reprezentative pentru aceasta zon\u0103.<\/p>\t\t\t\t\t\t\t\t<\/div>\n\t\t\t\t\t<\/div>\n\t\t\t\t<\/div>\n\t\t\t\t<\/div>\n\t\t<div class=\"bm-builder clearfix \"><div id=\"\" class=\"module col-12 module-id-1772800543459\" data-module-col=\"12\"><div class=\"module-inside text-inside\" style=\"--top-mod: 0px;--bottom-mod: 0px;--top-mod-t: 0px;--bottom-mod-t: 0px;--top-mod-m:0px;--bottom-mod-m:0px;\" ><div class=\"text_block_out\"  data-effect=\"standard\" style=\"\"><div class=\"text_block ux-mod-nobg\"><div class=\"text_block_inn\"><div id=\"text-1772800543459\" class=\"text_block_centered text_block_centered_enable_width\"  style=\"\"><\/div><\/div><\/div><\/div><\/div><\/div><\/div>","protected":false},"excerpt":{"rendered":"<p>https:\/\/www.youtube.com\/watch?v=Aii1p8vWK3k Savoarea de pe T\u00e2rnave Situat\u0103 \u00een localitatea Mica, la &hellip;<\/p>\n","protected":false},"author":2,"featured_media":0,"parent":0,"menu_order":20,"comment_status":"closed","ping_status":"closed","template":"elementor_header_footer","meta":{"footnotes":"[]"},"class_list":["post-8787","page","type-page","status-publish","hentry"],"yoast_head":"<!-- This site is optimized with the Yoast SEO plugin v27.1.1 - https:\/\/yoast.com\/product\/yoast-seo-wordpress\/ -->\n<title>Acasa - Villa Vinea<\/title>\n<meta name=\"robots\" content=\"index, follow, max-snippet:-1, max-image-preview:large, max-video-preview:-1\" \/>\n<link rel=\"canonical\" href=\"https:\/\/villavinea.com\/\" \/>\n<meta property=\"og:locale\" content=\"en_US\" \/>\n<meta property=\"og:type\" content=\"article\" \/>\n<meta property=\"og:title\" content=\"Acasa - Villa Vinea\" \/>\n<meta property=\"og:description\" content=\"https:\/\/www.youtube.com\/watch?v=Aii1p8vWK3k Savoarea de pe T\u00e2rnave Situat\u0103 \u00een localitatea Mica, la &hellip;\" \/>\n<meta property=\"og:url\" content=\"https:\/\/villavinea.com\/\" \/>\n<meta property=\"og:site_name\" content=\"Villa Vinea\" \/>\n<meta property=\"article:publisher\" content=\"https:\/\/www.facebook.com\/VillaVinea\" \/>\n<meta property=\"article:modified_time\" content=\"2026-03-13T13:27:09+00:00\" \/>\n<meta property=\"og:image\" content=\"https:\/\/villavinea.com\/wp-content\/uploads\/2019\/10\/2.jpg\" \/>\n<meta name=\"twitter:card\" content=\"summary_large_image\" \/>\n<meta name=\"twitter:label1\" content=\"Est. reading time\" \/>\n\t<meta name=\"twitter:data1\" content=\"3 minutes\" \/>\n<script type=\"application\/ld+json\" class=\"yoast-schema-graph\">{\"@context\":\"https:\/\/schema.org\",\"@graph\":[{\"@type\":\"WebPage\",\"@id\":\"https:\/\/villavinea.com\/\",\"url\":\"https:\/\/villavinea.com\/\",\"name\":\"Acasa - Villa Vinea\",\"isPartOf\":{\"@id\":\"https:\/\/villavinea.com\/#website\"},\"primaryImageOfPage\":{\"@id\":\"https:\/\/villavinea.com\/#primaryimage\"},\"image\":{\"@id\":\"https:\/\/villavinea.com\/#primaryimage\"},\"thumbnailUrl\":\"https:\/\/villavinea.com\/wp-content\/uploads\/2019\/10\/2.jpg\",\"datePublished\":\"2021-03-16T11:48:29+00:00\",\"dateModified\":\"2026-03-13T13:27:09+00:00\",\"breadcrumb\":{\"@id\":\"https:\/\/villavinea.com\/#breadcrumb\"},\"inLanguage\":\"en-US\",\"potentialAction\":[{\"@type\":\"ReadAction\",\"target\":[\"https:\/\/villavinea.com\/\"]}]},{\"@type\":\"ImageObject\",\"inLanguage\":\"en-US\",\"@id\":\"https:\/\/villavinea.com\/#primaryimage\",\"url\":\"https:\/\/villavinea.com\/wp-content\/uploads\/2019\/10\/2.jpg\",\"contentUrl\":\"https:\/\/villavinea.com\/wp-content\/uploads\/2019\/10\/2.jpg\",\"width\":1766,\"height\":1176,\"caption\":\"Crama\"},{\"@type\":\"BreadcrumbList\",\"@id\":\"https:\/\/villavinea.com\/#breadcrumb\",\"itemListElement\":[{\"@type\":\"ListItem\",\"position\":1,\"name\":\"Home\",\"item\":\"https:\/\/villavinea.com\/\"},{\"@type\":\"ListItem\",\"position\":2,\"name\":\"Acasa\"}]},{\"@type\":\"WebSite\",\"@id\":\"https:\/\/villavinea.com\/#website\",\"url\":\"https:\/\/villavinea.com\/\",\"name\":\"Villa Vinea\",\"description\":\"\",\"publisher\":{\"@id\":\"https:\/\/villavinea.com\/#organization\"},\"potentialAction\":[{\"@type\":\"SearchAction\",\"target\":{\"@type\":\"EntryPoint\",\"urlTemplate\":\"https:\/\/villavinea.com\/?s={search_term_string}\"},\"query-input\":{\"@type\":\"PropertyValueSpecification\",\"valueRequired\":true,\"valueName\":\"search_term_string\"}}],\"inLanguage\":\"en-US\"},{\"@type\":\"Organization\",\"@id\":\"https:\/\/villavinea.com\/#organization\",\"name\":\"Villa Vinea\",\"url\":\"https:\/\/villavinea.com\/\",\"logo\":{\"@type\":\"ImageObject\",\"inLanguage\":\"en-US\",\"@id\":\"https:\/\/villavinea.com\/#\/schema\/logo\/image\/\",\"url\":\"https:\/\/villavinea.com\/wp-content\/uploads\/2024\/07\/Logo-Villa-Vinea.png\",\"contentUrl\":\"https:\/\/villavinea.com\/wp-content\/uploads\/2024\/07\/Logo-Villa-Vinea.png\",\"width\":1525,\"height\":508,\"caption\":\"Villa Vinea\"},\"image\":{\"@id\":\"https:\/\/villavinea.com\/#\/schema\/logo\/image\/\"},\"sameAs\":[\"https:\/\/www.facebook.com\/VillaVinea\",\"https:\/\/www.instagram.com\/villavinearomania\/\",\"https:\/\/www.youtube.com\/@VillaVineaMures\"]}]}<\/script>\n<!-- \/ Yoast SEO plugin. -->","yoast_head_json":{"title":"Acasa - Villa Vinea","robots":{"index":"index","follow":"follow","max-snippet":"max-snippet:-1","max-image-preview":"max-image-preview:large","max-video-preview":"max-video-preview:-1"},"canonical":"https:\/\/villavinea.com\/","og_locale":"en_US","og_type":"article","og_title":"Acasa - Villa Vinea","og_description":"https:\/\/www.youtube.com\/watch?v=Aii1p8vWK3k Savoarea de pe T\u00e2rnave Situat\u0103 \u00een localitatea Mica, la &hellip;","og_url":"https:\/\/villavinea.com\/","og_site_name":"Villa Vinea","article_publisher":"https:\/\/www.facebook.com\/VillaVinea","article_modified_time":"2026-03-13T13:27:09+00:00","og_image":[{"url":"https:\/\/villavinea.com\/wp-content\/uploads\/2019\/10\/2.jpg","type":"","width":"","height":""}],"twitter_card":"summary_large_image","twitter_misc":{"Est. reading time":"3 minutes"},"schema":{"@context":"https:\/\/schema.org","@graph":[{"@type":"WebPage","@id":"https:\/\/villavinea.com\/","url":"https:\/\/villavinea.com\/","name":"Acasa - Villa Vinea","isPartOf":{"@id":"https:\/\/villavinea.com\/#website"},"primaryImageOfPage":{"@id":"https:\/\/villavinea.com\/#primaryimage"},"image":{"@id":"https:\/\/villavinea.com\/#primaryimage"},"thumbnailUrl":"https:\/\/villavinea.com\/wp-content\/uploads\/2019\/10\/2.jpg","datePublished":"2021-03-16T11:48:29+00:00","dateModified":"2026-03-13T13:27:09+00:00","breadcrumb":{"@id":"https:\/\/villavinea.com\/#breadcrumb"},"inLanguage":"en-US","potentialAction":[{"@type":"ReadAction","target":["https:\/\/villavinea.com\/"]}]},{"@type":"ImageObject","inLanguage":"en-US","@id":"https:\/\/villavinea.com\/#primaryimage","url":"https:\/\/villavinea.com\/wp-content\/uploads\/2019\/10\/2.jpg","contentUrl":"https:\/\/villavinea.com\/wp-content\/uploads\/2019\/10\/2.jpg","width":1766,"height":1176,"caption":"Crama"},{"@type":"BreadcrumbList","@id":"https:\/\/villavinea.com\/#breadcrumb","itemListElement":[{"@type":"ListItem","position":1,"name":"Home","item":"https:\/\/villavinea.com\/"},{"@type":"ListItem","position":2,"name":"Acasa"}]},{"@type":"WebSite","@id":"https:\/\/villavinea.com\/#website","url":"https:\/\/villavinea.com\/","name":"Villa Vinea","description":"","publisher":{"@id":"https:\/\/villavinea.com\/#organization"},"potentialAction":[{"@type":"SearchAction","target":{"@type":"EntryPoint","urlTemplate":"https:\/\/villavinea.com\/?s={search_term_string}"},"query-input":{"@type":"PropertyValueSpecification","valueRequired":true,"valueName":"search_term_string"}}],"inLanguage":"en-US"},{"@type":"Organization","@id":"https:\/\/villavinea.com\/#organization","name":"Villa Vinea","url":"https:\/\/villavinea.com\/","logo":{"@type":"ImageObject","inLanguage":"en-US","@id":"https:\/\/villavinea.com\/#\/schema\/logo\/image\/","url":"https:\/\/villavinea.com\/wp-content\/uploads\/2024\/07\/Logo-Villa-Vinea.png","contentUrl":"https:\/\/villavinea.com\/wp-content\/uploads\/2024\/07\/Logo-Villa-Vinea.png","width":1525,"height":508,"caption":"Villa Vinea"},"image":{"@id":"https:\/\/villavinea.com\/#\/schema\/logo\/image\/"},"sameAs":["https:\/\/www.facebook.com\/VillaVinea","https:\/\/www.instagram.com\/villavinearomania\/","https:\/\/www.youtube.com\/@VillaVineaMures"]}]}},"jetpack_sharing_enabled":true,"_links":{"self":[{"href":"https:\/\/villavinea.com\/index.php\/wp-json\/wp\/v2\/pages\/8787","targetHints":{"allow":["GET"]}}],"collection":[{"href":"https:\/\/villavinea.com\/index.php\/wp-json\/wp\/v2\/pages"}],"about":[{"href":"https:\/\/villavinea.com\/index.php\/wp-json\/wp\/v2\/types\/page"}],"author":[{"embeddable":true,"href":"https:\/\/villavinea.com\/index.php\/wp-json\/wp\/v2\/users\/2"}],"replies":[{"embeddable":true,"href":"https:\/\/villavinea.com\/index.php\/wp-json\/wp\/v2\/comments?post=8787"}],"version-history":[{"count":83,"href":"https:\/\/villavinea.com\/index.php\/wp-json\/wp\/v2\/pages\/8787\/revisions"}],"predecessor-version":[{"id":11177,"href":"https:\/\/villavinea.com\/index.php\/wp-json\/wp\/v2\/pages\/8787\/revisions\/11177"}],"wp:attachment":[{"href":"https:\/\/villavinea.com\/index.php\/wp-json\/wp\/v2\/media?parent=8787"}],"curies":[{"name":"wp","href":"https:\/\/api.w.org\/{rel}","templated":true}]}}