{"id":134,"date":"2024-07-01T08:11:05","date_gmt":"2024-07-01T08:11:05","guid":{"rendered":"https:\/\/villavinea.com\/?post_type=product&#038;p=134"},"modified":"2024-07-01T08:11:19","modified_gmt":"2024-07-01T08:11:19","slug":"feketeleanyka-premium","status":"publish","type":"product","link":"https:\/\/villavinea.com\/index.php\/hu\/product\/feketeleanyka-premium\/","title":{"rendered":"Feketele\u00e1nyka Premium"},"content":{"rendered":"<p>Egy kiegyens\u00falyozott, sz\u00e9ptest\u0171 Feketele\u00e1nyk\u00e1r\u00f3l besz\u00e9l\u00fcnk. Redukt\u00edv \u00e9rlel\u00e9ssel k\u00e9sz\u00fclt, ez<br \/>\neredm\u00e9nyezi a bor frisses\u00e9g\u00e9t \u00e9s gy\u00fcm\u00f6lcs\u00f6ss\u00e9g\u00e9t.<br \/>\nSz\u00edne halv\u00e1ny rubin, illata meg teljess\u00e9gben t\u00fckr\u00f6zi a bor arom\u00e1j\u00e1t, amit erdei gy\u00fcm\u00f6lcs\u00f6k<br \/>\ndomin\u00e1lnak, de kis leveg\u0151ztet\u00e9s ut\u00e1n kibontakozik a m\u00e1sodlagos \u00edzvil\u00e1g is. Ez hozza mag\u00e1val a<br \/>\nfekete csokol\u00e1d\u00e9t, a k\u00e1v\u00e9 arom\u00e1j\u00e1t, de ut\u00f3\u00edz\u00e9ben van \u00e9desgy\u00f6k\u00e9r \u00e9s eukaliptusz is.<\/p>\n","protected":false},"excerpt":{"rendered":"<p>Egy kiegyens\u00falyozott, sz\u00e9ptest\u0171 Feketele\u00e1nyk\u00e1r\u00f3l besz\u00e9l\u00fcnk. Redukt\u00edv \u00e9rlel\u00e9ssel k\u00e9sz\u00fclt, ez eredm\u00e9nyezi &hellip;<\/p>\n","protected":false},"featured_media":87,"comment_status":"open","ping_status":"closed","template":"","meta":[],"product_brand":[],"product_cat":[165],"product_tag":[167,158,169],"class_list":{"0":"post-134","1":"product","2":"type-product","3":"status-publish","4":"has-post-thumbnail","6":"product_cat-vorosbor","7":"product_tag-feketeleanyka","8":"product_tag-premium","9":"product_tag-vorosbor","11":"first","12":"instock","13":"taxable","14":"shipping-taxable","15":"purchasable","16":"product-type-simple"},"yoast_head":"<!-- This site is optimized with the Yoast SEO plugin v27.4 - https:\/\/yoast.com\/product\/yoast-seo-wordpress\/ -->\n<title>Feketele\u00e1nyka Premium - Villa Vinea<\/title>\n<meta name=\"robots\" content=\"index, follow, max-snippet:-1, max-image-preview:large, max-video-preview:-1\" \/>\n<link rel=\"canonical\" href=\"https:\/\/villavinea.com\/index.php\/hu\/product\/feketeleanyka-premium\/\" \/>\n<meta property=\"og:locale\" content=\"en_US\" \/>\n<meta property=\"og:type\" content=\"article\" \/>\n<meta property=\"og:title\" content=\"Feketele\u00e1nyka Premium - Villa Vinea\" \/>\n<meta property=\"og:description\" content=\"Egy kiegyens\u00falyozott, sz\u00e9ptest\u0171 Feketele\u00e1nyk\u00e1r\u00f3l besz\u00e9l\u00fcnk. Redukt\u00edv \u00e9rlel\u00e9ssel k\u00e9sz\u00fclt, ez eredm\u00e9nyezi &hellip;\" \/>\n<meta property=\"og:url\" content=\"https:\/\/villavinea.com\/index.php\/hu\/product\/feketeleanyka-premium\/\" \/>\n<meta property=\"og:site_name\" content=\"Villa Vinea\" \/>\n<meta property=\"article:publisher\" content=\"https:\/\/www.facebook.com\/VillaVinea\" \/>\n<meta property=\"article:modified_time\" content=\"2024-07-01T08:11:19+00:00\" \/>\n<meta property=\"og:image\" content=\"https:\/\/villavinea.com\/wp-content\/uploads\/2024\/07\/Vin_rosu_sec_demisec_Feteasca_Neagra_Premium_Villa_Vinea_Tarnave.jpg\" \/>\n\t<meta property=\"og:image:width\" content=\"800\" \/>\n\t<meta property=\"og:image:height\" content=\"800\" \/>\n\t<meta property=\"og:image:type\" content=\"image\/jpeg\" \/>\n<meta name=\"twitter:card\" content=\"summary_large_image\" \/>\n<script type=\"application\/ld+json\" class=\"yoast-schema-graph\">{\"@context\":\"https:\\\/\\\/schema.org\",\"@graph\":[{\"@type\":\"WebPage\",\"@id\":\"https:\\\/\\\/villavinea.com\\\/index.php\\\/hu\\\/product\\\/feketeleanyka-premium\\\/\",\"url\":\"https:\\\/\\\/villavinea.com\\\/index.php\\\/hu\\\/product\\\/feketeleanyka-premium\\\/\",\"name\":\"Feketele\u00e1nyka Premium - Villa Vinea\",\"isPartOf\":{\"@id\":\"https:\\\/\\\/villavinea.com\\\/#website\"},\"primaryImageOfPage\":{\"@id\":\"https:\\\/\\\/villavinea.com\\\/index.php\\\/hu\\\/product\\\/feketeleanyka-premium\\\/#primaryimage\"},\"image\":{\"@id\":\"https:\\\/\\\/villavinea.com\\\/index.php\\\/hu\\\/product\\\/feketeleanyka-premium\\\/#primaryimage\"},\"thumbnailUrl\":\"https:\\\/\\\/villavinea.com\\\/wp-content\\\/uploads\\\/2024\\\/07\\\/Vin_rosu_sec_demisec_Feteasca_Neagra_Premium_Villa_Vinea_Tarnave.jpg\",\"datePublished\":\"2024-07-01T08:11:05+00:00\",\"dateModified\":\"2024-07-01T08:11:19+00:00\",\"breadcrumb\":{\"@id\":\"https:\\\/\\\/villavinea.com\\\/index.php\\\/hu\\\/product\\\/feketeleanyka-premium\\\/#breadcrumb\"},\"inLanguage\":\"en-US\",\"potentialAction\":[{\"@type\":\"ReadAction\",\"target\":[\"https:\\\/\\\/villavinea.com\\\/index.php\\\/hu\\\/product\\\/feketeleanyka-premium\\\/\"]}]},{\"@type\":\"ImageObject\",\"inLanguage\":\"en-US\",\"@id\":\"https:\\\/\\\/villavinea.com\\\/index.php\\\/hu\\\/product\\\/feketeleanyka-premium\\\/#primaryimage\",\"url\":\"https:\\\/\\\/villavinea.com\\\/wp-content\\\/uploads\\\/2024\\\/07\\\/Vin_rosu_sec_demisec_Feteasca_Neagra_Premium_Villa_Vinea_Tarnave.jpg\",\"contentUrl\":\"https:\\\/\\\/villavinea.com\\\/wp-content\\\/uploads\\\/2024\\\/07\\\/Vin_rosu_sec_demisec_Feteasca_Neagra_Premium_Villa_Vinea_Tarnave.jpg\",\"width\":800,\"height\":800},{\"@type\":\"BreadcrumbList\",\"@id\":\"https:\\\/\\\/villavinea.com\\\/index.php\\\/hu\\\/product\\\/feketeleanyka-premium\\\/#breadcrumb\",\"itemListElement\":[{\"@type\":\"ListItem\",\"position\":1,\"name\":\"Home\",\"item\":\"https:\\\/\\\/villavinea.com\\\/\"},{\"@type\":\"ListItem\",\"position\":2,\"name\":\"Vinurile noastre\",\"item\":\"https:\\\/\\\/villavinea.com\\\/index.php\\\/shop-ro-2\\\/\"},{\"@type\":\"ListItem\",\"position\":3,\"name\":\"Feketele\u00e1nyka Premium\"}]},{\"@type\":\"WebSite\",\"@id\":\"https:\\\/\\\/villavinea.com\\\/#website\",\"url\":\"https:\\\/\\\/villavinea.com\\\/\",\"name\":\"Villa Vinea\",\"description\":\"\",\"publisher\":{\"@id\":\"https:\\\/\\\/villavinea.com\\\/#organization\"},\"potentialAction\":[{\"@type\":\"SearchAction\",\"target\":{\"@type\":\"EntryPoint\",\"urlTemplate\":\"https:\\\/\\\/villavinea.com\\\/?s={search_term_string}\"},\"query-input\":{\"@type\":\"PropertyValueSpecification\",\"valueRequired\":true,\"valueName\":\"search_term_string\"}}],\"inLanguage\":\"en-US\"},{\"@type\":\"Organization\",\"@id\":\"https:\\\/\\\/villavinea.com\\\/#organization\",\"name\":\"Villa Vinea\",\"url\":\"https:\\\/\\\/villavinea.com\\\/\",\"logo\":{\"@type\":\"ImageObject\",\"inLanguage\":\"en-US\",\"@id\":\"https:\\\/\\\/villavinea.com\\\/#\\\/schema\\\/logo\\\/image\\\/\",\"url\":\"https:\\\/\\\/villavinea.com\\\/wp-content\\\/uploads\\\/2024\\\/07\\\/Logo-Villa-Vinea.png\",\"contentUrl\":\"https:\\\/\\\/villavinea.com\\\/wp-content\\\/uploads\\\/2024\\\/07\\\/Logo-Villa-Vinea.png\",\"width\":1525,\"height\":508,\"caption\":\"Villa Vinea\"},\"image\":{\"@id\":\"https:\\\/\\\/villavinea.com\\\/#\\\/schema\\\/logo\\\/image\\\/\"},\"sameAs\":[\"https:\\\/\\\/www.facebook.com\\\/VillaVinea\",\"https:\\\/\\\/www.instagram.com\\\/villavinearomania\\\/\",\"https:\\\/\\\/www.youtube.com\\\/@VillaVineaMures\"]}]}<\/script>\n<!-- \/ Yoast SEO plugin. -->","yoast_head_json":{"title":"Feketele\u00e1nyka Premium - Villa Vinea","robots":{"index":"index","follow":"follow","max-snippet":"max-snippet:-1","max-image-preview":"max-image-preview:large","max-video-preview":"max-video-preview:-1"},"canonical":"https:\/\/villavinea.com\/index.php\/hu\/product\/feketeleanyka-premium\/","og_locale":"en_US","og_type":"article","og_title":"Feketele\u00e1nyka Premium - Villa Vinea","og_description":"Egy kiegyens\u00falyozott, sz\u00e9ptest\u0171 Feketele\u00e1nyk\u00e1r\u00f3l besz\u00e9l\u00fcnk. Redukt\u00edv \u00e9rlel\u00e9ssel k\u00e9sz\u00fclt, ez eredm\u00e9nyezi &hellip;","og_url":"https:\/\/villavinea.com\/index.php\/hu\/product\/feketeleanyka-premium\/","og_site_name":"Villa Vinea","article_publisher":"https:\/\/www.facebook.com\/VillaVinea","article_modified_time":"2024-07-01T08:11:19+00:00","og_image":[{"width":800,"height":800,"url":"https:\/\/villavinea.com\/wp-content\/uploads\/2024\/07\/Vin_rosu_sec_demisec_Feteasca_Neagra_Premium_Villa_Vinea_Tarnave.jpg","type":"image\/jpeg"}],"twitter_card":"summary_large_image","schema":{"@context":"https:\/\/schema.org","@graph":[{"@type":"WebPage","@id":"https:\/\/villavinea.com\/index.php\/hu\/product\/feketeleanyka-premium\/","url":"https:\/\/villavinea.com\/index.php\/hu\/product\/feketeleanyka-premium\/","name":"Feketele\u00e1nyka Premium - Villa Vinea","isPartOf":{"@id":"https:\/\/villavinea.com\/#website"},"primaryImageOfPage":{"@id":"https:\/\/villavinea.com\/index.php\/hu\/product\/feketeleanyka-premium\/#primaryimage"},"image":{"@id":"https:\/\/villavinea.com\/index.php\/hu\/product\/feketeleanyka-premium\/#primaryimage"},"thumbnailUrl":"https:\/\/villavinea.com\/wp-content\/uploads\/2024\/07\/Vin_rosu_sec_demisec_Feteasca_Neagra_Premium_Villa_Vinea_Tarnave.jpg","datePublished":"2024-07-01T08:11:05+00:00","dateModified":"2024-07-01T08:11:19+00:00","breadcrumb":{"@id":"https:\/\/villavinea.com\/index.php\/hu\/product\/feketeleanyka-premium\/#breadcrumb"},"inLanguage":"en-US","potentialAction":[{"@type":"ReadAction","target":["https:\/\/villavinea.com\/index.php\/hu\/product\/feketeleanyka-premium\/"]}]},{"@type":"ImageObject","inLanguage":"en-US","@id":"https:\/\/villavinea.com\/index.php\/hu\/product\/feketeleanyka-premium\/#primaryimage","url":"https:\/\/villavinea.com\/wp-content\/uploads\/2024\/07\/Vin_rosu_sec_demisec_Feteasca_Neagra_Premium_Villa_Vinea_Tarnave.jpg","contentUrl":"https:\/\/villavinea.com\/wp-content\/uploads\/2024\/07\/Vin_rosu_sec_demisec_Feteasca_Neagra_Premium_Villa_Vinea_Tarnave.jpg","width":800,"height":800},{"@type":"BreadcrumbList","@id":"https:\/\/villavinea.com\/index.php\/hu\/product\/feketeleanyka-premium\/#breadcrumb","itemListElement":[{"@type":"ListItem","position":1,"name":"Home","item":"https:\/\/villavinea.com\/"},{"@type":"ListItem","position":2,"name":"Vinurile noastre","item":"https:\/\/villavinea.com\/index.php\/shop-ro-2\/"},{"@type":"ListItem","position":3,"name":"Feketele\u00e1nyka Premium"}]},{"@type":"WebSite","@id":"https:\/\/villavinea.com\/#website","url":"https:\/\/villavinea.com\/","name":"Villa Vinea","description":"","publisher":{"@id":"https:\/\/villavinea.com\/#organization"},"potentialAction":[{"@type":"SearchAction","target":{"@type":"EntryPoint","urlTemplate":"https:\/\/villavinea.com\/?s={search_term_string}"},"query-input":{"@type":"PropertyValueSpecification","valueRequired":true,"valueName":"search_term_string"}}],"inLanguage":"en-US"},{"@type":"Organization","@id":"https:\/\/villavinea.com\/#organization","name":"Villa Vinea","url":"https:\/\/villavinea.com\/","logo":{"@type":"ImageObject","inLanguage":"en-US","@id":"https:\/\/villavinea.com\/#\/schema\/logo\/image\/","url":"https:\/\/villavinea.com\/wp-content\/uploads\/2024\/07\/Logo-Villa-Vinea.png","contentUrl":"https:\/\/villavinea.com\/wp-content\/uploads\/2024\/07\/Logo-Villa-Vinea.png","width":1525,"height":508,"caption":"Villa Vinea"},"image":{"@id":"https:\/\/villavinea.com\/#\/schema\/logo\/image\/"},"sameAs":["https:\/\/www.facebook.com\/VillaVinea","https:\/\/www.instagram.com\/villavinearomania\/","https:\/\/www.youtube.com\/@VillaVineaMures"]}]}},"jetpack_sharing_enabled":true,"_links":{"self":[{"href":"https:\/\/villavinea.com\/index.php\/wp-json\/wp\/v2\/product\/134","targetHints":{"allow":["GET"]}}],"collection":[{"href":"https:\/\/villavinea.com\/index.php\/wp-json\/wp\/v2\/product"}],"about":[{"href":"https:\/\/villavinea.com\/index.php\/wp-json\/wp\/v2\/types\/product"}],"replies":[{"embeddable":true,"href":"https:\/\/villavinea.com\/index.php\/wp-json\/wp\/v2\/comments?post=134"}],"wp:featuredmedia":[{"embeddable":true,"href":"https:\/\/villavinea.com\/index.php\/wp-json\/wp\/v2\/media\/87"}],"wp:attachment":[{"href":"https:\/\/villavinea.com\/index.php\/wp-json\/wp\/v2\/media?parent=134"}],"wp:term":[{"taxonomy":"product_brand","embeddable":true,"href":"https:\/\/villavinea.com\/index.php\/wp-json\/wp\/v2\/product_brand?post=134"},{"taxonomy":"product_cat","embeddable":true,"href":"https:\/\/villavinea.com\/index.php\/wp-json\/wp\/v2\/product_cat?post=134"},{"taxonomy":"product_tag","embeddable":true,"href":"https:\/\/villavinea.com\/index.php\/wp-json\/wp\/v2\/product_tag?post=134"}],"curies":[{"name":"wp","href":"https:\/\/api.w.org\/{rel}","templated":true}]}}