{"id":136,"date":"2024-07-01T08:11:05","date_gmt":"2024-07-01T08:11:05","guid":{"rendered":"https:\/\/villavinea.com\/?post_type=product&#038;p=136"},"modified":"2024-07-01T08:11:20","modified_gmt":"2024-07-01T08:11:20","slug":"cuvee-celest-brut","status":"publish","type":"product","link":"https:\/\/villavinea.com\/index.php\/hu\/product\/cuvee-celest-brut\/","title":{"rendered":"Cuv\u00e9e Cel\u00e9st Brut"},"content":{"rendered":"<p>Pinot Noir, Chardonnay \u00e9s Rajnai Rizling h\u00e1zas\u00edt\u00e1s\u00e1b\u00f3l k\u00e9sz\u00fclt a Cuve\u00e9 Celest, egy eklektikus feh\u00e9r<br \/>\npezsg\u0151. Hagyom\u00e1nyos m\u00f3dszerrel k\u00e9sz\u00fclt, teh\u00e1t a m\u00e1sodik erjed\u00e9s az \u00fcvegben t\u00f6rt\u00e9nt, ut\u00e1na 36<br \/>\nh\u00f3napot \u00e9rlel\u0151d\u00f6tt a sepr\u0151n. Az eredm\u00e9ny b\u00e1rmikor megm\u00e9rk\u0151zik a francia, olasz vagy katal\u00e1n<br \/>\npezsg\u0151kkel. Frisses\u00e9g, elegancia \u00e9s komplexit\u00e1s jellemzi els\u0151sorban, amikhez egy sor m\u00e1s pozit\u00edv<br \/>\njelz\u0151 p\u00e1rosul.<br \/>\nAranys\u00e1rga sz\u00ednben t\u00fcnd\u00f6k\u00f6l, gy\u00f6ngy\u00f6z\u00e9se kitart\u00f3 \u00e9s finom. Illata konfit\u00e1lt barackra, s\u00fctem\u00e9nyre \u00e9s<br \/>\nl\u00e9pesm\u00e9zre eml\u00e9keztet. Testes, kr\u00e9mes \u00edz t\u00f6lti ki a sz\u00e1j\u00fcreget, amiben a kiegyens\u00falyozott savass\u00e1g<br \/>\n\u00e9s a j\u00f3l inkadr\u00e1lt alkohol tev\u0151dik hozz\u00e1. Az \u00edzek komplexit\u00e1s\u00e1t tet\u0151zi a hosszan tart\u00f3 ut\u00f3\u00edz, ami \u00e9rett<br \/>\nalm\u00e1t, mogyor\u00f3t \u00e9s f\u0171szeres nuanceokat hoz mag\u00e1val.<\/p>\n","protected":false},"excerpt":{"rendered":"<p>Pinot Noir, Chardonnay \u00e9s Rajnai Rizling h\u00e1zas\u00edt\u00e1s\u00e1b\u00f3l k\u00e9sz\u00fclt a Cuve\u00e9 &hellip;<\/p>\n","protected":false},"featured_media":97,"comment_status":"closed","ping_status":"closed","template":"","meta":[],"product_brand":[],"product_cat":[143,151,146],"product_tag":[173,177],"class_list":{"0":"post-136","1":"product","2":"type-product","3":"status-publish","4":"has-post-thumbnail","6":"product_cat-feherbor","7":"product_cat-kivalasztas","8":"product_cat-szaraz","9":"product_tag-feherbor","10":"product_tag-szaraz","12":"first","13":"instock","14":"taxable","15":"shipping-taxable","16":"purchasable","17":"product-type-simple"},"yoast_head":"<!-- This site is optimized with the Yoast SEO plugin v27.4 - https:\/\/yoast.com\/product\/yoast-seo-wordpress\/ -->\n<title>Cuv\u00e9e Cel\u00e9st Brut - Villa Vinea<\/title>\n<meta name=\"robots\" content=\"index, follow, max-snippet:-1, max-image-preview:large, max-video-preview:-1\" \/>\n<link rel=\"canonical\" href=\"https:\/\/villavinea.com\/index.php\/hu\/product\/cuvee-celest-brut\/\" \/>\n<meta property=\"og:locale\" content=\"en_US\" \/>\n<meta property=\"og:type\" content=\"article\" \/>\n<meta property=\"og:title\" content=\"Cuv\u00e9e Cel\u00e9st Brut - Villa Vinea\" \/>\n<meta property=\"og:description\" content=\"Pinot Noir, Chardonnay \u00e9s Rajnai Rizling h\u00e1zas\u00edt\u00e1s\u00e1b\u00f3l k\u00e9sz\u00fclt a Cuve\u00e9 &hellip;\" \/>\n<meta property=\"og:url\" content=\"https:\/\/villavinea.com\/index.php\/hu\/product\/cuvee-celest-brut\/\" \/>\n<meta property=\"og:site_name\" content=\"Villa Vinea\" \/>\n<meta property=\"article:publisher\" content=\"https:\/\/www.facebook.com\/VillaVinea\" \/>\n<meta property=\"article:modified_time\" content=\"2024-07-01T08:11:20+00:00\" \/>\n<meta property=\"og:image\" content=\"https:\/\/villavinea.com\/wp-content\/uploads\/2024\/07\/Cuvee_Celest_SQ.jpg\" \/>\n\t<meta property=\"og:image:width\" content=\"800\" \/>\n\t<meta property=\"og:image:height\" content=\"800\" \/>\n\t<meta property=\"og:image:type\" content=\"image\/jpeg\" \/>\n<meta name=\"twitter:card\" content=\"summary_large_image\" \/>\n<meta name=\"twitter:label1\" content=\"Est. reading time\" \/>\n\t<meta name=\"twitter:data1\" content=\"1 minute\" \/>\n<script type=\"application\/ld+json\" class=\"yoast-schema-graph\">{\"@context\":\"https:\\\/\\\/schema.org\",\"@graph\":[{\"@type\":\"WebPage\",\"@id\":\"https:\\\/\\\/villavinea.com\\\/index.php\\\/hu\\\/product\\\/cuvee-celest-brut\\\/\",\"url\":\"https:\\\/\\\/villavinea.com\\\/index.php\\\/hu\\\/product\\\/cuvee-celest-brut\\\/\",\"name\":\"Cuv\u00e9e Cel\u00e9st Brut - Villa Vinea\",\"isPartOf\":{\"@id\":\"https:\\\/\\\/villavinea.com\\\/#website\"},\"primaryImageOfPage\":{\"@id\":\"https:\\\/\\\/villavinea.com\\\/index.php\\\/hu\\\/product\\\/cuvee-celest-brut\\\/#primaryimage\"},\"image\":{\"@id\":\"https:\\\/\\\/villavinea.com\\\/index.php\\\/hu\\\/product\\\/cuvee-celest-brut\\\/#primaryimage\"},\"thumbnailUrl\":\"https:\\\/\\\/villavinea.com\\\/wp-content\\\/uploads\\\/2024\\\/07\\\/Cuvee_Celest_SQ.jpg\",\"datePublished\":\"2024-07-01T08:11:05+00:00\",\"dateModified\":\"2024-07-01T08:11:20+00:00\",\"breadcrumb\":{\"@id\":\"https:\\\/\\\/villavinea.com\\\/index.php\\\/hu\\\/product\\\/cuvee-celest-brut\\\/#breadcrumb\"},\"inLanguage\":\"en-US\",\"potentialAction\":[{\"@type\":\"ReadAction\",\"target\":[\"https:\\\/\\\/villavinea.com\\\/index.php\\\/hu\\\/product\\\/cuvee-celest-brut\\\/\"]}]},{\"@type\":\"ImageObject\",\"inLanguage\":\"en-US\",\"@id\":\"https:\\\/\\\/villavinea.com\\\/index.php\\\/hu\\\/product\\\/cuvee-celest-brut\\\/#primaryimage\",\"url\":\"https:\\\/\\\/villavinea.com\\\/wp-content\\\/uploads\\\/2024\\\/07\\\/Cuvee_Celest_SQ.jpg\",\"contentUrl\":\"https:\\\/\\\/villavinea.com\\\/wp-content\\\/uploads\\\/2024\\\/07\\\/Cuvee_Celest_SQ.jpg\",\"width\":800,\"height\":800},{\"@type\":\"BreadcrumbList\",\"@id\":\"https:\\\/\\\/villavinea.com\\\/index.php\\\/hu\\\/product\\\/cuvee-celest-brut\\\/#breadcrumb\",\"itemListElement\":[{\"@type\":\"ListItem\",\"position\":1,\"name\":\"Home\",\"item\":\"https:\\\/\\\/villavinea.com\\\/\"},{\"@type\":\"ListItem\",\"position\":2,\"name\":\"Vinurile noastre\",\"item\":\"https:\\\/\\\/villavinea.com\\\/index.php\\\/shop-ro-2\\\/\"},{\"@type\":\"ListItem\",\"position\":3,\"name\":\"Cuv\u00e9e Cel\u00e9st Brut\"}]},{\"@type\":\"WebSite\",\"@id\":\"https:\\\/\\\/villavinea.com\\\/#website\",\"url\":\"https:\\\/\\\/villavinea.com\\\/\",\"name\":\"Villa Vinea\",\"description\":\"\",\"publisher\":{\"@id\":\"https:\\\/\\\/villavinea.com\\\/#organization\"},\"potentialAction\":[{\"@type\":\"SearchAction\",\"target\":{\"@type\":\"EntryPoint\",\"urlTemplate\":\"https:\\\/\\\/villavinea.com\\\/?s={search_term_string}\"},\"query-input\":{\"@type\":\"PropertyValueSpecification\",\"valueRequired\":true,\"valueName\":\"search_term_string\"}}],\"inLanguage\":\"en-US\"},{\"@type\":\"Organization\",\"@id\":\"https:\\\/\\\/villavinea.com\\\/#organization\",\"name\":\"Villa Vinea\",\"url\":\"https:\\\/\\\/villavinea.com\\\/\",\"logo\":{\"@type\":\"ImageObject\",\"inLanguage\":\"en-US\",\"@id\":\"https:\\\/\\\/villavinea.com\\\/#\\\/schema\\\/logo\\\/image\\\/\",\"url\":\"https:\\\/\\\/villavinea.com\\\/wp-content\\\/uploads\\\/2024\\\/07\\\/Logo-Villa-Vinea.png\",\"contentUrl\":\"https:\\\/\\\/villavinea.com\\\/wp-content\\\/uploads\\\/2024\\\/07\\\/Logo-Villa-Vinea.png\",\"width\":1525,\"height\":508,\"caption\":\"Villa Vinea\"},\"image\":{\"@id\":\"https:\\\/\\\/villavinea.com\\\/#\\\/schema\\\/logo\\\/image\\\/\"},\"sameAs\":[\"https:\\\/\\\/www.facebook.com\\\/VillaVinea\",\"https:\\\/\\\/www.instagram.com\\\/villavinearomania\\\/\",\"https:\\\/\\\/www.youtube.com\\\/@VillaVineaMures\"]}]}<\/script>\n<!-- \/ Yoast SEO plugin. -->","yoast_head_json":{"title":"Cuv\u00e9e Cel\u00e9st Brut - Villa Vinea","robots":{"index":"index","follow":"follow","max-snippet":"max-snippet:-1","max-image-preview":"max-image-preview:large","max-video-preview":"max-video-preview:-1"},"canonical":"https:\/\/villavinea.com\/index.php\/hu\/product\/cuvee-celest-brut\/","og_locale":"en_US","og_type":"article","og_title":"Cuv\u00e9e Cel\u00e9st Brut - Villa Vinea","og_description":"Pinot Noir, Chardonnay \u00e9s Rajnai Rizling h\u00e1zas\u00edt\u00e1s\u00e1b\u00f3l k\u00e9sz\u00fclt a Cuve\u00e9 &hellip;","og_url":"https:\/\/villavinea.com\/index.php\/hu\/product\/cuvee-celest-brut\/","og_site_name":"Villa Vinea","article_publisher":"https:\/\/www.facebook.com\/VillaVinea","article_modified_time":"2024-07-01T08:11:20+00:00","og_image":[{"width":800,"height":800,"url":"https:\/\/villavinea.com\/wp-content\/uploads\/2024\/07\/Cuvee_Celest_SQ.jpg","type":"image\/jpeg"}],"twitter_card":"summary_large_image","twitter_misc":{"Est. reading time":"1 minute"},"schema":{"@context":"https:\/\/schema.org","@graph":[{"@type":"WebPage","@id":"https:\/\/villavinea.com\/index.php\/hu\/product\/cuvee-celest-brut\/","url":"https:\/\/villavinea.com\/index.php\/hu\/product\/cuvee-celest-brut\/","name":"Cuv\u00e9e Cel\u00e9st Brut - Villa Vinea","isPartOf":{"@id":"https:\/\/villavinea.com\/#website"},"primaryImageOfPage":{"@id":"https:\/\/villavinea.com\/index.php\/hu\/product\/cuvee-celest-brut\/#primaryimage"},"image":{"@id":"https:\/\/villavinea.com\/index.php\/hu\/product\/cuvee-celest-brut\/#primaryimage"},"thumbnailUrl":"https:\/\/villavinea.com\/wp-content\/uploads\/2024\/07\/Cuvee_Celest_SQ.jpg","datePublished":"2024-07-01T08:11:05+00:00","dateModified":"2024-07-01T08:11:20+00:00","breadcrumb":{"@id":"https:\/\/villavinea.com\/index.php\/hu\/product\/cuvee-celest-brut\/#breadcrumb"},"inLanguage":"en-US","potentialAction":[{"@type":"ReadAction","target":["https:\/\/villavinea.com\/index.php\/hu\/product\/cuvee-celest-brut\/"]}]},{"@type":"ImageObject","inLanguage":"en-US","@id":"https:\/\/villavinea.com\/index.php\/hu\/product\/cuvee-celest-brut\/#primaryimage","url":"https:\/\/villavinea.com\/wp-content\/uploads\/2024\/07\/Cuvee_Celest_SQ.jpg","contentUrl":"https:\/\/villavinea.com\/wp-content\/uploads\/2024\/07\/Cuvee_Celest_SQ.jpg","width":800,"height":800},{"@type":"BreadcrumbList","@id":"https:\/\/villavinea.com\/index.php\/hu\/product\/cuvee-celest-brut\/#breadcrumb","itemListElement":[{"@type":"ListItem","position":1,"name":"Home","item":"https:\/\/villavinea.com\/"},{"@type":"ListItem","position":2,"name":"Vinurile noastre","item":"https:\/\/villavinea.com\/index.php\/shop-ro-2\/"},{"@type":"ListItem","position":3,"name":"Cuv\u00e9e Cel\u00e9st Brut"}]},{"@type":"WebSite","@id":"https:\/\/villavinea.com\/#website","url":"https:\/\/villavinea.com\/","name":"Villa Vinea","description":"","publisher":{"@id":"https:\/\/villavinea.com\/#organization"},"potentialAction":[{"@type":"SearchAction","target":{"@type":"EntryPoint","urlTemplate":"https:\/\/villavinea.com\/?s={search_term_string}"},"query-input":{"@type":"PropertyValueSpecification","valueRequired":true,"valueName":"search_term_string"}}],"inLanguage":"en-US"},{"@type":"Organization","@id":"https:\/\/villavinea.com\/#organization","name":"Villa Vinea","url":"https:\/\/villavinea.com\/","logo":{"@type":"ImageObject","inLanguage":"en-US","@id":"https:\/\/villavinea.com\/#\/schema\/logo\/image\/","url":"https:\/\/villavinea.com\/wp-content\/uploads\/2024\/07\/Logo-Villa-Vinea.png","contentUrl":"https:\/\/villavinea.com\/wp-content\/uploads\/2024\/07\/Logo-Villa-Vinea.png","width":1525,"height":508,"caption":"Villa Vinea"},"image":{"@id":"https:\/\/villavinea.com\/#\/schema\/logo\/image\/"},"sameAs":["https:\/\/www.facebook.com\/VillaVinea","https:\/\/www.instagram.com\/villavinearomania\/","https:\/\/www.youtube.com\/@VillaVineaMures"]}]}},"jetpack_sharing_enabled":true,"_links":{"self":[{"href":"https:\/\/villavinea.com\/index.php\/wp-json\/wp\/v2\/product\/136","targetHints":{"allow":["GET"]}}],"collection":[{"href":"https:\/\/villavinea.com\/index.php\/wp-json\/wp\/v2\/product"}],"about":[{"href":"https:\/\/villavinea.com\/index.php\/wp-json\/wp\/v2\/types\/product"}],"replies":[{"embeddable":true,"href":"https:\/\/villavinea.com\/index.php\/wp-json\/wp\/v2\/comments?post=136"}],"wp:featuredmedia":[{"embeddable":true,"href":"https:\/\/villavinea.com\/index.php\/wp-json\/wp\/v2\/media\/97"}],"wp:attachment":[{"href":"https:\/\/villavinea.com\/index.php\/wp-json\/wp\/v2\/media?parent=136"}],"wp:term":[{"taxonomy":"product_brand","embeddable":true,"href":"https:\/\/villavinea.com\/index.php\/wp-json\/wp\/v2\/product_brand?post=136"},{"taxonomy":"product_cat","embeddable":true,"href":"https:\/\/villavinea.com\/index.php\/wp-json\/wp\/v2\/product_cat?post=136"},{"taxonomy":"product_tag","embeddable":true,"href":"https:\/\/villavinea.com\/index.php\/wp-json\/wp\/v2\/product_tag?post=136"}],"curies":[{"name":"wp","href":"https:\/\/api.w.org\/{rel}","templated":true}]}}