{"id":148,"date":"2024-07-01T08:11:07","date_gmt":"2024-07-01T08:11:07","guid":{"rendered":"https:\/\/villavinea.com\/?post_type=product&#038;p=148"},"modified":"2024-07-01T08:11:37","modified_gmt":"2024-07-01T08:11:37","slug":"kerner-selection","status":"publish","type":"product","link":"https:\/\/villavinea.com\/index.php\/hu\/product\/kerner-selection\/","title":{"rendered":"Kerner Selection"},"content":{"rendered":"<p>A Kerner sz\u0151l\u0151fajta \u00fajdons\u00e1g Rom\u00e1ni\u00e1ban. Pillanatnyilag csak a k\u00fck\u00fcll\u0151menti Villa Vin\u00e8a pinc\u00e9szet<br \/>\nsz\u0151l\u0151j\u00e9ben tal\u00e1lhat\u00f3 meg. A komplex \u00e9s er\u0151s szem\u00e9lyis\u00e9g jellemzi ezt a bort, akinek biol\u00f3giai sz\u00fclei a<br \/>\nRajnai Rizling \u00e9s a w\u00fcrttembergi Trollinger.<br \/>\nA bor sz\u00edne \u00e9l\u00e9nk s\u00e1rga, z\u00f6ldes be\u00fct\u00e9sekkel, illata pedig friss \u00e9s eleg\u00e1ns, z\u00f6ld alm\u00e1t, friss f\u0171 illat\u00e1t \u00e9s<br \/>\nenyhe t\u0171zk\u00f6vet \u00e9rz\u00e9keltet. Kifejez\u0151 teste kiv\u00e1l\u00f3 savass\u00e1ggal \u00e9s t\u00f6k\u00e9letesen integr\u00e1lt alkohollal<br \/>\nrendelkezik. Az intenz\u00edv \u00edz el\u0151t\u00e9rbe hozza az \u0151szibarack, a mang\u00f3 \u00e9s a z\u00f6ld cseresznyeszilva<br \/>\nkever\u00e9k\u00e9t, amelyhez f\u0171szeres \u00edz j\u00e1rul. A hossz\u00fa \u00e9s ropog\u00f3s ut\u00f3\u00edz grapefruit \u00e9rzeteket \u00e9s diszkr\u00e9ten<br \/>\ns\u00f3s benyom\u00e1sokat hagy maga ut\u00e1n.<\/p>\n","protected":false},"excerpt":{"rendered":"<p>A Kerner sz\u0151l\u0151fajta \u00fajdons\u00e1g Rom\u00e1ni\u00e1ban. Pillanatnyilag csak a k\u00fck\u00fcll\u0151menti Villa &hellip;<\/p>\n","protected":false},"featured_media":10682,"comment_status":"closed","ping_status":"closed","template":"","meta":[],"product_brand":[],"product_cat":[143,151,146],"product_tag":[198,173,167,201,155,158,182,184,187,194,160,190,177,192,169],"class_list":{"0":"post-148","1":"product","2":"type-product","3":"status-publish","4":"has-post-thumbnail","6":"product_cat-feherbor","7":"product_cat-kivalasztas","8":"product_cat-szaraz","9":"product_tag-cuvee","10":"product_tag-feherbor","11":"product_tag-feketeleanyka","12":"product_tag-magnum","13":"product_tag-osszekevert","14":"product_tag-premium","15":"product_tag-rajnai","16":"product_tag-rhein","17":"product_tag-rizling","18":"product_tag-rubin-merlot","19":"product_tag-sauvignon","20":"product_tag-selection","21":"product_tag-szaraz","22":"product_tag-valaszt","23":"product_tag-vorosbor","25":"first","26":"instock","27":"taxable","28":"shipping-taxable","29":"purchasable","30":"product-type-simple"},"yoast_head":"<!-- This site is optimized with the Yoast SEO plugin v27.4 - https:\/\/yoast.com\/product\/yoast-seo-wordpress\/ -->\n<title>Kerner Selection - Villa Vinea<\/title>\n<meta name=\"robots\" content=\"index, follow, max-snippet:-1, max-image-preview:large, max-video-preview:-1\" \/>\n<link rel=\"canonical\" href=\"https:\/\/villavinea.com\/index.php\/hu\/product\/kerner-selection\/\" \/>\n<meta property=\"og:locale\" content=\"en_US\" \/>\n<meta property=\"og:type\" content=\"article\" \/>\n<meta property=\"og:title\" content=\"Kerner Selection - Villa Vinea\" \/>\n<meta property=\"og:description\" content=\"A Kerner sz\u0151l\u0151fajta \u00fajdons\u00e1g Rom\u00e1ni\u00e1ban. Pillanatnyilag csak a k\u00fck\u00fcll\u0151menti Villa &hellip;\" \/>\n<meta property=\"og:url\" content=\"https:\/\/villavinea.com\/index.php\/hu\/product\/kerner-selection\/\" \/>\n<meta property=\"og:site_name\" content=\"Villa Vinea\" \/>\n<meta property=\"article:publisher\" content=\"https:\/\/www.facebook.com\/VillaVinea\" \/>\n<meta property=\"article:modified_time\" content=\"2024-07-01T08:11:37+00:00\" \/>\n<meta property=\"og:image\" content=\"https:\/\/villavinea.com\/wp-content\/uploads\/2024\/07\/krs-full.png\" \/>\n\t<meta property=\"og:image:width\" content=\"1544\" \/>\n\t<meta property=\"og:image:height\" content=\"810\" \/>\n\t<meta property=\"og:image:type\" content=\"image\/png\" \/>\n<meta name=\"twitter:card\" content=\"summary_large_image\" \/>\n<meta name=\"twitter:label1\" content=\"Est. reading time\" \/>\n\t<meta name=\"twitter:data1\" content=\"1 minute\" \/>\n<script type=\"application\/ld+json\" class=\"yoast-schema-graph\">{\"@context\":\"https:\\\/\\\/schema.org\",\"@graph\":[{\"@type\":\"WebPage\",\"@id\":\"https:\\\/\\\/villavinea.com\\\/index.php\\\/hu\\\/product\\\/kerner-selection\\\/\",\"url\":\"https:\\\/\\\/villavinea.com\\\/index.php\\\/hu\\\/product\\\/kerner-selection\\\/\",\"name\":\"Kerner Selection - Villa Vinea\",\"isPartOf\":{\"@id\":\"https:\\\/\\\/villavinea.com\\\/#website\"},\"primaryImageOfPage\":{\"@id\":\"https:\\\/\\\/villavinea.com\\\/index.php\\\/hu\\\/product\\\/kerner-selection\\\/#primaryimage\"},\"image\":{\"@id\":\"https:\\\/\\\/villavinea.com\\\/index.php\\\/hu\\\/product\\\/kerner-selection\\\/#primaryimage\"},\"thumbnailUrl\":\"https:\\\/\\\/villavinea.com\\\/wp-content\\\/uploads\\\/2024\\\/07\\\/krs-full.png\",\"datePublished\":\"2024-07-01T08:11:07+00:00\",\"dateModified\":\"2024-07-01T08:11:37+00:00\",\"breadcrumb\":{\"@id\":\"https:\\\/\\\/villavinea.com\\\/index.php\\\/hu\\\/product\\\/kerner-selection\\\/#breadcrumb\"},\"inLanguage\":\"en-US\",\"potentialAction\":[{\"@type\":\"ReadAction\",\"target\":[\"https:\\\/\\\/villavinea.com\\\/index.php\\\/hu\\\/product\\\/kerner-selection\\\/\"]}]},{\"@type\":\"ImageObject\",\"inLanguage\":\"en-US\",\"@id\":\"https:\\\/\\\/villavinea.com\\\/index.php\\\/hu\\\/product\\\/kerner-selection\\\/#primaryimage\",\"url\":\"https:\\\/\\\/villavinea.com\\\/wp-content\\\/uploads\\\/2024\\\/07\\\/krs-full.png\",\"contentUrl\":\"https:\\\/\\\/villavinea.com\\\/wp-content\\\/uploads\\\/2024\\\/07\\\/krs-full.png\",\"width\":1544,\"height\":810},{\"@type\":\"BreadcrumbList\",\"@id\":\"https:\\\/\\\/villavinea.com\\\/index.php\\\/hu\\\/product\\\/kerner-selection\\\/#breadcrumb\",\"itemListElement\":[{\"@type\":\"ListItem\",\"position\":1,\"name\":\"Home\",\"item\":\"https:\\\/\\\/villavinea.com\\\/\"},{\"@type\":\"ListItem\",\"position\":2,\"name\":\"Vinurile noastre\",\"item\":\"https:\\\/\\\/villavinea.com\\\/index.php\\\/shop-ro-2\\\/\"},{\"@type\":\"ListItem\",\"position\":3,\"name\":\"Kerner Selection\"}]},{\"@type\":\"WebSite\",\"@id\":\"https:\\\/\\\/villavinea.com\\\/#website\",\"url\":\"https:\\\/\\\/villavinea.com\\\/\",\"name\":\"Villa Vinea\",\"description\":\"\",\"publisher\":{\"@id\":\"https:\\\/\\\/villavinea.com\\\/#organization\"},\"potentialAction\":[{\"@type\":\"SearchAction\",\"target\":{\"@type\":\"EntryPoint\",\"urlTemplate\":\"https:\\\/\\\/villavinea.com\\\/?s={search_term_string}\"},\"query-input\":{\"@type\":\"PropertyValueSpecification\",\"valueRequired\":true,\"valueName\":\"search_term_string\"}}],\"inLanguage\":\"en-US\"},{\"@type\":\"Organization\",\"@id\":\"https:\\\/\\\/villavinea.com\\\/#organization\",\"name\":\"Villa Vinea\",\"url\":\"https:\\\/\\\/villavinea.com\\\/\",\"logo\":{\"@type\":\"ImageObject\",\"inLanguage\":\"en-US\",\"@id\":\"https:\\\/\\\/villavinea.com\\\/#\\\/schema\\\/logo\\\/image\\\/\",\"url\":\"https:\\\/\\\/villavinea.com\\\/wp-content\\\/uploads\\\/2024\\\/07\\\/Logo-Villa-Vinea.png\",\"contentUrl\":\"https:\\\/\\\/villavinea.com\\\/wp-content\\\/uploads\\\/2024\\\/07\\\/Logo-Villa-Vinea.png\",\"width\":1525,\"height\":508,\"caption\":\"Villa Vinea\"},\"image\":{\"@id\":\"https:\\\/\\\/villavinea.com\\\/#\\\/schema\\\/logo\\\/image\\\/\"},\"sameAs\":[\"https:\\\/\\\/www.facebook.com\\\/VillaVinea\",\"https:\\\/\\\/www.instagram.com\\\/villavinearomania\\\/\",\"https:\\\/\\\/www.youtube.com\\\/@VillaVineaMures\"]}]}<\/script>\n<!-- \/ Yoast SEO plugin. -->","yoast_head_json":{"title":"Kerner Selection - Villa Vinea","robots":{"index":"index","follow":"follow","max-snippet":"max-snippet:-1","max-image-preview":"max-image-preview:large","max-video-preview":"max-video-preview:-1"},"canonical":"https:\/\/villavinea.com\/index.php\/hu\/product\/kerner-selection\/","og_locale":"en_US","og_type":"article","og_title":"Kerner Selection - Villa Vinea","og_description":"A Kerner sz\u0151l\u0151fajta \u00fajdons\u00e1g Rom\u00e1ni\u00e1ban. Pillanatnyilag csak a k\u00fck\u00fcll\u0151menti Villa &hellip;","og_url":"https:\/\/villavinea.com\/index.php\/hu\/product\/kerner-selection\/","og_site_name":"Villa Vinea","article_publisher":"https:\/\/www.facebook.com\/VillaVinea","article_modified_time":"2024-07-01T08:11:37+00:00","og_image":[{"width":1544,"height":810,"url":"https:\/\/villavinea.com\/wp-content\/uploads\/2024\/07\/krs-full.png","type":"image\/png"}],"twitter_card":"summary_large_image","twitter_misc":{"Est. reading time":"1 minute"},"schema":{"@context":"https:\/\/schema.org","@graph":[{"@type":"WebPage","@id":"https:\/\/villavinea.com\/index.php\/hu\/product\/kerner-selection\/","url":"https:\/\/villavinea.com\/index.php\/hu\/product\/kerner-selection\/","name":"Kerner Selection - Villa Vinea","isPartOf":{"@id":"https:\/\/villavinea.com\/#website"},"primaryImageOfPage":{"@id":"https:\/\/villavinea.com\/index.php\/hu\/product\/kerner-selection\/#primaryimage"},"image":{"@id":"https:\/\/villavinea.com\/index.php\/hu\/product\/kerner-selection\/#primaryimage"},"thumbnailUrl":"https:\/\/villavinea.com\/wp-content\/uploads\/2024\/07\/krs-full.png","datePublished":"2024-07-01T08:11:07+00:00","dateModified":"2024-07-01T08:11:37+00:00","breadcrumb":{"@id":"https:\/\/villavinea.com\/index.php\/hu\/product\/kerner-selection\/#breadcrumb"},"inLanguage":"en-US","potentialAction":[{"@type":"ReadAction","target":["https:\/\/villavinea.com\/index.php\/hu\/product\/kerner-selection\/"]}]},{"@type":"ImageObject","inLanguage":"en-US","@id":"https:\/\/villavinea.com\/index.php\/hu\/product\/kerner-selection\/#primaryimage","url":"https:\/\/villavinea.com\/wp-content\/uploads\/2024\/07\/krs-full.png","contentUrl":"https:\/\/villavinea.com\/wp-content\/uploads\/2024\/07\/krs-full.png","width":1544,"height":810},{"@type":"BreadcrumbList","@id":"https:\/\/villavinea.com\/index.php\/hu\/product\/kerner-selection\/#breadcrumb","itemListElement":[{"@type":"ListItem","position":1,"name":"Home","item":"https:\/\/villavinea.com\/"},{"@type":"ListItem","position":2,"name":"Vinurile noastre","item":"https:\/\/villavinea.com\/index.php\/shop-ro-2\/"},{"@type":"ListItem","position":3,"name":"Kerner Selection"}]},{"@type":"WebSite","@id":"https:\/\/villavinea.com\/#website","url":"https:\/\/villavinea.com\/","name":"Villa Vinea","description":"","publisher":{"@id":"https:\/\/villavinea.com\/#organization"},"potentialAction":[{"@type":"SearchAction","target":{"@type":"EntryPoint","urlTemplate":"https:\/\/villavinea.com\/?s={search_term_string}"},"query-input":{"@type":"PropertyValueSpecification","valueRequired":true,"valueName":"search_term_string"}}],"inLanguage":"en-US"},{"@type":"Organization","@id":"https:\/\/villavinea.com\/#organization","name":"Villa Vinea","url":"https:\/\/villavinea.com\/","logo":{"@type":"ImageObject","inLanguage":"en-US","@id":"https:\/\/villavinea.com\/#\/schema\/logo\/image\/","url":"https:\/\/villavinea.com\/wp-content\/uploads\/2024\/07\/Logo-Villa-Vinea.png","contentUrl":"https:\/\/villavinea.com\/wp-content\/uploads\/2024\/07\/Logo-Villa-Vinea.png","width":1525,"height":508,"caption":"Villa Vinea"},"image":{"@id":"https:\/\/villavinea.com\/#\/schema\/logo\/image\/"},"sameAs":["https:\/\/www.facebook.com\/VillaVinea","https:\/\/www.instagram.com\/villavinearomania\/","https:\/\/www.youtube.com\/@VillaVineaMures"]}]}},"jetpack_sharing_enabled":true,"_links":{"self":[{"href":"https:\/\/villavinea.com\/index.php\/wp-json\/wp\/v2\/product\/148","targetHints":{"allow":["GET"]}}],"collection":[{"href":"https:\/\/villavinea.com\/index.php\/wp-json\/wp\/v2\/product"}],"about":[{"href":"https:\/\/villavinea.com\/index.php\/wp-json\/wp\/v2\/types\/product"}],"replies":[{"embeddable":true,"href":"https:\/\/villavinea.com\/index.php\/wp-json\/wp\/v2\/comments?post=148"}],"wp:featuredmedia":[{"embeddable":true,"href":"https:\/\/villavinea.com\/index.php\/wp-json\/wp\/v2\/media\/10682"}],"wp:attachment":[{"href":"https:\/\/villavinea.com\/index.php\/wp-json\/wp\/v2\/media?parent=148"}],"wp:term":[{"taxonomy":"product_brand","embeddable":true,"href":"https:\/\/villavinea.com\/index.php\/wp-json\/wp\/v2\/product_brand?post=148"},{"taxonomy":"product_cat","embeddable":true,"href":"https:\/\/villavinea.com\/index.php\/wp-json\/wp\/v2\/product_cat?post=148"},{"taxonomy":"product_tag","embeddable":true,"href":"https:\/\/villavinea.com\/index.php\/wp-json\/wp\/v2\/product_tag?post=148"}],"curies":[{"name":"wp","href":"https:\/\/api.w.org\/{rel}","templated":true}]}}