{"id":149,"date":"2024-07-01T08:11:07","date_gmt":"2024-07-01T08:11:07","guid":{"rendered":"https:\/\/villavinea.com\/?post_type=product&#038;p=149"},"modified":"2024-07-01T08:11:38","modified_gmt":"2024-07-01T08:11:38","slug":"palinka","status":"publish","type":"product","link":"https:\/\/villavinea.com\/index.php\/hu\/product\/palinka\/","title":{"rendered":"P\u00e1linka"},"content":{"rendered":"<p>A Villa Vin\u00e8a a Kis-K\u00fck\u00fcll\u0151 ment\u00e9n, k\u00f6r\u00fclbel\u00fcl 350 m\u00e9teres magass\u00e1gban tal\u00e1lhat\u00f3. Egy dombos \u00e9s magas ter\u00fclet, ami<br \/>\nrendk\u00edv\u00fcl alkalmas terro\u00e1rt k\u00edn\u00e1l a Pinot Noir sz\u00e1m\u00e1ra. E sz\u0151l\u0151fajta, ha odaad\u00e1ssal m\u0171velj\u00fck,<br \/>\nsokoldal\u00fa, \u00edzekben gazdag eredm\u00e9nyeket hoz. Ak\u00e1r v\u00f6r\u00f6s, gy\u00fcm\u00f6lcs\u00f6s \u00e9s eleg\u00e1ns borokban, friss \u00e9s<br \/>\narom\u00e1s roz\u00e9kban bontakozik ki, ugyan\u00fagy kecsegteti d\u00fas jelleg\u00e9t a Cuv\u00e9e Cel\u00e9stben, a Villa Vin\u00e8a<br \/>\nhagyom\u00e1nyos m\u00f3don k\u00e9sz\u00fclt pezsg\u0151j\u00e9ben.<br \/>\n2019-ben m\u00e9g tov\u00e1bb vitt\u00fck a Pinot Noir ir\u00e1nti szenved\u00e9ly\u00fcnket, \u00e9s nekil\u00e1ttunk, hogy egy m\u00e1s<br \/>\nszempontb\u00f3l is \u00e9lvezhess\u00fck ezt a gondosan termesztett sz\u0151l\u0151fajt\u00e1t. E szerint \u00fagy d\u00f6nt\u00f6tt\u00fcnk, hogy az<br \/>\nels\u0151 Villa Vin\u00e8a p\u00e1link\u00e1t a Pinot Noir sz\u0151l\u0151b\u0151l k\u00e9sz\u00edtj\u00fck. Dupl\u00e1n desztill\u00e1ltuk, ut\u00e1na meg 4 h\u00f3napig<br \/>\n\u00e9rlelt\u00fck t\u00f6lgyfahord\u00f3ban, amelyben kor\u00e1bban egyik legelismertebb \u00e9s d\u00edjazott borunk, a Diamant<br \/>\nSelection ( Kir\u00e1ly- \u00e9s Feh\u00e9rle\u00e1nyka h\u00e1zas\u00edt\u00e1s) \u00e9rt meg.<br \/>\nA p\u00e1linka s\u00e1rg\u00e1s, vil\u00e1gos sz\u00edn\u0171, \u00edze pedig klasszikus. T\u00f6k\u00e9letesen kibontakoztatja a sz\u0151l\u0151 arom\u00e1j\u00e1t,<br \/>\nami \u00f6sszhangban van a t\u00f6lgyfahord\u00f3nak k\u00f6sz\u00f6nhet\u0151 finom van\u00edli\u00e1s \u00e1rnyalatokkal.<br \/>\n45% -os alkoholkoncentr\u00e1ci\u00f3val a Villa Vin\u00e8a p\u00e1link\u00e1ja t\u00f6k\u00e9letesen illeszkedik a rom\u00e1niai \u00e9telekhez.<br \/>\nHideg, t\u00e9li napokon szolg\u00e1lj\u00e1k fel, sert\u00e9sh\u00fashoz, s\u0171r\u0171 sz\u00f3szokhoz vagy levesekhez t\u00e1rs\u00edthat\u00f3.<\/p>\n","protected":false},"excerpt":{"rendered":"<p>A Villa Vin\u00e8a a Kis-K\u00fck\u00fcll\u0151 ment\u00e9n, k\u00f6r\u00fclbel\u00fcl 350 m\u00e9teres magass\u00e1gban &hellip;<\/p>\n","protected":false},"featured_media":162,"comment_status":"open","ping_status":"closed","template":"","meta":[],"product_brand":[],"product_cat":[212],"product_tag":[],"class_list":{"0":"post-149","1":"product","2":"type-product","3":"status-publish","4":"has-post-thumbnail","6":"product_cat-palinka","8":"first","9":"outofstock","10":"taxable","11":"shipping-taxable","12":"purchasable","13":"product-type-simple"},"yoast_head":"<!-- This site is optimized with the Yoast SEO plugin v27.1.1 - https:\/\/yoast.com\/product\/yoast-seo-wordpress\/ -->\n<title>P\u00e1linka - Villa Vinea<\/title>\n<meta name=\"robots\" content=\"index, follow, max-snippet:-1, max-image-preview:large, max-video-preview:-1\" \/>\n<link rel=\"canonical\" href=\"https:\/\/villavinea.com\/index.php\/hu\/product\/palinka\/\" \/>\n<meta property=\"og:locale\" content=\"en_US\" \/>\n<meta property=\"og:type\" content=\"article\" \/>\n<meta property=\"og:title\" content=\"P\u00e1linka - Villa Vinea\" \/>\n<meta property=\"og:description\" content=\"A Villa Vin\u00e8a a Kis-K\u00fck\u00fcll\u0151 ment\u00e9n, k\u00f6r\u00fclbel\u00fcl 350 m\u00e9teres magass\u00e1gban &hellip;\" \/>\n<meta property=\"og:url\" content=\"https:\/\/villavinea.com\/index.php\/hu\/product\/palinka\/\" \/>\n<meta property=\"og:site_name\" content=\"Villa Vinea\" \/>\n<meta property=\"article:publisher\" content=\"https:\/\/www.facebook.com\/VillaVinea\" \/>\n<meta property=\"article:modified_time\" content=\"2024-07-01T08:11:38+00:00\" \/>\n<meta property=\"og:image\" content=\"https:\/\/villavinea.com\/wp-content\/uploads\/2024\/07\/NUM_2887.jpg\" \/>\n\t<meta property=\"og:image:width\" content=\"800\" \/>\n\t<meta property=\"og:image:height\" content=\"800\" \/>\n\t<meta property=\"og:image:type\" content=\"image\/jpeg\" \/>\n<meta name=\"twitter:card\" content=\"summary_large_image\" \/>\n<meta name=\"twitter:label1\" content=\"Est. reading time\" \/>\n\t<meta name=\"twitter:data1\" content=\"1 minute\" \/>\n<script type=\"application\/ld+json\" class=\"yoast-schema-graph\">{\"@context\":\"https:\/\/schema.org\",\"@graph\":[{\"@type\":\"WebPage\",\"@id\":\"https:\/\/villavinea.com\/index.php\/hu\/product\/palinka\/\",\"url\":\"https:\/\/villavinea.com\/index.php\/hu\/product\/palinka\/\",\"name\":\"P\u00e1linka - Villa Vinea\",\"isPartOf\":{\"@id\":\"https:\/\/villavinea.com\/#website\"},\"primaryImageOfPage\":{\"@id\":\"https:\/\/villavinea.com\/index.php\/hu\/product\/palinka\/#primaryimage\"},\"image\":{\"@id\":\"https:\/\/villavinea.com\/index.php\/hu\/product\/palinka\/#primaryimage\"},\"thumbnailUrl\":\"https:\/\/villavinea.com\/wp-content\/uploads\/2024\/07\/NUM_2887.jpg\",\"datePublished\":\"2024-07-01T08:11:07+00:00\",\"dateModified\":\"2024-07-01T08:11:38+00:00\",\"breadcrumb\":{\"@id\":\"https:\/\/villavinea.com\/index.php\/hu\/product\/palinka\/#breadcrumb\"},\"inLanguage\":\"en-US\",\"potentialAction\":[{\"@type\":\"ReadAction\",\"target\":[\"https:\/\/villavinea.com\/index.php\/hu\/product\/palinka\/\"]}]},{\"@type\":\"ImageObject\",\"inLanguage\":\"en-US\",\"@id\":\"https:\/\/villavinea.com\/index.php\/hu\/product\/palinka\/#primaryimage\",\"url\":\"https:\/\/villavinea.com\/wp-content\/uploads\/2024\/07\/NUM_2887.jpg\",\"contentUrl\":\"https:\/\/villavinea.com\/wp-content\/uploads\/2024\/07\/NUM_2887.jpg\",\"width\":800,\"height\":800},{\"@type\":\"BreadcrumbList\",\"@id\":\"https:\/\/villavinea.com\/index.php\/hu\/product\/palinka\/#breadcrumb\",\"itemListElement\":[{\"@type\":\"ListItem\",\"position\":1,\"name\":\"Home\",\"item\":\"https:\/\/villavinea.com\/\"},{\"@type\":\"ListItem\",\"position\":2,\"name\":\"Vinurile noastre\",\"item\":\"https:\/\/villavinea.com\/index.php\/shop-ro-2\/\"},{\"@type\":\"ListItem\",\"position\":3,\"name\":\"P\u00e1linka\"}]},{\"@type\":\"WebSite\",\"@id\":\"https:\/\/villavinea.com\/#website\",\"url\":\"https:\/\/villavinea.com\/\",\"name\":\"Villa Vinea\",\"description\":\"\",\"publisher\":{\"@id\":\"https:\/\/villavinea.com\/#organization\"},\"potentialAction\":[{\"@type\":\"SearchAction\",\"target\":{\"@type\":\"EntryPoint\",\"urlTemplate\":\"https:\/\/villavinea.com\/?s={search_term_string}\"},\"query-input\":{\"@type\":\"PropertyValueSpecification\",\"valueRequired\":true,\"valueName\":\"search_term_string\"}}],\"inLanguage\":\"en-US\"},{\"@type\":\"Organization\",\"@id\":\"https:\/\/villavinea.com\/#organization\",\"name\":\"Villa Vinea\",\"url\":\"https:\/\/villavinea.com\/\",\"logo\":{\"@type\":\"ImageObject\",\"inLanguage\":\"en-US\",\"@id\":\"https:\/\/villavinea.com\/#\/schema\/logo\/image\/\",\"url\":\"https:\/\/villavinea.com\/wp-content\/uploads\/2024\/07\/Logo-Villa-Vinea.png\",\"contentUrl\":\"https:\/\/villavinea.com\/wp-content\/uploads\/2024\/07\/Logo-Villa-Vinea.png\",\"width\":1525,\"height\":508,\"caption\":\"Villa Vinea\"},\"image\":{\"@id\":\"https:\/\/villavinea.com\/#\/schema\/logo\/image\/\"},\"sameAs\":[\"https:\/\/www.facebook.com\/VillaVinea\",\"https:\/\/www.instagram.com\/villavinearomania\/\",\"https:\/\/www.youtube.com\/@VillaVineaMures\"]}]}<\/script>\n<!-- \/ Yoast SEO plugin. -->","yoast_head_json":{"title":"P\u00e1linka - Villa Vinea","robots":{"index":"index","follow":"follow","max-snippet":"max-snippet:-1","max-image-preview":"max-image-preview:large","max-video-preview":"max-video-preview:-1"},"canonical":"https:\/\/villavinea.com\/index.php\/hu\/product\/palinka\/","og_locale":"en_US","og_type":"article","og_title":"P\u00e1linka - Villa Vinea","og_description":"A Villa Vin\u00e8a a Kis-K\u00fck\u00fcll\u0151 ment\u00e9n, k\u00f6r\u00fclbel\u00fcl 350 m\u00e9teres magass\u00e1gban &hellip;","og_url":"https:\/\/villavinea.com\/index.php\/hu\/product\/palinka\/","og_site_name":"Villa Vinea","article_publisher":"https:\/\/www.facebook.com\/VillaVinea","article_modified_time":"2024-07-01T08:11:38+00:00","og_image":[{"width":800,"height":800,"url":"https:\/\/villavinea.com\/wp-content\/uploads\/2024\/07\/NUM_2887.jpg","type":"image\/jpeg"}],"twitter_card":"summary_large_image","twitter_misc":{"Est. reading time":"1 minute"},"schema":{"@context":"https:\/\/schema.org","@graph":[{"@type":"WebPage","@id":"https:\/\/villavinea.com\/index.php\/hu\/product\/palinka\/","url":"https:\/\/villavinea.com\/index.php\/hu\/product\/palinka\/","name":"P\u00e1linka - Villa Vinea","isPartOf":{"@id":"https:\/\/villavinea.com\/#website"},"primaryImageOfPage":{"@id":"https:\/\/villavinea.com\/index.php\/hu\/product\/palinka\/#primaryimage"},"image":{"@id":"https:\/\/villavinea.com\/index.php\/hu\/product\/palinka\/#primaryimage"},"thumbnailUrl":"https:\/\/villavinea.com\/wp-content\/uploads\/2024\/07\/NUM_2887.jpg","datePublished":"2024-07-01T08:11:07+00:00","dateModified":"2024-07-01T08:11:38+00:00","breadcrumb":{"@id":"https:\/\/villavinea.com\/index.php\/hu\/product\/palinka\/#breadcrumb"},"inLanguage":"en-US","potentialAction":[{"@type":"ReadAction","target":["https:\/\/villavinea.com\/index.php\/hu\/product\/palinka\/"]}]},{"@type":"ImageObject","inLanguage":"en-US","@id":"https:\/\/villavinea.com\/index.php\/hu\/product\/palinka\/#primaryimage","url":"https:\/\/villavinea.com\/wp-content\/uploads\/2024\/07\/NUM_2887.jpg","contentUrl":"https:\/\/villavinea.com\/wp-content\/uploads\/2024\/07\/NUM_2887.jpg","width":800,"height":800},{"@type":"BreadcrumbList","@id":"https:\/\/villavinea.com\/index.php\/hu\/product\/palinka\/#breadcrumb","itemListElement":[{"@type":"ListItem","position":1,"name":"Home","item":"https:\/\/villavinea.com\/"},{"@type":"ListItem","position":2,"name":"Vinurile noastre","item":"https:\/\/villavinea.com\/index.php\/shop-ro-2\/"},{"@type":"ListItem","position":3,"name":"P\u00e1linka"}]},{"@type":"WebSite","@id":"https:\/\/villavinea.com\/#website","url":"https:\/\/villavinea.com\/","name":"Villa Vinea","description":"","publisher":{"@id":"https:\/\/villavinea.com\/#organization"},"potentialAction":[{"@type":"SearchAction","target":{"@type":"EntryPoint","urlTemplate":"https:\/\/villavinea.com\/?s={search_term_string}"},"query-input":{"@type":"PropertyValueSpecification","valueRequired":true,"valueName":"search_term_string"}}],"inLanguage":"en-US"},{"@type":"Organization","@id":"https:\/\/villavinea.com\/#organization","name":"Villa Vinea","url":"https:\/\/villavinea.com\/","logo":{"@type":"ImageObject","inLanguage":"en-US","@id":"https:\/\/villavinea.com\/#\/schema\/logo\/image\/","url":"https:\/\/villavinea.com\/wp-content\/uploads\/2024\/07\/Logo-Villa-Vinea.png","contentUrl":"https:\/\/villavinea.com\/wp-content\/uploads\/2024\/07\/Logo-Villa-Vinea.png","width":1525,"height":508,"caption":"Villa Vinea"},"image":{"@id":"https:\/\/villavinea.com\/#\/schema\/logo\/image\/"},"sameAs":["https:\/\/www.facebook.com\/VillaVinea","https:\/\/www.instagram.com\/villavinearomania\/","https:\/\/www.youtube.com\/@VillaVineaMures"]}]}},"jetpack_sharing_enabled":true,"_links":{"self":[{"href":"https:\/\/villavinea.com\/index.php\/wp-json\/wp\/v2\/product\/149","targetHints":{"allow":["GET"]}}],"collection":[{"href":"https:\/\/villavinea.com\/index.php\/wp-json\/wp\/v2\/product"}],"about":[{"href":"https:\/\/villavinea.com\/index.php\/wp-json\/wp\/v2\/types\/product"}],"replies":[{"embeddable":true,"href":"https:\/\/villavinea.com\/index.php\/wp-json\/wp\/v2\/comments?post=149"}],"wp:featuredmedia":[{"embeddable":true,"href":"https:\/\/villavinea.com\/index.php\/wp-json\/wp\/v2\/media\/162"}],"wp:attachment":[{"href":"https:\/\/villavinea.com\/index.php\/wp-json\/wp\/v2\/media?parent=149"}],"wp:term":[{"taxonomy":"product_brand","embeddable":true,"href":"https:\/\/villavinea.com\/index.php\/wp-json\/wp\/v2\/product_brand?post=149"},{"taxonomy":"product_cat","embeddable":true,"href":"https:\/\/villavinea.com\/index.php\/wp-json\/wp\/v2\/product_cat?post=149"},{"taxonomy":"product_tag","embeddable":true,"href":"https:\/\/villavinea.com\/index.php\/wp-json\/wp\/v2\/product_tag?post=149"}],"curies":[{"name":"wp","href":"https:\/\/api.w.org\/{rel}","templated":true}]}}