{"id":174,"date":"2024-07-01T08:11:30","date_gmt":"2024-07-01T08:11:30","guid":{"rendered":"https:\/\/villavinea.com\/?post_type=product&#038;p=174"},"modified":"2024-10-10T07:51:57","modified_gmt":"2024-10-10T07:51:57","slug":"castel-vinum-feketeleanyka-pinot-noir-bag-in-box-2l","status":"publish","type":"product","link":"https:\/\/villavinea.com\/index.php\/hu\/product\/castel-vinum-feketeleanyka-pinot-noir-bag-in-box-2l\/","title":{"rendered":"Castel Vinum Feketele\u00e1nyka, Pinot Noir Bag, Merlot in Box 2L"},"content":{"rendered":"<p>Ez a bor a helyi Feketele\u00e1nyka \u00e9s a nemzetk\u00f6zi Pinot Noir sikeres kombin\u00e1ci\u00f3ja,<br \/>\namelyet a r\u00e9gi\u00f3 \u00e1sv\u00e1nyoss\u00e1ga domin\u00e1l.<br \/>\nSz\u00edne vil\u00e1gos rubin. Illata szeder, m\u00e1lna \u00e9s egres \u00e9rzet\u00e9t kelti. A test rusztikus,<br \/>\nmark\u00e1ns alkohollal \u00e9s nagyon j\u00f3l kiegyens\u00falyozott savass\u00e1ggal. Az \u00edze er\u0151s, tele<br \/>\nvan m\u00e9zre \u00e9s \u00e9tcsokol\u00e1d\u00e9ra eml\u00e9keztet\u0151 arom\u00e1kkal. A k\u00f6zepes hossz\u00fas\u00e1g\u00fa ut\u00f3\u00edz<br \/>\n\u00e9desgy\u00f6keret \u00e9s ment\u00e1t hoz mag\u00e1val.<\/p>\n<p>&nbsp;<\/p>\n","protected":false},"excerpt":{"rendered":"<p>Ez a bor a helyi Feketele\u00e1nyka \u00e9s a nemzetk\u00f6zi Pinot &hellip;<\/p>\n","protected":false},"featured_media":159,"comment_status":"open","ping_status":"closed","template":"","meta":[],"product_brand":[],"product_cat":[467,165],"product_tag":[],"class_list":{"0":"post-174","1":"product","2":"type-product","3":"status-publish","4":"has-post-thumbnail","6":"product_cat-castel-vinum-ro-en","7":"product_cat-vorosbor","9":"first","10":"instock","11":"taxable","12":"shipping-taxable","13":"purchasable","14":"product-type-simple"},"yoast_head":"<!-- This site is optimized with the Yoast SEO plugin v27.4 - https:\/\/yoast.com\/product\/yoast-seo-wordpress\/ -->\n<title>Castel Vinum Feketele\u00e1nyka, Pinot Noir Bag, Merlot in Box 2L - Villa Vinea<\/title>\n<meta name=\"robots\" content=\"index, follow, max-snippet:-1, max-image-preview:large, max-video-preview:-1\" \/>\n<link rel=\"canonical\" href=\"https:\/\/villavinea.com\/index.php\/hu\/product\/castel-vinum-feketeleanyka-pinot-noir-bag-in-box-2l\/\" \/>\n<meta property=\"og:locale\" content=\"en_US\" \/>\n<meta property=\"og:type\" content=\"article\" \/>\n<meta property=\"og:title\" content=\"Castel Vinum Feketele\u00e1nyka, Pinot Noir Bag, Merlot in Box 2L - Villa Vinea\" \/>\n<meta property=\"og:description\" content=\"Ez a bor a helyi Feketele\u00e1nyka \u00e9s a nemzetk\u00f6zi Pinot &hellip;\" \/>\n<meta property=\"og:url\" content=\"https:\/\/villavinea.com\/index.php\/hu\/product\/castel-vinum-feketeleanyka-pinot-noir-bag-in-box-2l\/\" \/>\n<meta property=\"og:site_name\" content=\"Villa Vinea\" \/>\n<meta property=\"article:publisher\" content=\"https:\/\/www.facebook.com\/VillaVinea\" \/>\n<meta property=\"article:modified_time\" content=\"2024-10-10T07:51:57+00:00\" \/>\n<meta property=\"og:image\" content=\"https:\/\/villavinea.com\/wp-content\/uploads\/2024\/07\/Untitled.jpg\" \/>\n\t<meta property=\"og:image:width\" content=\"1837\" \/>\n\t<meta property=\"og:image:height\" content=\"1229\" \/>\n\t<meta property=\"og:image:type\" content=\"image\/jpeg\" \/>\n<meta name=\"twitter:card\" content=\"summary_large_image\" \/>\n<script type=\"application\/ld+json\" class=\"yoast-schema-graph\">{\"@context\":\"https:\\\/\\\/schema.org\",\"@graph\":[{\"@type\":\"WebPage\",\"@id\":\"https:\\\/\\\/villavinea.com\\\/index.php\\\/hu\\\/product\\\/castel-vinum-feketeleanyka-pinot-noir-bag-in-box-2l\\\/\",\"url\":\"https:\\\/\\\/villavinea.com\\\/index.php\\\/hu\\\/product\\\/castel-vinum-feketeleanyka-pinot-noir-bag-in-box-2l\\\/\",\"name\":\"Castel Vinum Feketele\u00e1nyka, Pinot Noir Bag, Merlot in Box 2L - Villa Vinea\",\"isPartOf\":{\"@id\":\"https:\\\/\\\/villavinea.com\\\/#website\"},\"primaryImageOfPage\":{\"@id\":\"https:\\\/\\\/villavinea.com\\\/index.php\\\/hu\\\/product\\\/castel-vinum-feketeleanyka-pinot-noir-bag-in-box-2l\\\/#primaryimage\"},\"image\":{\"@id\":\"https:\\\/\\\/villavinea.com\\\/index.php\\\/hu\\\/product\\\/castel-vinum-feketeleanyka-pinot-noir-bag-in-box-2l\\\/#primaryimage\"},\"thumbnailUrl\":\"https:\\\/\\\/villavinea.com\\\/wp-content\\\/uploads\\\/2024\\\/07\\\/Untitled.jpg\",\"datePublished\":\"2024-07-01T08:11:30+00:00\",\"dateModified\":\"2024-10-10T07:51:57+00:00\",\"breadcrumb\":{\"@id\":\"https:\\\/\\\/villavinea.com\\\/index.php\\\/hu\\\/product\\\/castel-vinum-feketeleanyka-pinot-noir-bag-in-box-2l\\\/#breadcrumb\"},\"inLanguage\":\"en-US\",\"potentialAction\":[{\"@type\":\"ReadAction\",\"target\":[\"https:\\\/\\\/villavinea.com\\\/index.php\\\/hu\\\/product\\\/castel-vinum-feketeleanyka-pinot-noir-bag-in-box-2l\\\/\"]}]},{\"@type\":\"ImageObject\",\"inLanguage\":\"en-US\",\"@id\":\"https:\\\/\\\/villavinea.com\\\/index.php\\\/hu\\\/product\\\/castel-vinum-feketeleanyka-pinot-noir-bag-in-box-2l\\\/#primaryimage\",\"url\":\"https:\\\/\\\/villavinea.com\\\/wp-content\\\/uploads\\\/2024\\\/07\\\/Untitled.jpg\",\"contentUrl\":\"https:\\\/\\\/villavinea.com\\\/wp-content\\\/uploads\\\/2024\\\/07\\\/Untitled.jpg\",\"width\":1837,\"height\":1229},{\"@type\":\"BreadcrumbList\",\"@id\":\"https:\\\/\\\/villavinea.com\\\/index.php\\\/hu\\\/product\\\/castel-vinum-feketeleanyka-pinot-noir-bag-in-box-2l\\\/#breadcrumb\",\"itemListElement\":[{\"@type\":\"ListItem\",\"position\":1,\"name\":\"Home\",\"item\":\"https:\\\/\\\/villavinea.com\\\/\"},{\"@type\":\"ListItem\",\"position\":2,\"name\":\"Vinurile noastre\",\"item\":\"https:\\\/\\\/villavinea.com\\\/index.php\\\/shop-ro-2\\\/\"},{\"@type\":\"ListItem\",\"position\":3,\"name\":\"Castel Vinum Feketele\u00e1nyka, Pinot Noir Bag, Merlot in Box 2L\"}]},{\"@type\":\"WebSite\",\"@id\":\"https:\\\/\\\/villavinea.com\\\/#website\",\"url\":\"https:\\\/\\\/villavinea.com\\\/\",\"name\":\"Villa Vinea\",\"description\":\"\",\"publisher\":{\"@id\":\"https:\\\/\\\/villavinea.com\\\/#organization\"},\"potentialAction\":[{\"@type\":\"SearchAction\",\"target\":{\"@type\":\"EntryPoint\",\"urlTemplate\":\"https:\\\/\\\/villavinea.com\\\/?s={search_term_string}\"},\"query-input\":{\"@type\":\"PropertyValueSpecification\",\"valueRequired\":true,\"valueName\":\"search_term_string\"}}],\"inLanguage\":\"en-US\"},{\"@type\":\"Organization\",\"@id\":\"https:\\\/\\\/villavinea.com\\\/#organization\",\"name\":\"Villa Vinea\",\"url\":\"https:\\\/\\\/villavinea.com\\\/\",\"logo\":{\"@type\":\"ImageObject\",\"inLanguage\":\"en-US\",\"@id\":\"https:\\\/\\\/villavinea.com\\\/#\\\/schema\\\/logo\\\/image\\\/\",\"url\":\"https:\\\/\\\/villavinea.com\\\/wp-content\\\/uploads\\\/2024\\\/07\\\/Logo-Villa-Vinea.png\",\"contentUrl\":\"https:\\\/\\\/villavinea.com\\\/wp-content\\\/uploads\\\/2024\\\/07\\\/Logo-Villa-Vinea.png\",\"width\":1525,\"height\":508,\"caption\":\"Villa Vinea\"},\"image\":{\"@id\":\"https:\\\/\\\/villavinea.com\\\/#\\\/schema\\\/logo\\\/image\\\/\"},\"sameAs\":[\"https:\\\/\\\/www.facebook.com\\\/VillaVinea\",\"https:\\\/\\\/www.instagram.com\\\/villavinearomania\\\/\",\"https:\\\/\\\/www.youtube.com\\\/@VillaVineaMures\"]}]}<\/script>\n<!-- \/ Yoast SEO plugin. -->","yoast_head_json":{"title":"Castel Vinum Feketele\u00e1nyka, Pinot Noir Bag, Merlot in Box 2L - Villa Vinea","robots":{"index":"index","follow":"follow","max-snippet":"max-snippet:-1","max-image-preview":"max-image-preview:large","max-video-preview":"max-video-preview:-1"},"canonical":"https:\/\/villavinea.com\/index.php\/hu\/product\/castel-vinum-feketeleanyka-pinot-noir-bag-in-box-2l\/","og_locale":"en_US","og_type":"article","og_title":"Castel Vinum Feketele\u00e1nyka, Pinot Noir Bag, Merlot in Box 2L - Villa Vinea","og_description":"Ez a bor a helyi Feketele\u00e1nyka \u00e9s a nemzetk\u00f6zi Pinot &hellip;","og_url":"https:\/\/villavinea.com\/index.php\/hu\/product\/castel-vinum-feketeleanyka-pinot-noir-bag-in-box-2l\/","og_site_name":"Villa Vinea","article_publisher":"https:\/\/www.facebook.com\/VillaVinea","article_modified_time":"2024-10-10T07:51:57+00:00","og_image":[{"width":1837,"height":1229,"url":"https:\/\/villavinea.com\/wp-content\/uploads\/2024\/07\/Untitled.jpg","type":"image\/jpeg"}],"twitter_card":"summary_large_image","schema":{"@context":"https:\/\/schema.org","@graph":[{"@type":"WebPage","@id":"https:\/\/villavinea.com\/index.php\/hu\/product\/castel-vinum-feketeleanyka-pinot-noir-bag-in-box-2l\/","url":"https:\/\/villavinea.com\/index.php\/hu\/product\/castel-vinum-feketeleanyka-pinot-noir-bag-in-box-2l\/","name":"Castel Vinum Feketele\u00e1nyka, Pinot Noir Bag, Merlot in Box 2L - Villa Vinea","isPartOf":{"@id":"https:\/\/villavinea.com\/#website"},"primaryImageOfPage":{"@id":"https:\/\/villavinea.com\/index.php\/hu\/product\/castel-vinum-feketeleanyka-pinot-noir-bag-in-box-2l\/#primaryimage"},"image":{"@id":"https:\/\/villavinea.com\/index.php\/hu\/product\/castel-vinum-feketeleanyka-pinot-noir-bag-in-box-2l\/#primaryimage"},"thumbnailUrl":"https:\/\/villavinea.com\/wp-content\/uploads\/2024\/07\/Untitled.jpg","datePublished":"2024-07-01T08:11:30+00:00","dateModified":"2024-10-10T07:51:57+00:00","breadcrumb":{"@id":"https:\/\/villavinea.com\/index.php\/hu\/product\/castel-vinum-feketeleanyka-pinot-noir-bag-in-box-2l\/#breadcrumb"},"inLanguage":"en-US","potentialAction":[{"@type":"ReadAction","target":["https:\/\/villavinea.com\/index.php\/hu\/product\/castel-vinum-feketeleanyka-pinot-noir-bag-in-box-2l\/"]}]},{"@type":"ImageObject","inLanguage":"en-US","@id":"https:\/\/villavinea.com\/index.php\/hu\/product\/castel-vinum-feketeleanyka-pinot-noir-bag-in-box-2l\/#primaryimage","url":"https:\/\/villavinea.com\/wp-content\/uploads\/2024\/07\/Untitled.jpg","contentUrl":"https:\/\/villavinea.com\/wp-content\/uploads\/2024\/07\/Untitled.jpg","width":1837,"height":1229},{"@type":"BreadcrumbList","@id":"https:\/\/villavinea.com\/index.php\/hu\/product\/castel-vinum-feketeleanyka-pinot-noir-bag-in-box-2l\/#breadcrumb","itemListElement":[{"@type":"ListItem","position":1,"name":"Home","item":"https:\/\/villavinea.com\/"},{"@type":"ListItem","position":2,"name":"Vinurile noastre","item":"https:\/\/villavinea.com\/index.php\/shop-ro-2\/"},{"@type":"ListItem","position":3,"name":"Castel Vinum Feketele\u00e1nyka, Pinot Noir Bag, Merlot in Box 2L"}]},{"@type":"WebSite","@id":"https:\/\/villavinea.com\/#website","url":"https:\/\/villavinea.com\/","name":"Villa Vinea","description":"","publisher":{"@id":"https:\/\/villavinea.com\/#organization"},"potentialAction":[{"@type":"SearchAction","target":{"@type":"EntryPoint","urlTemplate":"https:\/\/villavinea.com\/?s={search_term_string}"},"query-input":{"@type":"PropertyValueSpecification","valueRequired":true,"valueName":"search_term_string"}}],"inLanguage":"en-US"},{"@type":"Organization","@id":"https:\/\/villavinea.com\/#organization","name":"Villa Vinea","url":"https:\/\/villavinea.com\/","logo":{"@type":"ImageObject","inLanguage":"en-US","@id":"https:\/\/villavinea.com\/#\/schema\/logo\/image\/","url":"https:\/\/villavinea.com\/wp-content\/uploads\/2024\/07\/Logo-Villa-Vinea.png","contentUrl":"https:\/\/villavinea.com\/wp-content\/uploads\/2024\/07\/Logo-Villa-Vinea.png","width":1525,"height":508,"caption":"Villa Vinea"},"image":{"@id":"https:\/\/villavinea.com\/#\/schema\/logo\/image\/"},"sameAs":["https:\/\/www.facebook.com\/VillaVinea","https:\/\/www.instagram.com\/villavinearomania\/","https:\/\/www.youtube.com\/@VillaVineaMures"]}]}},"jetpack_sharing_enabled":true,"_links":{"self":[{"href":"https:\/\/villavinea.com\/index.php\/wp-json\/wp\/v2\/product\/174","targetHints":{"allow":["GET"]}}],"collection":[{"href":"https:\/\/villavinea.com\/index.php\/wp-json\/wp\/v2\/product"}],"about":[{"href":"https:\/\/villavinea.com\/index.php\/wp-json\/wp\/v2\/types\/product"}],"replies":[{"embeddable":true,"href":"https:\/\/villavinea.com\/index.php\/wp-json\/wp\/v2\/comments?post=174"}],"wp:featuredmedia":[{"embeddable":true,"href":"https:\/\/villavinea.com\/index.php\/wp-json\/wp\/v2\/media\/159"}],"wp:attachment":[{"href":"https:\/\/villavinea.com\/index.php\/wp-json\/wp\/v2\/media?parent=174"}],"wp:term":[{"taxonomy":"product_brand","embeddable":true,"href":"https:\/\/villavinea.com\/index.php\/wp-json\/wp\/v2\/product_brand?post=174"},{"taxonomy":"product_cat","embeddable":true,"href":"https:\/\/villavinea.com\/index.php\/wp-json\/wp\/v2\/product_cat?post=174"},{"taxonomy":"product_tag","embeddable":true,"href":"https:\/\/villavinea.com\/index.php\/wp-json\/wp\/v2\/product_tag?post=174"}],"curies":[{"name":"wp","href":"https:\/\/api.w.org\/{rel}","templated":true}]}}