{"id":175,"date":"2024-07-01T08:11:31","date_gmt":"2024-07-01T08:11:31","guid":{"rendered":"https:\/\/villavinea.com\/?post_type=product&#038;p=175"},"modified":"2024-07-01T08:11:43","modified_gmt":"2024-07-01T08:11:43","slug":"vorosbor-castel-vinum-5l","status":"publish","type":"product","link":"https:\/\/villavinea.com\/index.php\/hu\/product\/vorosbor-castel-vinum-5l\/","title":{"rendered":"V\u00f6r\u00f6sbor Castel Vinum 5L"},"content":{"rendered":"<p>A Pinot Noir, a Merlot \u00e9s a Feketele\u00e1nyka h\u00e1zas\u00edt\u00e1sa. Rendk\u00edv\u00fcl friss, gy\u00fcm\u00f6lcs\u00f6s \u00e9s k\u00f6nny\u0171.<br \/>\nA bor sz\u00edne rubin, illata finom piros gy\u00fcm\u00f6lcs\u00f6kkel teli. \u00cdz\u00e9ben ott van az \u00e1sv\u00e1nyoss\u00e1g \u00e9s k\u00fcl\u00f6nbf\u00e9le<br \/>\nf\u0171szerek is. Teste rugalmas, nagyon l\u00e1gy tan\u00ednokkal, j\u00f3l integr\u00e1lt alkohollal \u00e9s j\u00f3 savtartalommal<br \/>\nrendelkezik. \u00cdz\u00e9ben ott van a meggy \u00e9s a ribizli. Ezekhez p\u00e1rosul a bors \u00e9s a szegf\u0171szeg, ami m\u00e9ly\u00edti<br \/>\n\u00e9s feldobja arom\u00e1j\u00e1t. Az ut\u00f3\u00edz \u00e9l\u00e9nk \u00e9s vid\u00e1m, \u00e9desgy\u00f6k\u00e9r \u00e9s keser\u0171 cseresznyemag ill\u00fazi\u00f3j\u00e1t kelti.<\/p>\n","protected":false},"excerpt":{"rendered":"<p>A Pinot Noir, a Merlot \u00e9s a Feketele\u00e1nyka h\u00e1zas\u00edt\u00e1sa. Rendk\u00edv\u00fcl &hellip;<\/p>\n","protected":false},"featured_media":11037,"comment_status":"open","ping_status":"closed","template":"","meta":[],"product_brand":[],"product_cat":[467,165],"product_tag":[],"class_list":{"0":"post-175","1":"product","2":"type-product","3":"status-publish","4":"has-post-thumbnail","6":"product_cat-castel-vinum-ro-en","7":"product_cat-vorosbor","9":"first","10":"instock","11":"taxable","12":"shipping-taxable","13":"purchasable","14":"product-type-simple"},"yoast_head":"<!-- This site is optimized with the Yoast SEO plugin v27.4 - https:\/\/yoast.com\/product\/yoast-seo-wordpress\/ -->\n<title>V\u00f6r\u00f6sbor Castel Vinum 5L - Villa Vinea<\/title>\n<meta name=\"robots\" content=\"index, follow, max-snippet:-1, max-image-preview:large, max-video-preview:-1\" \/>\n<link rel=\"canonical\" href=\"https:\/\/villavinea.com\/index.php\/hu\/product\/vorosbor-castel-vinum-5l\/\" \/>\n<meta property=\"og:locale\" content=\"en_US\" \/>\n<meta property=\"og:type\" content=\"article\" \/>\n<meta property=\"og:title\" content=\"V\u00f6r\u00f6sbor Castel Vinum 5L - Villa Vinea\" \/>\n<meta property=\"og:description\" content=\"A Pinot Noir, a Merlot \u00e9s a Feketele\u00e1nyka h\u00e1zas\u00edt\u00e1sa. Rendk\u00edv\u00fcl &hellip;\" \/>\n<meta property=\"og:url\" content=\"https:\/\/villavinea.com\/index.php\/hu\/product\/vorosbor-castel-vinum-5l\/\" \/>\n<meta property=\"og:site_name\" content=\"Villa Vinea\" \/>\n<meta property=\"article:publisher\" content=\"https:\/\/www.facebook.com\/VillaVinea\" \/>\n<meta property=\"article:modified_time\" content=\"2024-07-01T08:11:43+00:00\" \/>\n<meta property=\"og:image\" content=\"https:\/\/villavinea.com\/wp-content\/uploads\/2024\/07\/Vin_Rosu_Demisec_Feteasca_Neagra_Merlot_Pinot_Noir_Villa_Vinea_Tarnave_Jidvei-1.jpg\" \/>\n\t<meta property=\"og:image:width\" content=\"800\" \/>\n\t<meta property=\"og:image:height\" content=\"800\" \/>\n\t<meta property=\"og:image:type\" content=\"image\/jpeg\" \/>\n<meta name=\"twitter:card\" content=\"summary_large_image\" \/>\n<meta name=\"twitter:label1\" content=\"Est. reading time\" \/>\n\t<meta name=\"twitter:data1\" content=\"1 minute\" \/>\n<script type=\"application\/ld+json\" class=\"yoast-schema-graph\">{\"@context\":\"https:\\\/\\\/schema.org\",\"@graph\":[{\"@type\":\"WebPage\",\"@id\":\"https:\\\/\\\/villavinea.com\\\/index.php\\\/hu\\\/product\\\/vorosbor-castel-vinum-5l\\\/\",\"url\":\"https:\\\/\\\/villavinea.com\\\/index.php\\\/hu\\\/product\\\/vorosbor-castel-vinum-5l\\\/\",\"name\":\"V\u00f6r\u00f6sbor Castel Vinum 5L - Villa Vinea\",\"isPartOf\":{\"@id\":\"https:\\\/\\\/villavinea.com\\\/#website\"},\"primaryImageOfPage\":{\"@id\":\"https:\\\/\\\/villavinea.com\\\/index.php\\\/hu\\\/product\\\/vorosbor-castel-vinum-5l\\\/#primaryimage\"},\"image\":{\"@id\":\"https:\\\/\\\/villavinea.com\\\/index.php\\\/hu\\\/product\\\/vorosbor-castel-vinum-5l\\\/#primaryimage\"},\"thumbnailUrl\":\"https:\\\/\\\/villavinea.com\\\/wp-content\\\/uploads\\\/2024\\\/07\\\/Vin_Rosu_Demisec_Feteasca_Neagra_Merlot_Pinot_Noir_Villa_Vinea_Tarnave_Jidvei-1.jpg\",\"datePublished\":\"2024-07-01T08:11:31+00:00\",\"dateModified\":\"2024-07-01T08:11:43+00:00\",\"breadcrumb\":{\"@id\":\"https:\\\/\\\/villavinea.com\\\/index.php\\\/hu\\\/product\\\/vorosbor-castel-vinum-5l\\\/#breadcrumb\"},\"inLanguage\":\"en-US\",\"potentialAction\":[{\"@type\":\"ReadAction\",\"target\":[\"https:\\\/\\\/villavinea.com\\\/index.php\\\/hu\\\/product\\\/vorosbor-castel-vinum-5l\\\/\"]}]},{\"@type\":\"ImageObject\",\"inLanguage\":\"en-US\",\"@id\":\"https:\\\/\\\/villavinea.com\\\/index.php\\\/hu\\\/product\\\/vorosbor-castel-vinum-5l\\\/#primaryimage\",\"url\":\"https:\\\/\\\/villavinea.com\\\/wp-content\\\/uploads\\\/2024\\\/07\\\/Vin_Rosu_Demisec_Feteasca_Neagra_Merlot_Pinot_Noir_Villa_Vinea_Tarnave_Jidvei-1.jpg\",\"contentUrl\":\"https:\\\/\\\/villavinea.com\\\/wp-content\\\/uploads\\\/2024\\\/07\\\/Vin_Rosu_Demisec_Feteasca_Neagra_Merlot_Pinot_Noir_Villa_Vinea_Tarnave_Jidvei-1.jpg\",\"width\":800,\"height\":800},{\"@type\":\"BreadcrumbList\",\"@id\":\"https:\\\/\\\/villavinea.com\\\/index.php\\\/hu\\\/product\\\/vorosbor-castel-vinum-5l\\\/#breadcrumb\",\"itemListElement\":[{\"@type\":\"ListItem\",\"position\":1,\"name\":\"Home\",\"item\":\"https:\\\/\\\/villavinea.com\\\/\"},{\"@type\":\"ListItem\",\"position\":2,\"name\":\"Vinurile noastre\",\"item\":\"https:\\\/\\\/villavinea.com\\\/index.php\\\/shop-ro-2\\\/\"},{\"@type\":\"ListItem\",\"position\":3,\"name\":\"V\u00f6r\u00f6sbor Castel Vinum 5L\"}]},{\"@type\":\"WebSite\",\"@id\":\"https:\\\/\\\/villavinea.com\\\/#website\",\"url\":\"https:\\\/\\\/villavinea.com\\\/\",\"name\":\"Villa Vinea\",\"description\":\"\",\"publisher\":{\"@id\":\"https:\\\/\\\/villavinea.com\\\/#organization\"},\"potentialAction\":[{\"@type\":\"SearchAction\",\"target\":{\"@type\":\"EntryPoint\",\"urlTemplate\":\"https:\\\/\\\/villavinea.com\\\/?s={search_term_string}\"},\"query-input\":{\"@type\":\"PropertyValueSpecification\",\"valueRequired\":true,\"valueName\":\"search_term_string\"}}],\"inLanguage\":\"en-US\"},{\"@type\":\"Organization\",\"@id\":\"https:\\\/\\\/villavinea.com\\\/#organization\",\"name\":\"Villa Vinea\",\"url\":\"https:\\\/\\\/villavinea.com\\\/\",\"logo\":{\"@type\":\"ImageObject\",\"inLanguage\":\"en-US\",\"@id\":\"https:\\\/\\\/villavinea.com\\\/#\\\/schema\\\/logo\\\/image\\\/\",\"url\":\"https:\\\/\\\/villavinea.com\\\/wp-content\\\/uploads\\\/2024\\\/07\\\/Logo-Villa-Vinea.png\",\"contentUrl\":\"https:\\\/\\\/villavinea.com\\\/wp-content\\\/uploads\\\/2024\\\/07\\\/Logo-Villa-Vinea.png\",\"width\":1525,\"height\":508,\"caption\":\"Villa Vinea\"},\"image\":{\"@id\":\"https:\\\/\\\/villavinea.com\\\/#\\\/schema\\\/logo\\\/image\\\/\"},\"sameAs\":[\"https:\\\/\\\/www.facebook.com\\\/VillaVinea\",\"https:\\\/\\\/www.instagram.com\\\/villavinearomania\\\/\",\"https:\\\/\\\/www.youtube.com\\\/@VillaVineaMures\"]}]}<\/script>\n<!-- \/ Yoast SEO plugin. -->","yoast_head_json":{"title":"V\u00f6r\u00f6sbor Castel Vinum 5L - Villa Vinea","robots":{"index":"index","follow":"follow","max-snippet":"max-snippet:-1","max-image-preview":"max-image-preview:large","max-video-preview":"max-video-preview:-1"},"canonical":"https:\/\/villavinea.com\/index.php\/hu\/product\/vorosbor-castel-vinum-5l\/","og_locale":"en_US","og_type":"article","og_title":"V\u00f6r\u00f6sbor Castel Vinum 5L - Villa Vinea","og_description":"A Pinot Noir, a Merlot \u00e9s a Feketele\u00e1nyka h\u00e1zas\u00edt\u00e1sa. Rendk\u00edv\u00fcl &hellip;","og_url":"https:\/\/villavinea.com\/index.php\/hu\/product\/vorosbor-castel-vinum-5l\/","og_site_name":"Villa Vinea","article_publisher":"https:\/\/www.facebook.com\/VillaVinea","article_modified_time":"2024-07-01T08:11:43+00:00","og_image":[{"width":800,"height":800,"url":"https:\/\/villavinea.com\/wp-content\/uploads\/2024\/07\/Vin_Rosu_Demisec_Feteasca_Neagra_Merlot_Pinot_Noir_Villa_Vinea_Tarnave_Jidvei-1.jpg","type":"image\/jpeg"}],"twitter_card":"summary_large_image","twitter_misc":{"Est. reading time":"1 minute"},"schema":{"@context":"https:\/\/schema.org","@graph":[{"@type":"WebPage","@id":"https:\/\/villavinea.com\/index.php\/hu\/product\/vorosbor-castel-vinum-5l\/","url":"https:\/\/villavinea.com\/index.php\/hu\/product\/vorosbor-castel-vinum-5l\/","name":"V\u00f6r\u00f6sbor Castel Vinum 5L - Villa Vinea","isPartOf":{"@id":"https:\/\/villavinea.com\/#website"},"primaryImageOfPage":{"@id":"https:\/\/villavinea.com\/index.php\/hu\/product\/vorosbor-castel-vinum-5l\/#primaryimage"},"image":{"@id":"https:\/\/villavinea.com\/index.php\/hu\/product\/vorosbor-castel-vinum-5l\/#primaryimage"},"thumbnailUrl":"https:\/\/villavinea.com\/wp-content\/uploads\/2024\/07\/Vin_Rosu_Demisec_Feteasca_Neagra_Merlot_Pinot_Noir_Villa_Vinea_Tarnave_Jidvei-1.jpg","datePublished":"2024-07-01T08:11:31+00:00","dateModified":"2024-07-01T08:11:43+00:00","breadcrumb":{"@id":"https:\/\/villavinea.com\/index.php\/hu\/product\/vorosbor-castel-vinum-5l\/#breadcrumb"},"inLanguage":"en-US","potentialAction":[{"@type":"ReadAction","target":["https:\/\/villavinea.com\/index.php\/hu\/product\/vorosbor-castel-vinum-5l\/"]}]},{"@type":"ImageObject","inLanguage":"en-US","@id":"https:\/\/villavinea.com\/index.php\/hu\/product\/vorosbor-castel-vinum-5l\/#primaryimage","url":"https:\/\/villavinea.com\/wp-content\/uploads\/2024\/07\/Vin_Rosu_Demisec_Feteasca_Neagra_Merlot_Pinot_Noir_Villa_Vinea_Tarnave_Jidvei-1.jpg","contentUrl":"https:\/\/villavinea.com\/wp-content\/uploads\/2024\/07\/Vin_Rosu_Demisec_Feteasca_Neagra_Merlot_Pinot_Noir_Villa_Vinea_Tarnave_Jidvei-1.jpg","width":800,"height":800},{"@type":"BreadcrumbList","@id":"https:\/\/villavinea.com\/index.php\/hu\/product\/vorosbor-castel-vinum-5l\/#breadcrumb","itemListElement":[{"@type":"ListItem","position":1,"name":"Home","item":"https:\/\/villavinea.com\/"},{"@type":"ListItem","position":2,"name":"Vinurile noastre","item":"https:\/\/villavinea.com\/index.php\/shop-ro-2\/"},{"@type":"ListItem","position":3,"name":"V\u00f6r\u00f6sbor Castel Vinum 5L"}]},{"@type":"WebSite","@id":"https:\/\/villavinea.com\/#website","url":"https:\/\/villavinea.com\/","name":"Villa Vinea","description":"","publisher":{"@id":"https:\/\/villavinea.com\/#organization"},"potentialAction":[{"@type":"SearchAction","target":{"@type":"EntryPoint","urlTemplate":"https:\/\/villavinea.com\/?s={search_term_string}"},"query-input":{"@type":"PropertyValueSpecification","valueRequired":true,"valueName":"search_term_string"}}],"inLanguage":"en-US"},{"@type":"Organization","@id":"https:\/\/villavinea.com\/#organization","name":"Villa Vinea","url":"https:\/\/villavinea.com\/","logo":{"@type":"ImageObject","inLanguage":"en-US","@id":"https:\/\/villavinea.com\/#\/schema\/logo\/image\/","url":"https:\/\/villavinea.com\/wp-content\/uploads\/2024\/07\/Logo-Villa-Vinea.png","contentUrl":"https:\/\/villavinea.com\/wp-content\/uploads\/2024\/07\/Logo-Villa-Vinea.png","width":1525,"height":508,"caption":"Villa Vinea"},"image":{"@id":"https:\/\/villavinea.com\/#\/schema\/logo\/image\/"},"sameAs":["https:\/\/www.facebook.com\/VillaVinea","https:\/\/www.instagram.com\/villavinearomania\/","https:\/\/www.youtube.com\/@VillaVineaMures"]}]}},"jetpack_sharing_enabled":true,"_links":{"self":[{"href":"https:\/\/villavinea.com\/index.php\/wp-json\/wp\/v2\/product\/175","targetHints":{"allow":["GET"]}}],"collection":[{"href":"https:\/\/villavinea.com\/index.php\/wp-json\/wp\/v2\/product"}],"about":[{"href":"https:\/\/villavinea.com\/index.php\/wp-json\/wp\/v2\/types\/product"}],"replies":[{"embeddable":true,"href":"https:\/\/villavinea.com\/index.php\/wp-json\/wp\/v2\/comments?post=175"}],"wp:featuredmedia":[{"embeddable":true,"href":"https:\/\/villavinea.com\/index.php\/wp-json\/wp\/v2\/media\/11037"}],"wp:attachment":[{"href":"https:\/\/villavinea.com\/index.php\/wp-json\/wp\/v2\/media?parent=175"}],"wp:term":[{"taxonomy":"product_brand","embeddable":true,"href":"https:\/\/villavinea.com\/index.php\/wp-json\/wp\/v2\/product_brand?post=175"},{"taxonomy":"product_cat","embeddable":true,"href":"https:\/\/villavinea.com\/index.php\/wp-json\/wp\/v2\/product_cat?post=175"},{"taxonomy":"product_tag","embeddable":true,"href":"https:\/\/villavinea.com\/index.php\/wp-json\/wp\/v2\/product_tag?post=175"}],"curies":[{"name":"wp","href":"https:\/\/api.w.org\/{rel}","templated":true}]}}