{"id":200,"date":"2024-07-01T08:11:56","date_gmt":"2024-07-01T08:11:56","guid":{"rendered":"https:\/\/villavinea.com\/?post_type=product&#038;p=200"},"modified":"2024-07-01T08:12:04","modified_gmt":"2024-07-01T08:12:04","slug":"palinca","status":"publish","type":"product","link":"https:\/\/villavinea.com\/index.php\/en\/product\/palinca\/","title":{"rendered":"Palinca"},"content":{"rendered":"<p>The T\u00e2rnavelor plateau, a hilly and high area, located at about 350 meters altitude, offers us an<br \/>\nextremely suitable terroir for Pinot Noir, a delicate variety, which, when cultivated with dedication,<br \/>\nbecomes versatile and full of flavor. Whether we use it in red, fruity and elegant wines, in fresh and<br \/>\naromatic ros\u00e9s or we highlight its exuberant character in the sparkling Cuv\u00e9e Cel\u00e9st.<br \/>\nIn 2019 we took our passion for Pinot Noir even further and decided to produce the first Villa Vin\u00e8a<br \/>\nbrandy, distilled in double strength, which we aged for 4 months in oak barrels, (previously used for<br \/>\nthe maturation of one of our most appreciated and awarded wines, Diamant Selection). The result is a<br \/>\nyellowish, light, consistent color and a classic taste, which retains the aromas of grapes and blends<br \/>\nperfectly with subtle shades, extracted from oak barrels. With an alcohol concentration of 45%, Villa<br \/>\nVin\u00e8a brandy fits perfectly with Romanian dishes, served on cold winter days and can be associated<br \/>\nwith pork, dense sauces or soups.<\/p>\n","protected":false},"excerpt":{"rendered":"<p>The T\u00e2rnavelor plateau, a hilly and high area, located at &hellip;<\/p>\n","protected":false},"featured_media":162,"comment_status":"open","ping_status":"closed","template":"","meta":[],"product_brand":[],"product_cat":[138,235,249,231,141],"product_tag":[],"class_list":{"0":"post-200","1":"product","2":"type-product","3":"status-publish","4":"has-post-thumbnail","6":"product_cat-dry","7":"product_cat-red-wine","8":"product_cat-rose-wine","9":"product_cat-sweet","10":"product_cat-white-wine","12":"first","13":"outofstock","14":"taxable","15":"shipping-taxable","16":"purchasable","17":"product-type-simple"},"yoast_head":"<!-- This site is optimized with the Yoast SEO plugin v27.1.1 - https:\/\/yoast.com\/product\/yoast-seo-wordpress\/ -->\n<title>Palinca - Villa Vinea<\/title>\n<meta name=\"robots\" content=\"index, follow, max-snippet:-1, max-image-preview:large, max-video-preview:-1\" \/>\n<link rel=\"canonical\" href=\"https:\/\/villavinea.com\/index.php\/en\/product\/palinca\/\" \/>\n<meta property=\"og:locale\" content=\"en_US\" \/>\n<meta property=\"og:type\" content=\"article\" \/>\n<meta property=\"og:title\" content=\"Palinca - Villa Vinea\" \/>\n<meta property=\"og:description\" content=\"The T\u00e2rnavelor plateau, a hilly and high area, located at &hellip;\" \/>\n<meta property=\"og:url\" content=\"https:\/\/villavinea.com\/index.php\/en\/product\/palinca\/\" \/>\n<meta property=\"og:site_name\" content=\"Villa Vinea\" \/>\n<meta property=\"article:publisher\" content=\"https:\/\/www.facebook.com\/VillaVinea\" \/>\n<meta property=\"article:modified_time\" content=\"2024-07-01T08:12:04+00:00\" \/>\n<meta property=\"og:image\" content=\"https:\/\/villavinea.com\/wp-content\/uploads\/2024\/07\/NUM_2887.jpg\" \/>\n\t<meta property=\"og:image:width\" content=\"800\" \/>\n\t<meta property=\"og:image:height\" content=\"800\" \/>\n\t<meta property=\"og:image:type\" content=\"image\/jpeg\" \/>\n<meta name=\"twitter:card\" content=\"summary_large_image\" \/>\n<meta name=\"twitter:label1\" content=\"Est. reading time\" \/>\n\t<meta name=\"twitter:data1\" content=\"1 minute\" \/>\n<script type=\"application\/ld+json\" class=\"yoast-schema-graph\">{\"@context\":\"https:\/\/schema.org\",\"@graph\":[{\"@type\":\"WebPage\",\"@id\":\"https:\/\/villavinea.com\/index.php\/en\/product\/palinca\/\",\"url\":\"https:\/\/villavinea.com\/index.php\/en\/product\/palinca\/\",\"name\":\"Palinca - Villa Vinea\",\"isPartOf\":{\"@id\":\"https:\/\/villavinea.com\/#website\"},\"primaryImageOfPage\":{\"@id\":\"https:\/\/villavinea.com\/index.php\/en\/product\/palinca\/#primaryimage\"},\"image\":{\"@id\":\"https:\/\/villavinea.com\/index.php\/en\/product\/palinca\/#primaryimage\"},\"thumbnailUrl\":\"https:\/\/villavinea.com\/wp-content\/uploads\/2024\/07\/NUM_2887.jpg\",\"datePublished\":\"2024-07-01T08:11:56+00:00\",\"dateModified\":\"2024-07-01T08:12:04+00:00\",\"breadcrumb\":{\"@id\":\"https:\/\/villavinea.com\/index.php\/en\/product\/palinca\/#breadcrumb\"},\"inLanguage\":\"en-US\",\"potentialAction\":[{\"@type\":\"ReadAction\",\"target\":[\"https:\/\/villavinea.com\/index.php\/en\/product\/palinca\/\"]}]},{\"@type\":\"ImageObject\",\"inLanguage\":\"en-US\",\"@id\":\"https:\/\/villavinea.com\/index.php\/en\/product\/palinca\/#primaryimage\",\"url\":\"https:\/\/villavinea.com\/wp-content\/uploads\/2024\/07\/NUM_2887.jpg\",\"contentUrl\":\"https:\/\/villavinea.com\/wp-content\/uploads\/2024\/07\/NUM_2887.jpg\",\"width\":800,\"height\":800},{\"@type\":\"BreadcrumbList\",\"@id\":\"https:\/\/villavinea.com\/index.php\/en\/product\/palinca\/#breadcrumb\",\"itemListElement\":[{\"@type\":\"ListItem\",\"position\":1,\"name\":\"Home\",\"item\":\"https:\/\/villavinea.com\/\"},{\"@type\":\"ListItem\",\"position\":2,\"name\":\"Vinurile noastre\",\"item\":\"https:\/\/villavinea.com\/index.php\/shop-ro-2\/\"},{\"@type\":\"ListItem\",\"position\":3,\"name\":\"Palinca\"}]},{\"@type\":\"WebSite\",\"@id\":\"https:\/\/villavinea.com\/#website\",\"url\":\"https:\/\/villavinea.com\/\",\"name\":\"Villa Vinea\",\"description\":\"\",\"publisher\":{\"@id\":\"https:\/\/villavinea.com\/#organization\"},\"potentialAction\":[{\"@type\":\"SearchAction\",\"target\":{\"@type\":\"EntryPoint\",\"urlTemplate\":\"https:\/\/villavinea.com\/?s={search_term_string}\"},\"query-input\":{\"@type\":\"PropertyValueSpecification\",\"valueRequired\":true,\"valueName\":\"search_term_string\"}}],\"inLanguage\":\"en-US\"},{\"@type\":\"Organization\",\"@id\":\"https:\/\/villavinea.com\/#organization\",\"name\":\"Villa Vinea\",\"url\":\"https:\/\/villavinea.com\/\",\"logo\":{\"@type\":\"ImageObject\",\"inLanguage\":\"en-US\",\"@id\":\"https:\/\/villavinea.com\/#\/schema\/logo\/image\/\",\"url\":\"https:\/\/villavinea.com\/wp-content\/uploads\/2024\/07\/Logo-Villa-Vinea.png\",\"contentUrl\":\"https:\/\/villavinea.com\/wp-content\/uploads\/2024\/07\/Logo-Villa-Vinea.png\",\"width\":1525,\"height\":508,\"caption\":\"Villa Vinea\"},\"image\":{\"@id\":\"https:\/\/villavinea.com\/#\/schema\/logo\/image\/\"},\"sameAs\":[\"https:\/\/www.facebook.com\/VillaVinea\",\"https:\/\/www.instagram.com\/villavinearomania\/\",\"https:\/\/www.youtube.com\/@VillaVineaMures\"]}]}<\/script>\n<!-- \/ Yoast SEO plugin. -->","yoast_head_json":{"title":"Palinca - Villa Vinea","robots":{"index":"index","follow":"follow","max-snippet":"max-snippet:-1","max-image-preview":"max-image-preview:large","max-video-preview":"max-video-preview:-1"},"canonical":"https:\/\/villavinea.com\/index.php\/en\/product\/palinca\/","og_locale":"en_US","og_type":"article","og_title":"Palinca - Villa Vinea","og_description":"The T\u00e2rnavelor plateau, a hilly and high area, located at &hellip;","og_url":"https:\/\/villavinea.com\/index.php\/en\/product\/palinca\/","og_site_name":"Villa Vinea","article_publisher":"https:\/\/www.facebook.com\/VillaVinea","article_modified_time":"2024-07-01T08:12:04+00:00","og_image":[{"width":800,"height":800,"url":"https:\/\/villavinea.com\/wp-content\/uploads\/2024\/07\/NUM_2887.jpg","type":"image\/jpeg"}],"twitter_card":"summary_large_image","twitter_misc":{"Est. reading time":"1 minute"},"schema":{"@context":"https:\/\/schema.org","@graph":[{"@type":"WebPage","@id":"https:\/\/villavinea.com\/index.php\/en\/product\/palinca\/","url":"https:\/\/villavinea.com\/index.php\/en\/product\/palinca\/","name":"Palinca - Villa Vinea","isPartOf":{"@id":"https:\/\/villavinea.com\/#website"},"primaryImageOfPage":{"@id":"https:\/\/villavinea.com\/index.php\/en\/product\/palinca\/#primaryimage"},"image":{"@id":"https:\/\/villavinea.com\/index.php\/en\/product\/palinca\/#primaryimage"},"thumbnailUrl":"https:\/\/villavinea.com\/wp-content\/uploads\/2024\/07\/NUM_2887.jpg","datePublished":"2024-07-01T08:11:56+00:00","dateModified":"2024-07-01T08:12:04+00:00","breadcrumb":{"@id":"https:\/\/villavinea.com\/index.php\/en\/product\/palinca\/#breadcrumb"},"inLanguage":"en-US","potentialAction":[{"@type":"ReadAction","target":["https:\/\/villavinea.com\/index.php\/en\/product\/palinca\/"]}]},{"@type":"ImageObject","inLanguage":"en-US","@id":"https:\/\/villavinea.com\/index.php\/en\/product\/palinca\/#primaryimage","url":"https:\/\/villavinea.com\/wp-content\/uploads\/2024\/07\/NUM_2887.jpg","contentUrl":"https:\/\/villavinea.com\/wp-content\/uploads\/2024\/07\/NUM_2887.jpg","width":800,"height":800},{"@type":"BreadcrumbList","@id":"https:\/\/villavinea.com\/index.php\/en\/product\/palinca\/#breadcrumb","itemListElement":[{"@type":"ListItem","position":1,"name":"Home","item":"https:\/\/villavinea.com\/"},{"@type":"ListItem","position":2,"name":"Vinurile noastre","item":"https:\/\/villavinea.com\/index.php\/shop-ro-2\/"},{"@type":"ListItem","position":3,"name":"Palinca"}]},{"@type":"WebSite","@id":"https:\/\/villavinea.com\/#website","url":"https:\/\/villavinea.com\/","name":"Villa Vinea","description":"","publisher":{"@id":"https:\/\/villavinea.com\/#organization"},"potentialAction":[{"@type":"SearchAction","target":{"@type":"EntryPoint","urlTemplate":"https:\/\/villavinea.com\/?s={search_term_string}"},"query-input":{"@type":"PropertyValueSpecification","valueRequired":true,"valueName":"search_term_string"}}],"inLanguage":"en-US"},{"@type":"Organization","@id":"https:\/\/villavinea.com\/#organization","name":"Villa Vinea","url":"https:\/\/villavinea.com\/","logo":{"@type":"ImageObject","inLanguage":"en-US","@id":"https:\/\/villavinea.com\/#\/schema\/logo\/image\/","url":"https:\/\/villavinea.com\/wp-content\/uploads\/2024\/07\/Logo-Villa-Vinea.png","contentUrl":"https:\/\/villavinea.com\/wp-content\/uploads\/2024\/07\/Logo-Villa-Vinea.png","width":1525,"height":508,"caption":"Villa Vinea"},"image":{"@id":"https:\/\/villavinea.com\/#\/schema\/logo\/image\/"},"sameAs":["https:\/\/www.facebook.com\/VillaVinea","https:\/\/www.instagram.com\/villavinearomania\/","https:\/\/www.youtube.com\/@VillaVineaMures"]}]}},"jetpack_sharing_enabled":true,"_links":{"self":[{"href":"https:\/\/villavinea.com\/index.php\/wp-json\/wp\/v2\/product\/200","targetHints":{"allow":["GET"]}}],"collection":[{"href":"https:\/\/villavinea.com\/index.php\/wp-json\/wp\/v2\/product"}],"about":[{"href":"https:\/\/villavinea.com\/index.php\/wp-json\/wp\/v2\/types\/product"}],"replies":[{"embeddable":true,"href":"https:\/\/villavinea.com\/index.php\/wp-json\/wp\/v2\/comments?post=200"}],"wp:featuredmedia":[{"embeddable":true,"href":"https:\/\/villavinea.com\/index.php\/wp-json\/wp\/v2\/media\/162"}],"wp:attachment":[{"href":"https:\/\/villavinea.com\/index.php\/wp-json\/wp\/v2\/media?parent=200"}],"wp:term":[{"taxonomy":"product_brand","embeddable":true,"href":"https:\/\/villavinea.com\/index.php\/wp-json\/wp\/v2\/product_brand?post=200"},{"taxonomy":"product_cat","embeddable":true,"href":"https:\/\/villavinea.com\/index.php\/wp-json\/wp\/v2\/product_cat?post=200"},{"taxonomy":"product_tag","embeddable":true,"href":"https:\/\/villavinea.com\/index.php\/wp-json\/wp\/v2\/product_tag?post=200"}],"curies":[{"name":"wp","href":"https:\/\/api.w.org\/{rel}","templated":true}]}}