{"id":208,"date":"2024-07-01T08:11:58","date_gmt":"2024-07-01T08:11:58","guid":{"rendered":"https:\/\/villavinea.com\/?post_type=product&#038;p=208"},"modified":"2024-07-01T08:12:10","modified_gmt":"2024-07-01T08:12:10","slug":"villa-vinea-argilla-limited-edition-284-magnum-palack","status":"publish","type":"product","link":"https:\/\/villavinea.com\/index.php\/hu\/product\/villa-vinea-argilla-limited-edition-284-magnum-palack\/","title":{"rendered":"Villa Vinea Argilla Limited Edition &#8211; 284 Magnum palack"},"content":{"rendered":"<div style=\"width: 960px;\" class=\"wp-video\"><video class=\"wp-video-shortcode\" id=\"video-208-1\" width=\"960\" height=\"540\" preload=\"metadata\" controls=\"controls\"><source type=\"video\/mp4\" src=\"https:\/\/villavinea.com\/wp-content\/uploads\/2021\/03\/Argilla-1.mp4?_=1\" \/><a href=\"https:\/\/villavinea.com\/wp-content\/uploads\/2021\/03\/Argilla-1.mp4\">https:\/\/villavinea.com\/wp-content\/uploads\/2021\/03\/Argilla-1.mp4<\/a><\/video><\/div>\n<p>Ahogy a neve is sugallja, az Argilla, ami agyagot lejent, a Kis-K\u00fck\u00fcll\u0151 terroirj\u00e1nak<br \/>\negyik legf\u0151bb jellemz\u0151je. Ez egy \u00f6sszetett, gasztron\u00f3miai bor, amelyet k\u00e9t, a<br \/>\nr\u00e9gi\u00f3ra jellemz\u0151 helyi fajt\u00e1nak &#8211; a feh\u00e9r- \u00e9s kir\u00e1lyle\u00e1nyk\u00e1nak \u2013 na meg egy<br \/>\nf\u00e9larom\u00e1s nemzetk\u00f6zi sz\u0151l\u0151fajt\u00e1nak, a Sauvignon Blancnak a h\u00e1zas\u00edt\u00e1s\u00e1b\u00f3l<br \/>\nk\u00e9sz\u00edtettek.<br \/>\nA 2016-os Argilla 18 h\u00f3napot t\u00f6lt\u00f6tt 225 litres t\u00f6lgyfahord\u00f3kban. Ez id\u0151 alatt a<br \/>\nbor malolaktikus erjed\u00e9sen ment kereszt\u00fcl. Ezut\u00e1n a bor tov\u00e1bb \u00e9rett a finom<br \/>\n\u00e9leszt\u0151n, ami alatt a tanninok kisim\u00faltak \u00e9s egy jellegzetes aromavil\u00e1got<br \/>\nfejlesztett. A bort 24 h\u00f3napos \u00e9rlel\u00e9s ut\u00e1n magnum palackokba t\u00f6lt\u00f6tt\u00e9k, amivel<br \/>\nnagyfok\u00fa komplexit\u00e1s \u00e9rhet\u0151 el.<br \/>\nSz\u00edne m\u00e9ly citroms\u00e1rga. Illata els\u0151sorban ak\u00e1cvir\u00e1gra, birsalm\u00e1ra, \u00e9rett citromra<br \/>\n\u00e9s alm\u00e1ra eml\u00e9keztet. A m\u00e1sodlagos arom\u00e1i k\u00f6z\u00e9 a mogyor\u00f3, a vaj \u00e9s a bri\u00f3s<br \/>\ntartozik. Mindez a sz\u00e1jban is \u00e9rz\u00e9kelhet\u0151, ahol puha savass\u00e1g \u00e9s m\u00e9rs\u00e9kelt<br \/>\nalkohol \u00e9rezhet\u0151. Ut\u00f3\u00edze tart\u00f3s, bazsalikommal, rozmaringgal \u00e9s di\u00f3val<br \/>\ngazdagodik.<br \/>\nA c\u00edmk\u00e9t a helyi sajtk\u00e9sz\u00edt\u0151 k\u00e9zzel k\u00e9sz\u00edtette. \u00cdgy a 2016-os kiad\u00e1s 284<br \/>\npalackj\u00e1nak mindegyik\u00e9n tal\u00e1lhat\u00f3 egy homokf\u00favott c\u00edmke \u00e9s k\u00e9zzel festett log\u00f3.<br \/>\nA fokozott elegancia \u00e9s v\u00e9delem \u00e9rdek\u00e9ben az \u00f6sszes Argilla Magnum palackot<br \/>\nfadobozban \u00e1rus\u00edtjuk.<\/p>\n","protected":false},"excerpt":{"rendered":"<p>Ahogy a neve is sugallja, az Argilla, ami agyagot lejent, &hellip;<\/p>\n","protected":false},"featured_media":165,"comment_status":"open","ping_status":"closed","template":"","meta":[],"product_brand":[],"product_cat":[151],"product_tag":[],"class_list":{"0":"post-208","1":"product","2":"type-product","3":"status-publish","4":"has-post-thumbnail","6":"product_cat-kivalasztas","8":"first","9":"instock","10":"taxable","11":"shipping-taxable","12":"purchasable","13":"product-type-simple"},"yoast_head":"<!-- This site is optimized with the Yoast SEO plugin v27.4 - https:\/\/yoast.com\/product\/yoast-seo-wordpress\/ -->\n<title>Villa Vinea Argilla Limited Edition - 284 Magnum palack - Villa Vinea<\/title>\n<meta name=\"robots\" content=\"index, follow, max-snippet:-1, max-image-preview:large, max-video-preview:-1\" \/>\n<link rel=\"canonical\" href=\"https:\/\/villavinea.com\/index.php\/hu\/product\/villa-vinea-argilla-limited-edition-284-magnum-palack\/\" \/>\n<meta property=\"og:locale\" content=\"en_US\" \/>\n<meta property=\"og:type\" content=\"article\" \/>\n<meta property=\"og:title\" content=\"Villa Vinea Argilla Limited Edition - 284 Magnum palack - Villa Vinea\" \/>\n<meta property=\"og:description\" content=\"Ahogy a neve is sugallja, az Argilla, ami agyagot lejent, &hellip;\" \/>\n<meta property=\"og:url\" content=\"https:\/\/villavinea.com\/index.php\/hu\/product\/villa-vinea-argilla-limited-edition-284-magnum-palack\/\" \/>\n<meta property=\"og:site_name\" content=\"Villa Vinea\" \/>\n<meta property=\"article:publisher\" content=\"https:\/\/www.facebook.com\/VillaVinea\" \/>\n<meta property=\"article:modified_time\" content=\"2024-07-01T08:12:10+00:00\" \/>\n<meta property=\"og:image\" content=\"https:\/\/villavinea.com\/wp-content\/uploads\/2024\/07\/NUM_0537-1.png\" \/>\n\t<meta property=\"og:image:width\" content=\"787\" \/>\n\t<meta property=\"og:image:height\" content=\"787\" \/>\n\t<meta property=\"og:image:type\" content=\"image\/png\" \/>\n<meta name=\"twitter:card\" content=\"summary_large_image\" \/>\n<meta name=\"twitter:label1\" content=\"Est. reading time\" \/>\n\t<meta name=\"twitter:data1\" content=\"1 minute\" \/>\n<script type=\"application\/ld+json\" class=\"yoast-schema-graph\">{\"@context\":\"https:\\\/\\\/schema.org\",\"@graph\":[{\"@type\":\"WebPage\",\"@id\":\"https:\\\/\\\/villavinea.com\\\/index.php\\\/hu\\\/product\\\/villa-vinea-argilla-limited-edition-284-magnum-palack\\\/\",\"url\":\"https:\\\/\\\/villavinea.com\\\/index.php\\\/hu\\\/product\\\/villa-vinea-argilla-limited-edition-284-magnum-palack\\\/\",\"name\":\"Villa Vinea Argilla Limited Edition - 284 Magnum palack - Villa Vinea\",\"isPartOf\":{\"@id\":\"https:\\\/\\\/villavinea.com\\\/#website\"},\"primaryImageOfPage\":{\"@id\":\"https:\\\/\\\/villavinea.com\\\/index.php\\\/hu\\\/product\\\/villa-vinea-argilla-limited-edition-284-magnum-palack\\\/#primaryimage\"},\"image\":{\"@id\":\"https:\\\/\\\/villavinea.com\\\/index.php\\\/hu\\\/product\\\/villa-vinea-argilla-limited-edition-284-magnum-palack\\\/#primaryimage\"},\"thumbnailUrl\":\"https:\\\/\\\/villavinea.com\\\/wp-content\\\/uploads\\\/2024\\\/07\\\/NUM_0537-1.png\",\"datePublished\":\"2024-07-01T08:11:58+00:00\",\"dateModified\":\"2024-07-01T08:12:10+00:00\",\"breadcrumb\":{\"@id\":\"https:\\\/\\\/villavinea.com\\\/index.php\\\/hu\\\/product\\\/villa-vinea-argilla-limited-edition-284-magnum-palack\\\/#breadcrumb\"},\"inLanguage\":\"en-US\",\"potentialAction\":[{\"@type\":\"ReadAction\",\"target\":[\"https:\\\/\\\/villavinea.com\\\/index.php\\\/hu\\\/product\\\/villa-vinea-argilla-limited-edition-284-magnum-palack\\\/\"]}]},{\"@type\":\"ImageObject\",\"inLanguage\":\"en-US\",\"@id\":\"https:\\\/\\\/villavinea.com\\\/index.php\\\/hu\\\/product\\\/villa-vinea-argilla-limited-edition-284-magnum-palack\\\/#primaryimage\",\"url\":\"https:\\\/\\\/villavinea.com\\\/wp-content\\\/uploads\\\/2024\\\/07\\\/NUM_0537-1.png\",\"contentUrl\":\"https:\\\/\\\/villavinea.com\\\/wp-content\\\/uploads\\\/2024\\\/07\\\/NUM_0537-1.png\",\"width\":787,\"height\":787},{\"@type\":\"BreadcrumbList\",\"@id\":\"https:\\\/\\\/villavinea.com\\\/index.php\\\/hu\\\/product\\\/villa-vinea-argilla-limited-edition-284-magnum-palack\\\/#breadcrumb\",\"itemListElement\":[{\"@type\":\"ListItem\",\"position\":1,\"name\":\"Home\",\"item\":\"https:\\\/\\\/villavinea.com\\\/\"},{\"@type\":\"ListItem\",\"position\":2,\"name\":\"Vinurile noastre\",\"item\":\"https:\\\/\\\/villavinea.com\\\/index.php\\\/shop-ro-2\\\/\"},{\"@type\":\"ListItem\",\"position\":3,\"name\":\"Villa Vinea Argilla Limited Edition &#8211; 284 Magnum palack\"}]},{\"@type\":\"WebSite\",\"@id\":\"https:\\\/\\\/villavinea.com\\\/#website\",\"url\":\"https:\\\/\\\/villavinea.com\\\/\",\"name\":\"Villa Vinea\",\"description\":\"\",\"publisher\":{\"@id\":\"https:\\\/\\\/villavinea.com\\\/#organization\"},\"potentialAction\":[{\"@type\":\"SearchAction\",\"target\":{\"@type\":\"EntryPoint\",\"urlTemplate\":\"https:\\\/\\\/villavinea.com\\\/?s={search_term_string}\"},\"query-input\":{\"@type\":\"PropertyValueSpecification\",\"valueRequired\":true,\"valueName\":\"search_term_string\"}}],\"inLanguage\":\"en-US\"},{\"@type\":\"Organization\",\"@id\":\"https:\\\/\\\/villavinea.com\\\/#organization\",\"name\":\"Villa Vinea\",\"url\":\"https:\\\/\\\/villavinea.com\\\/\",\"logo\":{\"@type\":\"ImageObject\",\"inLanguage\":\"en-US\",\"@id\":\"https:\\\/\\\/villavinea.com\\\/#\\\/schema\\\/logo\\\/image\\\/\",\"url\":\"https:\\\/\\\/villavinea.com\\\/wp-content\\\/uploads\\\/2024\\\/07\\\/Logo-Villa-Vinea.png\",\"contentUrl\":\"https:\\\/\\\/villavinea.com\\\/wp-content\\\/uploads\\\/2024\\\/07\\\/Logo-Villa-Vinea.png\",\"width\":1525,\"height\":508,\"caption\":\"Villa Vinea\"},\"image\":{\"@id\":\"https:\\\/\\\/villavinea.com\\\/#\\\/schema\\\/logo\\\/image\\\/\"},\"sameAs\":[\"https:\\\/\\\/www.facebook.com\\\/VillaVinea\",\"https:\\\/\\\/www.instagram.com\\\/villavinearomania\\\/\",\"https:\\\/\\\/www.youtube.com\\\/@VillaVineaMures\"]}]}<\/script>\n<!-- \/ Yoast SEO plugin. -->","yoast_head_json":{"title":"Villa Vinea Argilla Limited Edition - 284 Magnum palack - Villa Vinea","robots":{"index":"index","follow":"follow","max-snippet":"max-snippet:-1","max-image-preview":"max-image-preview:large","max-video-preview":"max-video-preview:-1"},"canonical":"https:\/\/villavinea.com\/index.php\/hu\/product\/villa-vinea-argilla-limited-edition-284-magnum-palack\/","og_locale":"en_US","og_type":"article","og_title":"Villa Vinea Argilla Limited Edition - 284 Magnum palack - Villa Vinea","og_description":"Ahogy a neve is sugallja, az Argilla, ami agyagot lejent, &hellip;","og_url":"https:\/\/villavinea.com\/index.php\/hu\/product\/villa-vinea-argilla-limited-edition-284-magnum-palack\/","og_site_name":"Villa Vinea","article_publisher":"https:\/\/www.facebook.com\/VillaVinea","article_modified_time":"2024-07-01T08:12:10+00:00","og_image":[{"width":787,"height":787,"url":"https:\/\/villavinea.com\/wp-content\/uploads\/2024\/07\/NUM_0537-1.png","type":"image\/png"}],"twitter_card":"summary_large_image","twitter_misc":{"Est. reading time":"1 minute"},"schema":{"@context":"https:\/\/schema.org","@graph":[{"@type":"WebPage","@id":"https:\/\/villavinea.com\/index.php\/hu\/product\/villa-vinea-argilla-limited-edition-284-magnum-palack\/","url":"https:\/\/villavinea.com\/index.php\/hu\/product\/villa-vinea-argilla-limited-edition-284-magnum-palack\/","name":"Villa Vinea Argilla Limited Edition - 284 Magnum palack - Villa Vinea","isPartOf":{"@id":"https:\/\/villavinea.com\/#website"},"primaryImageOfPage":{"@id":"https:\/\/villavinea.com\/index.php\/hu\/product\/villa-vinea-argilla-limited-edition-284-magnum-palack\/#primaryimage"},"image":{"@id":"https:\/\/villavinea.com\/index.php\/hu\/product\/villa-vinea-argilla-limited-edition-284-magnum-palack\/#primaryimage"},"thumbnailUrl":"https:\/\/villavinea.com\/wp-content\/uploads\/2024\/07\/NUM_0537-1.png","datePublished":"2024-07-01T08:11:58+00:00","dateModified":"2024-07-01T08:12:10+00:00","breadcrumb":{"@id":"https:\/\/villavinea.com\/index.php\/hu\/product\/villa-vinea-argilla-limited-edition-284-magnum-palack\/#breadcrumb"},"inLanguage":"en-US","potentialAction":[{"@type":"ReadAction","target":["https:\/\/villavinea.com\/index.php\/hu\/product\/villa-vinea-argilla-limited-edition-284-magnum-palack\/"]}]},{"@type":"ImageObject","inLanguage":"en-US","@id":"https:\/\/villavinea.com\/index.php\/hu\/product\/villa-vinea-argilla-limited-edition-284-magnum-palack\/#primaryimage","url":"https:\/\/villavinea.com\/wp-content\/uploads\/2024\/07\/NUM_0537-1.png","contentUrl":"https:\/\/villavinea.com\/wp-content\/uploads\/2024\/07\/NUM_0537-1.png","width":787,"height":787},{"@type":"BreadcrumbList","@id":"https:\/\/villavinea.com\/index.php\/hu\/product\/villa-vinea-argilla-limited-edition-284-magnum-palack\/#breadcrumb","itemListElement":[{"@type":"ListItem","position":1,"name":"Home","item":"https:\/\/villavinea.com\/"},{"@type":"ListItem","position":2,"name":"Vinurile noastre","item":"https:\/\/villavinea.com\/index.php\/shop-ro-2\/"},{"@type":"ListItem","position":3,"name":"Villa Vinea Argilla Limited Edition &#8211; 284 Magnum palack"}]},{"@type":"WebSite","@id":"https:\/\/villavinea.com\/#website","url":"https:\/\/villavinea.com\/","name":"Villa Vinea","description":"","publisher":{"@id":"https:\/\/villavinea.com\/#organization"},"potentialAction":[{"@type":"SearchAction","target":{"@type":"EntryPoint","urlTemplate":"https:\/\/villavinea.com\/?s={search_term_string}"},"query-input":{"@type":"PropertyValueSpecification","valueRequired":true,"valueName":"search_term_string"}}],"inLanguage":"en-US"},{"@type":"Organization","@id":"https:\/\/villavinea.com\/#organization","name":"Villa Vinea","url":"https:\/\/villavinea.com\/","logo":{"@type":"ImageObject","inLanguage":"en-US","@id":"https:\/\/villavinea.com\/#\/schema\/logo\/image\/","url":"https:\/\/villavinea.com\/wp-content\/uploads\/2024\/07\/Logo-Villa-Vinea.png","contentUrl":"https:\/\/villavinea.com\/wp-content\/uploads\/2024\/07\/Logo-Villa-Vinea.png","width":1525,"height":508,"caption":"Villa Vinea"},"image":{"@id":"https:\/\/villavinea.com\/#\/schema\/logo\/image\/"},"sameAs":["https:\/\/www.facebook.com\/VillaVinea","https:\/\/www.instagram.com\/villavinearomania\/","https:\/\/www.youtube.com\/@VillaVineaMures"]}]}},"jetpack_sharing_enabled":true,"_links":{"self":[{"href":"https:\/\/villavinea.com\/index.php\/wp-json\/wp\/v2\/product\/208","targetHints":{"allow":["GET"]}}],"collection":[{"href":"https:\/\/villavinea.com\/index.php\/wp-json\/wp\/v2\/product"}],"about":[{"href":"https:\/\/villavinea.com\/index.php\/wp-json\/wp\/v2\/types\/product"}],"replies":[{"embeddable":true,"href":"https:\/\/villavinea.com\/index.php\/wp-json\/wp\/v2\/comments?post=208"}],"wp:featuredmedia":[{"embeddable":true,"href":"https:\/\/villavinea.com\/index.php\/wp-json\/wp\/v2\/media\/165"}],"wp:attachment":[{"href":"https:\/\/villavinea.com\/index.php\/wp-json\/wp\/v2\/media?parent=208"}],"wp:term":[{"taxonomy":"product_brand","embeddable":true,"href":"https:\/\/villavinea.com\/index.php\/wp-json\/wp\/v2\/product_brand?post=208"},{"taxonomy":"product_cat","embeddable":true,"href":"https:\/\/villavinea.com\/index.php\/wp-json\/wp\/v2\/product_cat?post=208"},{"taxonomy":"product_tag","embeddable":true,"href":"https:\/\/villavinea.com\/index.php\/wp-json\/wp\/v2\/product_tag?post=208"}],"curies":[{"name":"wp","href":"https:\/\/api.w.org\/{rel}","templated":true}]}}