{"id":213,"date":"2024-07-01T08:11:59","date_gmt":"2024-07-01T08:11:59","guid":{"rendered":"https:\/\/villavinea.com\/?post_type=product&#038;p=213"},"modified":"2025-08-08T07:54:44","modified_gmt":"2025-08-08T07:54:44","slug":"cuvee-celest-spumant-brut-magnum-2018","status":"publish","type":"product","link":"https:\/\/villavinea.com\/index.php\/product\/cuvee-celest-spumant-brut-magnum-2018\/","title":{"rendered":"Cuv\u00e9e Cel\u00e9st Spumant Brut, Magnum, 2018"},"content":{"rendered":"<p>&nbsp;<\/p>\n<p>Un spumant impecabil construit, fermentat \u015fi maturat 3 ani \u00een sticl\u0103, ce combin\u0103 \u00een mod fericit prospe\u0163imea \u015fi savoarea dat\u0103 de Chardonnay cu notele sofisticate aduse de soiul Pinot Noir vinificat \u00een alb.<\/p>\n<p>&nbsp;<\/p>\n<p>Culoarea vinului este galben auriu, cu o perlare fin\u0103 \u015fi persistent\u0103. Nasul vine cu un buchet complex de alune pr\u0103jite, drojdii fine \u015fi senza\u0163ii minerale. Corpul este amplu, cu o textur\u0103 dens\u0103 \u015fi cremoas\u0103, alcool perfect integrat \u015fi o excelent\u0103 aciditate. Gustul e construit pe un nucleu de nuci caju, fagure de miere \u015fi smochine, peste care se a\u015feaz\u0103 impresii am\u0103rui, elegante. Postgustul, lung \u015fi intens, cu declin\u0103ri citric saline, las\u0103 subtile aluzii de fructe confiate.<\/p>\n<p>Un vin de gastronomie, ce poate sus\u0163ine o mas\u0103 de s\u0103rb\u0103toare, de la antreuri \u015fi p\u00e2n\u0103 la desert.<\/p>\n<p>&nbsp;<\/p>\n<p>&nbsp;<\/p>\n<p>Razvan Avram, <a href=\"http:\/\/www.paharnicul.ro\">paharnicul.ro<\/a><\/p>\n<p>Razvan Avram, paharnicul.ro<\/p>\n","protected":false},"excerpt":{"rendered":"<p>1.5 l<\/p>\n<p>Vol Alc 13%<\/p>\n<p>Rest zahar 6,27g<\/p>\n<p>Aciditate 6,85g<\/p>\n<p>DOC-CMD Tarnave &#8211; Tarnaveni<\/p>\n","protected":false},"featured_media":231,"comment_status":"open","ping_status":"closed","template":"","meta":[],"product_brand":[],"product_cat":[52,80,56],"product_tag":[272,82,274,70,86,276],"class_list":{"0":"post-213","1":"product","2":"type-product","3":"status-publish","4":"has-post-thumbnail","6":"product_cat-sec","7":"product_cat-spumant","8":"product_cat-vin-alb","9":"product_tag-champagne","10":"product_tag-chardonnay","11":"product_tag-metoda-traditionala-champenoise","12":"product_tag-pinot-noir","13":"product_tag-spumant","14":"product_tag-spumant-romanesc","16":"first","17":"instock","18":"taxable","19":"shipping-taxable","20":"purchasable","21":"product-type-simple"},"yoast_head":"<!-- This site is optimized with the Yoast SEO plugin v27.4 - https:\/\/yoast.com\/product\/yoast-seo-wordpress\/ -->\n<title>Cuv\u00e9e Cel\u00e9st Spumant Brut, Magnum, 2018 - Villa Vinea<\/title>\n<meta name=\"robots\" content=\"index, follow, max-snippet:-1, max-image-preview:large, max-video-preview:-1\" \/>\n<link rel=\"canonical\" href=\"https:\/\/villavinea.com\/index.php\/product\/cuvee-celest-spumant-brut-magnum-2018\/\" \/>\n<meta property=\"og:locale\" content=\"en_US\" \/>\n<meta property=\"og:type\" content=\"article\" \/>\n<meta property=\"og:title\" content=\"Cuv\u00e9e Cel\u00e9st Spumant Brut, Magnum, 2018 - Villa Vinea\" \/>\n<meta property=\"og:description\" content=\"1.5 l  Vol Alc 13%  Rest zahar 6,27g  Aciditate 6,85g  DOC-CMD Tarnave - Tarnaveni\" \/>\n<meta property=\"og:url\" content=\"https:\/\/villavinea.com\/index.php\/product\/cuvee-celest-spumant-brut-magnum-2018\/\" \/>\n<meta property=\"og:site_name\" content=\"Villa Vinea\" \/>\n<meta property=\"article:publisher\" content=\"https:\/\/www.facebook.com\/VillaVinea\" \/>\n<meta property=\"article:modified_time\" content=\"2025-08-08T07:54:44+00:00\" \/>\n<meta property=\"og:image\" content=\"https:\/\/villavinea.com\/wp-content\/uploads\/2024\/07\/WhatsApp-Image-2022-12-09-at-11.11.37.jpeg\" \/>\n\t<meta property=\"og:image:width\" content=\"800\" \/>\n\t<meta property=\"og:image:height\" content=\"800\" \/>\n\t<meta property=\"og:image:type\" content=\"image\/jpeg\" \/>\n<meta name=\"twitter:card\" content=\"summary_large_image\" \/>\n<meta name=\"twitter:label1\" content=\"Est. reading time\" \/>\n\t<meta name=\"twitter:data1\" content=\"2 minutes\" \/>\n<script type=\"application\/ld+json\" class=\"yoast-schema-graph\">{\"@context\":\"https:\\\/\\\/schema.org\",\"@graph\":[{\"@type\":\"WebPage\",\"@id\":\"https:\\\/\\\/villavinea.com\\\/index.php\\\/product\\\/cuvee-celest-spumant-brut-magnum-2018\\\/\",\"url\":\"https:\\\/\\\/villavinea.com\\\/index.php\\\/product\\\/cuvee-celest-spumant-brut-magnum-2018\\\/\",\"name\":\"Cuv\u00e9e Cel\u00e9st Spumant Brut, Magnum, 2018 - Villa Vinea\",\"isPartOf\":{\"@id\":\"https:\\\/\\\/villavinea.com\\\/#website\"},\"primaryImageOfPage\":{\"@id\":\"https:\\\/\\\/villavinea.com\\\/index.php\\\/product\\\/cuvee-celest-spumant-brut-magnum-2018\\\/#primaryimage\"},\"image\":{\"@id\":\"https:\\\/\\\/villavinea.com\\\/index.php\\\/product\\\/cuvee-celest-spumant-brut-magnum-2018\\\/#primaryimage\"},\"thumbnailUrl\":\"https:\\\/\\\/villavinea.com\\\/wp-content\\\/uploads\\\/2024\\\/07\\\/WhatsApp-Image-2022-12-09-at-11.11.37.jpeg\",\"datePublished\":\"2024-07-01T08:11:59+00:00\",\"dateModified\":\"2025-08-08T07:54:44+00:00\",\"breadcrumb\":{\"@id\":\"https:\\\/\\\/villavinea.com\\\/index.php\\\/product\\\/cuvee-celest-spumant-brut-magnum-2018\\\/#breadcrumb\"},\"inLanguage\":\"en-US\",\"potentialAction\":[{\"@type\":\"ReadAction\",\"target\":[\"https:\\\/\\\/villavinea.com\\\/index.php\\\/product\\\/cuvee-celest-spumant-brut-magnum-2018\\\/\"]}]},{\"@type\":\"ImageObject\",\"inLanguage\":\"en-US\",\"@id\":\"https:\\\/\\\/villavinea.com\\\/index.php\\\/product\\\/cuvee-celest-spumant-brut-magnum-2018\\\/#primaryimage\",\"url\":\"https:\\\/\\\/villavinea.com\\\/wp-content\\\/uploads\\\/2024\\\/07\\\/WhatsApp-Image-2022-12-09-at-11.11.37.jpeg\",\"contentUrl\":\"https:\\\/\\\/villavinea.com\\\/wp-content\\\/uploads\\\/2024\\\/07\\\/WhatsApp-Image-2022-12-09-at-11.11.37.jpeg\",\"width\":800,\"height\":800},{\"@type\":\"BreadcrumbList\",\"@id\":\"https:\\\/\\\/villavinea.com\\\/index.php\\\/product\\\/cuvee-celest-spumant-brut-magnum-2018\\\/#breadcrumb\",\"itemListElement\":[{\"@type\":\"ListItem\",\"position\":1,\"name\":\"Home\",\"item\":\"https:\\\/\\\/villavinea.com\\\/\"},{\"@type\":\"ListItem\",\"position\":2,\"name\":\"Vinurile noastre\",\"item\":\"https:\\\/\\\/villavinea.com\\\/index.php\\\/shop-ro-2\\\/\"},{\"@type\":\"ListItem\",\"position\":3,\"name\":\"Cuv\u00e9e Cel\u00e9st Spumant Brut, Magnum, 2018\"}]},{\"@type\":\"WebSite\",\"@id\":\"https:\\\/\\\/villavinea.com\\\/#website\",\"url\":\"https:\\\/\\\/villavinea.com\\\/\",\"name\":\"Villa Vinea\",\"description\":\"\",\"publisher\":{\"@id\":\"https:\\\/\\\/villavinea.com\\\/#organization\"},\"potentialAction\":[{\"@type\":\"SearchAction\",\"target\":{\"@type\":\"EntryPoint\",\"urlTemplate\":\"https:\\\/\\\/villavinea.com\\\/?s={search_term_string}\"},\"query-input\":{\"@type\":\"PropertyValueSpecification\",\"valueRequired\":true,\"valueName\":\"search_term_string\"}}],\"inLanguage\":\"en-US\"},{\"@type\":\"Organization\",\"@id\":\"https:\\\/\\\/villavinea.com\\\/#organization\",\"name\":\"Villa Vinea\",\"url\":\"https:\\\/\\\/villavinea.com\\\/\",\"logo\":{\"@type\":\"ImageObject\",\"inLanguage\":\"en-US\",\"@id\":\"https:\\\/\\\/villavinea.com\\\/#\\\/schema\\\/logo\\\/image\\\/\",\"url\":\"https:\\\/\\\/villavinea.com\\\/wp-content\\\/uploads\\\/2024\\\/07\\\/Logo-Villa-Vinea.png\",\"contentUrl\":\"https:\\\/\\\/villavinea.com\\\/wp-content\\\/uploads\\\/2024\\\/07\\\/Logo-Villa-Vinea.png\",\"width\":1525,\"height\":508,\"caption\":\"Villa Vinea\"},\"image\":{\"@id\":\"https:\\\/\\\/villavinea.com\\\/#\\\/schema\\\/logo\\\/image\\\/\"},\"sameAs\":[\"https:\\\/\\\/www.facebook.com\\\/VillaVinea\",\"https:\\\/\\\/www.instagram.com\\\/villavinearomania\\\/\",\"https:\\\/\\\/www.youtube.com\\\/@VillaVineaMures\"]}]}<\/script>\n<!-- \/ Yoast SEO plugin. -->","yoast_head_json":{"title":"Cuv\u00e9e Cel\u00e9st Spumant Brut, Magnum, 2018 - Villa Vinea","robots":{"index":"index","follow":"follow","max-snippet":"max-snippet:-1","max-image-preview":"max-image-preview:large","max-video-preview":"max-video-preview:-1"},"canonical":"https:\/\/villavinea.com\/index.php\/product\/cuvee-celest-spumant-brut-magnum-2018\/","og_locale":"en_US","og_type":"article","og_title":"Cuv\u00e9e Cel\u00e9st Spumant Brut, Magnum, 2018 - Villa Vinea","og_description":"1.5 l  Vol Alc 13%  Rest zahar 6,27g  Aciditate 6,85g  DOC-CMD Tarnave - Tarnaveni","og_url":"https:\/\/villavinea.com\/index.php\/product\/cuvee-celest-spumant-brut-magnum-2018\/","og_site_name":"Villa Vinea","article_publisher":"https:\/\/www.facebook.com\/VillaVinea","article_modified_time":"2025-08-08T07:54:44+00:00","og_image":[{"width":800,"height":800,"url":"https:\/\/villavinea.com\/wp-content\/uploads\/2024\/07\/WhatsApp-Image-2022-12-09-at-11.11.37.jpeg","type":"image\/jpeg"}],"twitter_card":"summary_large_image","twitter_misc":{"Est. reading time":"2 minutes"},"schema":{"@context":"https:\/\/schema.org","@graph":[{"@type":"WebPage","@id":"https:\/\/villavinea.com\/index.php\/product\/cuvee-celest-spumant-brut-magnum-2018\/","url":"https:\/\/villavinea.com\/index.php\/product\/cuvee-celest-spumant-brut-magnum-2018\/","name":"Cuv\u00e9e Cel\u00e9st Spumant Brut, Magnum, 2018 - Villa Vinea","isPartOf":{"@id":"https:\/\/villavinea.com\/#website"},"primaryImageOfPage":{"@id":"https:\/\/villavinea.com\/index.php\/product\/cuvee-celest-spumant-brut-magnum-2018\/#primaryimage"},"image":{"@id":"https:\/\/villavinea.com\/index.php\/product\/cuvee-celest-spumant-brut-magnum-2018\/#primaryimage"},"thumbnailUrl":"https:\/\/villavinea.com\/wp-content\/uploads\/2024\/07\/WhatsApp-Image-2022-12-09-at-11.11.37.jpeg","datePublished":"2024-07-01T08:11:59+00:00","dateModified":"2025-08-08T07:54:44+00:00","breadcrumb":{"@id":"https:\/\/villavinea.com\/index.php\/product\/cuvee-celest-spumant-brut-magnum-2018\/#breadcrumb"},"inLanguage":"en-US","potentialAction":[{"@type":"ReadAction","target":["https:\/\/villavinea.com\/index.php\/product\/cuvee-celest-spumant-brut-magnum-2018\/"]}]},{"@type":"ImageObject","inLanguage":"en-US","@id":"https:\/\/villavinea.com\/index.php\/product\/cuvee-celest-spumant-brut-magnum-2018\/#primaryimage","url":"https:\/\/villavinea.com\/wp-content\/uploads\/2024\/07\/WhatsApp-Image-2022-12-09-at-11.11.37.jpeg","contentUrl":"https:\/\/villavinea.com\/wp-content\/uploads\/2024\/07\/WhatsApp-Image-2022-12-09-at-11.11.37.jpeg","width":800,"height":800},{"@type":"BreadcrumbList","@id":"https:\/\/villavinea.com\/index.php\/product\/cuvee-celest-spumant-brut-magnum-2018\/#breadcrumb","itemListElement":[{"@type":"ListItem","position":1,"name":"Home","item":"https:\/\/villavinea.com\/"},{"@type":"ListItem","position":2,"name":"Vinurile noastre","item":"https:\/\/villavinea.com\/index.php\/shop-ro-2\/"},{"@type":"ListItem","position":3,"name":"Cuv\u00e9e Cel\u00e9st Spumant Brut, Magnum, 2018"}]},{"@type":"WebSite","@id":"https:\/\/villavinea.com\/#website","url":"https:\/\/villavinea.com\/","name":"Villa Vinea","description":"","publisher":{"@id":"https:\/\/villavinea.com\/#organization"},"potentialAction":[{"@type":"SearchAction","target":{"@type":"EntryPoint","urlTemplate":"https:\/\/villavinea.com\/?s={search_term_string}"},"query-input":{"@type":"PropertyValueSpecification","valueRequired":true,"valueName":"search_term_string"}}],"inLanguage":"en-US"},{"@type":"Organization","@id":"https:\/\/villavinea.com\/#organization","name":"Villa Vinea","url":"https:\/\/villavinea.com\/","logo":{"@type":"ImageObject","inLanguage":"en-US","@id":"https:\/\/villavinea.com\/#\/schema\/logo\/image\/","url":"https:\/\/villavinea.com\/wp-content\/uploads\/2024\/07\/Logo-Villa-Vinea.png","contentUrl":"https:\/\/villavinea.com\/wp-content\/uploads\/2024\/07\/Logo-Villa-Vinea.png","width":1525,"height":508,"caption":"Villa Vinea"},"image":{"@id":"https:\/\/villavinea.com\/#\/schema\/logo\/image\/"},"sameAs":["https:\/\/www.facebook.com\/VillaVinea","https:\/\/www.instagram.com\/villavinearomania\/","https:\/\/www.youtube.com\/@VillaVineaMures"]}]}},"jetpack_sharing_enabled":true,"_links":{"self":[{"href":"https:\/\/villavinea.com\/index.php\/wp-json\/wp\/v2\/product\/213","targetHints":{"allow":["GET"]}}],"collection":[{"href":"https:\/\/villavinea.com\/index.php\/wp-json\/wp\/v2\/product"}],"about":[{"href":"https:\/\/villavinea.com\/index.php\/wp-json\/wp\/v2\/types\/product"}],"replies":[{"embeddable":true,"href":"https:\/\/villavinea.com\/index.php\/wp-json\/wp\/v2\/comments?post=213"}],"wp:featuredmedia":[{"embeddable":true,"href":"https:\/\/villavinea.com\/index.php\/wp-json\/wp\/v2\/media\/231"}],"wp:attachment":[{"href":"https:\/\/villavinea.com\/index.php\/wp-json\/wp\/v2\/media?parent=213"}],"wp:term":[{"taxonomy":"product_brand","embeddable":true,"href":"https:\/\/villavinea.com\/index.php\/wp-json\/wp\/v2\/product_brand?post=213"},{"taxonomy":"product_cat","embeddable":true,"href":"https:\/\/villavinea.com\/index.php\/wp-json\/wp\/v2\/product_cat?post=213"},{"taxonomy":"product_tag","embeddable":true,"href":"https:\/\/villavinea.com\/index.php\/wp-json\/wp\/v2\/product_tag?post=213"}],"curies":[{"name":"wp","href":"https:\/\/api.w.org\/{rel}","templated":true}]}}