{"id":214,"date":"2024-07-01T08:11:59","date_gmt":"2024-07-01T08:11:59","guid":{"rendered":"https:\/\/villavinea.com\/?post_type=product&#038;p=214"},"modified":"2025-08-07T08:34:33","modified_gmt":"2025-08-07T08:34:33","slug":"rose-celest-spumant-brut-magnum-2021","status":"publish","type":"product","link":"https:\/\/villavinea.com\/index.php\/product\/rose-celest-spumant-brut-magnum-2021\/","title":{"rendered":"Ros\u00e9 Cel\u00e9st Spumant Brut, Magnum, 2021"},"content":{"rendered":"<p>&nbsp;<\/p>\n<h2>Ros\u00e9 Cel\u00e9st Spumant Brut 2020<\/h2>\n<p><em>Un spumant din Pinot Noir vinificat \u00een roz\u00e9, care aduce o explozie de fructe ro\u015fii proaspete \u015fi crocante, dublate de o frumoas\u0103 mineralitate, specific\u0103 T\u00e2rnavei Mici.<\/em><\/p>\n<p>&nbsp;<\/p>\n<p><em>Culoarea vinului este roz pal, cu iriza\u0163ii portocalii, iar perlarea este intens\u0103 \u015fi \u00eendelungat\u0103. Nasul este delicat, cu piersici, senza\u0163ii de patiserie fin\u0103 \u015fi ierburi aromatice. Corpul este plin, cremos, cu o aciditate vie \u015fi alcool bine integrat. Gustul vine un mix de cire\u015fe de mai, c\u0103p\u015funi \u015fi grapefruit roz, totul elegant \u00eenvelit \u00eentr-un discret rest de zah\u0103r. Postgustul, lung \u015fi plin de prospe\u0163ime, las\u0103 note de coaj\u0103 de citrice, brio\u015f\u0103 \u015fi senza\u0163ii am\u0103rui, elegante. Se poate bea ca aperitiv, dar \u015fi \u00eempreun\u0103 cu salate sau fructe de mare la gr\u0103tar.<\/em><\/p>\n<p>&nbsp;<\/p>\n<p>Razvan Avram, <a href=\"http:\/\/www.paharnicul.ro\">paharnicul.ro<\/a><\/p>\n","protected":false},"excerpt":{"rendered":"<p>&nbsp; Ros\u00e9 Cel\u00e9st Spumant Brut 2020 Un spumant din Pinot &hellip;<\/p>\n","protected":false},"featured_media":234,"comment_status":"open","ping_status":"closed","template":"","meta":[],"product_brand":[],"product_cat":[52,80,102],"product_tag":[274,278,276,280],"class_list":{"0":"post-214","1":"product","2":"type-product","3":"status-publish","4":"has-post-thumbnail","6":"product_cat-sec","7":"product_cat-spumant","8":"product_cat-vin-rose","9":"product_tag-metoda-traditionala-champenoise","10":"product_tag-sampanie","11":"product_tag-spumant-romanesc","12":"product_tag-spumant-rose","14":"first","15":"instock","16":"taxable","17":"shipping-taxable","18":"purchasable","19":"product-type-simple"},"yoast_head":"<!-- This site is optimized with the Yoast SEO plugin v27.4 - https:\/\/yoast.com\/product\/yoast-seo-wordpress\/ -->\n<title>Ros\u00e9 Cel\u00e9st Spumant Brut, Magnum, 2021 - Villa Vinea<\/title>\n<meta name=\"robots\" content=\"index, follow, max-snippet:-1, max-image-preview:large, max-video-preview:-1\" \/>\n<link rel=\"canonical\" href=\"https:\/\/villavinea.com\/index.php\/product\/rose-celest-spumant-brut-magnum-2021\/\" \/>\n<meta property=\"og:locale\" content=\"en_US\" \/>\n<meta property=\"og:type\" content=\"article\" \/>\n<meta property=\"og:title\" content=\"Ros\u00e9 Cel\u00e9st Spumant Brut, Magnum, 2021 - Villa Vinea\" \/>\n<meta property=\"og:description\" content=\"&nbsp; Ros\u00e9 Cel\u00e9st Spumant Brut 2020 Un spumant din Pinot &hellip;\" \/>\n<meta property=\"og:url\" content=\"https:\/\/villavinea.com\/index.php\/product\/rose-celest-spumant-brut-magnum-2021\/\" \/>\n<meta property=\"og:site_name\" content=\"Villa Vinea\" \/>\n<meta property=\"article:publisher\" content=\"https:\/\/www.facebook.com\/VillaVinea\" \/>\n<meta property=\"article:modified_time\" content=\"2025-08-07T08:34:33+00:00\" \/>\n<meta property=\"og:image\" content=\"https:\/\/villavinea.com\/wp-content\/uploads\/2024\/07\/WhatsApp-Image-2022-12-09-at-11.11.37-1.jpeg\" \/>\n\t<meta property=\"og:image:width\" content=\"800\" \/>\n\t<meta property=\"og:image:height\" content=\"800\" \/>\n\t<meta property=\"og:image:type\" content=\"image\/jpeg\" \/>\n<meta name=\"twitter:card\" content=\"summary_large_image\" \/>\n<meta name=\"twitter:label1\" content=\"Est. reading time\" \/>\n\t<meta name=\"twitter:data1\" content=\"2 minutes\" \/>\n<script type=\"application\/ld+json\" class=\"yoast-schema-graph\">{\"@context\":\"https:\\\/\\\/schema.org\",\"@graph\":[{\"@type\":\"WebPage\",\"@id\":\"https:\\\/\\\/villavinea.com\\\/index.php\\\/product\\\/rose-celest-spumant-brut-magnum-2021\\\/\",\"url\":\"https:\\\/\\\/villavinea.com\\\/index.php\\\/product\\\/rose-celest-spumant-brut-magnum-2021\\\/\",\"name\":\"Ros\u00e9 Cel\u00e9st Spumant Brut, Magnum, 2021 - Villa Vinea\",\"isPartOf\":{\"@id\":\"https:\\\/\\\/villavinea.com\\\/#website\"},\"primaryImageOfPage\":{\"@id\":\"https:\\\/\\\/villavinea.com\\\/index.php\\\/product\\\/rose-celest-spumant-brut-magnum-2021\\\/#primaryimage\"},\"image\":{\"@id\":\"https:\\\/\\\/villavinea.com\\\/index.php\\\/product\\\/rose-celest-spumant-brut-magnum-2021\\\/#primaryimage\"},\"thumbnailUrl\":\"https:\\\/\\\/villavinea.com\\\/wp-content\\\/uploads\\\/2024\\\/07\\\/WhatsApp-Image-2022-12-09-at-11.11.37-1.jpeg\",\"datePublished\":\"2024-07-01T08:11:59+00:00\",\"dateModified\":\"2025-08-07T08:34:33+00:00\",\"breadcrumb\":{\"@id\":\"https:\\\/\\\/villavinea.com\\\/index.php\\\/product\\\/rose-celest-spumant-brut-magnum-2021\\\/#breadcrumb\"},\"inLanguage\":\"en-US\",\"potentialAction\":[{\"@type\":\"ReadAction\",\"target\":[\"https:\\\/\\\/villavinea.com\\\/index.php\\\/product\\\/rose-celest-spumant-brut-magnum-2021\\\/\"]}]},{\"@type\":\"ImageObject\",\"inLanguage\":\"en-US\",\"@id\":\"https:\\\/\\\/villavinea.com\\\/index.php\\\/product\\\/rose-celest-spumant-brut-magnum-2021\\\/#primaryimage\",\"url\":\"https:\\\/\\\/villavinea.com\\\/wp-content\\\/uploads\\\/2024\\\/07\\\/WhatsApp-Image-2022-12-09-at-11.11.37-1.jpeg\",\"contentUrl\":\"https:\\\/\\\/villavinea.com\\\/wp-content\\\/uploads\\\/2024\\\/07\\\/WhatsApp-Image-2022-12-09-at-11.11.37-1.jpeg\",\"width\":800,\"height\":800},{\"@type\":\"BreadcrumbList\",\"@id\":\"https:\\\/\\\/villavinea.com\\\/index.php\\\/product\\\/rose-celest-spumant-brut-magnum-2021\\\/#breadcrumb\",\"itemListElement\":[{\"@type\":\"ListItem\",\"position\":1,\"name\":\"Home\",\"item\":\"https:\\\/\\\/villavinea.com\\\/\"},{\"@type\":\"ListItem\",\"position\":2,\"name\":\"Vinurile noastre\",\"item\":\"https:\\\/\\\/villavinea.com\\\/index.php\\\/shop-ro-2\\\/\"},{\"@type\":\"ListItem\",\"position\":3,\"name\":\"Ros\u00e9 Cel\u00e9st Spumant Brut, Magnum, 2021\"}]},{\"@type\":\"WebSite\",\"@id\":\"https:\\\/\\\/villavinea.com\\\/#website\",\"url\":\"https:\\\/\\\/villavinea.com\\\/\",\"name\":\"Villa Vinea\",\"description\":\"\",\"publisher\":{\"@id\":\"https:\\\/\\\/villavinea.com\\\/#organization\"},\"potentialAction\":[{\"@type\":\"SearchAction\",\"target\":{\"@type\":\"EntryPoint\",\"urlTemplate\":\"https:\\\/\\\/villavinea.com\\\/?s={search_term_string}\"},\"query-input\":{\"@type\":\"PropertyValueSpecification\",\"valueRequired\":true,\"valueName\":\"search_term_string\"}}],\"inLanguage\":\"en-US\"},{\"@type\":\"Organization\",\"@id\":\"https:\\\/\\\/villavinea.com\\\/#organization\",\"name\":\"Villa Vinea\",\"url\":\"https:\\\/\\\/villavinea.com\\\/\",\"logo\":{\"@type\":\"ImageObject\",\"inLanguage\":\"en-US\",\"@id\":\"https:\\\/\\\/villavinea.com\\\/#\\\/schema\\\/logo\\\/image\\\/\",\"url\":\"https:\\\/\\\/villavinea.com\\\/wp-content\\\/uploads\\\/2024\\\/07\\\/Logo-Villa-Vinea.png\",\"contentUrl\":\"https:\\\/\\\/villavinea.com\\\/wp-content\\\/uploads\\\/2024\\\/07\\\/Logo-Villa-Vinea.png\",\"width\":1525,\"height\":508,\"caption\":\"Villa Vinea\"},\"image\":{\"@id\":\"https:\\\/\\\/villavinea.com\\\/#\\\/schema\\\/logo\\\/image\\\/\"},\"sameAs\":[\"https:\\\/\\\/www.facebook.com\\\/VillaVinea\",\"https:\\\/\\\/www.instagram.com\\\/villavinearomania\\\/\",\"https:\\\/\\\/www.youtube.com\\\/@VillaVineaMures\"]}]}<\/script>\n<!-- \/ Yoast SEO plugin. -->","yoast_head_json":{"title":"Ros\u00e9 Cel\u00e9st Spumant Brut, Magnum, 2021 - Villa Vinea","robots":{"index":"index","follow":"follow","max-snippet":"max-snippet:-1","max-image-preview":"max-image-preview:large","max-video-preview":"max-video-preview:-1"},"canonical":"https:\/\/villavinea.com\/index.php\/product\/rose-celest-spumant-brut-magnum-2021\/","og_locale":"en_US","og_type":"article","og_title":"Ros\u00e9 Cel\u00e9st Spumant Brut, Magnum, 2021 - Villa Vinea","og_description":"&nbsp; Ros\u00e9 Cel\u00e9st Spumant Brut 2020 Un spumant din Pinot &hellip;","og_url":"https:\/\/villavinea.com\/index.php\/product\/rose-celest-spumant-brut-magnum-2021\/","og_site_name":"Villa Vinea","article_publisher":"https:\/\/www.facebook.com\/VillaVinea","article_modified_time":"2025-08-07T08:34:33+00:00","og_image":[{"width":800,"height":800,"url":"https:\/\/villavinea.com\/wp-content\/uploads\/2024\/07\/WhatsApp-Image-2022-12-09-at-11.11.37-1.jpeg","type":"image\/jpeg"}],"twitter_card":"summary_large_image","twitter_misc":{"Est. reading time":"2 minutes"},"schema":{"@context":"https:\/\/schema.org","@graph":[{"@type":"WebPage","@id":"https:\/\/villavinea.com\/index.php\/product\/rose-celest-spumant-brut-magnum-2021\/","url":"https:\/\/villavinea.com\/index.php\/product\/rose-celest-spumant-brut-magnum-2021\/","name":"Ros\u00e9 Cel\u00e9st Spumant Brut, Magnum, 2021 - Villa Vinea","isPartOf":{"@id":"https:\/\/villavinea.com\/#website"},"primaryImageOfPage":{"@id":"https:\/\/villavinea.com\/index.php\/product\/rose-celest-spumant-brut-magnum-2021\/#primaryimage"},"image":{"@id":"https:\/\/villavinea.com\/index.php\/product\/rose-celest-spumant-brut-magnum-2021\/#primaryimage"},"thumbnailUrl":"https:\/\/villavinea.com\/wp-content\/uploads\/2024\/07\/WhatsApp-Image-2022-12-09-at-11.11.37-1.jpeg","datePublished":"2024-07-01T08:11:59+00:00","dateModified":"2025-08-07T08:34:33+00:00","breadcrumb":{"@id":"https:\/\/villavinea.com\/index.php\/product\/rose-celest-spumant-brut-magnum-2021\/#breadcrumb"},"inLanguage":"en-US","potentialAction":[{"@type":"ReadAction","target":["https:\/\/villavinea.com\/index.php\/product\/rose-celest-spumant-brut-magnum-2021\/"]}]},{"@type":"ImageObject","inLanguage":"en-US","@id":"https:\/\/villavinea.com\/index.php\/product\/rose-celest-spumant-brut-magnum-2021\/#primaryimage","url":"https:\/\/villavinea.com\/wp-content\/uploads\/2024\/07\/WhatsApp-Image-2022-12-09-at-11.11.37-1.jpeg","contentUrl":"https:\/\/villavinea.com\/wp-content\/uploads\/2024\/07\/WhatsApp-Image-2022-12-09-at-11.11.37-1.jpeg","width":800,"height":800},{"@type":"BreadcrumbList","@id":"https:\/\/villavinea.com\/index.php\/product\/rose-celest-spumant-brut-magnum-2021\/#breadcrumb","itemListElement":[{"@type":"ListItem","position":1,"name":"Home","item":"https:\/\/villavinea.com\/"},{"@type":"ListItem","position":2,"name":"Vinurile noastre","item":"https:\/\/villavinea.com\/index.php\/shop-ro-2\/"},{"@type":"ListItem","position":3,"name":"Ros\u00e9 Cel\u00e9st Spumant Brut, Magnum, 2021"}]},{"@type":"WebSite","@id":"https:\/\/villavinea.com\/#website","url":"https:\/\/villavinea.com\/","name":"Villa Vinea","description":"","publisher":{"@id":"https:\/\/villavinea.com\/#organization"},"potentialAction":[{"@type":"SearchAction","target":{"@type":"EntryPoint","urlTemplate":"https:\/\/villavinea.com\/?s={search_term_string}"},"query-input":{"@type":"PropertyValueSpecification","valueRequired":true,"valueName":"search_term_string"}}],"inLanguage":"en-US"},{"@type":"Organization","@id":"https:\/\/villavinea.com\/#organization","name":"Villa Vinea","url":"https:\/\/villavinea.com\/","logo":{"@type":"ImageObject","inLanguage":"en-US","@id":"https:\/\/villavinea.com\/#\/schema\/logo\/image\/","url":"https:\/\/villavinea.com\/wp-content\/uploads\/2024\/07\/Logo-Villa-Vinea.png","contentUrl":"https:\/\/villavinea.com\/wp-content\/uploads\/2024\/07\/Logo-Villa-Vinea.png","width":1525,"height":508,"caption":"Villa Vinea"},"image":{"@id":"https:\/\/villavinea.com\/#\/schema\/logo\/image\/"},"sameAs":["https:\/\/www.facebook.com\/VillaVinea","https:\/\/www.instagram.com\/villavinearomania\/","https:\/\/www.youtube.com\/@VillaVineaMures"]}]}},"jetpack_sharing_enabled":true,"_links":{"self":[{"href":"https:\/\/villavinea.com\/index.php\/wp-json\/wp\/v2\/product\/214","targetHints":{"allow":["GET"]}}],"collection":[{"href":"https:\/\/villavinea.com\/index.php\/wp-json\/wp\/v2\/product"}],"about":[{"href":"https:\/\/villavinea.com\/index.php\/wp-json\/wp\/v2\/types\/product"}],"replies":[{"embeddable":true,"href":"https:\/\/villavinea.com\/index.php\/wp-json\/wp\/v2\/comments?post=214"}],"wp:featuredmedia":[{"embeddable":true,"href":"https:\/\/villavinea.com\/index.php\/wp-json\/wp\/v2\/media\/234"}],"wp:attachment":[{"href":"https:\/\/villavinea.com\/index.php\/wp-json\/wp\/v2\/media?parent=214"}],"wp:term":[{"taxonomy":"product_brand","embeddable":true,"href":"https:\/\/villavinea.com\/index.php\/wp-json\/wp\/v2\/product_brand?post=214"},{"taxonomy":"product_cat","embeddable":true,"href":"https:\/\/villavinea.com\/index.php\/wp-json\/wp\/v2\/product_cat?post=214"},{"taxonomy":"product_tag","embeddable":true,"href":"https:\/\/villavinea.com\/index.php\/wp-json\/wp\/v2\/product_tag?post=214"}],"curies":[{"name":"wp","href":"https:\/\/api.w.org\/{rel}","templated":true}]}}