{"id":219,"date":"2024-07-01T08:12:00","date_gmt":"2024-07-01T08:12:00","guid":{"rendered":"https:\/\/villavinea.com\/?post_type=product&#038;p=219"},"modified":"2024-07-01T08:12:19","modified_gmt":"2024-07-01T08:12:19","slug":"verticala-rubin-magnum-2016-2017-2018","status":"publish","type":"product","link":"https:\/\/villavinea.com\/index.php\/product\/verticala-rubin-magnum-2016-2017-2018\/","title":{"rendered":"Verticala Rubin Magnum 2016, 2017, 2018"},"content":{"rendered":"<h2>Verticala Rubin Magnum 2015, 2016, 2017<\/h2>\n<p>&nbsp;<\/p>\n<p>Verticalele de vinuri Villa Vin\u00e8a reprezint\u0103 o istorie lichid\u0103 a cramei, un adev\u0103rat curriculum<br \/>\nvitae oenologic. Degust\u00e2nd comparativ acela\u0219i vin, produs \u00een ani diferi\u021bi, te invit\u0103m s\u0103 observi<br \/>\nimpactul terrorului \u0219i al climei asupra unor atribute cheie, cum sunt nuan\u021bele cromatice, dar \u0219i<br \/>\ncele de nas, aciditate, gust \u0219i postgust.<br \/>\nAnul 2023 aduce o noutate pentru crama Villa Vin\u00e8a, odat\u0103 cu lansarea a trei verticale pentru<br \/>\nvinurile din gama Selection a Rubin, Diamant \u0219i Argilla.<\/p>\n<p>&nbsp;<\/p>\n<p>Rubin este compus din Merlot, Zweigelt \u015fi Feteasc\u0103 Neagr\u0103, un trio care sus\u0163ine cel mai reu\u015fit<br \/>\nvin ro\u015fu al cramei Villa Vin\u00e8a. Atributele sale sunt clare \u015fi f\u0103r\u0103 echivoc: elegan\u0163\u0103, complexitate \u015fi<br \/>\nconvivialitate. Un vin foarte echilibrat, la care baricul a fost folosit cu mult\u0103 discre\u0163ie. Culoarea<br \/>\neste vi\u015finie cu bordur\u0103 purpurie, iar nasul, sobru, vine cu fructe negre de p\u0103dure, fum \u015fi piele<br \/>\nt\u0103b\u0103cit\u0103. Corpul suplu, cu taninuri bine rotunjite, are o excelent\u0103 aciditate \u015fi alcool insesizabil.<br \/>\nGustul aduce un mix de prune p\u00e2rguite, vi\u015fine \u015fi cire\u015fe negre, totul frumos \u00eenv\u0103luit \u00een senza\u0163ii de<br \/>\nlemn dulce, scor\u0163i\u015foar\u0103 \u015fi ciocolat\u0103 amar\u0103.<\/p>\n","protected":false},"excerpt":{"rendered":"<p>Verticala Rubin Magnum 2015, 2016, 2017 &nbsp; Verticalele de vinuri &hellip;<\/p>\n","protected":false},"featured_media":243,"comment_status":"open","ping_status":"closed","template":"","meta":[],"product_brand":[],"product_cat":[52,54,66],"product_tag":[],"class_list":{"0":"post-219","1":"product","2":"type-product","3":"status-publish","4":"has-post-thumbnail","6":"product_cat-sec","7":"product_cat-selection","8":"product_cat-vin-rosu","10":"first","11":"instock","12":"taxable","13":"shipping-taxable","14":"purchasable","15":"product-type-simple"},"yoast_head":"<!-- This site is optimized with the Yoast SEO plugin v27.4 - https:\/\/yoast.com\/product\/yoast-seo-wordpress\/ -->\n<title>Verticala Rubin Magnum 2016, 2017, 2018 - Villa Vinea<\/title>\n<meta name=\"robots\" content=\"index, follow, max-snippet:-1, max-image-preview:large, max-video-preview:-1\" \/>\n<link rel=\"canonical\" href=\"https:\/\/villavinea.com\/index.php\/product\/verticala-rubin-magnum-2016-2017-2018\/\" \/>\n<meta property=\"og:locale\" content=\"en_US\" \/>\n<meta property=\"og:type\" content=\"article\" \/>\n<meta property=\"og:title\" content=\"Verticala Rubin Magnum 2016, 2017, 2018 - Villa Vinea\" \/>\n<meta property=\"og:description\" content=\"Verticala Rubin Magnum 2015, 2016, 2017 &nbsp; Verticalele de vinuri &hellip;\" \/>\n<meta property=\"og:url\" content=\"https:\/\/villavinea.com\/index.php\/product\/verticala-rubin-magnum-2016-2017-2018\/\" \/>\n<meta property=\"og:site_name\" content=\"Villa Vinea\" \/>\n<meta property=\"article:publisher\" content=\"https:\/\/www.facebook.com\/VillaVinea\" \/>\n<meta property=\"article:modified_time\" content=\"2024-07-01T08:12:19+00:00\" \/>\n<meta property=\"og:image\" content=\"https:\/\/villavinea.com\/wp-content\/uploads\/2024\/07\/EDE2137-1.jpg\" \/>\n\t<meta property=\"og:image:width\" content=\"800\" \/>\n\t<meta property=\"og:image:height\" content=\"1067\" \/>\n\t<meta property=\"og:image:type\" content=\"image\/jpeg\" \/>\n<meta name=\"twitter:card\" content=\"summary_large_image\" \/>\n<meta name=\"twitter:label1\" content=\"Est. reading time\" \/>\n\t<meta name=\"twitter:data1\" content=\"1 minute\" \/>\n<script type=\"application\/ld+json\" class=\"yoast-schema-graph\">{\"@context\":\"https:\\\/\\\/schema.org\",\"@graph\":[{\"@type\":\"WebPage\",\"@id\":\"https:\\\/\\\/villavinea.com\\\/index.php\\\/product\\\/verticala-rubin-magnum-2016-2017-2018\\\/\",\"url\":\"https:\\\/\\\/villavinea.com\\\/index.php\\\/product\\\/verticala-rubin-magnum-2016-2017-2018\\\/\",\"name\":\"Verticala Rubin Magnum 2016, 2017, 2018 - Villa Vinea\",\"isPartOf\":{\"@id\":\"https:\\\/\\\/villavinea.com\\\/#website\"},\"primaryImageOfPage\":{\"@id\":\"https:\\\/\\\/villavinea.com\\\/index.php\\\/product\\\/verticala-rubin-magnum-2016-2017-2018\\\/#primaryimage\"},\"image\":{\"@id\":\"https:\\\/\\\/villavinea.com\\\/index.php\\\/product\\\/verticala-rubin-magnum-2016-2017-2018\\\/#primaryimage\"},\"thumbnailUrl\":\"https:\\\/\\\/villavinea.com\\\/wp-content\\\/uploads\\\/2024\\\/07\\\/EDE2137-1.jpg\",\"datePublished\":\"2024-07-01T08:12:00+00:00\",\"dateModified\":\"2024-07-01T08:12:19+00:00\",\"breadcrumb\":{\"@id\":\"https:\\\/\\\/villavinea.com\\\/index.php\\\/product\\\/verticala-rubin-magnum-2016-2017-2018\\\/#breadcrumb\"},\"inLanguage\":\"en-US\",\"potentialAction\":[{\"@type\":\"ReadAction\",\"target\":[\"https:\\\/\\\/villavinea.com\\\/index.php\\\/product\\\/verticala-rubin-magnum-2016-2017-2018\\\/\"]}]},{\"@type\":\"ImageObject\",\"inLanguage\":\"en-US\",\"@id\":\"https:\\\/\\\/villavinea.com\\\/index.php\\\/product\\\/verticala-rubin-magnum-2016-2017-2018\\\/#primaryimage\",\"url\":\"https:\\\/\\\/villavinea.com\\\/wp-content\\\/uploads\\\/2024\\\/07\\\/EDE2137-1.jpg\",\"contentUrl\":\"https:\\\/\\\/villavinea.com\\\/wp-content\\\/uploads\\\/2024\\\/07\\\/EDE2137-1.jpg\",\"width\":800,\"height\":1067},{\"@type\":\"BreadcrumbList\",\"@id\":\"https:\\\/\\\/villavinea.com\\\/index.php\\\/product\\\/verticala-rubin-magnum-2016-2017-2018\\\/#breadcrumb\",\"itemListElement\":[{\"@type\":\"ListItem\",\"position\":1,\"name\":\"Home\",\"item\":\"https:\\\/\\\/villavinea.com\\\/\"},{\"@type\":\"ListItem\",\"position\":2,\"name\":\"Vinurile noastre\",\"item\":\"https:\\\/\\\/villavinea.com\\\/index.php\\\/shop-ro-2\\\/\"},{\"@type\":\"ListItem\",\"position\":3,\"name\":\"Verticala Rubin Magnum 2016, 2017, 2018\"}]},{\"@type\":\"WebSite\",\"@id\":\"https:\\\/\\\/villavinea.com\\\/#website\",\"url\":\"https:\\\/\\\/villavinea.com\\\/\",\"name\":\"Villa Vinea\",\"description\":\"\",\"publisher\":{\"@id\":\"https:\\\/\\\/villavinea.com\\\/#organization\"},\"potentialAction\":[{\"@type\":\"SearchAction\",\"target\":{\"@type\":\"EntryPoint\",\"urlTemplate\":\"https:\\\/\\\/villavinea.com\\\/?s={search_term_string}\"},\"query-input\":{\"@type\":\"PropertyValueSpecification\",\"valueRequired\":true,\"valueName\":\"search_term_string\"}}],\"inLanguage\":\"en-US\"},{\"@type\":\"Organization\",\"@id\":\"https:\\\/\\\/villavinea.com\\\/#organization\",\"name\":\"Villa Vinea\",\"url\":\"https:\\\/\\\/villavinea.com\\\/\",\"logo\":{\"@type\":\"ImageObject\",\"inLanguage\":\"en-US\",\"@id\":\"https:\\\/\\\/villavinea.com\\\/#\\\/schema\\\/logo\\\/image\\\/\",\"url\":\"https:\\\/\\\/villavinea.com\\\/wp-content\\\/uploads\\\/2024\\\/07\\\/Logo-Villa-Vinea.png\",\"contentUrl\":\"https:\\\/\\\/villavinea.com\\\/wp-content\\\/uploads\\\/2024\\\/07\\\/Logo-Villa-Vinea.png\",\"width\":1525,\"height\":508,\"caption\":\"Villa Vinea\"},\"image\":{\"@id\":\"https:\\\/\\\/villavinea.com\\\/#\\\/schema\\\/logo\\\/image\\\/\"},\"sameAs\":[\"https:\\\/\\\/www.facebook.com\\\/VillaVinea\",\"https:\\\/\\\/www.instagram.com\\\/villavinearomania\\\/\",\"https:\\\/\\\/www.youtube.com\\\/@VillaVineaMures\"]}]}<\/script>\n<!-- \/ Yoast SEO plugin. -->","yoast_head_json":{"title":"Verticala Rubin Magnum 2016, 2017, 2018 - Villa Vinea","robots":{"index":"index","follow":"follow","max-snippet":"max-snippet:-1","max-image-preview":"max-image-preview:large","max-video-preview":"max-video-preview:-1"},"canonical":"https:\/\/villavinea.com\/index.php\/product\/verticala-rubin-magnum-2016-2017-2018\/","og_locale":"en_US","og_type":"article","og_title":"Verticala Rubin Magnum 2016, 2017, 2018 - Villa Vinea","og_description":"Verticala Rubin Magnum 2015, 2016, 2017 &nbsp; Verticalele de vinuri &hellip;","og_url":"https:\/\/villavinea.com\/index.php\/product\/verticala-rubin-magnum-2016-2017-2018\/","og_site_name":"Villa Vinea","article_publisher":"https:\/\/www.facebook.com\/VillaVinea","article_modified_time":"2024-07-01T08:12:19+00:00","og_image":[{"width":800,"height":1067,"url":"https:\/\/villavinea.com\/wp-content\/uploads\/2024\/07\/EDE2137-1.jpg","type":"image\/jpeg"}],"twitter_card":"summary_large_image","twitter_misc":{"Est. reading time":"1 minute"},"schema":{"@context":"https:\/\/schema.org","@graph":[{"@type":"WebPage","@id":"https:\/\/villavinea.com\/index.php\/product\/verticala-rubin-magnum-2016-2017-2018\/","url":"https:\/\/villavinea.com\/index.php\/product\/verticala-rubin-magnum-2016-2017-2018\/","name":"Verticala Rubin Magnum 2016, 2017, 2018 - Villa Vinea","isPartOf":{"@id":"https:\/\/villavinea.com\/#website"},"primaryImageOfPage":{"@id":"https:\/\/villavinea.com\/index.php\/product\/verticala-rubin-magnum-2016-2017-2018\/#primaryimage"},"image":{"@id":"https:\/\/villavinea.com\/index.php\/product\/verticala-rubin-magnum-2016-2017-2018\/#primaryimage"},"thumbnailUrl":"https:\/\/villavinea.com\/wp-content\/uploads\/2024\/07\/EDE2137-1.jpg","datePublished":"2024-07-01T08:12:00+00:00","dateModified":"2024-07-01T08:12:19+00:00","breadcrumb":{"@id":"https:\/\/villavinea.com\/index.php\/product\/verticala-rubin-magnum-2016-2017-2018\/#breadcrumb"},"inLanguage":"en-US","potentialAction":[{"@type":"ReadAction","target":["https:\/\/villavinea.com\/index.php\/product\/verticala-rubin-magnum-2016-2017-2018\/"]}]},{"@type":"ImageObject","inLanguage":"en-US","@id":"https:\/\/villavinea.com\/index.php\/product\/verticala-rubin-magnum-2016-2017-2018\/#primaryimage","url":"https:\/\/villavinea.com\/wp-content\/uploads\/2024\/07\/EDE2137-1.jpg","contentUrl":"https:\/\/villavinea.com\/wp-content\/uploads\/2024\/07\/EDE2137-1.jpg","width":800,"height":1067},{"@type":"BreadcrumbList","@id":"https:\/\/villavinea.com\/index.php\/product\/verticala-rubin-magnum-2016-2017-2018\/#breadcrumb","itemListElement":[{"@type":"ListItem","position":1,"name":"Home","item":"https:\/\/villavinea.com\/"},{"@type":"ListItem","position":2,"name":"Vinurile noastre","item":"https:\/\/villavinea.com\/index.php\/shop-ro-2\/"},{"@type":"ListItem","position":3,"name":"Verticala Rubin Magnum 2016, 2017, 2018"}]},{"@type":"WebSite","@id":"https:\/\/villavinea.com\/#website","url":"https:\/\/villavinea.com\/","name":"Villa Vinea","description":"","publisher":{"@id":"https:\/\/villavinea.com\/#organization"},"potentialAction":[{"@type":"SearchAction","target":{"@type":"EntryPoint","urlTemplate":"https:\/\/villavinea.com\/?s={search_term_string}"},"query-input":{"@type":"PropertyValueSpecification","valueRequired":true,"valueName":"search_term_string"}}],"inLanguage":"en-US"},{"@type":"Organization","@id":"https:\/\/villavinea.com\/#organization","name":"Villa Vinea","url":"https:\/\/villavinea.com\/","logo":{"@type":"ImageObject","inLanguage":"en-US","@id":"https:\/\/villavinea.com\/#\/schema\/logo\/image\/","url":"https:\/\/villavinea.com\/wp-content\/uploads\/2024\/07\/Logo-Villa-Vinea.png","contentUrl":"https:\/\/villavinea.com\/wp-content\/uploads\/2024\/07\/Logo-Villa-Vinea.png","width":1525,"height":508,"caption":"Villa Vinea"},"image":{"@id":"https:\/\/villavinea.com\/#\/schema\/logo\/image\/"},"sameAs":["https:\/\/www.facebook.com\/VillaVinea","https:\/\/www.instagram.com\/villavinearomania\/","https:\/\/www.youtube.com\/@VillaVineaMures"]}]}},"jetpack_sharing_enabled":true,"_links":{"self":[{"href":"https:\/\/villavinea.com\/index.php\/wp-json\/wp\/v2\/product\/219","targetHints":{"allow":["GET"]}}],"collection":[{"href":"https:\/\/villavinea.com\/index.php\/wp-json\/wp\/v2\/product"}],"about":[{"href":"https:\/\/villavinea.com\/index.php\/wp-json\/wp\/v2\/types\/product"}],"replies":[{"embeddable":true,"href":"https:\/\/villavinea.com\/index.php\/wp-json\/wp\/v2\/comments?post=219"}],"wp:featuredmedia":[{"embeddable":true,"href":"https:\/\/villavinea.com\/index.php\/wp-json\/wp\/v2\/media\/243"}],"wp:attachment":[{"href":"https:\/\/villavinea.com\/index.php\/wp-json\/wp\/v2\/media?parent=219"}],"wp:term":[{"taxonomy":"product_brand","embeddable":true,"href":"https:\/\/villavinea.com\/index.php\/wp-json\/wp\/v2\/product_brand?post=219"},{"taxonomy":"product_cat","embeddable":true,"href":"https:\/\/villavinea.com\/index.php\/wp-json\/wp\/v2\/product_cat?post=219"},{"taxonomy":"product_tag","embeddable":true,"href":"https:\/\/villavinea.com\/index.php\/wp-json\/wp\/v2\/product_tag?post=219"}],"curies":[{"name":"wp","href":"https:\/\/api.w.org\/{rel}","templated":true}]}}