{"id":220,"date":"2024-07-01T08:12:00","date_gmt":"2024-07-01T08:12:00","guid":{"rendered":"https:\/\/villavinea.com\/?post_type=product&#038;p=220"},"modified":"2025-02-02T07:40:45","modified_gmt":"2025-02-02T07:40:45","slug":"verticala-argilla-2017-2018-2019","status":"publish","type":"product","link":"https:\/\/villavinea.com\/index.php\/product\/verticala-argilla-2017-2018-2019\/","title":{"rendered":"Verticala Argilla 2017, 2018, 2019"},"content":{"rendered":"<h2>Verticala Argilla 2017, 2018, 2019<\/h2>\n<p>&nbsp;<\/p>\n<p>Verticalele de vinuri Villa Vin\u00e8a reprezint\u0103 o istorie lichid\u0103 a cramei, un adev\u0103rat curriculum<br \/>\nvitae oenologic. Degust\u00e2nd comparativ acela\u0219i vin, produs \u00een ani diferi\u021bi, te invit\u0103m s\u0103 observi<br \/>\nimpactul terrorului \u0219i al climei asupra unor atribute cheie, cum sunt nuan\u021bele cromatice, dar \u0219i<br \/>\ncele de nas, aciditate, gust \u0219i postgust.<br \/>\nAnul 2023 aduce o noutate pentru crama Villa Vin\u00e8a, odat\u0103 cu lansarea a trei verticale pentru<br \/>\nvinurile din gama Selection a Rubin, Diamant \u0219i Argilla.<\/p>\n<p>&nbsp;<\/p>\n<p>Argilla este un triptic de Feteasc\u0103 Regal\u0103, Feteasc\u0103 Alb\u0103 \u015fi Sauvignon Blanc, maturat un an \u015fi<br \/>\njum\u0103tate \u00een baric \u015fi \u00eenc\u0103 doi ani \u00een sticl\u0103. Rezultatul este un vin impresionant, de o culoare<br \/>\ngalben aprins, cu reflexii de chihlimbar \u015fi un nas intens, cu flori albe confiate, ment\u0103 \u015fi lemn<br \/>\nafumat. Corpul este masiv, cu o textur\u0103 cremoas\u0103 dat\u0103 de Feteasca Alb\u0103, bine sus\u0163inut de<br \/>\naciditatea Fete\u015ftii Regale \u015fi de notele exotice de ananas, mandarine \u015fi anason aduse de<br \/>\nSauvignon Blanc. Postgustul este prelung, l\u0103s\u00e2nd senza\u0163ii de fagure de miere, vanilie \u015fi miez de<br \/>\nnuc\u0103.<\/p>\n","protected":false},"excerpt":{"rendered":"<p>Verticala Argilla 2017, 2018, 2019 &nbsp; Verticalele de vinuri Villa &hellip;<\/p>\n","protected":false},"featured_media":245,"comment_status":"open","ping_status":"closed","template":"","meta":[],"product_brand":[],"product_cat":[285,52,54,287,56],"product_tag":[],"class_list":{"0":"post-220","1":"product","2":"type-product","3":"status-publish","4":"has-post-thumbnail","6":"product_cat-pachete-promotionale","7":"product_cat-sec","8":"product_cat-selection","9":"product_cat-verticala","10":"product_cat-vin-alb","12":"first","13":"instock","14":"taxable","15":"shipping-taxable","16":"purchasable","17":"product-type-simple"},"yoast_head":"<!-- This site is optimized with the Yoast SEO plugin v27.4 - https:\/\/yoast.com\/product\/yoast-seo-wordpress\/ -->\n<title>Verticala Argilla 2017, 2018, 2019 - Villa Vinea<\/title>\n<meta name=\"robots\" content=\"index, follow, max-snippet:-1, max-image-preview:large, max-video-preview:-1\" \/>\n<link rel=\"canonical\" href=\"https:\/\/villavinea.com\/index.php\/product\/verticala-argilla-2017-2018-2019\/\" \/>\n<meta property=\"og:locale\" content=\"en_US\" \/>\n<meta property=\"og:type\" content=\"article\" \/>\n<meta property=\"og:title\" content=\"Verticala Argilla 2017, 2018, 2019 - Villa Vinea\" \/>\n<meta property=\"og:description\" content=\"Verticala Argilla 2017, 2018, 2019 &nbsp; Verticalele de vinuri Villa &hellip;\" \/>\n<meta property=\"og:url\" content=\"https:\/\/villavinea.com\/index.php\/product\/verticala-argilla-2017-2018-2019\/\" \/>\n<meta property=\"og:site_name\" content=\"Villa Vinea\" \/>\n<meta property=\"article:publisher\" content=\"https:\/\/www.facebook.com\/VillaVinea\" \/>\n<meta property=\"article:modified_time\" content=\"2025-02-02T07:40:45+00:00\" \/>\n<meta property=\"og:image\" content=\"https:\/\/villavinea.com\/wp-content\/uploads\/2024\/07\/DSC3479.jpg\" \/>\n\t<meta property=\"og:image:width\" content=\"800\" \/>\n\t<meta property=\"og:image:height\" content=\"800\" \/>\n\t<meta property=\"og:image:type\" content=\"image\/jpeg\" \/>\n<meta name=\"twitter:card\" content=\"summary_large_image\" \/>\n<meta name=\"twitter:label1\" content=\"Est. reading time\" \/>\n\t<meta name=\"twitter:data1\" content=\"1 minute\" \/>\n<script type=\"application\/ld+json\" class=\"yoast-schema-graph\">{\"@context\":\"https:\\\/\\\/schema.org\",\"@graph\":[{\"@type\":\"WebPage\",\"@id\":\"https:\\\/\\\/villavinea.com\\\/index.php\\\/product\\\/verticala-argilla-2017-2018-2019\\\/\",\"url\":\"https:\\\/\\\/villavinea.com\\\/index.php\\\/product\\\/verticala-argilla-2017-2018-2019\\\/\",\"name\":\"Verticala Argilla 2017, 2018, 2019 - Villa Vinea\",\"isPartOf\":{\"@id\":\"https:\\\/\\\/villavinea.com\\\/#website\"},\"primaryImageOfPage\":{\"@id\":\"https:\\\/\\\/villavinea.com\\\/index.php\\\/product\\\/verticala-argilla-2017-2018-2019\\\/#primaryimage\"},\"image\":{\"@id\":\"https:\\\/\\\/villavinea.com\\\/index.php\\\/product\\\/verticala-argilla-2017-2018-2019\\\/#primaryimage\"},\"thumbnailUrl\":\"https:\\\/\\\/villavinea.com\\\/wp-content\\\/uploads\\\/2024\\\/07\\\/DSC3479.jpg\",\"datePublished\":\"2024-07-01T08:12:00+00:00\",\"dateModified\":\"2025-02-02T07:40:45+00:00\",\"breadcrumb\":{\"@id\":\"https:\\\/\\\/villavinea.com\\\/index.php\\\/product\\\/verticala-argilla-2017-2018-2019\\\/#breadcrumb\"},\"inLanguage\":\"en-US\",\"potentialAction\":[{\"@type\":\"ReadAction\",\"target\":[\"https:\\\/\\\/villavinea.com\\\/index.php\\\/product\\\/verticala-argilla-2017-2018-2019\\\/\"]}]},{\"@type\":\"ImageObject\",\"inLanguage\":\"en-US\",\"@id\":\"https:\\\/\\\/villavinea.com\\\/index.php\\\/product\\\/verticala-argilla-2017-2018-2019\\\/#primaryimage\",\"url\":\"https:\\\/\\\/villavinea.com\\\/wp-content\\\/uploads\\\/2024\\\/07\\\/DSC3479.jpg\",\"contentUrl\":\"https:\\\/\\\/villavinea.com\\\/wp-content\\\/uploads\\\/2024\\\/07\\\/DSC3479.jpg\",\"width\":800,\"height\":800},{\"@type\":\"BreadcrumbList\",\"@id\":\"https:\\\/\\\/villavinea.com\\\/index.php\\\/product\\\/verticala-argilla-2017-2018-2019\\\/#breadcrumb\",\"itemListElement\":[{\"@type\":\"ListItem\",\"position\":1,\"name\":\"Home\",\"item\":\"https:\\\/\\\/villavinea.com\\\/\"},{\"@type\":\"ListItem\",\"position\":2,\"name\":\"Vinurile noastre\",\"item\":\"https:\\\/\\\/villavinea.com\\\/index.php\\\/shop-ro-2\\\/\"},{\"@type\":\"ListItem\",\"position\":3,\"name\":\"Verticala Argilla 2017, 2018, 2019\"}]},{\"@type\":\"WebSite\",\"@id\":\"https:\\\/\\\/villavinea.com\\\/#website\",\"url\":\"https:\\\/\\\/villavinea.com\\\/\",\"name\":\"Villa Vinea\",\"description\":\"\",\"publisher\":{\"@id\":\"https:\\\/\\\/villavinea.com\\\/#organization\"},\"potentialAction\":[{\"@type\":\"SearchAction\",\"target\":{\"@type\":\"EntryPoint\",\"urlTemplate\":\"https:\\\/\\\/villavinea.com\\\/?s={search_term_string}\"},\"query-input\":{\"@type\":\"PropertyValueSpecification\",\"valueRequired\":true,\"valueName\":\"search_term_string\"}}],\"inLanguage\":\"en-US\"},{\"@type\":\"Organization\",\"@id\":\"https:\\\/\\\/villavinea.com\\\/#organization\",\"name\":\"Villa Vinea\",\"url\":\"https:\\\/\\\/villavinea.com\\\/\",\"logo\":{\"@type\":\"ImageObject\",\"inLanguage\":\"en-US\",\"@id\":\"https:\\\/\\\/villavinea.com\\\/#\\\/schema\\\/logo\\\/image\\\/\",\"url\":\"https:\\\/\\\/villavinea.com\\\/wp-content\\\/uploads\\\/2024\\\/07\\\/Logo-Villa-Vinea.png\",\"contentUrl\":\"https:\\\/\\\/villavinea.com\\\/wp-content\\\/uploads\\\/2024\\\/07\\\/Logo-Villa-Vinea.png\",\"width\":1525,\"height\":508,\"caption\":\"Villa Vinea\"},\"image\":{\"@id\":\"https:\\\/\\\/villavinea.com\\\/#\\\/schema\\\/logo\\\/image\\\/\"},\"sameAs\":[\"https:\\\/\\\/www.facebook.com\\\/VillaVinea\",\"https:\\\/\\\/www.instagram.com\\\/villavinearomania\\\/\",\"https:\\\/\\\/www.youtube.com\\\/@VillaVineaMures\"]}]}<\/script>\n<!-- \/ Yoast SEO plugin. -->","yoast_head_json":{"title":"Verticala Argilla 2017, 2018, 2019 - Villa Vinea","robots":{"index":"index","follow":"follow","max-snippet":"max-snippet:-1","max-image-preview":"max-image-preview:large","max-video-preview":"max-video-preview:-1"},"canonical":"https:\/\/villavinea.com\/index.php\/product\/verticala-argilla-2017-2018-2019\/","og_locale":"en_US","og_type":"article","og_title":"Verticala Argilla 2017, 2018, 2019 - Villa Vinea","og_description":"Verticala Argilla 2017, 2018, 2019 &nbsp; Verticalele de vinuri Villa &hellip;","og_url":"https:\/\/villavinea.com\/index.php\/product\/verticala-argilla-2017-2018-2019\/","og_site_name":"Villa Vinea","article_publisher":"https:\/\/www.facebook.com\/VillaVinea","article_modified_time":"2025-02-02T07:40:45+00:00","og_image":[{"width":800,"height":800,"url":"https:\/\/villavinea.com\/wp-content\/uploads\/2024\/07\/DSC3479.jpg","type":"image\/jpeg"}],"twitter_card":"summary_large_image","twitter_misc":{"Est. reading time":"1 minute"},"schema":{"@context":"https:\/\/schema.org","@graph":[{"@type":"WebPage","@id":"https:\/\/villavinea.com\/index.php\/product\/verticala-argilla-2017-2018-2019\/","url":"https:\/\/villavinea.com\/index.php\/product\/verticala-argilla-2017-2018-2019\/","name":"Verticala Argilla 2017, 2018, 2019 - Villa Vinea","isPartOf":{"@id":"https:\/\/villavinea.com\/#website"},"primaryImageOfPage":{"@id":"https:\/\/villavinea.com\/index.php\/product\/verticala-argilla-2017-2018-2019\/#primaryimage"},"image":{"@id":"https:\/\/villavinea.com\/index.php\/product\/verticala-argilla-2017-2018-2019\/#primaryimage"},"thumbnailUrl":"https:\/\/villavinea.com\/wp-content\/uploads\/2024\/07\/DSC3479.jpg","datePublished":"2024-07-01T08:12:00+00:00","dateModified":"2025-02-02T07:40:45+00:00","breadcrumb":{"@id":"https:\/\/villavinea.com\/index.php\/product\/verticala-argilla-2017-2018-2019\/#breadcrumb"},"inLanguage":"en-US","potentialAction":[{"@type":"ReadAction","target":["https:\/\/villavinea.com\/index.php\/product\/verticala-argilla-2017-2018-2019\/"]}]},{"@type":"ImageObject","inLanguage":"en-US","@id":"https:\/\/villavinea.com\/index.php\/product\/verticala-argilla-2017-2018-2019\/#primaryimage","url":"https:\/\/villavinea.com\/wp-content\/uploads\/2024\/07\/DSC3479.jpg","contentUrl":"https:\/\/villavinea.com\/wp-content\/uploads\/2024\/07\/DSC3479.jpg","width":800,"height":800},{"@type":"BreadcrumbList","@id":"https:\/\/villavinea.com\/index.php\/product\/verticala-argilla-2017-2018-2019\/#breadcrumb","itemListElement":[{"@type":"ListItem","position":1,"name":"Home","item":"https:\/\/villavinea.com\/"},{"@type":"ListItem","position":2,"name":"Vinurile noastre","item":"https:\/\/villavinea.com\/index.php\/shop-ro-2\/"},{"@type":"ListItem","position":3,"name":"Verticala Argilla 2017, 2018, 2019"}]},{"@type":"WebSite","@id":"https:\/\/villavinea.com\/#website","url":"https:\/\/villavinea.com\/","name":"Villa Vinea","description":"","publisher":{"@id":"https:\/\/villavinea.com\/#organization"},"potentialAction":[{"@type":"SearchAction","target":{"@type":"EntryPoint","urlTemplate":"https:\/\/villavinea.com\/?s={search_term_string}"},"query-input":{"@type":"PropertyValueSpecification","valueRequired":true,"valueName":"search_term_string"}}],"inLanguage":"en-US"},{"@type":"Organization","@id":"https:\/\/villavinea.com\/#organization","name":"Villa Vinea","url":"https:\/\/villavinea.com\/","logo":{"@type":"ImageObject","inLanguage":"en-US","@id":"https:\/\/villavinea.com\/#\/schema\/logo\/image\/","url":"https:\/\/villavinea.com\/wp-content\/uploads\/2024\/07\/Logo-Villa-Vinea.png","contentUrl":"https:\/\/villavinea.com\/wp-content\/uploads\/2024\/07\/Logo-Villa-Vinea.png","width":1525,"height":508,"caption":"Villa Vinea"},"image":{"@id":"https:\/\/villavinea.com\/#\/schema\/logo\/image\/"},"sameAs":["https:\/\/www.facebook.com\/VillaVinea","https:\/\/www.instagram.com\/villavinearomania\/","https:\/\/www.youtube.com\/@VillaVineaMures"]}]}},"jetpack_sharing_enabled":true,"_links":{"self":[{"href":"https:\/\/villavinea.com\/index.php\/wp-json\/wp\/v2\/product\/220","targetHints":{"allow":["GET"]}}],"collection":[{"href":"https:\/\/villavinea.com\/index.php\/wp-json\/wp\/v2\/product"}],"about":[{"href":"https:\/\/villavinea.com\/index.php\/wp-json\/wp\/v2\/types\/product"}],"replies":[{"embeddable":true,"href":"https:\/\/villavinea.com\/index.php\/wp-json\/wp\/v2\/comments?post=220"}],"wp:featuredmedia":[{"embeddable":true,"href":"https:\/\/villavinea.com\/index.php\/wp-json\/wp\/v2\/media\/245"}],"wp:attachment":[{"href":"https:\/\/villavinea.com\/index.php\/wp-json\/wp\/v2\/media?parent=220"}],"wp:term":[{"taxonomy":"product_brand","embeddable":true,"href":"https:\/\/villavinea.com\/index.php\/wp-json\/wp\/v2\/product_brand?post=220"},{"taxonomy":"product_cat","embeddable":true,"href":"https:\/\/villavinea.com\/index.php\/wp-json\/wp\/v2\/product_cat?post=220"},{"taxonomy":"product_tag","embeddable":true,"href":"https:\/\/villavinea.com\/index.php\/wp-json\/wp\/v2\/product_tag?post=220"}],"curies":[{"name":"wp","href":"https:\/\/api.w.org\/{rel}","templated":true}]}}