{"id":56,"date":"2024-07-01T08:10:37","date_gmt":"2024-07-01T08:10:37","guid":{"rendered":"https:\/\/villavinea.com\/?post_type=product&#038;p=56"},"modified":"2025-08-07T08:44:48","modified_gmt":"2025-08-07T08:44:48","slug":"feteasca-neagra-premium-2019","status":"publish","type":"product","link":"https:\/\/villavinea.com\/index.php\/product\/feteasca-neagra-premium-2019\/","title":{"rendered":"Feteasca Neagra Premium 2019"},"content":{"rendered":"<div id=\"content\" class=\"site-content\">\n<div class=\"col-full\">\n<div id=\"primary\" class=\"content-area\">\n<p><em>O Feteasc\u0103 Neagr\u0103 surprinz\u0103toare, vinificat\u0103 \u00eentr-un stil rustic, auster, aproape monahal. Fructele ro\u015fii domin\u0103 copios partitura aromatic\u0103, iar baricul se face sim\u0163it cu discre\u0163ie, abia dup\u0103 o oxigenare temeinic\u0103 \u00een decantor. Un vin care \u00eendr\u0103zne\u015fte s\u0103 decline soiul Feteasc\u0103 Neagr\u0103 \u00eentr-un mod original.<\/em><\/p>\n<p>&nbsp;<\/p>\n<p><em>Culoarea este rubiniu deschis, str\u0103lucitor, iar nasul vine cu prune afumate, vi\u015fine \u015fi note minerale, de grafit. Corpul este rotund, \u201cdegrab\u0103 curg\u0103tor\u201d, cu taninuri moi, alcool bine integrat \u015fi o excelent\u0103 aciditate. Gustul aduce \u00een prim plan cire\u015fe, vi\u015finat\u0103 \u015fi magiun de prune, \u00een plan secund strecur\u00e2ndu-se aluzii de ciocolat\u0103 neagr\u0103 \u015fi vanilie. Postgustul este proasp\u0103t, cu multe fructe ro\u015fii de p\u0103dure, vinul av\u00e2nd un \u201cduc\u0103-s-ar pe g\u00e2t\u201d ceva de nedescris.<\/em><\/p>\n<p>&nbsp;<\/p>\n<\/div>\n<p>Razvan Avram, <a href=\"http:\/\/www.paharnicul.ro\">paharnicul.ro<\/a><\/p>\n<\/div>\n<\/div>\n","protected":false},"excerpt":{"rendered":"<p>750 ml<br \/>\nVol Alc 13,5%<br \/>\nRest zahar 3,88g<br \/>\nAciditate 5,17g<br \/>\nDOC-CMD Tarnave &#8211; Tarnaveni<\/p>\n","protected":false},"featured_media":87,"comment_status":"open","ping_status":"closed","template":"","meta":[],"product_brand":[],"product_cat":[64,66],"product_tag":[68],"class_list":{"0":"post-56","1":"product","2":"type-product","3":"status-publish","4":"has-post-thumbnail","6":"product_cat-premium","7":"product_cat-vin-rosu","8":"product_tag-feteasca-neagra","10":"first","11":"instock","12":"taxable","13":"shipping-taxable","14":"purchasable","15":"product-type-simple"},"yoast_head":"<!-- This site is optimized with the Yoast SEO plugin v27.4 - https:\/\/yoast.com\/product\/yoast-seo-wordpress\/ -->\n<title>Feteasca Neagra Premium 2019 - Villa Vinea<\/title>\n<meta name=\"robots\" content=\"index, follow, max-snippet:-1, max-image-preview:large, max-video-preview:-1\" \/>\n<link rel=\"canonical\" href=\"https:\/\/villavinea.com\/index.php\/product\/feteasca-neagra-premium-2019\/\" \/>\n<meta property=\"og:locale\" content=\"en_US\" \/>\n<meta property=\"og:type\" content=\"article\" \/>\n<meta property=\"og:title\" content=\"Feteasca Neagra Premium 2019 - Villa Vinea\" \/>\n<meta property=\"og:description\" content=\"750 ml Vol Alc 13,5% Rest zahar 3,88g Aciditate 5,17g DOC-CMD Tarnave - Tarnaveni\" \/>\n<meta property=\"og:url\" content=\"https:\/\/villavinea.com\/index.php\/product\/feteasca-neagra-premium-2019\/\" \/>\n<meta property=\"og:site_name\" content=\"Villa Vinea\" \/>\n<meta property=\"article:publisher\" content=\"https:\/\/www.facebook.com\/VillaVinea\" \/>\n<meta property=\"article:modified_time\" content=\"2025-08-07T08:44:48+00:00\" \/>\n<meta property=\"og:image\" content=\"https:\/\/villavinea.com\/wp-content\/uploads\/2024\/07\/Vin_rosu_sec_demisec_Feteasca_Neagra_Premium_Villa_Vinea_Tarnave.jpg\" \/>\n\t<meta property=\"og:image:width\" content=\"800\" \/>\n\t<meta property=\"og:image:height\" content=\"800\" \/>\n\t<meta property=\"og:image:type\" content=\"image\/jpeg\" \/>\n<meta name=\"twitter:card\" content=\"summary_large_image\" \/>\n<meta name=\"twitter:label1\" content=\"Est. reading time\" \/>\n\t<meta name=\"twitter:data1\" content=\"1 minute\" \/>\n<script type=\"application\/ld+json\" class=\"yoast-schema-graph\">{\"@context\":\"https:\\\/\\\/schema.org\",\"@graph\":[{\"@type\":\"WebPage\",\"@id\":\"https:\\\/\\\/villavinea.com\\\/index.php\\\/product\\\/feteasca-neagra-premium-2019\\\/\",\"url\":\"https:\\\/\\\/villavinea.com\\\/index.php\\\/product\\\/feteasca-neagra-premium-2019\\\/\",\"name\":\"Feteasca Neagra Premium 2019 - Villa Vinea\",\"isPartOf\":{\"@id\":\"https:\\\/\\\/villavinea.com\\\/#website\"},\"primaryImageOfPage\":{\"@id\":\"https:\\\/\\\/villavinea.com\\\/index.php\\\/product\\\/feteasca-neagra-premium-2019\\\/#primaryimage\"},\"image\":{\"@id\":\"https:\\\/\\\/villavinea.com\\\/index.php\\\/product\\\/feteasca-neagra-premium-2019\\\/#primaryimage\"},\"thumbnailUrl\":\"https:\\\/\\\/villavinea.com\\\/wp-content\\\/uploads\\\/2024\\\/07\\\/Vin_rosu_sec_demisec_Feteasca_Neagra_Premium_Villa_Vinea_Tarnave.jpg\",\"datePublished\":\"2024-07-01T08:10:37+00:00\",\"dateModified\":\"2025-08-07T08:44:48+00:00\",\"breadcrumb\":{\"@id\":\"https:\\\/\\\/villavinea.com\\\/index.php\\\/product\\\/feteasca-neagra-premium-2019\\\/#breadcrumb\"},\"inLanguage\":\"en-US\",\"potentialAction\":[{\"@type\":\"ReadAction\",\"target\":[\"https:\\\/\\\/villavinea.com\\\/index.php\\\/product\\\/feteasca-neagra-premium-2019\\\/\"]}]},{\"@type\":\"ImageObject\",\"inLanguage\":\"en-US\",\"@id\":\"https:\\\/\\\/villavinea.com\\\/index.php\\\/product\\\/feteasca-neagra-premium-2019\\\/#primaryimage\",\"url\":\"https:\\\/\\\/villavinea.com\\\/wp-content\\\/uploads\\\/2024\\\/07\\\/Vin_rosu_sec_demisec_Feteasca_Neagra_Premium_Villa_Vinea_Tarnave.jpg\",\"contentUrl\":\"https:\\\/\\\/villavinea.com\\\/wp-content\\\/uploads\\\/2024\\\/07\\\/Vin_rosu_sec_demisec_Feteasca_Neagra_Premium_Villa_Vinea_Tarnave.jpg\",\"width\":800,\"height\":800},{\"@type\":\"BreadcrumbList\",\"@id\":\"https:\\\/\\\/villavinea.com\\\/index.php\\\/product\\\/feteasca-neagra-premium-2019\\\/#breadcrumb\",\"itemListElement\":[{\"@type\":\"ListItem\",\"position\":1,\"name\":\"Home\",\"item\":\"https:\\\/\\\/villavinea.com\\\/\"},{\"@type\":\"ListItem\",\"position\":2,\"name\":\"Vinurile noastre\",\"item\":\"https:\\\/\\\/villavinea.com\\\/index.php\\\/shop-ro-2\\\/\"},{\"@type\":\"ListItem\",\"position\":3,\"name\":\"Feteasca Neagra Premium 2019\"}]},{\"@type\":\"WebSite\",\"@id\":\"https:\\\/\\\/villavinea.com\\\/#website\",\"url\":\"https:\\\/\\\/villavinea.com\\\/\",\"name\":\"Villa Vinea\",\"description\":\"\",\"publisher\":{\"@id\":\"https:\\\/\\\/villavinea.com\\\/#organization\"},\"potentialAction\":[{\"@type\":\"SearchAction\",\"target\":{\"@type\":\"EntryPoint\",\"urlTemplate\":\"https:\\\/\\\/villavinea.com\\\/?s={search_term_string}\"},\"query-input\":{\"@type\":\"PropertyValueSpecification\",\"valueRequired\":true,\"valueName\":\"search_term_string\"}}],\"inLanguage\":\"en-US\"},{\"@type\":\"Organization\",\"@id\":\"https:\\\/\\\/villavinea.com\\\/#organization\",\"name\":\"Villa Vinea\",\"url\":\"https:\\\/\\\/villavinea.com\\\/\",\"logo\":{\"@type\":\"ImageObject\",\"inLanguage\":\"en-US\",\"@id\":\"https:\\\/\\\/villavinea.com\\\/#\\\/schema\\\/logo\\\/image\\\/\",\"url\":\"https:\\\/\\\/villavinea.com\\\/wp-content\\\/uploads\\\/2024\\\/07\\\/Logo-Villa-Vinea.png\",\"contentUrl\":\"https:\\\/\\\/villavinea.com\\\/wp-content\\\/uploads\\\/2024\\\/07\\\/Logo-Villa-Vinea.png\",\"width\":1525,\"height\":508,\"caption\":\"Villa Vinea\"},\"image\":{\"@id\":\"https:\\\/\\\/villavinea.com\\\/#\\\/schema\\\/logo\\\/image\\\/\"},\"sameAs\":[\"https:\\\/\\\/www.facebook.com\\\/VillaVinea\",\"https:\\\/\\\/www.instagram.com\\\/villavinearomania\\\/\",\"https:\\\/\\\/www.youtube.com\\\/@VillaVineaMures\"]}]}<\/script>\n<!-- \/ Yoast SEO plugin. -->","yoast_head_json":{"title":"Feteasca Neagra Premium 2019 - Villa Vinea","robots":{"index":"index","follow":"follow","max-snippet":"max-snippet:-1","max-image-preview":"max-image-preview:large","max-video-preview":"max-video-preview:-1"},"canonical":"https:\/\/villavinea.com\/index.php\/product\/feteasca-neagra-premium-2019\/","og_locale":"en_US","og_type":"article","og_title":"Feteasca Neagra Premium 2019 - Villa Vinea","og_description":"750 ml Vol Alc 13,5% Rest zahar 3,88g Aciditate 5,17g DOC-CMD Tarnave - Tarnaveni","og_url":"https:\/\/villavinea.com\/index.php\/product\/feteasca-neagra-premium-2019\/","og_site_name":"Villa Vinea","article_publisher":"https:\/\/www.facebook.com\/VillaVinea","article_modified_time":"2025-08-07T08:44:48+00:00","og_image":[{"width":800,"height":800,"url":"https:\/\/villavinea.com\/wp-content\/uploads\/2024\/07\/Vin_rosu_sec_demisec_Feteasca_Neagra_Premium_Villa_Vinea_Tarnave.jpg","type":"image\/jpeg"}],"twitter_card":"summary_large_image","twitter_misc":{"Est. reading time":"1 minute"},"schema":{"@context":"https:\/\/schema.org","@graph":[{"@type":"WebPage","@id":"https:\/\/villavinea.com\/index.php\/product\/feteasca-neagra-premium-2019\/","url":"https:\/\/villavinea.com\/index.php\/product\/feteasca-neagra-premium-2019\/","name":"Feteasca Neagra Premium 2019 - Villa Vinea","isPartOf":{"@id":"https:\/\/villavinea.com\/#website"},"primaryImageOfPage":{"@id":"https:\/\/villavinea.com\/index.php\/product\/feteasca-neagra-premium-2019\/#primaryimage"},"image":{"@id":"https:\/\/villavinea.com\/index.php\/product\/feteasca-neagra-premium-2019\/#primaryimage"},"thumbnailUrl":"https:\/\/villavinea.com\/wp-content\/uploads\/2024\/07\/Vin_rosu_sec_demisec_Feteasca_Neagra_Premium_Villa_Vinea_Tarnave.jpg","datePublished":"2024-07-01T08:10:37+00:00","dateModified":"2025-08-07T08:44:48+00:00","breadcrumb":{"@id":"https:\/\/villavinea.com\/index.php\/product\/feteasca-neagra-premium-2019\/#breadcrumb"},"inLanguage":"en-US","potentialAction":[{"@type":"ReadAction","target":["https:\/\/villavinea.com\/index.php\/product\/feteasca-neagra-premium-2019\/"]}]},{"@type":"ImageObject","inLanguage":"en-US","@id":"https:\/\/villavinea.com\/index.php\/product\/feteasca-neagra-premium-2019\/#primaryimage","url":"https:\/\/villavinea.com\/wp-content\/uploads\/2024\/07\/Vin_rosu_sec_demisec_Feteasca_Neagra_Premium_Villa_Vinea_Tarnave.jpg","contentUrl":"https:\/\/villavinea.com\/wp-content\/uploads\/2024\/07\/Vin_rosu_sec_demisec_Feteasca_Neagra_Premium_Villa_Vinea_Tarnave.jpg","width":800,"height":800},{"@type":"BreadcrumbList","@id":"https:\/\/villavinea.com\/index.php\/product\/feteasca-neagra-premium-2019\/#breadcrumb","itemListElement":[{"@type":"ListItem","position":1,"name":"Home","item":"https:\/\/villavinea.com\/"},{"@type":"ListItem","position":2,"name":"Vinurile noastre","item":"https:\/\/villavinea.com\/index.php\/shop-ro-2\/"},{"@type":"ListItem","position":3,"name":"Feteasca Neagra Premium 2019"}]},{"@type":"WebSite","@id":"https:\/\/villavinea.com\/#website","url":"https:\/\/villavinea.com\/","name":"Villa Vinea","description":"","publisher":{"@id":"https:\/\/villavinea.com\/#organization"},"potentialAction":[{"@type":"SearchAction","target":{"@type":"EntryPoint","urlTemplate":"https:\/\/villavinea.com\/?s={search_term_string}"},"query-input":{"@type":"PropertyValueSpecification","valueRequired":true,"valueName":"search_term_string"}}],"inLanguage":"en-US"},{"@type":"Organization","@id":"https:\/\/villavinea.com\/#organization","name":"Villa Vinea","url":"https:\/\/villavinea.com\/","logo":{"@type":"ImageObject","inLanguage":"en-US","@id":"https:\/\/villavinea.com\/#\/schema\/logo\/image\/","url":"https:\/\/villavinea.com\/wp-content\/uploads\/2024\/07\/Logo-Villa-Vinea.png","contentUrl":"https:\/\/villavinea.com\/wp-content\/uploads\/2024\/07\/Logo-Villa-Vinea.png","width":1525,"height":508,"caption":"Villa Vinea"},"image":{"@id":"https:\/\/villavinea.com\/#\/schema\/logo\/image\/"},"sameAs":["https:\/\/www.facebook.com\/VillaVinea","https:\/\/www.instagram.com\/villavinearomania\/","https:\/\/www.youtube.com\/@VillaVineaMures"]}]}},"jetpack_sharing_enabled":true,"_links":{"self":[{"href":"https:\/\/villavinea.com\/index.php\/wp-json\/wp\/v2\/product\/56","targetHints":{"allow":["GET"]}}],"collection":[{"href":"https:\/\/villavinea.com\/index.php\/wp-json\/wp\/v2\/product"}],"about":[{"href":"https:\/\/villavinea.com\/index.php\/wp-json\/wp\/v2\/types\/product"}],"replies":[{"embeddable":true,"href":"https:\/\/villavinea.com\/index.php\/wp-json\/wp\/v2\/comments?post=56"}],"wp:featuredmedia":[{"embeddable":true,"href":"https:\/\/villavinea.com\/index.php\/wp-json\/wp\/v2\/media\/87"}],"wp:attachment":[{"href":"https:\/\/villavinea.com\/index.php\/wp-json\/wp\/v2\/media?parent=56"}],"wp:term":[{"taxonomy":"product_brand","embeddable":true,"href":"https:\/\/villavinea.com\/index.php\/wp-json\/wp\/v2\/product_brand?post=56"},{"taxonomy":"product_cat","embeddable":true,"href":"https:\/\/villavinea.com\/index.php\/wp-json\/wp\/v2\/product_cat?post=56"},{"taxonomy":"product_tag","embeddable":true,"href":"https:\/\/villavinea.com\/index.php\/wp-json\/wp\/v2\/product_tag?post=56"}],"curies":[{"name":"wp","href":"https:\/\/api.w.org\/{rel}","templated":true}]}}