{"id":64,"date":"2024-07-01T08:10:38","date_gmt":"2024-07-01T08:10:38","guid":{"rendered":"https:\/\/villavinea.com\/?post_type=product&#038;p=64"},"modified":"2025-08-07T08:43:39","modified_gmt":"2025-08-07T08:43:39","slug":"riesling-rhein-selection","status":"publish","type":"product","link":"https:\/\/villavinea.com\/index.php\/product\/riesling-rhein-selection\/","title":{"rendered":"Riesling Rhein Selection 2022"},"content":{"rendered":"<p><em>Se pare c\u0103 solul mineral \u015fi clima ceva mai r\u0103coroas\u0103 de care are nevoie Rieslingul de Rin se reg\u0103sesc, \u00een bun\u0103 m\u0103sur\u0103, pe valea T\u00e2rnavei Mici, \u00een podgoria cramei Villa Vin\u00e8a. Dac\u0103 la acest terroir mai ad\u0103ug\u0103m \u015fi iscusin\u0163\u0103 enologului, re\u0163eta acestui vin e complet\u0103.<\/em><\/p>\n<p>&nbsp;<\/p>\n<p><em>Culoare galben pai str\u0103lucitor \u015fi nas elegant, cu senza\u0163ii de coaj\u0103 de l\u0103m\u00e2ie verde, ierburi mentolate \u015fi aluzii calcaroase. Corp cu textur\u0103 compact\u0103, o astringent\u0103 elegant\u0103 \u015fi alcool bine integrat. Gust cu grapefruit alb, pomelo \u015fi lime. Postgust lung, tonic, cu impresii de gutuie verde \u015fi citrice am\u0103rui.<\/em><\/p>\n<p>&nbsp;<\/p>\n<p>Razvan Avram, <a href=\"http:\/\/www.paharnicul.ro\">paharnicul.ro<\/a><\/p>\n","protected":false},"excerpt":{"rendered":"<p>750 ml<br \/>\nVol Alc 13%<br \/>\nRest zahar 4g<br \/>\nAciditate 7.76g<br \/>\nDOC-CMD Tarnave &#8211; Tarnaveni<\/p>\n","protected":false},"featured_media":10851,"comment_status":"closed","ping_status":"closed","template":"","meta":[],"product_brand":[],"product_cat":[52,54,56],"product_tag":[88],"class_list":{"0":"post-64","1":"product","2":"type-product","3":"status-publish","4":"has-post-thumbnail","6":"product_cat-sec","7":"product_cat-selection","8":"product_cat-vin-alb","9":"product_tag-riesling","11":"first","12":"instock","13":"taxable","14":"shipping-taxable","15":"purchasable","16":"product-type-simple"},"yoast_head":"<!-- This site is optimized with the Yoast SEO plugin v27.4 - https:\/\/yoast.com\/product\/yoast-seo-wordpress\/ -->\n<title>Riesling Rhein Selection 2022 - Villa Vinea<\/title>\n<meta name=\"robots\" content=\"index, follow, max-snippet:-1, max-image-preview:large, max-video-preview:-1\" \/>\n<link rel=\"canonical\" href=\"https:\/\/villavinea.com\/index.php\/product\/riesling-rhein-selection\/\" \/>\n<meta property=\"og:locale\" content=\"en_US\" \/>\n<meta property=\"og:type\" content=\"article\" \/>\n<meta property=\"og:title\" content=\"Riesling Rhein Selection 2022 - Villa Vinea\" \/>\n<meta property=\"og:description\" content=\"750 ml Vol Alc 13% Rest zahar 4g Aciditate 7.76g DOC-CMD Tarnave - Tarnaveni\" \/>\n<meta property=\"og:url\" content=\"https:\/\/villavinea.com\/index.php\/product\/riesling-rhein-selection\/\" \/>\n<meta property=\"og:site_name\" content=\"Villa Vinea\" \/>\n<meta property=\"article:publisher\" content=\"https:\/\/www.facebook.com\/VillaVinea\" \/>\n<meta property=\"article:modified_time\" content=\"2025-08-07T08:43:39+00:00\" \/>\n<meta property=\"og:image\" content=\"https:\/\/villavinea.com\/wp-content\/uploads\/2024\/07\/rrs.png\" \/>\n\t<meta property=\"og:image:width\" content=\"1979\" \/>\n\t<meta property=\"og:image:height\" content=\"1307\" \/>\n\t<meta property=\"og:image:type\" content=\"image\/png\" \/>\n<meta name=\"twitter:card\" content=\"summary_large_image\" \/>\n<meta name=\"twitter:label1\" content=\"Est. reading time\" \/>\n\t<meta name=\"twitter:data1\" content=\"2 minutes\" \/>\n<script type=\"application\/ld+json\" class=\"yoast-schema-graph\">{\"@context\":\"https:\\\/\\\/schema.org\",\"@graph\":[{\"@type\":\"WebPage\",\"@id\":\"https:\\\/\\\/villavinea.com\\\/index.php\\\/product\\\/riesling-rhein-selection\\\/\",\"url\":\"https:\\\/\\\/villavinea.com\\\/index.php\\\/product\\\/riesling-rhein-selection\\\/\",\"name\":\"Riesling Rhein Selection 2022 - Villa Vinea\",\"isPartOf\":{\"@id\":\"https:\\\/\\\/villavinea.com\\\/#website\"},\"primaryImageOfPage\":{\"@id\":\"https:\\\/\\\/villavinea.com\\\/index.php\\\/product\\\/riesling-rhein-selection\\\/#primaryimage\"},\"image\":{\"@id\":\"https:\\\/\\\/villavinea.com\\\/index.php\\\/product\\\/riesling-rhein-selection\\\/#primaryimage\"},\"thumbnailUrl\":\"https:\\\/\\\/villavinea.com\\\/wp-content\\\/uploads\\\/2024\\\/07\\\/rrs.png\",\"datePublished\":\"2024-07-01T08:10:38+00:00\",\"dateModified\":\"2025-08-07T08:43:39+00:00\",\"breadcrumb\":{\"@id\":\"https:\\\/\\\/villavinea.com\\\/index.php\\\/product\\\/riesling-rhein-selection\\\/#breadcrumb\"},\"inLanguage\":\"en-US\",\"potentialAction\":[{\"@type\":\"ReadAction\",\"target\":[\"https:\\\/\\\/villavinea.com\\\/index.php\\\/product\\\/riesling-rhein-selection\\\/\"]}]},{\"@type\":\"ImageObject\",\"inLanguage\":\"en-US\",\"@id\":\"https:\\\/\\\/villavinea.com\\\/index.php\\\/product\\\/riesling-rhein-selection\\\/#primaryimage\",\"url\":\"https:\\\/\\\/villavinea.com\\\/wp-content\\\/uploads\\\/2024\\\/07\\\/rrs.png\",\"contentUrl\":\"https:\\\/\\\/villavinea.com\\\/wp-content\\\/uploads\\\/2024\\\/07\\\/rrs.png\",\"width\":1979,\"height\":1307},{\"@type\":\"BreadcrumbList\",\"@id\":\"https:\\\/\\\/villavinea.com\\\/index.php\\\/product\\\/riesling-rhein-selection\\\/#breadcrumb\",\"itemListElement\":[{\"@type\":\"ListItem\",\"position\":1,\"name\":\"Home\",\"item\":\"https:\\\/\\\/villavinea.com\\\/\"},{\"@type\":\"ListItem\",\"position\":2,\"name\":\"Vinurile noastre\",\"item\":\"https:\\\/\\\/villavinea.com\\\/index.php\\\/shop-ro-2\\\/\"},{\"@type\":\"ListItem\",\"position\":3,\"name\":\"Riesling Rhein Selection 2022\"}]},{\"@type\":\"WebSite\",\"@id\":\"https:\\\/\\\/villavinea.com\\\/#website\",\"url\":\"https:\\\/\\\/villavinea.com\\\/\",\"name\":\"Villa Vinea\",\"description\":\"\",\"publisher\":{\"@id\":\"https:\\\/\\\/villavinea.com\\\/#organization\"},\"potentialAction\":[{\"@type\":\"SearchAction\",\"target\":{\"@type\":\"EntryPoint\",\"urlTemplate\":\"https:\\\/\\\/villavinea.com\\\/?s={search_term_string}\"},\"query-input\":{\"@type\":\"PropertyValueSpecification\",\"valueRequired\":true,\"valueName\":\"search_term_string\"}}],\"inLanguage\":\"en-US\"},{\"@type\":\"Organization\",\"@id\":\"https:\\\/\\\/villavinea.com\\\/#organization\",\"name\":\"Villa Vinea\",\"url\":\"https:\\\/\\\/villavinea.com\\\/\",\"logo\":{\"@type\":\"ImageObject\",\"inLanguage\":\"en-US\",\"@id\":\"https:\\\/\\\/villavinea.com\\\/#\\\/schema\\\/logo\\\/image\\\/\",\"url\":\"https:\\\/\\\/villavinea.com\\\/wp-content\\\/uploads\\\/2024\\\/07\\\/Logo-Villa-Vinea.png\",\"contentUrl\":\"https:\\\/\\\/villavinea.com\\\/wp-content\\\/uploads\\\/2024\\\/07\\\/Logo-Villa-Vinea.png\",\"width\":1525,\"height\":508,\"caption\":\"Villa Vinea\"},\"image\":{\"@id\":\"https:\\\/\\\/villavinea.com\\\/#\\\/schema\\\/logo\\\/image\\\/\"},\"sameAs\":[\"https:\\\/\\\/www.facebook.com\\\/VillaVinea\",\"https:\\\/\\\/www.instagram.com\\\/villavinearomania\\\/\",\"https:\\\/\\\/www.youtube.com\\\/@VillaVineaMures\"]}]}<\/script>\n<!-- \/ Yoast SEO plugin. -->","yoast_head_json":{"title":"Riesling Rhein Selection 2022 - Villa Vinea","robots":{"index":"index","follow":"follow","max-snippet":"max-snippet:-1","max-image-preview":"max-image-preview:large","max-video-preview":"max-video-preview:-1"},"canonical":"https:\/\/villavinea.com\/index.php\/product\/riesling-rhein-selection\/","og_locale":"en_US","og_type":"article","og_title":"Riesling Rhein Selection 2022 - Villa Vinea","og_description":"750 ml Vol Alc 13% Rest zahar 4g Aciditate 7.76g DOC-CMD Tarnave - Tarnaveni","og_url":"https:\/\/villavinea.com\/index.php\/product\/riesling-rhein-selection\/","og_site_name":"Villa Vinea","article_publisher":"https:\/\/www.facebook.com\/VillaVinea","article_modified_time":"2025-08-07T08:43:39+00:00","og_image":[{"width":1979,"height":1307,"url":"https:\/\/villavinea.com\/wp-content\/uploads\/2024\/07\/rrs.png","type":"image\/png"}],"twitter_card":"summary_large_image","twitter_misc":{"Est. reading time":"2 minutes"},"schema":{"@context":"https:\/\/schema.org","@graph":[{"@type":"WebPage","@id":"https:\/\/villavinea.com\/index.php\/product\/riesling-rhein-selection\/","url":"https:\/\/villavinea.com\/index.php\/product\/riesling-rhein-selection\/","name":"Riesling Rhein Selection 2022 - Villa Vinea","isPartOf":{"@id":"https:\/\/villavinea.com\/#website"},"primaryImageOfPage":{"@id":"https:\/\/villavinea.com\/index.php\/product\/riesling-rhein-selection\/#primaryimage"},"image":{"@id":"https:\/\/villavinea.com\/index.php\/product\/riesling-rhein-selection\/#primaryimage"},"thumbnailUrl":"https:\/\/villavinea.com\/wp-content\/uploads\/2024\/07\/rrs.png","datePublished":"2024-07-01T08:10:38+00:00","dateModified":"2025-08-07T08:43:39+00:00","breadcrumb":{"@id":"https:\/\/villavinea.com\/index.php\/product\/riesling-rhein-selection\/#breadcrumb"},"inLanguage":"en-US","potentialAction":[{"@type":"ReadAction","target":["https:\/\/villavinea.com\/index.php\/product\/riesling-rhein-selection\/"]}]},{"@type":"ImageObject","inLanguage":"en-US","@id":"https:\/\/villavinea.com\/index.php\/product\/riesling-rhein-selection\/#primaryimage","url":"https:\/\/villavinea.com\/wp-content\/uploads\/2024\/07\/rrs.png","contentUrl":"https:\/\/villavinea.com\/wp-content\/uploads\/2024\/07\/rrs.png","width":1979,"height":1307},{"@type":"BreadcrumbList","@id":"https:\/\/villavinea.com\/index.php\/product\/riesling-rhein-selection\/#breadcrumb","itemListElement":[{"@type":"ListItem","position":1,"name":"Home","item":"https:\/\/villavinea.com\/"},{"@type":"ListItem","position":2,"name":"Vinurile noastre","item":"https:\/\/villavinea.com\/index.php\/shop-ro-2\/"},{"@type":"ListItem","position":3,"name":"Riesling Rhein Selection 2022"}]},{"@type":"WebSite","@id":"https:\/\/villavinea.com\/#website","url":"https:\/\/villavinea.com\/","name":"Villa Vinea","description":"","publisher":{"@id":"https:\/\/villavinea.com\/#organization"},"potentialAction":[{"@type":"SearchAction","target":{"@type":"EntryPoint","urlTemplate":"https:\/\/villavinea.com\/?s={search_term_string}"},"query-input":{"@type":"PropertyValueSpecification","valueRequired":true,"valueName":"search_term_string"}}],"inLanguage":"en-US"},{"@type":"Organization","@id":"https:\/\/villavinea.com\/#organization","name":"Villa Vinea","url":"https:\/\/villavinea.com\/","logo":{"@type":"ImageObject","inLanguage":"en-US","@id":"https:\/\/villavinea.com\/#\/schema\/logo\/image\/","url":"https:\/\/villavinea.com\/wp-content\/uploads\/2024\/07\/Logo-Villa-Vinea.png","contentUrl":"https:\/\/villavinea.com\/wp-content\/uploads\/2024\/07\/Logo-Villa-Vinea.png","width":1525,"height":508,"caption":"Villa Vinea"},"image":{"@id":"https:\/\/villavinea.com\/#\/schema\/logo\/image\/"},"sameAs":["https:\/\/www.facebook.com\/VillaVinea","https:\/\/www.instagram.com\/villavinearomania\/","https:\/\/www.youtube.com\/@VillaVineaMures"]}]}},"jetpack_sharing_enabled":true,"_links":{"self":[{"href":"https:\/\/villavinea.com\/index.php\/wp-json\/wp\/v2\/product\/64","targetHints":{"allow":["GET"]}}],"collection":[{"href":"https:\/\/villavinea.com\/index.php\/wp-json\/wp\/v2\/product"}],"about":[{"href":"https:\/\/villavinea.com\/index.php\/wp-json\/wp\/v2\/types\/product"}],"replies":[{"embeddable":true,"href":"https:\/\/villavinea.com\/index.php\/wp-json\/wp\/v2\/comments?post=64"}],"wp:featuredmedia":[{"embeddable":true,"href":"https:\/\/villavinea.com\/index.php\/wp-json\/wp\/v2\/media\/10851"}],"wp:attachment":[{"href":"https:\/\/villavinea.com\/index.php\/wp-json\/wp\/v2\/media?parent=64"}],"wp:term":[{"taxonomy":"product_brand","embeddable":true,"href":"https:\/\/villavinea.com\/index.php\/wp-json\/wp\/v2\/product_brand?post=64"},{"taxonomy":"product_cat","embeddable":true,"href":"https:\/\/villavinea.com\/index.php\/wp-json\/wp\/v2\/product_cat?post=64"},{"taxonomy":"product_tag","embeddable":true,"href":"https:\/\/villavinea.com\/index.php\/wp-json\/wp\/v2\/product_tag?post=64"}],"curies":[{"name":"wp","href":"https:\/\/api.w.org\/{rel}","templated":true}]}}