{"id":66,"date":"2024-07-01T08:10:39","date_gmt":"2024-07-01T08:10:39","guid":{"rendered":"https:\/\/villavinea.com\/?post_type=product&#038;p=66"},"modified":"2026-04-02T11:00:49","modified_gmt":"2026-04-02T11:00:49","slug":"selection-contessa-2019-vin-de-desert","status":"publish","type":"product","link":"https:\/\/villavinea.com\/index.php\/product\/selection-contessa-2019-vin-de-desert\/","title":{"rendered":"Selection Contessa 2024 &#8211; vin de desert"},"content":{"rendered":"<h2>Contessa 2024<\/h2>\n<p><em>Un cupaj complex de Muscat Ottonel, Kerner \u015fi Gewurztraminer, un vin special, ob\u0163inut din struguri cule\u015fi devreme \u015fi deshidrata\u0163i, mai apoi, p\u00e2n\u0103 la stafidire. Rezultatul acestei mig\u0103loase tehnici de vinificare este o mic\u0103 bijuterie de aur lichid, cu o mare \u00eenc\u0103rc\u0103tur\u0103 aromatic\u0103. Orice desert ar fi mai mult dec\u00e2t onorat s\u0103 poat\u0103 sta l\u00e2ng\u0103 un asemenea vin.<\/em><\/p>\n<p>&nbsp;<\/p>\n<p><em>Culoarea vinului este galben cu iriza\u0163ii de chihlimbar, iar nasul este foarte expresiv, cu pepene galben, soc \u015fi t\u0103m\u00e2ie, la care se adaug\u0103 subtile accente minerale. Corpul vinului este suplu \u015fi elegant, aciditatea intens\u0103 sus\u0163ine perfect zah\u0103rul rezidual, iar alcoolul e absolut insesizabil. Vinul este dulce \u00een atac, cu frumoase tu\u015fe citrice \u015fi note de miere de albine, peltea de gutui \u015fi piersici confiate. Postgustul, prelung \u015fi extrem de proasp\u0103t, las\u0103 impresii de fructe exotice supracoapte \u015fi stafide albe.<\/em><\/p>\n<p>&nbsp;<\/p>\n<p>Razvan Avram, <a href=\"http:\/\/www.paharnicul.ro\">paharnicul.ro<\/a><\/p>\n","protected":false},"excerpt":{"rendered":"<p>375 ml<br \/>\nVol Alc 10%<br \/>\nRest zahar 264g<br \/>\nAciditate 8,4g<br \/>\nVin special dulce<\/p>\n","protected":false},"featured_media":107,"comment_status":"closed","ping_status":"closed","template":"","meta":[],"product_brand":[],"product_cat":[92,54,56],"product_tag":[76,94,96,98],"class_list":{"0":"post-66","1":"product","2":"type-product","3":"status-publish","4":"has-post-thumbnail","6":"product_cat-dulce","7":"product_cat-selection","8":"product_cat-vin-alb","9":"product_tag-cupaj","10":"product_tag-kerner","11":"product_tag-muscat","12":"product_tag-specialty","14":"first","15":"instock","16":"taxable","17":"shipping-taxable","18":"purchasable","19":"product-type-simple"},"yoast_head":"<!-- This site is optimized with the Yoast SEO plugin v27.4 - https:\/\/yoast.com\/product\/yoast-seo-wordpress\/ -->\n<title>Selection Contessa 2024 - vin de desert - Villa Vinea<\/title>\n<meta name=\"robots\" content=\"index, follow, max-snippet:-1, max-image-preview:large, max-video-preview:-1\" \/>\n<link rel=\"canonical\" href=\"https:\/\/villavinea.com\/index.php\/product\/selection-contessa-2019-vin-de-desert\/\" \/>\n<meta property=\"og:locale\" content=\"en_US\" \/>\n<meta property=\"og:type\" content=\"article\" \/>\n<meta property=\"og:title\" content=\"Selection Contessa 2024 - vin de desert - Villa Vinea\" \/>\n<meta property=\"og:description\" content=\"375 ml Vol Alc 10% Rest zahar 264g Aciditate 8,4g Vin special dulce\" \/>\n<meta property=\"og:url\" content=\"https:\/\/villavinea.com\/index.php\/product\/selection-contessa-2019-vin-de-desert\/\" \/>\n<meta property=\"og:site_name\" content=\"Villa Vinea\" \/>\n<meta property=\"article:publisher\" content=\"https:\/\/www.facebook.com\/VillaVinea\" \/>\n<meta property=\"article:modified_time\" content=\"2026-04-02T11:00:49+00:00\" \/>\n<meta property=\"og:image\" content=\"https:\/\/villavinea.com\/wp-content\/uploads\/2024\/07\/Contessa_SQ.jpg\" \/>\n\t<meta property=\"og:image:width\" content=\"800\" \/>\n\t<meta property=\"og:image:height\" content=\"800\" \/>\n\t<meta property=\"og:image:type\" content=\"image\/jpeg\" \/>\n<meta name=\"twitter:card\" content=\"summary_large_image\" \/>\n<meta name=\"twitter:label1\" content=\"Est. reading time\" \/>\n\t<meta name=\"twitter:data1\" content=\"2 minutes\" \/>\n<script type=\"application\/ld+json\" class=\"yoast-schema-graph\">{\"@context\":\"https:\\\/\\\/schema.org\",\"@graph\":[{\"@type\":\"WebPage\",\"@id\":\"https:\\\/\\\/villavinea.com\\\/index.php\\\/product\\\/selection-contessa-2019-vin-de-desert\\\/\",\"url\":\"https:\\\/\\\/villavinea.com\\\/index.php\\\/product\\\/selection-contessa-2019-vin-de-desert\\\/\",\"name\":\"Selection Contessa 2024 - vin de desert - Villa Vinea\",\"isPartOf\":{\"@id\":\"https:\\\/\\\/villavinea.com\\\/#website\"},\"primaryImageOfPage\":{\"@id\":\"https:\\\/\\\/villavinea.com\\\/index.php\\\/product\\\/selection-contessa-2019-vin-de-desert\\\/#primaryimage\"},\"image\":{\"@id\":\"https:\\\/\\\/villavinea.com\\\/index.php\\\/product\\\/selection-contessa-2019-vin-de-desert\\\/#primaryimage\"},\"thumbnailUrl\":\"https:\\\/\\\/villavinea.com\\\/wp-content\\\/uploads\\\/2024\\\/07\\\/Contessa_SQ.jpg\",\"datePublished\":\"2024-07-01T08:10:39+00:00\",\"dateModified\":\"2026-04-02T11:00:49+00:00\",\"breadcrumb\":{\"@id\":\"https:\\\/\\\/villavinea.com\\\/index.php\\\/product\\\/selection-contessa-2019-vin-de-desert\\\/#breadcrumb\"},\"inLanguage\":\"en-US\",\"potentialAction\":[{\"@type\":\"ReadAction\",\"target\":[\"https:\\\/\\\/villavinea.com\\\/index.php\\\/product\\\/selection-contessa-2019-vin-de-desert\\\/\"]}]},{\"@type\":\"ImageObject\",\"inLanguage\":\"en-US\",\"@id\":\"https:\\\/\\\/villavinea.com\\\/index.php\\\/product\\\/selection-contessa-2019-vin-de-desert\\\/#primaryimage\",\"url\":\"https:\\\/\\\/villavinea.com\\\/wp-content\\\/uploads\\\/2024\\\/07\\\/Contessa_SQ.jpg\",\"contentUrl\":\"https:\\\/\\\/villavinea.com\\\/wp-content\\\/uploads\\\/2024\\\/07\\\/Contessa_SQ.jpg\",\"width\":800,\"height\":800},{\"@type\":\"BreadcrumbList\",\"@id\":\"https:\\\/\\\/villavinea.com\\\/index.php\\\/product\\\/selection-contessa-2019-vin-de-desert\\\/#breadcrumb\",\"itemListElement\":[{\"@type\":\"ListItem\",\"position\":1,\"name\":\"Home\",\"item\":\"https:\\\/\\\/villavinea.com\\\/\"},{\"@type\":\"ListItem\",\"position\":2,\"name\":\"Vinurile noastre\",\"item\":\"https:\\\/\\\/villavinea.com\\\/index.php\\\/shop-ro-2\\\/\"},{\"@type\":\"ListItem\",\"position\":3,\"name\":\"Selection Contessa 2024 &#8211; vin de desert\"}]},{\"@type\":\"WebSite\",\"@id\":\"https:\\\/\\\/villavinea.com\\\/#website\",\"url\":\"https:\\\/\\\/villavinea.com\\\/\",\"name\":\"Villa Vinea\",\"description\":\"\",\"publisher\":{\"@id\":\"https:\\\/\\\/villavinea.com\\\/#organization\"},\"potentialAction\":[{\"@type\":\"SearchAction\",\"target\":{\"@type\":\"EntryPoint\",\"urlTemplate\":\"https:\\\/\\\/villavinea.com\\\/?s={search_term_string}\"},\"query-input\":{\"@type\":\"PropertyValueSpecification\",\"valueRequired\":true,\"valueName\":\"search_term_string\"}}],\"inLanguage\":\"en-US\"},{\"@type\":\"Organization\",\"@id\":\"https:\\\/\\\/villavinea.com\\\/#organization\",\"name\":\"Villa Vinea\",\"url\":\"https:\\\/\\\/villavinea.com\\\/\",\"logo\":{\"@type\":\"ImageObject\",\"inLanguage\":\"en-US\",\"@id\":\"https:\\\/\\\/villavinea.com\\\/#\\\/schema\\\/logo\\\/image\\\/\",\"url\":\"https:\\\/\\\/villavinea.com\\\/wp-content\\\/uploads\\\/2024\\\/07\\\/Logo-Villa-Vinea.png\",\"contentUrl\":\"https:\\\/\\\/villavinea.com\\\/wp-content\\\/uploads\\\/2024\\\/07\\\/Logo-Villa-Vinea.png\",\"width\":1525,\"height\":508,\"caption\":\"Villa Vinea\"},\"image\":{\"@id\":\"https:\\\/\\\/villavinea.com\\\/#\\\/schema\\\/logo\\\/image\\\/\"},\"sameAs\":[\"https:\\\/\\\/www.facebook.com\\\/VillaVinea\",\"https:\\\/\\\/www.instagram.com\\\/villavinearomania\\\/\",\"https:\\\/\\\/www.youtube.com\\\/@VillaVineaMures\"]}]}<\/script>\n<!-- \/ Yoast SEO plugin. -->","yoast_head_json":{"title":"Selection Contessa 2024 - vin de desert - Villa Vinea","robots":{"index":"index","follow":"follow","max-snippet":"max-snippet:-1","max-image-preview":"max-image-preview:large","max-video-preview":"max-video-preview:-1"},"canonical":"https:\/\/villavinea.com\/index.php\/product\/selection-contessa-2019-vin-de-desert\/","og_locale":"en_US","og_type":"article","og_title":"Selection Contessa 2024 - vin de desert - Villa Vinea","og_description":"375 ml Vol Alc 10% Rest zahar 264g Aciditate 8,4g Vin special dulce","og_url":"https:\/\/villavinea.com\/index.php\/product\/selection-contessa-2019-vin-de-desert\/","og_site_name":"Villa Vinea","article_publisher":"https:\/\/www.facebook.com\/VillaVinea","article_modified_time":"2026-04-02T11:00:49+00:00","og_image":[{"width":800,"height":800,"url":"https:\/\/villavinea.com\/wp-content\/uploads\/2024\/07\/Contessa_SQ.jpg","type":"image\/jpeg"}],"twitter_card":"summary_large_image","twitter_misc":{"Est. reading time":"2 minutes"},"schema":{"@context":"https:\/\/schema.org","@graph":[{"@type":"WebPage","@id":"https:\/\/villavinea.com\/index.php\/product\/selection-contessa-2019-vin-de-desert\/","url":"https:\/\/villavinea.com\/index.php\/product\/selection-contessa-2019-vin-de-desert\/","name":"Selection Contessa 2024 - vin de desert - Villa Vinea","isPartOf":{"@id":"https:\/\/villavinea.com\/#website"},"primaryImageOfPage":{"@id":"https:\/\/villavinea.com\/index.php\/product\/selection-contessa-2019-vin-de-desert\/#primaryimage"},"image":{"@id":"https:\/\/villavinea.com\/index.php\/product\/selection-contessa-2019-vin-de-desert\/#primaryimage"},"thumbnailUrl":"https:\/\/villavinea.com\/wp-content\/uploads\/2024\/07\/Contessa_SQ.jpg","datePublished":"2024-07-01T08:10:39+00:00","dateModified":"2026-04-02T11:00:49+00:00","breadcrumb":{"@id":"https:\/\/villavinea.com\/index.php\/product\/selection-contessa-2019-vin-de-desert\/#breadcrumb"},"inLanguage":"en-US","potentialAction":[{"@type":"ReadAction","target":["https:\/\/villavinea.com\/index.php\/product\/selection-contessa-2019-vin-de-desert\/"]}]},{"@type":"ImageObject","inLanguage":"en-US","@id":"https:\/\/villavinea.com\/index.php\/product\/selection-contessa-2019-vin-de-desert\/#primaryimage","url":"https:\/\/villavinea.com\/wp-content\/uploads\/2024\/07\/Contessa_SQ.jpg","contentUrl":"https:\/\/villavinea.com\/wp-content\/uploads\/2024\/07\/Contessa_SQ.jpg","width":800,"height":800},{"@type":"BreadcrumbList","@id":"https:\/\/villavinea.com\/index.php\/product\/selection-contessa-2019-vin-de-desert\/#breadcrumb","itemListElement":[{"@type":"ListItem","position":1,"name":"Home","item":"https:\/\/villavinea.com\/"},{"@type":"ListItem","position":2,"name":"Vinurile noastre","item":"https:\/\/villavinea.com\/index.php\/shop-ro-2\/"},{"@type":"ListItem","position":3,"name":"Selection Contessa 2024 &#8211; vin de desert"}]},{"@type":"WebSite","@id":"https:\/\/villavinea.com\/#website","url":"https:\/\/villavinea.com\/","name":"Villa Vinea","description":"","publisher":{"@id":"https:\/\/villavinea.com\/#organization"},"potentialAction":[{"@type":"SearchAction","target":{"@type":"EntryPoint","urlTemplate":"https:\/\/villavinea.com\/?s={search_term_string}"},"query-input":{"@type":"PropertyValueSpecification","valueRequired":true,"valueName":"search_term_string"}}],"inLanguage":"en-US"},{"@type":"Organization","@id":"https:\/\/villavinea.com\/#organization","name":"Villa Vinea","url":"https:\/\/villavinea.com\/","logo":{"@type":"ImageObject","inLanguage":"en-US","@id":"https:\/\/villavinea.com\/#\/schema\/logo\/image\/","url":"https:\/\/villavinea.com\/wp-content\/uploads\/2024\/07\/Logo-Villa-Vinea.png","contentUrl":"https:\/\/villavinea.com\/wp-content\/uploads\/2024\/07\/Logo-Villa-Vinea.png","width":1525,"height":508,"caption":"Villa Vinea"},"image":{"@id":"https:\/\/villavinea.com\/#\/schema\/logo\/image\/"},"sameAs":["https:\/\/www.facebook.com\/VillaVinea","https:\/\/www.instagram.com\/villavinearomania\/","https:\/\/www.youtube.com\/@VillaVineaMures"]}]}},"jetpack_sharing_enabled":true,"_links":{"self":[{"href":"https:\/\/villavinea.com\/index.php\/wp-json\/wp\/v2\/product\/66","targetHints":{"allow":["GET"]}}],"collection":[{"href":"https:\/\/villavinea.com\/index.php\/wp-json\/wp\/v2\/product"}],"about":[{"href":"https:\/\/villavinea.com\/index.php\/wp-json\/wp\/v2\/types\/product"}],"replies":[{"embeddable":true,"href":"https:\/\/villavinea.com\/index.php\/wp-json\/wp\/v2\/comments?post=66"}],"wp:featuredmedia":[{"embeddable":true,"href":"https:\/\/villavinea.com\/index.php\/wp-json\/wp\/v2\/media\/107"}],"wp:attachment":[{"href":"https:\/\/villavinea.com\/index.php\/wp-json\/wp\/v2\/media?parent=66"}],"wp:term":[{"taxonomy":"product_brand","embeddable":true,"href":"https:\/\/villavinea.com\/index.php\/wp-json\/wp\/v2\/product_brand?post=66"},{"taxonomy":"product_cat","embeddable":true,"href":"https:\/\/villavinea.com\/index.php\/wp-json\/wp\/v2\/product_cat?post=66"},{"taxonomy":"product_tag","embeddable":true,"href":"https:\/\/villavinea.com\/index.php\/wp-json\/wp\/v2\/product_tag?post=66"}],"curies":[{"name":"wp","href":"https:\/\/api.w.org\/{rel}","templated":true}]}}