{"id":71,"date":"2024-07-01T08:10:39","date_gmt":"2024-07-01T08:10:39","guid":{"rendered":"https:\/\/villavinea.com\/?post_type=product&#038;p=71"},"modified":"2025-08-07T08:42:29","modified_gmt":"2025-08-07T08:42:29","slug":"chardonnay-premium-2021","status":"publish","type":"product","link":"https:\/\/villavinea.com\/index.php\/product\/chardonnay-premium-2021\/","title":{"rendered":"Chardonnay Premium 2023"},"content":{"rendered":"<p><em>Un vin solar, care aduce un curcubeu de fructe galbene p\u00e2rguite, mult\u0103 prospe\u0163ime \u015fi o intens\u0103 mineralitate.<\/em><\/p>\n<p>&nbsp;<\/p>\n<p><em>Culoare galben auriu \u015fi nas cu ierburi aromatice, fagure de miere \u015fi note calcaroase. Textur\u0103 onctuoas\u0103, aciditate vibrant\u0103 \u015fi alcool bine integrat. Gust plin, cu caise coapte, mere dulci \u015fi lime. Postgust lung, intens, cu pomelo, tonuri de patiserie fin\u0103 \u015fi aluzii mentolate.<\/em><\/p>\n<p>&nbsp;<\/p>\n<p>Razvan Avram, <a href=\"http:\/\/www.paharnicul.ro\">paharnicul.ro<\/a><\/p>\n","protected":false},"excerpt":{"rendered":"<p>750 ml<br \/>\nVol Alc 13%<br \/>\nRest zahar 4g<br \/>\nAciditate 7,8g<br \/>\nDOC-CMD Tarnave &#8211; Tarnaveni<\/p>\n","protected":false},"featured_media":117,"comment_status":"closed","ping_status":"closed","template":"","meta":[],"product_brand":[],"product_cat":[64,52,56],"product_tag":[82],"class_list":{"0":"post-71","1":"product","2":"type-product","3":"status-publish","4":"has-post-thumbnail","6":"product_cat-premium","7":"product_cat-sec","8":"product_cat-vin-alb","9":"product_tag-chardonnay","11":"first","12":"instock","13":"taxable","14":"shipping-taxable","15":"purchasable","16":"product-type-simple"},"yoast_head":"<!-- This site is optimized with the Yoast SEO plugin v27.4 - https:\/\/yoast.com\/product\/yoast-seo-wordpress\/ -->\n<title>Chardonnay Premium 2023 - Villa Vinea<\/title>\n<meta name=\"robots\" content=\"index, follow, max-snippet:-1, max-image-preview:large, max-video-preview:-1\" \/>\n<link rel=\"canonical\" href=\"https:\/\/villavinea.com\/index.php\/product\/chardonnay-premium-2021\/\" \/>\n<meta property=\"og:locale\" content=\"en_US\" \/>\n<meta property=\"og:type\" content=\"article\" \/>\n<meta property=\"og:title\" content=\"Chardonnay Premium 2023 - Villa Vinea\" \/>\n<meta property=\"og:description\" content=\"750 ml Vol Alc 13% Rest zahar 4g Aciditate 7,8g DOC-CMD Tarnave - Tarnaveni\" \/>\n<meta property=\"og:url\" content=\"https:\/\/villavinea.com\/index.php\/product\/chardonnay-premium-2021\/\" \/>\n<meta property=\"og:site_name\" content=\"Villa Vinea\" \/>\n<meta property=\"article:publisher\" content=\"https:\/\/www.facebook.com\/VillaVinea\" \/>\n<meta property=\"article:modified_time\" content=\"2025-08-07T08:42:29+00:00\" \/>\n<meta property=\"og:image\" content=\"https:\/\/villavinea.com\/wp-content\/uploads\/2024\/07\/Chardonnay_Premium_SQ.jpg\" \/>\n\t<meta property=\"og:image:width\" content=\"800\" \/>\n\t<meta property=\"og:image:height\" content=\"800\" \/>\n\t<meta property=\"og:image:type\" content=\"image\/jpeg\" \/>\n<meta name=\"twitter:card\" content=\"summary_large_image\" \/>\n<script type=\"application\/ld+json\" class=\"yoast-schema-graph\">{\"@context\":\"https:\\\/\\\/schema.org\",\"@graph\":[{\"@type\":\"WebPage\",\"@id\":\"https:\\\/\\\/villavinea.com\\\/index.php\\\/product\\\/chardonnay-premium-2021\\\/\",\"url\":\"https:\\\/\\\/villavinea.com\\\/index.php\\\/product\\\/chardonnay-premium-2021\\\/\",\"name\":\"Chardonnay Premium 2023 - Villa Vinea\",\"isPartOf\":{\"@id\":\"https:\\\/\\\/villavinea.com\\\/#website\"},\"primaryImageOfPage\":{\"@id\":\"https:\\\/\\\/villavinea.com\\\/index.php\\\/product\\\/chardonnay-premium-2021\\\/#primaryimage\"},\"image\":{\"@id\":\"https:\\\/\\\/villavinea.com\\\/index.php\\\/product\\\/chardonnay-premium-2021\\\/#primaryimage\"},\"thumbnailUrl\":\"https:\\\/\\\/villavinea.com\\\/wp-content\\\/uploads\\\/2024\\\/07\\\/Chardonnay_Premium_SQ.jpg\",\"datePublished\":\"2024-07-01T08:10:39+00:00\",\"dateModified\":\"2025-08-07T08:42:29+00:00\",\"breadcrumb\":{\"@id\":\"https:\\\/\\\/villavinea.com\\\/index.php\\\/product\\\/chardonnay-premium-2021\\\/#breadcrumb\"},\"inLanguage\":\"en-US\",\"potentialAction\":[{\"@type\":\"ReadAction\",\"target\":[\"https:\\\/\\\/villavinea.com\\\/index.php\\\/product\\\/chardonnay-premium-2021\\\/\"]}]},{\"@type\":\"ImageObject\",\"inLanguage\":\"en-US\",\"@id\":\"https:\\\/\\\/villavinea.com\\\/index.php\\\/product\\\/chardonnay-premium-2021\\\/#primaryimage\",\"url\":\"https:\\\/\\\/villavinea.com\\\/wp-content\\\/uploads\\\/2024\\\/07\\\/Chardonnay_Premium_SQ.jpg\",\"contentUrl\":\"https:\\\/\\\/villavinea.com\\\/wp-content\\\/uploads\\\/2024\\\/07\\\/Chardonnay_Premium_SQ.jpg\",\"width\":800,\"height\":800},{\"@type\":\"BreadcrumbList\",\"@id\":\"https:\\\/\\\/villavinea.com\\\/index.php\\\/product\\\/chardonnay-premium-2021\\\/#breadcrumb\",\"itemListElement\":[{\"@type\":\"ListItem\",\"position\":1,\"name\":\"Home\",\"item\":\"https:\\\/\\\/villavinea.com\\\/\"},{\"@type\":\"ListItem\",\"position\":2,\"name\":\"Vinurile noastre\",\"item\":\"https:\\\/\\\/villavinea.com\\\/index.php\\\/shop-ro-2\\\/\"},{\"@type\":\"ListItem\",\"position\":3,\"name\":\"Chardonnay Premium 2023\"}]},{\"@type\":\"WebSite\",\"@id\":\"https:\\\/\\\/villavinea.com\\\/#website\",\"url\":\"https:\\\/\\\/villavinea.com\\\/\",\"name\":\"Villa Vinea\",\"description\":\"\",\"publisher\":{\"@id\":\"https:\\\/\\\/villavinea.com\\\/#organization\"},\"potentialAction\":[{\"@type\":\"SearchAction\",\"target\":{\"@type\":\"EntryPoint\",\"urlTemplate\":\"https:\\\/\\\/villavinea.com\\\/?s={search_term_string}\"},\"query-input\":{\"@type\":\"PropertyValueSpecification\",\"valueRequired\":true,\"valueName\":\"search_term_string\"}}],\"inLanguage\":\"en-US\"},{\"@type\":\"Organization\",\"@id\":\"https:\\\/\\\/villavinea.com\\\/#organization\",\"name\":\"Villa Vinea\",\"url\":\"https:\\\/\\\/villavinea.com\\\/\",\"logo\":{\"@type\":\"ImageObject\",\"inLanguage\":\"en-US\",\"@id\":\"https:\\\/\\\/villavinea.com\\\/#\\\/schema\\\/logo\\\/image\\\/\",\"url\":\"https:\\\/\\\/villavinea.com\\\/wp-content\\\/uploads\\\/2024\\\/07\\\/Logo-Villa-Vinea.png\",\"contentUrl\":\"https:\\\/\\\/villavinea.com\\\/wp-content\\\/uploads\\\/2024\\\/07\\\/Logo-Villa-Vinea.png\",\"width\":1525,\"height\":508,\"caption\":\"Villa Vinea\"},\"image\":{\"@id\":\"https:\\\/\\\/villavinea.com\\\/#\\\/schema\\\/logo\\\/image\\\/\"},\"sameAs\":[\"https:\\\/\\\/www.facebook.com\\\/VillaVinea\",\"https:\\\/\\\/www.instagram.com\\\/villavinearomania\\\/\",\"https:\\\/\\\/www.youtube.com\\\/@VillaVineaMures\"]}]}<\/script>\n<!-- \/ Yoast SEO plugin. -->","yoast_head_json":{"title":"Chardonnay Premium 2023 - Villa Vinea","robots":{"index":"index","follow":"follow","max-snippet":"max-snippet:-1","max-image-preview":"max-image-preview:large","max-video-preview":"max-video-preview:-1"},"canonical":"https:\/\/villavinea.com\/index.php\/product\/chardonnay-premium-2021\/","og_locale":"en_US","og_type":"article","og_title":"Chardonnay Premium 2023 - Villa Vinea","og_description":"750 ml Vol Alc 13% Rest zahar 4g Aciditate 7,8g DOC-CMD Tarnave - Tarnaveni","og_url":"https:\/\/villavinea.com\/index.php\/product\/chardonnay-premium-2021\/","og_site_name":"Villa Vinea","article_publisher":"https:\/\/www.facebook.com\/VillaVinea","article_modified_time":"2025-08-07T08:42:29+00:00","og_image":[{"width":800,"height":800,"url":"https:\/\/villavinea.com\/wp-content\/uploads\/2024\/07\/Chardonnay_Premium_SQ.jpg","type":"image\/jpeg"}],"twitter_card":"summary_large_image","schema":{"@context":"https:\/\/schema.org","@graph":[{"@type":"WebPage","@id":"https:\/\/villavinea.com\/index.php\/product\/chardonnay-premium-2021\/","url":"https:\/\/villavinea.com\/index.php\/product\/chardonnay-premium-2021\/","name":"Chardonnay Premium 2023 - Villa Vinea","isPartOf":{"@id":"https:\/\/villavinea.com\/#website"},"primaryImageOfPage":{"@id":"https:\/\/villavinea.com\/index.php\/product\/chardonnay-premium-2021\/#primaryimage"},"image":{"@id":"https:\/\/villavinea.com\/index.php\/product\/chardonnay-premium-2021\/#primaryimage"},"thumbnailUrl":"https:\/\/villavinea.com\/wp-content\/uploads\/2024\/07\/Chardonnay_Premium_SQ.jpg","datePublished":"2024-07-01T08:10:39+00:00","dateModified":"2025-08-07T08:42:29+00:00","breadcrumb":{"@id":"https:\/\/villavinea.com\/index.php\/product\/chardonnay-premium-2021\/#breadcrumb"},"inLanguage":"en-US","potentialAction":[{"@type":"ReadAction","target":["https:\/\/villavinea.com\/index.php\/product\/chardonnay-premium-2021\/"]}]},{"@type":"ImageObject","inLanguage":"en-US","@id":"https:\/\/villavinea.com\/index.php\/product\/chardonnay-premium-2021\/#primaryimage","url":"https:\/\/villavinea.com\/wp-content\/uploads\/2024\/07\/Chardonnay_Premium_SQ.jpg","contentUrl":"https:\/\/villavinea.com\/wp-content\/uploads\/2024\/07\/Chardonnay_Premium_SQ.jpg","width":800,"height":800},{"@type":"BreadcrumbList","@id":"https:\/\/villavinea.com\/index.php\/product\/chardonnay-premium-2021\/#breadcrumb","itemListElement":[{"@type":"ListItem","position":1,"name":"Home","item":"https:\/\/villavinea.com\/"},{"@type":"ListItem","position":2,"name":"Vinurile noastre","item":"https:\/\/villavinea.com\/index.php\/shop-ro-2\/"},{"@type":"ListItem","position":3,"name":"Chardonnay Premium 2023"}]},{"@type":"WebSite","@id":"https:\/\/villavinea.com\/#website","url":"https:\/\/villavinea.com\/","name":"Villa Vinea","description":"","publisher":{"@id":"https:\/\/villavinea.com\/#organization"},"potentialAction":[{"@type":"SearchAction","target":{"@type":"EntryPoint","urlTemplate":"https:\/\/villavinea.com\/?s={search_term_string}"},"query-input":{"@type":"PropertyValueSpecification","valueRequired":true,"valueName":"search_term_string"}}],"inLanguage":"en-US"},{"@type":"Organization","@id":"https:\/\/villavinea.com\/#organization","name":"Villa Vinea","url":"https:\/\/villavinea.com\/","logo":{"@type":"ImageObject","inLanguage":"en-US","@id":"https:\/\/villavinea.com\/#\/schema\/logo\/image\/","url":"https:\/\/villavinea.com\/wp-content\/uploads\/2024\/07\/Logo-Villa-Vinea.png","contentUrl":"https:\/\/villavinea.com\/wp-content\/uploads\/2024\/07\/Logo-Villa-Vinea.png","width":1525,"height":508,"caption":"Villa Vinea"},"image":{"@id":"https:\/\/villavinea.com\/#\/schema\/logo\/image\/"},"sameAs":["https:\/\/www.facebook.com\/VillaVinea","https:\/\/www.instagram.com\/villavinearomania\/","https:\/\/www.youtube.com\/@VillaVineaMures"]}]}},"jetpack_sharing_enabled":true,"_links":{"self":[{"href":"https:\/\/villavinea.com\/index.php\/wp-json\/wp\/v2\/product\/71","targetHints":{"allow":["GET"]}}],"collection":[{"href":"https:\/\/villavinea.com\/index.php\/wp-json\/wp\/v2\/product"}],"about":[{"href":"https:\/\/villavinea.com\/index.php\/wp-json\/wp\/v2\/types\/product"}],"replies":[{"embeddable":true,"href":"https:\/\/villavinea.com\/index.php\/wp-json\/wp\/v2\/comments?post=71"}],"wp:featuredmedia":[{"embeddable":true,"href":"https:\/\/villavinea.com\/index.php\/wp-json\/wp\/v2\/media\/117"}],"wp:attachment":[{"href":"https:\/\/villavinea.com\/index.php\/wp-json\/wp\/v2\/media?parent=71"}],"wp:term":[{"taxonomy":"product_brand","embeddable":true,"href":"https:\/\/villavinea.com\/index.php\/wp-json\/wp\/v2\/product_brand?post=71"},{"taxonomy":"product_cat","embeddable":true,"href":"https:\/\/villavinea.com\/index.php\/wp-json\/wp\/v2\/product_cat?post=71"},{"taxonomy":"product_tag","embeddable":true,"href":"https:\/\/villavinea.com\/index.php\/wp-json\/wp\/v2\/product_tag?post=71"}],"curies":[{"name":"wp","href":"https:\/\/api.w.org\/{rel}","templated":true}]}}