{"id":75,"date":"2024-07-01T08:10:40","date_gmt":"2024-07-01T08:10:40","guid":{"rendered":"https:\/\/villavinea.com\/?post_type=product&#038;p=75"},"modified":"2026-03-23T16:22:19","modified_gmt":"2026-03-23T16:22:19","slug":"kerner-premium-2024","status":"publish","type":"product","link":"https:\/\/villavinea.com\/index.php\/product\/kerner-premium-2024\/","title":{"rendered":"Kerner Premium 2024"},"content":{"rendered":"<div id=\"content\" class=\"site-content\">\n<div class=\"col-full\">\n<div id=\"primary\" class=\"content-area\">\n<p><em>Un soi reprezentativ pentru crama transilv\u0103nean\u0103 din localitatea Mic\u0103. Un vin care se recomand\u0103 prin trei atribute principale: fructe galbene coapte, aciditate \u015fi mineralitate.<\/em>Culoare galben pai, str\u0103lucitoare \u015fi nas aromatic, cu par\u0103 bergamot\u0103, flori de salc\u00e2m \u015fi aluzii calcaroase. Corp fluid, cu o discret\u0103 astringen\u0163\u0103 \u015fi alcool bine integrat. Gust crocant, cu gutuie p\u00e2rguit\u0103, grapefruit alb \u015fi lime. Postgust lung \u015fi r\u0103coritor, cu senza\u0163ii de citrice am\u0103rui \u015fi tonuri saline.<\/p>\n<\/div>\n<p>Razvan Avram, <a href=\"http:\/\/www.paharnicul.ro\">paharnicul.ro<\/a><\/p>\n<\/div>\n<\/div>\n<div class=\"site-info\"><\/div>\n<div>===<\/div>\n<div><\/div>\n<div>valori nutritionale:<\/div>\n<div><img fetchpriority=\"high\" decoding=\"async\" class=\"size-medium wp-image-11204 alignnone\" src=\"https:\/\/villavinea.com\/wp-content\/uploads\/2024\/07\/KRP24-212x300.jpg\" alt=\"\" width=\"212\" height=\"300\" srcset=\"https:\/\/villavinea.com\/wp-content\/uploads\/2024\/07\/KRP24-212x300.jpg 212w, https:\/\/villavinea.com\/wp-content\/uploads\/2024\/07\/KRP24-724x1024.jpg 724w, https:\/\/villavinea.com\/wp-content\/uploads\/2024\/07\/KRP24-350x495.jpg 350w, https:\/\/villavinea.com\/wp-content\/uploads\/2024\/07\/KRP24-650x919.jpg 650w, https:\/\/villavinea.com\/wp-content\/uploads\/2024\/07\/KRP24-600x848.jpg 600w, https:\/\/villavinea.com\/wp-content\/uploads\/2024\/07\/KRP24.jpg 744w\" sizes=\"(max-width: 212px) 100vw, 212px\" \/><\/div>\n","protected":false},"excerpt":{"rendered":"<p>750 ml<br \/>\nVol Alc 14%<br \/>\nRest zahar 8.18g<br \/>\nAciditate 7,05g<br \/>\nDOC-CMD Tarnave &#8211; Tarnaveni<\/p>\n<p>&nbsp;<\/p>\n<p>&nbsp;<\/p>\n","protected":false},"featured_media":125,"comment_status":"closed","ping_status":"closed","template":"","meta":[],"product_brand":[],"product_cat":[64,52,56],"product_tag":[94],"class_list":{"0":"post-75","1":"product","2":"type-product","3":"status-publish","4":"has-post-thumbnail","6":"product_cat-premium","7":"product_cat-sec","8":"product_cat-vin-alb","9":"product_tag-kerner","11":"first","12":"instock","13":"taxable","14":"shipping-taxable","15":"purchasable","16":"product-type-simple"},"yoast_head":"<!-- This site is optimized with the Yoast SEO plugin v27.1.1 - https:\/\/yoast.com\/product\/yoast-seo-wordpress\/ -->\n<title>Kerner Premium 2024 - Villa Vinea<\/title>\n<meta name=\"robots\" content=\"index, follow, max-snippet:-1, max-image-preview:large, max-video-preview:-1\" \/>\n<link rel=\"canonical\" href=\"https:\/\/villavinea.com\/index.php\/product\/kerner-premium-2024\/\" \/>\n<meta property=\"og:locale\" content=\"en_US\" \/>\n<meta property=\"og:type\" content=\"article\" \/>\n<meta property=\"og:title\" content=\"Kerner Premium 2024 - Villa Vinea\" \/>\n<meta property=\"og:description\" content=\"750 ml Vol Alc 14% Rest zahar 8.18g Aciditate 7,05g DOC-CMD Tarnave - Tarnaveni  &nbsp;  &nbsp;\" \/>\n<meta property=\"og:url\" content=\"https:\/\/villavinea.com\/index.php\/product\/kerner-premium-2024\/\" \/>\n<meta property=\"og:site_name\" content=\"Villa Vinea\" \/>\n<meta property=\"article:publisher\" content=\"https:\/\/www.facebook.com\/VillaVinea\" \/>\n<meta property=\"article:modified_time\" content=\"2026-03-23T16:22:19+00:00\" \/>\n<meta property=\"og:image\" content=\"https:\/\/villavinea.com\/wp-content\/uploads\/2024\/07\/Kerner_Premium_SQ.jpg\" \/>\n\t<meta property=\"og:image:width\" content=\"800\" \/>\n\t<meta property=\"og:image:height\" content=\"800\" \/>\n\t<meta property=\"og:image:type\" content=\"image\/jpeg\" \/>\n<meta name=\"twitter:card\" content=\"summary_large_image\" \/>\n<meta name=\"twitter:label1\" content=\"Est. reading time\" \/>\n\t<meta name=\"twitter:data1\" content=\"2 minutes\" \/>\n<script type=\"application\/ld+json\" class=\"yoast-schema-graph\">{\"@context\":\"https:\/\/schema.org\",\"@graph\":[{\"@type\":\"WebPage\",\"@id\":\"https:\/\/villavinea.com\/index.php\/product\/kerner-premium-2024\/\",\"url\":\"https:\/\/villavinea.com\/index.php\/product\/kerner-premium-2024\/\",\"name\":\"Kerner Premium 2024 - Villa Vinea\",\"isPartOf\":{\"@id\":\"https:\/\/villavinea.com\/#website\"},\"primaryImageOfPage\":{\"@id\":\"https:\/\/villavinea.com\/index.php\/product\/kerner-premium-2024\/#primaryimage\"},\"image\":{\"@id\":\"https:\/\/villavinea.com\/index.php\/product\/kerner-premium-2024\/#primaryimage\"},\"thumbnailUrl\":\"https:\/\/villavinea.com\/wp-content\/uploads\/2024\/07\/Kerner_Premium_SQ.jpg\",\"datePublished\":\"2024-07-01T08:10:40+00:00\",\"dateModified\":\"2026-03-23T16:22:19+00:00\",\"breadcrumb\":{\"@id\":\"https:\/\/villavinea.com\/index.php\/product\/kerner-premium-2024\/#breadcrumb\"},\"inLanguage\":\"en-US\",\"potentialAction\":[{\"@type\":\"ReadAction\",\"target\":[\"https:\/\/villavinea.com\/index.php\/product\/kerner-premium-2024\/\"]}]},{\"@type\":\"ImageObject\",\"inLanguage\":\"en-US\",\"@id\":\"https:\/\/villavinea.com\/index.php\/product\/kerner-premium-2024\/#primaryimage\",\"url\":\"https:\/\/villavinea.com\/wp-content\/uploads\/2024\/07\/Kerner_Premium_SQ.jpg\",\"contentUrl\":\"https:\/\/villavinea.com\/wp-content\/uploads\/2024\/07\/Kerner_Premium_SQ.jpg\",\"width\":800,\"height\":800},{\"@type\":\"BreadcrumbList\",\"@id\":\"https:\/\/villavinea.com\/index.php\/product\/kerner-premium-2024\/#breadcrumb\",\"itemListElement\":[{\"@type\":\"ListItem\",\"position\":1,\"name\":\"Home\",\"item\":\"https:\/\/villavinea.com\/\"},{\"@type\":\"ListItem\",\"position\":2,\"name\":\"Vinurile noastre\",\"item\":\"https:\/\/villavinea.com\/index.php\/shop-ro-2\/\"},{\"@type\":\"ListItem\",\"position\":3,\"name\":\"Kerner Premium 2024\"}]},{\"@type\":\"WebSite\",\"@id\":\"https:\/\/villavinea.com\/#website\",\"url\":\"https:\/\/villavinea.com\/\",\"name\":\"Villa Vinea\",\"description\":\"\",\"publisher\":{\"@id\":\"https:\/\/villavinea.com\/#organization\"},\"potentialAction\":[{\"@type\":\"SearchAction\",\"target\":{\"@type\":\"EntryPoint\",\"urlTemplate\":\"https:\/\/villavinea.com\/?s={search_term_string}\"},\"query-input\":{\"@type\":\"PropertyValueSpecification\",\"valueRequired\":true,\"valueName\":\"search_term_string\"}}],\"inLanguage\":\"en-US\"},{\"@type\":\"Organization\",\"@id\":\"https:\/\/villavinea.com\/#organization\",\"name\":\"Villa Vinea\",\"url\":\"https:\/\/villavinea.com\/\",\"logo\":{\"@type\":\"ImageObject\",\"inLanguage\":\"en-US\",\"@id\":\"https:\/\/villavinea.com\/#\/schema\/logo\/image\/\",\"url\":\"https:\/\/villavinea.com\/wp-content\/uploads\/2024\/07\/Logo-Villa-Vinea.png\",\"contentUrl\":\"https:\/\/villavinea.com\/wp-content\/uploads\/2024\/07\/Logo-Villa-Vinea.png\",\"width\":1525,\"height\":508,\"caption\":\"Villa Vinea\"},\"image\":{\"@id\":\"https:\/\/villavinea.com\/#\/schema\/logo\/image\/\"},\"sameAs\":[\"https:\/\/www.facebook.com\/VillaVinea\",\"https:\/\/www.instagram.com\/villavinearomania\/\",\"https:\/\/www.youtube.com\/@VillaVineaMures\"]}]}<\/script>\n<!-- \/ Yoast SEO plugin. -->","yoast_head_json":{"title":"Kerner Premium 2024 - Villa Vinea","robots":{"index":"index","follow":"follow","max-snippet":"max-snippet:-1","max-image-preview":"max-image-preview:large","max-video-preview":"max-video-preview:-1"},"canonical":"https:\/\/villavinea.com\/index.php\/product\/kerner-premium-2024\/","og_locale":"en_US","og_type":"article","og_title":"Kerner Premium 2024 - Villa Vinea","og_description":"750 ml Vol Alc 14% Rest zahar 8.18g Aciditate 7,05g DOC-CMD Tarnave - Tarnaveni  &nbsp;  &nbsp;","og_url":"https:\/\/villavinea.com\/index.php\/product\/kerner-premium-2024\/","og_site_name":"Villa Vinea","article_publisher":"https:\/\/www.facebook.com\/VillaVinea","article_modified_time":"2026-03-23T16:22:19+00:00","og_image":[{"width":800,"height":800,"url":"https:\/\/villavinea.com\/wp-content\/uploads\/2024\/07\/Kerner_Premium_SQ.jpg","type":"image\/jpeg"}],"twitter_card":"summary_large_image","twitter_misc":{"Est. reading time":"2 minutes"},"schema":{"@context":"https:\/\/schema.org","@graph":[{"@type":"WebPage","@id":"https:\/\/villavinea.com\/index.php\/product\/kerner-premium-2024\/","url":"https:\/\/villavinea.com\/index.php\/product\/kerner-premium-2024\/","name":"Kerner Premium 2024 - Villa Vinea","isPartOf":{"@id":"https:\/\/villavinea.com\/#website"},"primaryImageOfPage":{"@id":"https:\/\/villavinea.com\/index.php\/product\/kerner-premium-2024\/#primaryimage"},"image":{"@id":"https:\/\/villavinea.com\/index.php\/product\/kerner-premium-2024\/#primaryimage"},"thumbnailUrl":"https:\/\/villavinea.com\/wp-content\/uploads\/2024\/07\/Kerner_Premium_SQ.jpg","datePublished":"2024-07-01T08:10:40+00:00","dateModified":"2026-03-23T16:22:19+00:00","breadcrumb":{"@id":"https:\/\/villavinea.com\/index.php\/product\/kerner-premium-2024\/#breadcrumb"},"inLanguage":"en-US","potentialAction":[{"@type":"ReadAction","target":["https:\/\/villavinea.com\/index.php\/product\/kerner-premium-2024\/"]}]},{"@type":"ImageObject","inLanguage":"en-US","@id":"https:\/\/villavinea.com\/index.php\/product\/kerner-premium-2024\/#primaryimage","url":"https:\/\/villavinea.com\/wp-content\/uploads\/2024\/07\/Kerner_Premium_SQ.jpg","contentUrl":"https:\/\/villavinea.com\/wp-content\/uploads\/2024\/07\/Kerner_Premium_SQ.jpg","width":800,"height":800},{"@type":"BreadcrumbList","@id":"https:\/\/villavinea.com\/index.php\/product\/kerner-premium-2024\/#breadcrumb","itemListElement":[{"@type":"ListItem","position":1,"name":"Home","item":"https:\/\/villavinea.com\/"},{"@type":"ListItem","position":2,"name":"Vinurile noastre","item":"https:\/\/villavinea.com\/index.php\/shop-ro-2\/"},{"@type":"ListItem","position":3,"name":"Kerner Premium 2024"}]},{"@type":"WebSite","@id":"https:\/\/villavinea.com\/#website","url":"https:\/\/villavinea.com\/","name":"Villa Vinea","description":"","publisher":{"@id":"https:\/\/villavinea.com\/#organization"},"potentialAction":[{"@type":"SearchAction","target":{"@type":"EntryPoint","urlTemplate":"https:\/\/villavinea.com\/?s={search_term_string}"},"query-input":{"@type":"PropertyValueSpecification","valueRequired":true,"valueName":"search_term_string"}}],"inLanguage":"en-US"},{"@type":"Organization","@id":"https:\/\/villavinea.com\/#organization","name":"Villa Vinea","url":"https:\/\/villavinea.com\/","logo":{"@type":"ImageObject","inLanguage":"en-US","@id":"https:\/\/villavinea.com\/#\/schema\/logo\/image\/","url":"https:\/\/villavinea.com\/wp-content\/uploads\/2024\/07\/Logo-Villa-Vinea.png","contentUrl":"https:\/\/villavinea.com\/wp-content\/uploads\/2024\/07\/Logo-Villa-Vinea.png","width":1525,"height":508,"caption":"Villa Vinea"},"image":{"@id":"https:\/\/villavinea.com\/#\/schema\/logo\/image\/"},"sameAs":["https:\/\/www.facebook.com\/VillaVinea","https:\/\/www.instagram.com\/villavinearomania\/","https:\/\/www.youtube.com\/@VillaVineaMures"]}]}},"jetpack_sharing_enabled":true,"_links":{"self":[{"href":"https:\/\/villavinea.com\/index.php\/wp-json\/wp\/v2\/product\/75","targetHints":{"allow":["GET"]}}],"collection":[{"href":"https:\/\/villavinea.com\/index.php\/wp-json\/wp\/v2\/product"}],"about":[{"href":"https:\/\/villavinea.com\/index.php\/wp-json\/wp\/v2\/types\/product"}],"replies":[{"embeddable":true,"href":"https:\/\/villavinea.com\/index.php\/wp-json\/wp\/v2\/comments?post=75"}],"wp:featuredmedia":[{"embeddable":true,"href":"https:\/\/villavinea.com\/index.php\/wp-json\/wp\/v2\/media\/125"}],"wp:attachment":[{"href":"https:\/\/villavinea.com\/index.php\/wp-json\/wp\/v2\/media?parent=75"}],"wp:term":[{"taxonomy":"product_brand","embeddable":true,"href":"https:\/\/villavinea.com\/index.php\/wp-json\/wp\/v2\/product_brand?post=75"},{"taxonomy":"product_cat","embeddable":true,"href":"https:\/\/villavinea.com\/index.php\/wp-json\/wp\/v2\/product_cat?post=75"},{"taxonomy":"product_tag","embeddable":true,"href":"https:\/\/villavinea.com\/index.php\/wp-json\/wp\/v2\/product_tag?post=75"}],"curies":[{"name":"wp","href":"https:\/\/api.w.org\/{rel}","templated":true}]}}