{"id":79,"date":"2024-07-01T08:10:41","date_gmt":"2024-07-01T08:10:41","guid":{"rendered":"https:\/\/villavinea.com\/?post_type=product&#038;p=79"},"modified":"2026-01-20T11:10:34","modified_gmt":"2026-01-20T11:10:34","slug":"castel-vinum-vin-alb-2022-5-litri","status":"publish","type":"product","link":"https:\/\/villavinea.com\/index.php\/product\/castel-vinum-vin-alb-2022-5-litri\/","title":{"rendered":"Castel Vinum Vin Alb 2022 5 litri"},"content":{"rendered":"<h2>Castel Vinum Vin Alb 2022 5 litri<\/h2>\n<p>&nbsp;<\/p>\n<p><em>Un vin proasp\u0103t \u015fi colocvial, ce beneficiaz\u0103 din plin de aciditatea \u015fi mineralitatea specific\u0103 zonei T\u00e2rnava Mic\u0103, la care se adaug\u0103 frumoasele note aromatice date de Muscat Ottonel \u015fi Feteasca Regal\u0103. Un vin \u201cde discu\u0163ie\u201d, dar foarte potrivit \u015fi ca aperitiv.<\/em><\/p>\n<p>&nbsp;<\/p>\n<p><em>Culoarea vinului este galben verzui, iar nasul e aromatic, cu note de soc, t\u0103m\u00e2ie \u015fi f\u00e2n proasp\u0103t cosit. Corpul e suplu, cu aciditate intens\u0103 \u015fi alcool bine integrat. Gustul, liniar \u015fi direct, aduce un mix de mere verzi, caise \u015fi fagure de miere. Postgustul e proasp\u0103t \u015fi vioi, l\u0103s\u00e2nd impresii de corcodu\u015fe verzi, o pl\u0103cut\u0103 astringen\u0163\u0103 \u015fi senza\u0163ii pu\u0163in am\u0103rui, elegante.<\/em><\/p>\n<p>&nbsp;<\/p>\n<p>Razvan Avram, <a href=\"http:\/\/www.paharnicul.ro\">paharnicul.ro<\/a><\/p>\n","protected":false},"excerpt":{"rendered":"<p>5 L<br \/>\nVin Alb<br \/>\nSEC<br \/>\nVol Alcool 12.5%<\/p>\n","protected":false},"featured_media":11035,"comment_status":"open","ping_status":"closed","template":"","meta":[],"product_brand":[],"product_cat":[106,227,56],"product_tag":[108,82,62,110],"class_list":{"0":"post-79","1":"product","2":"type-product","3":"status-publish","4":"has-post-thumbnail","6":"product_cat-bag-in-box","7":"product_cat-castel-vinum-ro","8":"product_cat-vin-alb","9":"product_tag-bag-in-box","10":"product_tag-chardonnay","11":"product_tag-feteasca-regala","12":"product_tag-muscat-ottonel","14":"first","15":"instock","16":"taxable","17":"shipping-taxable","18":"purchasable","19":"product-type-simple"},"yoast_head":"<!-- This site is optimized with the Yoast SEO plugin v27.1.1 - https:\/\/yoast.com\/product\/yoast-seo-wordpress\/ -->\n<title>Castel Vinum Vin Alb 2022 5 litri - Villa Vinea<\/title>\n<meta name=\"robots\" content=\"index, follow, max-snippet:-1, max-image-preview:large, max-video-preview:-1\" \/>\n<link rel=\"canonical\" href=\"https:\/\/villavinea.com\/index.php\/product\/castel-vinum-vin-alb-2022-5-litri\/\" \/>\n<meta property=\"og:locale\" content=\"en_US\" \/>\n<meta property=\"og:type\" content=\"article\" \/>\n<meta property=\"og:title\" content=\"Castel Vinum Vin Alb 2022 5 litri - Villa Vinea\" \/>\n<meta property=\"og:description\" content=\"5 L Vin Alb SEC Vol Alcool 12.5%\" \/>\n<meta property=\"og:url\" content=\"https:\/\/villavinea.com\/index.php\/product\/castel-vinum-vin-alb-2022-5-litri\/\" \/>\n<meta property=\"og:site_name\" content=\"Villa Vinea\" \/>\n<meta property=\"article:publisher\" content=\"https:\/\/www.facebook.com\/VillaVinea\" \/>\n<meta property=\"article:modified_time\" content=\"2026-01-20T11:10:34+00:00\" \/>\n<meta property=\"og:image\" content=\"https:\/\/villavinea.com\/wp-content\/uploads\/2024\/07\/Vin_Alb_Demisec_Bag_In_Box_Feteasca_Regala_chardonnay_Sauvignon_Blanc_Muscat_Ottonel_Villa_Vinea-1.jpg\" \/>\n\t<meta property=\"og:image:width\" content=\"800\" \/>\n\t<meta property=\"og:image:height\" content=\"800\" \/>\n\t<meta property=\"og:image:type\" content=\"image\/jpeg\" \/>\n<meta name=\"twitter:card\" content=\"summary_large_image\" \/>\n<meta name=\"twitter:label1\" content=\"Est. reading time\" \/>\n\t<meta name=\"twitter:data1\" content=\"2 minutes\" \/>\n<script type=\"application\/ld+json\" class=\"yoast-schema-graph\">{\"@context\":\"https:\/\/schema.org\",\"@graph\":[{\"@type\":\"WebPage\",\"@id\":\"https:\/\/villavinea.com\/index.php\/product\/castel-vinum-vin-alb-2022-5-litri\/\",\"url\":\"https:\/\/villavinea.com\/index.php\/product\/castel-vinum-vin-alb-2022-5-litri\/\",\"name\":\"Castel Vinum Vin Alb 2022 5 litri - Villa Vinea\",\"isPartOf\":{\"@id\":\"https:\/\/villavinea.com\/#website\"},\"primaryImageOfPage\":{\"@id\":\"https:\/\/villavinea.com\/index.php\/product\/castel-vinum-vin-alb-2022-5-litri\/#primaryimage\"},\"image\":{\"@id\":\"https:\/\/villavinea.com\/index.php\/product\/castel-vinum-vin-alb-2022-5-litri\/#primaryimage\"},\"thumbnailUrl\":\"https:\/\/villavinea.com\/wp-content\/uploads\/2024\/07\/Vin_Alb_Demisec_Bag_In_Box_Feteasca_Regala_chardonnay_Sauvignon_Blanc_Muscat_Ottonel_Villa_Vinea-1.jpg\",\"datePublished\":\"2024-07-01T08:10:41+00:00\",\"dateModified\":\"2026-01-20T11:10:34+00:00\",\"breadcrumb\":{\"@id\":\"https:\/\/villavinea.com\/index.php\/product\/castel-vinum-vin-alb-2022-5-litri\/#breadcrumb\"},\"inLanguage\":\"en-US\",\"potentialAction\":[{\"@type\":\"ReadAction\",\"target\":[\"https:\/\/villavinea.com\/index.php\/product\/castel-vinum-vin-alb-2022-5-litri\/\"]}]},{\"@type\":\"ImageObject\",\"inLanguage\":\"en-US\",\"@id\":\"https:\/\/villavinea.com\/index.php\/product\/castel-vinum-vin-alb-2022-5-litri\/#primaryimage\",\"url\":\"https:\/\/villavinea.com\/wp-content\/uploads\/2024\/07\/Vin_Alb_Demisec_Bag_In_Box_Feteasca_Regala_chardonnay_Sauvignon_Blanc_Muscat_Ottonel_Villa_Vinea-1.jpg\",\"contentUrl\":\"https:\/\/villavinea.com\/wp-content\/uploads\/2024\/07\/Vin_Alb_Demisec_Bag_In_Box_Feteasca_Regala_chardonnay_Sauvignon_Blanc_Muscat_Ottonel_Villa_Vinea-1.jpg\",\"width\":800,\"height\":800},{\"@type\":\"BreadcrumbList\",\"@id\":\"https:\/\/villavinea.com\/index.php\/product\/castel-vinum-vin-alb-2022-5-litri\/#breadcrumb\",\"itemListElement\":[{\"@type\":\"ListItem\",\"position\":1,\"name\":\"Home\",\"item\":\"https:\/\/villavinea.com\/\"},{\"@type\":\"ListItem\",\"position\":2,\"name\":\"Vinurile noastre\",\"item\":\"https:\/\/villavinea.com\/index.php\/shop-ro-2\/\"},{\"@type\":\"ListItem\",\"position\":3,\"name\":\"Castel Vinum Vin Alb 2022 5 litri\"}]},{\"@type\":\"WebSite\",\"@id\":\"https:\/\/villavinea.com\/#website\",\"url\":\"https:\/\/villavinea.com\/\",\"name\":\"Villa Vinea\",\"description\":\"\",\"publisher\":{\"@id\":\"https:\/\/villavinea.com\/#organization\"},\"potentialAction\":[{\"@type\":\"SearchAction\",\"target\":{\"@type\":\"EntryPoint\",\"urlTemplate\":\"https:\/\/villavinea.com\/?s={search_term_string}\"},\"query-input\":{\"@type\":\"PropertyValueSpecification\",\"valueRequired\":true,\"valueName\":\"search_term_string\"}}],\"inLanguage\":\"en-US\"},{\"@type\":\"Organization\",\"@id\":\"https:\/\/villavinea.com\/#organization\",\"name\":\"Villa Vinea\",\"url\":\"https:\/\/villavinea.com\/\",\"logo\":{\"@type\":\"ImageObject\",\"inLanguage\":\"en-US\",\"@id\":\"https:\/\/villavinea.com\/#\/schema\/logo\/image\/\",\"url\":\"https:\/\/villavinea.com\/wp-content\/uploads\/2024\/07\/Logo-Villa-Vinea.png\",\"contentUrl\":\"https:\/\/villavinea.com\/wp-content\/uploads\/2024\/07\/Logo-Villa-Vinea.png\",\"width\":1525,\"height\":508,\"caption\":\"Villa Vinea\"},\"image\":{\"@id\":\"https:\/\/villavinea.com\/#\/schema\/logo\/image\/\"},\"sameAs\":[\"https:\/\/www.facebook.com\/VillaVinea\",\"https:\/\/www.instagram.com\/villavinearomania\/\",\"https:\/\/www.youtube.com\/@VillaVineaMures\"]}]}<\/script>\n<!-- \/ Yoast SEO plugin. -->","yoast_head_json":{"title":"Castel Vinum Vin Alb 2022 5 litri - Villa Vinea","robots":{"index":"index","follow":"follow","max-snippet":"max-snippet:-1","max-image-preview":"max-image-preview:large","max-video-preview":"max-video-preview:-1"},"canonical":"https:\/\/villavinea.com\/index.php\/product\/castel-vinum-vin-alb-2022-5-litri\/","og_locale":"en_US","og_type":"article","og_title":"Castel Vinum Vin Alb 2022 5 litri - Villa Vinea","og_description":"5 L Vin Alb SEC Vol Alcool 12.5%","og_url":"https:\/\/villavinea.com\/index.php\/product\/castel-vinum-vin-alb-2022-5-litri\/","og_site_name":"Villa Vinea","article_publisher":"https:\/\/www.facebook.com\/VillaVinea","article_modified_time":"2026-01-20T11:10:34+00:00","og_image":[{"width":800,"height":800,"url":"https:\/\/villavinea.com\/wp-content\/uploads\/2024\/07\/Vin_Alb_Demisec_Bag_In_Box_Feteasca_Regala_chardonnay_Sauvignon_Blanc_Muscat_Ottonel_Villa_Vinea-1.jpg","type":"image\/jpeg"}],"twitter_card":"summary_large_image","twitter_misc":{"Est. reading time":"2 minutes"},"schema":{"@context":"https:\/\/schema.org","@graph":[{"@type":"WebPage","@id":"https:\/\/villavinea.com\/index.php\/product\/castel-vinum-vin-alb-2022-5-litri\/","url":"https:\/\/villavinea.com\/index.php\/product\/castel-vinum-vin-alb-2022-5-litri\/","name":"Castel Vinum Vin Alb 2022 5 litri - Villa Vinea","isPartOf":{"@id":"https:\/\/villavinea.com\/#website"},"primaryImageOfPage":{"@id":"https:\/\/villavinea.com\/index.php\/product\/castel-vinum-vin-alb-2022-5-litri\/#primaryimage"},"image":{"@id":"https:\/\/villavinea.com\/index.php\/product\/castel-vinum-vin-alb-2022-5-litri\/#primaryimage"},"thumbnailUrl":"https:\/\/villavinea.com\/wp-content\/uploads\/2024\/07\/Vin_Alb_Demisec_Bag_In_Box_Feteasca_Regala_chardonnay_Sauvignon_Blanc_Muscat_Ottonel_Villa_Vinea-1.jpg","datePublished":"2024-07-01T08:10:41+00:00","dateModified":"2026-01-20T11:10:34+00:00","breadcrumb":{"@id":"https:\/\/villavinea.com\/index.php\/product\/castel-vinum-vin-alb-2022-5-litri\/#breadcrumb"},"inLanguage":"en-US","potentialAction":[{"@type":"ReadAction","target":["https:\/\/villavinea.com\/index.php\/product\/castel-vinum-vin-alb-2022-5-litri\/"]}]},{"@type":"ImageObject","inLanguage":"en-US","@id":"https:\/\/villavinea.com\/index.php\/product\/castel-vinum-vin-alb-2022-5-litri\/#primaryimage","url":"https:\/\/villavinea.com\/wp-content\/uploads\/2024\/07\/Vin_Alb_Demisec_Bag_In_Box_Feteasca_Regala_chardonnay_Sauvignon_Blanc_Muscat_Ottonel_Villa_Vinea-1.jpg","contentUrl":"https:\/\/villavinea.com\/wp-content\/uploads\/2024\/07\/Vin_Alb_Demisec_Bag_In_Box_Feteasca_Regala_chardonnay_Sauvignon_Blanc_Muscat_Ottonel_Villa_Vinea-1.jpg","width":800,"height":800},{"@type":"BreadcrumbList","@id":"https:\/\/villavinea.com\/index.php\/product\/castel-vinum-vin-alb-2022-5-litri\/#breadcrumb","itemListElement":[{"@type":"ListItem","position":1,"name":"Home","item":"https:\/\/villavinea.com\/"},{"@type":"ListItem","position":2,"name":"Vinurile noastre","item":"https:\/\/villavinea.com\/index.php\/shop-ro-2\/"},{"@type":"ListItem","position":3,"name":"Castel Vinum Vin Alb 2022 5 litri"}]},{"@type":"WebSite","@id":"https:\/\/villavinea.com\/#website","url":"https:\/\/villavinea.com\/","name":"Villa Vinea","description":"","publisher":{"@id":"https:\/\/villavinea.com\/#organization"},"potentialAction":[{"@type":"SearchAction","target":{"@type":"EntryPoint","urlTemplate":"https:\/\/villavinea.com\/?s={search_term_string}"},"query-input":{"@type":"PropertyValueSpecification","valueRequired":true,"valueName":"search_term_string"}}],"inLanguage":"en-US"},{"@type":"Organization","@id":"https:\/\/villavinea.com\/#organization","name":"Villa Vinea","url":"https:\/\/villavinea.com\/","logo":{"@type":"ImageObject","inLanguage":"en-US","@id":"https:\/\/villavinea.com\/#\/schema\/logo\/image\/","url":"https:\/\/villavinea.com\/wp-content\/uploads\/2024\/07\/Logo-Villa-Vinea.png","contentUrl":"https:\/\/villavinea.com\/wp-content\/uploads\/2024\/07\/Logo-Villa-Vinea.png","width":1525,"height":508,"caption":"Villa Vinea"},"image":{"@id":"https:\/\/villavinea.com\/#\/schema\/logo\/image\/"},"sameAs":["https:\/\/www.facebook.com\/VillaVinea","https:\/\/www.instagram.com\/villavinearomania\/","https:\/\/www.youtube.com\/@VillaVineaMures"]}]}},"jetpack_sharing_enabled":true,"_links":{"self":[{"href":"https:\/\/villavinea.com\/index.php\/wp-json\/wp\/v2\/product\/79","targetHints":{"allow":["GET"]}}],"collection":[{"href":"https:\/\/villavinea.com\/index.php\/wp-json\/wp\/v2\/product"}],"about":[{"href":"https:\/\/villavinea.com\/index.php\/wp-json\/wp\/v2\/types\/product"}],"replies":[{"embeddable":true,"href":"https:\/\/villavinea.com\/index.php\/wp-json\/wp\/v2\/comments?post=79"}],"wp:featuredmedia":[{"embeddable":true,"href":"https:\/\/villavinea.com\/index.php\/wp-json\/wp\/v2\/media\/11035"}],"wp:attachment":[{"href":"https:\/\/villavinea.com\/index.php\/wp-json\/wp\/v2\/media?parent=79"}],"wp:term":[{"taxonomy":"product_brand","embeddable":true,"href":"https:\/\/villavinea.com\/index.php\/wp-json\/wp\/v2\/product_brand?post=79"},{"taxonomy":"product_cat","embeddable":true,"href":"https:\/\/villavinea.com\/index.php\/wp-json\/wp\/v2\/product_cat?post=79"},{"taxonomy":"product_tag","embeddable":true,"href":"https:\/\/villavinea.com\/index.php\/wp-json\/wp\/v2\/product_tag?post=79"}],"curies":[{"name":"wp","href":"https:\/\/api.w.org\/{rel}","templated":true}]}}