{"id":81,"date":"2024-07-01T08:10:41","date_gmt":"2024-07-01T08:10:41","guid":{"rendered":"https:\/\/villavinea.com\/?post_type=product&#038;p=81"},"modified":"2024-10-10T07:49:19","modified_gmt":"2024-10-10T07:49:19","slug":"castel-vinum-feteasca-neagra-pinot-noir-2021-2-litri","status":"publish","type":"product","link":"https:\/\/villavinea.com\/index.php\/product\/castel-vinum-feteasca-neagra-pinot-noir-2021-2-litri\/","title":{"rendered":"Castel Vinum Feteasca Neagra, Pinot Noir 2021 2 litri"},"content":{"rendered":"<h2>Castel Vinum Feteasca Neagra, Pinot Noir 2021 3 litri<\/h2>\n<p>&nbsp;<\/p>\n<p>Un cupaj de Feteasc\u0103 Neagr\u0103 \u015fi Pinot Noir, zglobiu \u015fi colocvial, un veritabil vin ro\u015fu de var\u0103, care nu cere dec\u00e2t s\u0103 fie pu\u0163in r\u0103cit \u015fi, mai apoi, servit al\u0103turi de un platou cu br\u00e2nzeturi maturate, la ceas de sear\u0103, pe r\u0103coare.<\/p>\n<p>Culoarea vinului este ro\u015fu deschis, str\u0103lucitor, iar nasul este delicat, cu un buchet generos de fructe ro\u015fii, lemn dulce \u015fi scor\u0163i\u015foar\u0103. Corpul, fin \u015fi elegant, are taninuri catifelate, alcool bine integrat \u015fi o frumoas\u0103 aciditate. Gustul vine cu prune coapte, mure \u015fi vi\u015fine, la care se ad\u0103uga o discret\u0103 not\u0103 de tabac. Postgustul, intens, las\u0103 o pl\u0103cut\u0103 senza\u0163ie de prospe\u0163ime \u015fi aluzii de fructe negre \u015fi condimente.<\/p>\n<p>&nbsp;<\/p>\n<p>&nbsp;<\/p>\n<p>Razvan Avram, <a href=\"http:\/\/www.paharnicul.ro\">paharnicul.ro<\/a><\/p>\n","protected":false},"excerpt":{"rendered":"<p>Bag-in-Box 3 L<br \/>\nSEC<br \/>\nVol Alcool 13%<br \/>\nCupaj Feteasca Neagra &amp; Pinot Noir<br \/>\nDOC-CMD Tarnave \u2013 Tarnaveni<\/p>\n","protected":false},"featured_media":159,"comment_status":"open","ping_status":"closed","template":"","meta":[],"product_brand":[],"product_cat":[106,227,66],"product_tag":[108,68,70],"class_list":{"0":"post-81","1":"product","2":"type-product","3":"status-publish","4":"has-post-thumbnail","6":"product_cat-bag-in-box","7":"product_cat-castel-vinum-ro","8":"product_cat-vin-rosu","9":"product_tag-bag-in-box","10":"product_tag-feteasca-neagra","11":"product_tag-pinot-noir","13":"first","14":"instock","15":"taxable","16":"shipping-taxable","17":"purchasable","18":"product-type-simple"},"yoast_head":"<!-- This site is optimized with the Yoast SEO plugin v27.4 - https:\/\/yoast.com\/product\/yoast-seo-wordpress\/ -->\n<title>Castel Vinum Feteasca Neagra, Pinot Noir 2021 2 litri - Villa Vinea<\/title>\n<meta name=\"robots\" content=\"index, follow, max-snippet:-1, max-image-preview:large, max-video-preview:-1\" \/>\n<link rel=\"canonical\" href=\"https:\/\/villavinea.com\/index.php\/product\/castel-vinum-feteasca-neagra-pinot-noir-2021-2-litri\/\" \/>\n<meta property=\"og:locale\" content=\"en_US\" \/>\n<meta property=\"og:type\" content=\"article\" \/>\n<meta property=\"og:title\" content=\"Castel Vinum Feteasca Neagra, Pinot Noir 2021 2 litri - Villa Vinea\" \/>\n<meta property=\"og:description\" content=\"Bag-in-Box 3 L SEC Vol Alcool 13% Cupaj Feteasca Neagra &amp; Pinot Noir DOC-CMD Tarnave \u2013 Tarnaveni\" \/>\n<meta property=\"og:url\" content=\"https:\/\/villavinea.com\/index.php\/product\/castel-vinum-feteasca-neagra-pinot-noir-2021-2-litri\/\" \/>\n<meta property=\"og:site_name\" content=\"Villa Vinea\" \/>\n<meta property=\"article:publisher\" content=\"https:\/\/www.facebook.com\/VillaVinea\" \/>\n<meta property=\"article:modified_time\" content=\"2024-10-10T07:49:19+00:00\" \/>\n<meta property=\"og:image\" content=\"https:\/\/villavinea.com\/wp-content\/uploads\/2024\/07\/Untitled.jpg\" \/>\n\t<meta property=\"og:image:width\" content=\"1837\" \/>\n\t<meta property=\"og:image:height\" content=\"1229\" \/>\n\t<meta property=\"og:image:type\" content=\"image\/jpeg\" \/>\n<meta name=\"twitter:card\" content=\"summary_large_image\" \/>\n<meta name=\"twitter:label1\" content=\"Est. reading time\" \/>\n\t<meta name=\"twitter:data1\" content=\"1 minute\" \/>\n<script type=\"application\/ld+json\" class=\"yoast-schema-graph\">{\"@context\":\"https:\\\/\\\/schema.org\",\"@graph\":[{\"@type\":\"WebPage\",\"@id\":\"https:\\\/\\\/villavinea.com\\\/index.php\\\/product\\\/castel-vinum-feteasca-neagra-pinot-noir-2021-2-litri\\\/\",\"url\":\"https:\\\/\\\/villavinea.com\\\/index.php\\\/product\\\/castel-vinum-feteasca-neagra-pinot-noir-2021-2-litri\\\/\",\"name\":\"Castel Vinum Feteasca Neagra, Pinot Noir 2021 2 litri - Villa Vinea\",\"isPartOf\":{\"@id\":\"https:\\\/\\\/villavinea.com\\\/#website\"},\"primaryImageOfPage\":{\"@id\":\"https:\\\/\\\/villavinea.com\\\/index.php\\\/product\\\/castel-vinum-feteasca-neagra-pinot-noir-2021-2-litri\\\/#primaryimage\"},\"image\":{\"@id\":\"https:\\\/\\\/villavinea.com\\\/index.php\\\/product\\\/castel-vinum-feteasca-neagra-pinot-noir-2021-2-litri\\\/#primaryimage\"},\"thumbnailUrl\":\"https:\\\/\\\/villavinea.com\\\/wp-content\\\/uploads\\\/2024\\\/07\\\/Untitled.jpg\",\"datePublished\":\"2024-07-01T08:10:41+00:00\",\"dateModified\":\"2024-10-10T07:49:19+00:00\",\"breadcrumb\":{\"@id\":\"https:\\\/\\\/villavinea.com\\\/index.php\\\/product\\\/castel-vinum-feteasca-neagra-pinot-noir-2021-2-litri\\\/#breadcrumb\"},\"inLanguage\":\"en-US\",\"potentialAction\":[{\"@type\":\"ReadAction\",\"target\":[\"https:\\\/\\\/villavinea.com\\\/index.php\\\/product\\\/castel-vinum-feteasca-neagra-pinot-noir-2021-2-litri\\\/\"]}]},{\"@type\":\"ImageObject\",\"inLanguage\":\"en-US\",\"@id\":\"https:\\\/\\\/villavinea.com\\\/index.php\\\/product\\\/castel-vinum-feteasca-neagra-pinot-noir-2021-2-litri\\\/#primaryimage\",\"url\":\"https:\\\/\\\/villavinea.com\\\/wp-content\\\/uploads\\\/2024\\\/07\\\/Untitled.jpg\",\"contentUrl\":\"https:\\\/\\\/villavinea.com\\\/wp-content\\\/uploads\\\/2024\\\/07\\\/Untitled.jpg\",\"width\":1837,\"height\":1229},{\"@type\":\"BreadcrumbList\",\"@id\":\"https:\\\/\\\/villavinea.com\\\/index.php\\\/product\\\/castel-vinum-feteasca-neagra-pinot-noir-2021-2-litri\\\/#breadcrumb\",\"itemListElement\":[{\"@type\":\"ListItem\",\"position\":1,\"name\":\"Home\",\"item\":\"https:\\\/\\\/villavinea.com\\\/\"},{\"@type\":\"ListItem\",\"position\":2,\"name\":\"Vinurile noastre\",\"item\":\"https:\\\/\\\/villavinea.com\\\/index.php\\\/shop-ro-2\\\/\"},{\"@type\":\"ListItem\",\"position\":3,\"name\":\"Castel Vinum Feteasca Neagra, Pinot Noir 2021 2 litri\"}]},{\"@type\":\"WebSite\",\"@id\":\"https:\\\/\\\/villavinea.com\\\/#website\",\"url\":\"https:\\\/\\\/villavinea.com\\\/\",\"name\":\"Villa Vinea\",\"description\":\"\",\"publisher\":{\"@id\":\"https:\\\/\\\/villavinea.com\\\/#organization\"},\"potentialAction\":[{\"@type\":\"SearchAction\",\"target\":{\"@type\":\"EntryPoint\",\"urlTemplate\":\"https:\\\/\\\/villavinea.com\\\/?s={search_term_string}\"},\"query-input\":{\"@type\":\"PropertyValueSpecification\",\"valueRequired\":true,\"valueName\":\"search_term_string\"}}],\"inLanguage\":\"en-US\"},{\"@type\":\"Organization\",\"@id\":\"https:\\\/\\\/villavinea.com\\\/#organization\",\"name\":\"Villa Vinea\",\"url\":\"https:\\\/\\\/villavinea.com\\\/\",\"logo\":{\"@type\":\"ImageObject\",\"inLanguage\":\"en-US\",\"@id\":\"https:\\\/\\\/villavinea.com\\\/#\\\/schema\\\/logo\\\/image\\\/\",\"url\":\"https:\\\/\\\/villavinea.com\\\/wp-content\\\/uploads\\\/2024\\\/07\\\/Logo-Villa-Vinea.png\",\"contentUrl\":\"https:\\\/\\\/villavinea.com\\\/wp-content\\\/uploads\\\/2024\\\/07\\\/Logo-Villa-Vinea.png\",\"width\":1525,\"height\":508,\"caption\":\"Villa Vinea\"},\"image\":{\"@id\":\"https:\\\/\\\/villavinea.com\\\/#\\\/schema\\\/logo\\\/image\\\/\"},\"sameAs\":[\"https:\\\/\\\/www.facebook.com\\\/VillaVinea\",\"https:\\\/\\\/www.instagram.com\\\/villavinearomania\\\/\",\"https:\\\/\\\/www.youtube.com\\\/@VillaVineaMures\"]}]}<\/script>\n<!-- \/ Yoast SEO plugin. -->","yoast_head_json":{"title":"Castel Vinum Feteasca Neagra, Pinot Noir 2021 2 litri - Villa Vinea","robots":{"index":"index","follow":"follow","max-snippet":"max-snippet:-1","max-image-preview":"max-image-preview:large","max-video-preview":"max-video-preview:-1"},"canonical":"https:\/\/villavinea.com\/index.php\/product\/castel-vinum-feteasca-neagra-pinot-noir-2021-2-litri\/","og_locale":"en_US","og_type":"article","og_title":"Castel Vinum Feteasca Neagra, Pinot Noir 2021 2 litri - Villa Vinea","og_description":"Bag-in-Box 3 L SEC Vol Alcool 13% Cupaj Feteasca Neagra &amp; Pinot Noir DOC-CMD Tarnave \u2013 Tarnaveni","og_url":"https:\/\/villavinea.com\/index.php\/product\/castel-vinum-feteasca-neagra-pinot-noir-2021-2-litri\/","og_site_name":"Villa Vinea","article_publisher":"https:\/\/www.facebook.com\/VillaVinea","article_modified_time":"2024-10-10T07:49:19+00:00","og_image":[{"width":1837,"height":1229,"url":"https:\/\/villavinea.com\/wp-content\/uploads\/2024\/07\/Untitled.jpg","type":"image\/jpeg"}],"twitter_card":"summary_large_image","twitter_misc":{"Est. reading time":"1 minute"},"schema":{"@context":"https:\/\/schema.org","@graph":[{"@type":"WebPage","@id":"https:\/\/villavinea.com\/index.php\/product\/castel-vinum-feteasca-neagra-pinot-noir-2021-2-litri\/","url":"https:\/\/villavinea.com\/index.php\/product\/castel-vinum-feteasca-neagra-pinot-noir-2021-2-litri\/","name":"Castel Vinum Feteasca Neagra, Pinot Noir 2021 2 litri - Villa Vinea","isPartOf":{"@id":"https:\/\/villavinea.com\/#website"},"primaryImageOfPage":{"@id":"https:\/\/villavinea.com\/index.php\/product\/castel-vinum-feteasca-neagra-pinot-noir-2021-2-litri\/#primaryimage"},"image":{"@id":"https:\/\/villavinea.com\/index.php\/product\/castel-vinum-feteasca-neagra-pinot-noir-2021-2-litri\/#primaryimage"},"thumbnailUrl":"https:\/\/villavinea.com\/wp-content\/uploads\/2024\/07\/Untitled.jpg","datePublished":"2024-07-01T08:10:41+00:00","dateModified":"2024-10-10T07:49:19+00:00","breadcrumb":{"@id":"https:\/\/villavinea.com\/index.php\/product\/castel-vinum-feteasca-neagra-pinot-noir-2021-2-litri\/#breadcrumb"},"inLanguage":"en-US","potentialAction":[{"@type":"ReadAction","target":["https:\/\/villavinea.com\/index.php\/product\/castel-vinum-feteasca-neagra-pinot-noir-2021-2-litri\/"]}]},{"@type":"ImageObject","inLanguage":"en-US","@id":"https:\/\/villavinea.com\/index.php\/product\/castel-vinum-feteasca-neagra-pinot-noir-2021-2-litri\/#primaryimage","url":"https:\/\/villavinea.com\/wp-content\/uploads\/2024\/07\/Untitled.jpg","contentUrl":"https:\/\/villavinea.com\/wp-content\/uploads\/2024\/07\/Untitled.jpg","width":1837,"height":1229},{"@type":"BreadcrumbList","@id":"https:\/\/villavinea.com\/index.php\/product\/castel-vinum-feteasca-neagra-pinot-noir-2021-2-litri\/#breadcrumb","itemListElement":[{"@type":"ListItem","position":1,"name":"Home","item":"https:\/\/villavinea.com\/"},{"@type":"ListItem","position":2,"name":"Vinurile noastre","item":"https:\/\/villavinea.com\/index.php\/shop-ro-2\/"},{"@type":"ListItem","position":3,"name":"Castel Vinum Feteasca Neagra, Pinot Noir 2021 2 litri"}]},{"@type":"WebSite","@id":"https:\/\/villavinea.com\/#website","url":"https:\/\/villavinea.com\/","name":"Villa Vinea","description":"","publisher":{"@id":"https:\/\/villavinea.com\/#organization"},"potentialAction":[{"@type":"SearchAction","target":{"@type":"EntryPoint","urlTemplate":"https:\/\/villavinea.com\/?s={search_term_string}"},"query-input":{"@type":"PropertyValueSpecification","valueRequired":true,"valueName":"search_term_string"}}],"inLanguage":"en-US"},{"@type":"Organization","@id":"https:\/\/villavinea.com\/#organization","name":"Villa Vinea","url":"https:\/\/villavinea.com\/","logo":{"@type":"ImageObject","inLanguage":"en-US","@id":"https:\/\/villavinea.com\/#\/schema\/logo\/image\/","url":"https:\/\/villavinea.com\/wp-content\/uploads\/2024\/07\/Logo-Villa-Vinea.png","contentUrl":"https:\/\/villavinea.com\/wp-content\/uploads\/2024\/07\/Logo-Villa-Vinea.png","width":1525,"height":508,"caption":"Villa Vinea"},"image":{"@id":"https:\/\/villavinea.com\/#\/schema\/logo\/image\/"},"sameAs":["https:\/\/www.facebook.com\/VillaVinea","https:\/\/www.instagram.com\/villavinearomania\/","https:\/\/www.youtube.com\/@VillaVineaMures"]}]}},"jetpack_sharing_enabled":true,"_links":{"self":[{"href":"https:\/\/villavinea.com\/index.php\/wp-json\/wp\/v2\/product\/81","targetHints":{"allow":["GET"]}}],"collection":[{"href":"https:\/\/villavinea.com\/index.php\/wp-json\/wp\/v2\/product"}],"about":[{"href":"https:\/\/villavinea.com\/index.php\/wp-json\/wp\/v2\/types\/product"}],"replies":[{"embeddable":true,"href":"https:\/\/villavinea.com\/index.php\/wp-json\/wp\/v2\/comments?post=81"}],"wp:featuredmedia":[{"embeddable":true,"href":"https:\/\/villavinea.com\/index.php\/wp-json\/wp\/v2\/media\/159"}],"wp:attachment":[{"href":"https:\/\/villavinea.com\/index.php\/wp-json\/wp\/v2\/media?parent=81"}],"wp:term":[{"taxonomy":"product_brand","embeddable":true,"href":"https:\/\/villavinea.com\/index.php\/wp-json\/wp\/v2\/product_brand?post=81"},{"taxonomy":"product_cat","embeddable":true,"href":"https:\/\/villavinea.com\/index.php\/wp-json\/wp\/v2\/product_cat?post=81"},{"taxonomy":"product_tag","embeddable":true,"href":"https:\/\/villavinea.com\/index.php\/wp-json\/wp\/v2\/product_tag?post=81"}],"curies":[{"name":"wp","href":"https:\/\/api.w.org\/{rel}","templated":true}]}}