{"id":84,"date":"2024-07-01T08:10:42","date_gmt":"2024-07-01T08:10:42","guid":{"rendered":"https:\/\/villavinea.com\/?post_type=product&#038;p=84"},"modified":"2025-08-07T08:37:58","modified_gmt":"2025-08-07T08:37:58","slug":"villa-vinea-argilla-alb-2018","status":"publish","type":"product","link":"https:\/\/villavinea.com\/index.php\/product\/villa-vinea-argilla-alb-2018\/","title":{"rendered":"Villa Vinea Argilla Alb 2018"},"content":{"rendered":"<p><div style=\"width: 960px;\" class=\"wp-video\"><video class=\"wp-video-shortcode\" id=\"video-84-1\" width=\"960\" height=\"540\" preload=\"metadata\" controls=\"controls\"><source type=\"video\/mp4\" src=\"https:\/\/villavinea.com\/wp-content\/uploads\/2020\/12\/Argilla.mp4?_=1\" \/><a href=\"https:\/\/villavinea.com\/wp-content\/uploads\/2020\/12\/Argilla.mp4\">https:\/\/villavinea.com\/wp-content\/uploads\/2020\/12\/Argilla.mp4<\/a><\/video><\/div><br \/>\n&nbsp;<\/p>\n<h2>Villa Vinea Argilla Alb 2018<\/h2>\n<p>Edi\u021bie Limitat\u0103 &#8211; 400 de sticle Magnum<\/p>\n<p>&nbsp;<\/p>\n<p><em>Se spune despre vinurile albe c\u0103 sunt, \u00een general, \u201cceva mai u\u015foare\u201d \u015fi preg\u0103tesc, la o mas\u0103 sau la o degustare, momentul servirii vinurilor ro\u015fii. Argilla este o excep\u0163ie de la aceast\u0103 regul\u0103, fiind un vin alb redutabil, care risc\u0103 s\u0103 pun\u0103 \u00een dificultate multe vinuri ro\u015fii ce vor \u00eencerca s\u0103-i stea al\u0103turi. Odat\u0103 cu apari\u0163ia acestui vin, Villa Vinea nu mai are nevoie de nicio alt\u0103 carte de vizit\u0103: e arhisuficient un pahar de Argilla.<\/em><\/p>\n<p>&nbsp;<\/p>\n<p><em>Avem de-a face cu un triptic de Feteasc\u0103 Regal\u0103, Feteasc\u0103 Alba \u015fi Sauvignon Blanc, maturat 1 an \u015fi jum\u0103tate \u00een baric \u015fi \u00eenc\u0103 2 ani \u00een sticl\u0103. Rezultatul este un vin impresionant, de o culoare galben aprins, cu reflexii de chihlimbar \u015fi un nas intens, cu flori albe confiate, ment\u0103 \u015fi lemn afumat. Corpul e masiv, cu o textur\u0103 cremoas\u0103 dat\u0103 de Feteasca Alb\u0103, bine sus\u0163inut de aciditatea Fete\u015ftii Regale \u015fi de notele exotice de ananas, mandarine \u015fi anason aduse de Sauvignon Blanc. Postgustul este prelung, l\u0103s\u00e2nd senza\u0163ii de fagure de miere, vanilie \u015fi miez de nuc\u0103. Vinul are nevoie de o oxigenare de minimum 1 or\u0103 \u015fi de o temperatur\u0103 de servire ceva mai ridicat\u0103 (12-14 grade).<\/em><\/p>\n<p>&nbsp;<\/p>\n<p>Razvan Avram, <a href=\"http:\/\/www.paharnicul.ro\" target=\"_blank\" rel=\"noopener noreferrer\">paharnicul.ro<\/a><\/p>\n<p>&nbsp;<\/p>\n<p>\u00cen majoritatea cazurilor, vinul princeps al unei crame este unul ro\u015fu. La Villa Vin\u00e8a, avem de-a face cu o excep\u0163ie: vinul care-l reprezint\u0103 cel mai bine pe acest produc\u0103tor transilv\u0103nean de pe T\u00e2rnava Mic\u0103 este un cupaj alb de Feteasca Regal\u0103, Feteasca Alb\u0103 \u015fi Sauvignon Blanc, maturat 1 an \u015fi jum\u0103tate \u00een baric \u015fi \u00eenc\u0103 2 ani \u00een sticl\u0103. Un vin redutabil, realizat \u00eentr-un stil de \u201cLume Noua\u201d, care risc\u0103 s\u0103 pun\u0103 \u00een dificultate multe vinuri ro\u015fii ce vor \u00eencerca s\u0103-i stea al\u0103turi.<\/p>\n<p>&nbsp;<\/p>\n<p>Culoarea vinului este galben aprins, cu reflexii de chihlimbar \u015fi un nas intens, cu miere poliflor\u0103, ment\u0103 \u015fi unt topit. Corpul e masiv, cu o textur\u0103 cremoas\u0103 dat\u0103 de Feteasca Alb\u0103, bine sus\u0163inut de aciditatea Fete\u015ftii Regale \u015fi de notele exotice de ananas, anason \u015fi ardei verde condimentat aduse de Sauvignon Blanc. Postgustul este prelung, l\u0103s\u00e2nd senza\u0163ii de vanilie, miez de nuc\u0103 pr\u0103jit\u0103 \u015fi lemn afumat. Pentru a se exprima plenar, vinul are nevoie de o oxigenare de minimum 30 de minute \u015fi de o temperatur\u0103 de servire ceva mai ridicat\u0103 (10-12 grade).<\/p>\n<p>&nbsp;<\/p>\n","protected":false},"excerpt":{"rendered":"<p>1.5 litri<\/p>\n<p>Vol Alc 13.5%<\/p>\n<p>Zahar Rezidual 1.8 g<\/p>\n<p>Aciditate 5.5 g<\/p>\n<p>D.O.C &#8211; C.M.D T\u00e2rnave &#8211; T\u00e2rnave<\/p>\n<p>&nbsp;<\/p>\n","protected":false},"featured_media":165,"comment_status":"open","ping_status":"closed","template":"","meta":[],"product_brand":[],"product_cat":[54],"product_tag":[],"class_list":{"0":"post-84","1":"product","2":"type-product","3":"status-publish","4":"has-post-thumbnail","6":"product_cat-selection","8":"first","9":"instock","10":"taxable","11":"shipping-taxable","12":"purchasable","13":"product-type-simple"},"yoast_head":"<!-- This site is optimized with the Yoast SEO plugin v27.4 - https:\/\/yoast.com\/product\/yoast-seo-wordpress\/ -->\n<title>Villa Vinea Argilla Alb 2018 - Villa Vinea<\/title>\n<meta name=\"robots\" content=\"index, follow, max-snippet:-1, max-image-preview:large, max-video-preview:-1\" \/>\n<link rel=\"canonical\" href=\"https:\/\/villavinea.com\/index.php\/product\/villa-vinea-argilla-alb-2018\/\" \/>\n<meta property=\"og:locale\" content=\"en_US\" \/>\n<meta property=\"og:type\" content=\"article\" \/>\n<meta property=\"og:title\" content=\"Villa Vinea Argilla Alb 2018 - Villa Vinea\" \/>\n<meta property=\"og:description\" content=\"1.5 litri  Vol Alc 13.5%  Zahar Rezidual 1.8 g  Aciditate 5.5 g  D.O.C - C.M.D T\u00e2rnave - T\u00e2rnave  &nbsp;\" \/>\n<meta property=\"og:url\" content=\"https:\/\/villavinea.com\/index.php\/product\/villa-vinea-argilla-alb-2018\/\" \/>\n<meta property=\"og:site_name\" content=\"Villa Vinea\" \/>\n<meta property=\"article:publisher\" content=\"https:\/\/www.facebook.com\/VillaVinea\" \/>\n<meta property=\"article:modified_time\" content=\"2025-08-07T08:37:58+00:00\" \/>\n<meta property=\"og:image\" content=\"https:\/\/villavinea.com\/wp-content\/uploads\/2024\/07\/NUM_0537-1.png\" \/>\n\t<meta property=\"og:image:width\" content=\"787\" \/>\n\t<meta property=\"og:image:height\" content=\"787\" \/>\n\t<meta property=\"og:image:type\" content=\"image\/png\" \/>\n<meta name=\"twitter:card\" content=\"summary_large_image\" \/>\n<meta name=\"twitter:label1\" content=\"Est. reading time\" \/>\n\t<meta name=\"twitter:data1\" content=\"2 minutes\" \/>\n<script type=\"application\/ld+json\" class=\"yoast-schema-graph\">{\"@context\":\"https:\\\/\\\/schema.org\",\"@graph\":[{\"@type\":\"WebPage\",\"@id\":\"https:\\\/\\\/villavinea.com\\\/index.php\\\/product\\\/villa-vinea-argilla-alb-2018\\\/\",\"url\":\"https:\\\/\\\/villavinea.com\\\/index.php\\\/product\\\/villa-vinea-argilla-alb-2018\\\/\",\"name\":\"Villa Vinea Argilla Alb 2018 - Villa Vinea\",\"isPartOf\":{\"@id\":\"https:\\\/\\\/villavinea.com\\\/#website\"},\"primaryImageOfPage\":{\"@id\":\"https:\\\/\\\/villavinea.com\\\/index.php\\\/product\\\/villa-vinea-argilla-alb-2018\\\/#primaryimage\"},\"image\":{\"@id\":\"https:\\\/\\\/villavinea.com\\\/index.php\\\/product\\\/villa-vinea-argilla-alb-2018\\\/#primaryimage\"},\"thumbnailUrl\":\"https:\\\/\\\/villavinea.com\\\/wp-content\\\/uploads\\\/2024\\\/07\\\/NUM_0537-1.png\",\"datePublished\":\"2024-07-01T08:10:42+00:00\",\"dateModified\":\"2025-08-07T08:37:58+00:00\",\"breadcrumb\":{\"@id\":\"https:\\\/\\\/villavinea.com\\\/index.php\\\/product\\\/villa-vinea-argilla-alb-2018\\\/#breadcrumb\"},\"inLanguage\":\"en-US\",\"potentialAction\":[{\"@type\":\"ReadAction\",\"target\":[\"https:\\\/\\\/villavinea.com\\\/index.php\\\/product\\\/villa-vinea-argilla-alb-2018\\\/\"]}]},{\"@type\":\"ImageObject\",\"inLanguage\":\"en-US\",\"@id\":\"https:\\\/\\\/villavinea.com\\\/index.php\\\/product\\\/villa-vinea-argilla-alb-2018\\\/#primaryimage\",\"url\":\"https:\\\/\\\/villavinea.com\\\/wp-content\\\/uploads\\\/2024\\\/07\\\/NUM_0537-1.png\",\"contentUrl\":\"https:\\\/\\\/villavinea.com\\\/wp-content\\\/uploads\\\/2024\\\/07\\\/NUM_0537-1.png\",\"width\":787,\"height\":787},{\"@type\":\"BreadcrumbList\",\"@id\":\"https:\\\/\\\/villavinea.com\\\/index.php\\\/product\\\/villa-vinea-argilla-alb-2018\\\/#breadcrumb\",\"itemListElement\":[{\"@type\":\"ListItem\",\"position\":1,\"name\":\"Home\",\"item\":\"https:\\\/\\\/villavinea.com\\\/\"},{\"@type\":\"ListItem\",\"position\":2,\"name\":\"Vinurile noastre\",\"item\":\"https:\\\/\\\/villavinea.com\\\/index.php\\\/shop-ro-2\\\/\"},{\"@type\":\"ListItem\",\"position\":3,\"name\":\"Villa Vinea Argilla Alb 2018\"}]},{\"@type\":\"WebSite\",\"@id\":\"https:\\\/\\\/villavinea.com\\\/#website\",\"url\":\"https:\\\/\\\/villavinea.com\\\/\",\"name\":\"Villa Vinea\",\"description\":\"\",\"publisher\":{\"@id\":\"https:\\\/\\\/villavinea.com\\\/#organization\"},\"potentialAction\":[{\"@type\":\"SearchAction\",\"target\":{\"@type\":\"EntryPoint\",\"urlTemplate\":\"https:\\\/\\\/villavinea.com\\\/?s={search_term_string}\"},\"query-input\":{\"@type\":\"PropertyValueSpecification\",\"valueRequired\":true,\"valueName\":\"search_term_string\"}}],\"inLanguage\":\"en-US\"},{\"@type\":\"Organization\",\"@id\":\"https:\\\/\\\/villavinea.com\\\/#organization\",\"name\":\"Villa Vinea\",\"url\":\"https:\\\/\\\/villavinea.com\\\/\",\"logo\":{\"@type\":\"ImageObject\",\"inLanguage\":\"en-US\",\"@id\":\"https:\\\/\\\/villavinea.com\\\/#\\\/schema\\\/logo\\\/image\\\/\",\"url\":\"https:\\\/\\\/villavinea.com\\\/wp-content\\\/uploads\\\/2024\\\/07\\\/Logo-Villa-Vinea.png\",\"contentUrl\":\"https:\\\/\\\/villavinea.com\\\/wp-content\\\/uploads\\\/2024\\\/07\\\/Logo-Villa-Vinea.png\",\"width\":1525,\"height\":508,\"caption\":\"Villa Vinea\"},\"image\":{\"@id\":\"https:\\\/\\\/villavinea.com\\\/#\\\/schema\\\/logo\\\/image\\\/\"},\"sameAs\":[\"https:\\\/\\\/www.facebook.com\\\/VillaVinea\",\"https:\\\/\\\/www.instagram.com\\\/villavinearomania\\\/\",\"https:\\\/\\\/www.youtube.com\\\/@VillaVineaMures\"]}]}<\/script>\n<!-- \/ Yoast SEO plugin. -->","yoast_head_json":{"title":"Villa Vinea Argilla Alb 2018 - Villa Vinea","robots":{"index":"index","follow":"follow","max-snippet":"max-snippet:-1","max-image-preview":"max-image-preview:large","max-video-preview":"max-video-preview:-1"},"canonical":"https:\/\/villavinea.com\/index.php\/product\/villa-vinea-argilla-alb-2018\/","og_locale":"en_US","og_type":"article","og_title":"Villa Vinea Argilla Alb 2018 - Villa Vinea","og_description":"1.5 litri  Vol Alc 13.5%  Zahar Rezidual 1.8 g  Aciditate 5.5 g  D.O.C - C.M.D T\u00e2rnave - T\u00e2rnave  &nbsp;","og_url":"https:\/\/villavinea.com\/index.php\/product\/villa-vinea-argilla-alb-2018\/","og_site_name":"Villa Vinea","article_publisher":"https:\/\/www.facebook.com\/VillaVinea","article_modified_time":"2025-08-07T08:37:58+00:00","og_image":[{"width":787,"height":787,"url":"https:\/\/villavinea.com\/wp-content\/uploads\/2024\/07\/NUM_0537-1.png","type":"image\/png"}],"twitter_card":"summary_large_image","twitter_misc":{"Est. reading time":"2 minutes"},"schema":{"@context":"https:\/\/schema.org","@graph":[{"@type":"WebPage","@id":"https:\/\/villavinea.com\/index.php\/product\/villa-vinea-argilla-alb-2018\/","url":"https:\/\/villavinea.com\/index.php\/product\/villa-vinea-argilla-alb-2018\/","name":"Villa Vinea Argilla Alb 2018 - Villa Vinea","isPartOf":{"@id":"https:\/\/villavinea.com\/#website"},"primaryImageOfPage":{"@id":"https:\/\/villavinea.com\/index.php\/product\/villa-vinea-argilla-alb-2018\/#primaryimage"},"image":{"@id":"https:\/\/villavinea.com\/index.php\/product\/villa-vinea-argilla-alb-2018\/#primaryimage"},"thumbnailUrl":"https:\/\/villavinea.com\/wp-content\/uploads\/2024\/07\/NUM_0537-1.png","datePublished":"2024-07-01T08:10:42+00:00","dateModified":"2025-08-07T08:37:58+00:00","breadcrumb":{"@id":"https:\/\/villavinea.com\/index.php\/product\/villa-vinea-argilla-alb-2018\/#breadcrumb"},"inLanguage":"en-US","potentialAction":[{"@type":"ReadAction","target":["https:\/\/villavinea.com\/index.php\/product\/villa-vinea-argilla-alb-2018\/"]}]},{"@type":"ImageObject","inLanguage":"en-US","@id":"https:\/\/villavinea.com\/index.php\/product\/villa-vinea-argilla-alb-2018\/#primaryimage","url":"https:\/\/villavinea.com\/wp-content\/uploads\/2024\/07\/NUM_0537-1.png","contentUrl":"https:\/\/villavinea.com\/wp-content\/uploads\/2024\/07\/NUM_0537-1.png","width":787,"height":787},{"@type":"BreadcrumbList","@id":"https:\/\/villavinea.com\/index.php\/product\/villa-vinea-argilla-alb-2018\/#breadcrumb","itemListElement":[{"@type":"ListItem","position":1,"name":"Home","item":"https:\/\/villavinea.com\/"},{"@type":"ListItem","position":2,"name":"Vinurile noastre","item":"https:\/\/villavinea.com\/index.php\/shop-ro-2\/"},{"@type":"ListItem","position":3,"name":"Villa Vinea Argilla Alb 2018"}]},{"@type":"WebSite","@id":"https:\/\/villavinea.com\/#website","url":"https:\/\/villavinea.com\/","name":"Villa Vinea","description":"","publisher":{"@id":"https:\/\/villavinea.com\/#organization"},"potentialAction":[{"@type":"SearchAction","target":{"@type":"EntryPoint","urlTemplate":"https:\/\/villavinea.com\/?s={search_term_string}"},"query-input":{"@type":"PropertyValueSpecification","valueRequired":true,"valueName":"search_term_string"}}],"inLanguage":"en-US"},{"@type":"Organization","@id":"https:\/\/villavinea.com\/#organization","name":"Villa Vinea","url":"https:\/\/villavinea.com\/","logo":{"@type":"ImageObject","inLanguage":"en-US","@id":"https:\/\/villavinea.com\/#\/schema\/logo\/image\/","url":"https:\/\/villavinea.com\/wp-content\/uploads\/2024\/07\/Logo-Villa-Vinea.png","contentUrl":"https:\/\/villavinea.com\/wp-content\/uploads\/2024\/07\/Logo-Villa-Vinea.png","width":1525,"height":508,"caption":"Villa Vinea"},"image":{"@id":"https:\/\/villavinea.com\/#\/schema\/logo\/image\/"},"sameAs":["https:\/\/www.facebook.com\/VillaVinea","https:\/\/www.instagram.com\/villavinearomania\/","https:\/\/www.youtube.com\/@VillaVineaMures"]}]}},"jetpack_sharing_enabled":true,"_links":{"self":[{"href":"https:\/\/villavinea.com\/index.php\/wp-json\/wp\/v2\/product\/84","targetHints":{"allow":["GET"]}}],"collection":[{"href":"https:\/\/villavinea.com\/index.php\/wp-json\/wp\/v2\/product"}],"about":[{"href":"https:\/\/villavinea.com\/index.php\/wp-json\/wp\/v2\/types\/product"}],"replies":[{"embeddable":true,"href":"https:\/\/villavinea.com\/index.php\/wp-json\/wp\/v2\/comments?post=84"}],"wp:featuredmedia":[{"embeddable":true,"href":"https:\/\/villavinea.com\/index.php\/wp-json\/wp\/v2\/media\/165"}],"wp:attachment":[{"href":"https:\/\/villavinea.com\/index.php\/wp-json\/wp\/v2\/media?parent=84"}],"wp:term":[{"taxonomy":"product_brand","embeddable":true,"href":"https:\/\/villavinea.com\/index.php\/wp-json\/wp\/v2\/product_brand?post=84"},{"taxonomy":"product_cat","embeddable":true,"href":"https:\/\/villavinea.com\/index.php\/wp-json\/wp\/v2\/product_cat?post=84"},{"taxonomy":"product_tag","embeddable":true,"href":"https:\/\/villavinea.com\/index.php\/wp-json\/wp\/v2\/product_tag?post=84"}],"curies":[{"name":"wp","href":"https:\/\/api.w.org\/{rel}","templated":true}]}}